{"id":6364,"date":"2025-07-24T15:40:55","date_gmt":"2025-07-24T12:40:55","guid":{"rendered":"https:\/\/yourmedcare.com\/dis-tedavileri-on-degerlendirmesi\/"},"modified":"2025-08-11T11:14:51","modified_gmt":"2025-08-11T08:14:51","slug":"dis-tedavileri-on-degerlendirmesi","status":"publish","type":"page","link":"https:\/\/yourmedcare.com\/tr\/dis-tedavileri-on-degerlendirmesi\/","title":{"rendered":"Di\u015f Tedavileri \u00d6n De\u011ferlendirmesi"},"content":{"rendered":"<style>\niframe[aria-label='Dental Preliminary Assessment']{\n  width: 100%;\n  border: none;\n  height: 1950px;\n}\n@media (max-width: 768px) {\niframe[aria-label='Dental Preliminary Assessment']{\n    height: 2900px;\n  }\n}\n<\/style>\n<p><iframe style=\"width: 100%; border: none;\" src=\"https:\/\/forms.zoho.eu\/yourmedcare\/form\/DentalPreliminaryAssessment\/formperma\/YVxMKKgncAwA6QaHb0fsquaw5PZbBw_BsJ8BnlQOoW4?zf_lang=tr\" frameborder=\"0\" aria-label=\"Dental Preliminary Assessment\"><\/iframe><\/p>\n","protected":false},"excerpt":{"rendered":"","protected":false},"author":1,"featured_media":0,"parent":0,"menu_order":22,"comment_status":"closed","ping_status":"closed","template":"templates\/template--form.php","meta":{"footnotes":""},"class_list":["post-6364","page","type-page","status-publish","hentry"],"_links":{"self":[{"href":"https:\/\/yourmedcare.com\/tr\/wp-json\/wp\/v2\/pages\/6364","targetHints":{"allow":["GET"]}}],"collection":[{"href":"https:\/\/yourmedcare.com\/tr\/wp-json\/wp\/v2\/pages"}],"about":[{"href":"https:\/\/yourmedcare.com\/tr\/wp-json\/wp\/v2\/types\/page"}],"author":[{"embeddable":true,"href":"https:\/\/yourmedcare.com\/tr\/wp-json\/wp\/v2\/users\/1"}],"replies":[{"embeddable":true,"href":"https:\/\/yourmedcare.com\/tr\/wp-json\/wp\/v2\/comments?post=6364"}],"version-history":[{"count":4,"href":"https:\/\/yourmedcare.com\/tr\/wp-json\/wp\/v2\/pages\/6364\/revisions"}],"predecessor-version":[{"id":6873,"href":"https:\/\/yourmedcare.com\/tr\/wp-json\/wp\/v2\/pages\/6364\/revisions\/6873"}],"wp:attachment":[{"href":"https:\/\/yourmedcare.com\/tr\/wp-json\/wp\/v2\/media?parent=6364"}],"curies":[{"name":"wp","href":"https:\/\/api.w.org\/{rel}","templated":true}]}}