{"id":4757,"date":"2025-06-01T21:38:38","date_gmt":"2025-06-01T18:38:38","guid":{"rendered":"https:\/\/yourmedcare.com\/how-it-works\/"},"modified":"2025-07-31T10:29:49","modified_gmt":"2025-07-31T07:29:49","slug":"surec-nasil-isliyor","status":"publish","type":"page","link":"https:\/\/yourmedcare.com\/tr\/surec-nasil-isliyor\/","title":{"rendered":"S\u00fcre\u00e7 nas\u0131l i\u015fliyor?"},"content":{"rendered":"<div id=\"ez-toc-container\" class=\"ez-toc-v2_0_82_2 counter-hierarchy ez-toc-counter ez-toc-custom ez-toc-container-direction\">\n<div class=\"ez-toc-title-container\">\n<p class=\"ez-toc-title\" style=\"cursor:inherit\">Table of Contents<\/p>\n<span class=\"ez-toc-title-toggle\"><a href=\"#\" class=\"ez-toc-pull-right ez-toc-btn ez-toc-btn-xs ez-toc-btn-default ez-toc-toggle\" aria-label=\"\u0130\u00e7indekiler Tablosunu A\u00e7\/Kapat\"><span class=\"ez-toc-js-icon-con\"><span class=\"\"><span class=\"eztoc-hide\" style=\"display:none;\">Toggle<\/span><span class=\"ez-toc-icon-toggle-span\"><svg style=\"fill: #154175;color:#154175\" xmlns=\"http:\/\/www.w3.org\/2000\/svg\" class=\"list-377408\" width=\"20px\" height=\"20px\" viewBox=\"0 0 24 24\" fill=\"none\"><path d=\"M6 6H4v2h2V6zm14 0H8v2h12V6zM4 11h2v2H4v-2zm16 0H8v2h12v-2zM4 16h2v2H4v-2zm16 0H8v2h12v-2z\" fill=\"currentColor\"><\/path><\/svg><svg style=\"fill: #154175;color:#154175\" class=\"arrow-unsorted-368013\" xmlns=\"http:\/\/www.w3.org\/2000\/svg\" width=\"10px\" height=\"10px\" viewBox=\"0 0 24 24\" version=\"1.2\" baseProfile=\"tiny\"><path d=\"M18.2 9.3l-6.2-6.3-6.2 6.3c-.2.2-.3.4-.3.7s.1.5.3.7c.2.2.4.3.7.3h11c.3 0 .5-.1.7-.3.2-.2.3-.5.3-.7s-.1-.5-.3-.7zM5.8 14.7l6.2 6.3 6.2-6.3c.2-.2.3-.5.3-.7s-.1-.5-.3-.7c-.2-.2-.4-.3-.7-.3h-11c-.3 0-.5.1-.7.3-.2.2-.3.5-.3.7s.1.5.3.7z\"\/><\/svg><\/span><\/span><\/span><\/a><\/span><\/div>\n<nav><ul class='ez-toc-list ez-toc-list-level-1 ' ><li class='ez-toc-page-1 ez-toc-heading-level-2'><a class=\"ez-toc-link ez-toc-heading-1\" href=\"https:\/\/yourmedcare.com\/tr\/surec-nasil-isliyor\/#Guvenli_ve_Uzman_Saglik_Hizmetine_Ilk_Adiminizi_Atin\" >G\u00fcvenli ve Uzman Sa\u011fl\u0131k Hizmetine \u0130lk Ad\u0131m\u0131n\u0131z\u0131 At\u0131n<\/a><ul class='ez-toc-list-level-3' ><li class='ez-toc-heading-level-3'><a class=\"ez-toc-link ez-toc-heading-2\" href=\"https:\/\/yourmedcare.com\/tr\/surec-nasil-isliyor\/#%E3%80%89_Adim_1_Ucretsiz_Danismanlik_Randevunuzu_Alin\" >\u232a Ad\u0131m 1: \u00dccretsiz Dan\u0131\u015fmanl\u0131k Randevunuzu Al\u0131n<\/a><\/li><li class='ez-toc-page-1 ez-toc-heading-level-3'><a class=\"ez-toc-link ez-toc-heading-3\" href=\"https:\/\/yourmedcare.com\/tr\/surec-nasil-isliyor\/#%E3%80%89_Adim_2_Tibbi_Bilgilerinizi_Paylasin\" >\u232a Ad\u0131m 2: T\u0131bbi Bilgilerinizi Payla\u015f\u0131n<\/a><\/li><li class='ez-toc-page-1 ez-toc-heading-level-3'><a class=\"ez-toc-link ez-toc-heading-4\" href=\"https:\/\/yourmedcare.com\/tr\/surec-nasil-isliyor\/#%E3%80%89_Adim_3_Profesyonel_Yonlendirme_Alin\" >\u232a Ad\u0131m 3: Profesyonel Y\u00f6nlendirme Al\u0131n<\/a><\/li><li class='ez-toc-page-1 ez-toc-heading-level-3'><a class=\"ez-toc-link ez-toc-heading-5\" href=\"https:\/\/yourmedcare.com\/tr\/surec-nasil-isliyor\/#%E3%80%89_Adim_4_Kisisellestirilmis_Eslestirme\" >\u232a Ad\u0131m 4: Ki\u015fiselle\u015ftirilmi\u015f E\u015fle\u015ftirme<\/a><\/li><li class='ez-toc-page-1 ez-toc-heading-level-3'><a class=\"ez-toc-link ez-toc-heading-6\" href=\"https:\/\/yourmedcare.com\/tr\/surec-nasil-isliyor\/#%E3%80%89_Adim_5_Randevunuzu_Alin_ve_Hazirlanin\" >\u232a Ad\u0131m 5: Randevunuzu Al\u0131n ve Haz\u0131rlan\u0131n!<\/a><\/li><\/ul><\/li><li class='ez-toc-page-1 ez-toc-heading-level-2'><a class=\"ez-toc-link ez-toc-heading-7\" href=\"https:\/\/yourmedcare.com\/tr\/surec-nasil-isliyor\/#Neden_Yourmedcarei_Tercih_Etmelisiniz\" >Neden Yourmedcare\u2019i Tercih Etmelisiniz?<\/a><\/li><li class='ez-toc-page-1 ez-toc-heading-level-2'><a class=\"ez-toc-link ez-toc-heading-8\" href=\"https:\/\/yourmedcare.com\/tr\/surec-nasil-isliyor\/#Deger_verildiginizi_hissedin_Guvende_olun_Guvenle_karar_verin\" >De\u011fer verildi\u011finizi hissedin. G\u00fcvende olun. G\u00fcvenle karar verin.<\/a><\/li><\/ul><\/nav><\/div>\n<h2><span class=\"ez-toc-section\" id=\"Guvenli_ve_Uzman_Saglik_Hizmetine_Ilk_Adiminizi_Atin\"><\/span><strong>G\u00fcvenli ve Uzman Sa\u011fl\u0131k Hizmetine \u0130lk Ad\u0131m\u0131n\u0131z\u0131 At\u0131n<\/strong><span class=\"ez-toc-section-end\"><\/span><\/h2>\n<h3 class=\"s6\"><span class=\"ez-toc-section\" id=\"%E3%80%89_Adim_1_Ucretsiz_Danismanlik_Randevunuzu_Alin\"><\/span><span class=\"s5\">\u232a Ad\u0131m 1: \u00dccretsiz <strong>Dan\u0131\u015fmanl\u0131k<\/strong> Randevunuzu Al\u0131n<\/span><span class=\"ez-toc-section-end\"><\/span><\/h3>\n<p class=\"s4\">\u00bb Dakikalar i\u00e7inde, \u00e7evrimi\u00e7i olarak \u00fccretsiz randevunuzu olu\u015fturun.<\/p>\n<p class=\"s4\">\u00bb Herhangi bir taahh\u00fct olmadan, ihtiya\u00e7lar\u0131n\u0131z \u00fczerine a\u00e7\u0131k bir g\u00f6r\u00fc\u015fme yap\u0131n.<\/p>\n<p class=\"s4\">\u00bb G\u00fcvenilir ve \u015feffaf bir dan\u0131\u015fmanl\u0131k s\u00fcreci ya\u015fay\u0131n.<\/p>\n<h3 class=\"s6\"><span class=\"ez-toc-section\" id=\"%E3%80%89_Adim_2_Tibbi_Bilgilerinizi_Paylasin\"><\/span><span class=\"s5\">\u232a Ad\u0131m 2: T\u0131bbi Bilgilerinizi Payla\u015f\u0131n<\/span><span class=\"ez-toc-section-end\"><\/span><\/h3>\n<p class=\"s4\">\u00bb \u00c7ok dilli ekibimiz sizi dinlemeye ve \u00f6zel durumunuzu anlamaya haz\u0131r.<\/p>\n<p class=\"s4\">\u00bb T\u0131bbi ge\u00e7mi\u015finizi g\u00fcvenle payla\u015f\u0131n \u2014 gizlili\u011finiz bizim i\u00e7in \u00f6nceliklidir.<\/p>\n<p class=\"s4\">\u00bb Bilgileriniz, anla\u015fmal\u0131 uzman hekimlerimiz taraf\u0131ndan ki\u015fiselle\u015ftirilmi\u015f olarak de\u011ferlendirilir.<\/p>\n<h3 class=\"s6\"><span class=\"ez-toc-section\" id=\"%E3%80%89_Adim_3_Profesyonel_Yonlendirme_Alin\"><\/span><span class=\"s5\">\u232a Ad\u0131m 3: Profesyonel Y\u00f6nlendirme Al\u0131n<\/span><span class=\"ez-toc-section-end\"><\/span><\/h3>\n<p class=\"s4\">\u00bb Durumunuza \u00f6zel, net ve profesyonel bir bilgilendirme edinin.<\/p>\n<p class=\"s4\">\u00bb Tedavi se\u00e7eneklerinizi, maliyetleri ve seyahat s\u00fcrecini\u00a0 \u00f6\u011frenin.<\/p>\n<p class=\"s4\">\u00bb Belirsizli\u011fe yer vermeden, bilin\u00e7li bir tedavi plan\u0131 olu\u015fturun.<\/p>\n<h3 class=\"s6\"><span class=\"ez-toc-section\" id=\"%E3%80%89_Adim_4_Kisisellestirilmis_Eslestirme\"><\/span><span class=\"s5\">\u232a Ad\u0131m 4: Ki\u015fiselle\u015ftirilmi\u015f E\u015fle\u015ftirme<\/span><span class=\"ez-toc-section-end\"><\/span><\/h3>\n<p class=\"s4\">\u00bb Beklentilerinizi, tercihlerinizi ve \u00f6zel ihtiya\u00e7lar\u0131n\u0131z\u0131 bizimle payla\u015f\u0131n.<\/p>\n<p class=\"s4\">\u00bb Size en uygun hekimi ve tedavi destinasyonunu birlikte belirleyelim.<\/p>\n<p class=\"s4\">\u00bb Her a\u015famada kaliteyi, g\u00fcvenli\u011fi ve konforunuzu \u00f6n planda tutuyoruz.<\/p>\n<h3 class=\"s6\"><span class=\"ez-toc-section\" id=\"%E3%80%89_Adim_5_Randevunuzu_Alin_ve_Hazirlanin\"><\/span><span class=\"s5\">\u232a Ad\u0131m 5: Randevunuzu Al\u0131n ve Haz\u0131rlan\u0131n!<\/span><span class=\"ez-toc-section-end\"><\/span><\/h3>\n<p class=\"s4\">\u00bb Size \u00f6zel haz\u0131rlanan tedavi paketini kolayca edinin.<\/p>\n<p class=\"s4\">\u00bb Havaliman\u0131 transferinden tedavi sonras\u0131 bak\u0131ma kadar t\u00fcm s\u00fcreci biz organize ediyoruz.<\/p>\n<p class=\"s4\">Haz\u0131rsan\u0131z, yolculu\u011funuz ba\u015fl\u0131yor.<\/p>\n<h2 class=\"s3\"><span class=\"ez-toc-section\" id=\"Neden_Yourmedcarei_Tercih_Etmelisiniz\"><\/span><strong><span class=\"s2\">Neden Yourmedcare\u2019i Tercih Etmelisiniz?<\/span><\/strong><span class=\"ez-toc-section-end\"><\/span><\/h2>\n<p class=\"s4\"><strong>\u221a\u00a0 <\/strong>G\u00fcvenilir uzman hekim a\u011f\u0131<br \/>\n<strong>\u221a\u00a0 <\/strong>\u015eeffaf fiyatland\u0131rma, gizli \u00fccret yok<br \/>\n<strong>\u221a\u00a0 <\/strong>G\u00fcvenilir ve sertifikal\u0131 sa\u011fl\u0131k hizmeti sa\u011flay\u0131c\u0131lar\u0131<br \/>\n<strong>\u221a\u00a0 <\/strong>Yolculu\u011funuzun her a\u015famas\u0131nda tam destek<\/p>\n<h2 class=\"s4\"><span class=\"ez-toc-section\" id=\"Deger_verildiginizi_hissedin_Guvende_olun_Guvenle_karar_verin\"><\/span>De\u011fer verildi\u011finizi hissedin. G\u00fcvende olun. G\u00fcvenle karar verin.<span class=\"ez-toc-section-end\"><\/span><\/h2>\n<p class=\"s4\">Sa\u011fl\u0131\u011f\u0131n\u0131z, uzman ellere ve i\u00e7ten bir deste\u011fe lay\u0131kt\u0131r.<\/p>\n","protected":false},"excerpt":{"rendered":"<p>G\u00fcvenli ve Uzman Sa\u011fl\u0131k Hizmetine \u0130lk Ad\u0131m\u0131n\u0131z\u0131 At\u0131n \u232a Ad\u0131m 1: \u00dccretsiz Dan\u0131\u015fmanl\u0131k Randevunuzu Al\u0131n \u00bb Dakikalar i\u00e7inde, \u00e7evrimi\u00e7i olarak \u00fccretsiz randevunuzu olu\u015fturun. \u00bb Herhangi bir taahh\u00fct olmadan, ihtiya\u00e7lar\u0131n\u0131z \u00fczerine a\u00e7\u0131k bir g\u00f6r\u00fc\u015fme yap\u0131n. \u00bb G\u00fcvenilir ve \u015feffaf bir dan\u0131\u015fmanl\u0131k s\u00fcreci ya\u015fay\u0131n. \u232a Ad\u0131m 2: T\u0131bbi Bilgilerinizi Payla\u015f\u0131n \u00bb \u00c7ok dilli ekibimiz sizi dinlemeye ve [&hellip;]<\/p>\n","protected":false},"author":1,"featured_media":0,"parent":0,"menu_order":80,"comment_status":"closed","ping_status":"closed","template":"","meta":{"footnotes":""},"class_list":["post-4757","page","type-page","status-publish","hentry"],"_links":{"self":[{"href":"https:\/\/yourmedcare.com\/tr\/wp-json\/wp\/v2\/pages\/4757","targetHints":{"allow":["GET"]}}],"collection":[{"href":"https:\/\/yourmedcare.com\/tr\/wp-json\/wp\/v2\/pages"}],"about":[{"href":"https:\/\/yourmedcare.com\/tr\/wp-json\/wp\/v2\/types\/page"}],"author":[{"embeddable":true,"href":"https:\/\/yourmedcare.com\/tr\/wp-json\/wp\/v2\/users\/1"}],"replies":[{"embeddable":true,"href":"https:\/\/yourmedcare.com\/tr\/wp-json\/wp\/v2\/comments?post=4757"}],"version-history":[{"count":7,"href":"https:\/\/yourmedcare.com\/tr\/wp-json\/wp\/v2\/pages\/4757\/revisions"}],"predecessor-version":[{"id":6616,"href":"https:\/\/yourmedcare.com\/tr\/wp-json\/wp\/v2\/pages\/4757\/revisions\/6616"}],"wp:attachment":[{"href":"https:\/\/yourmedcare.com\/tr\/wp-json\/wp\/v2\/media?parent=4757"}],"curies":[{"name":"wp","href":"https:\/\/api.w.org\/{rel}","templated":true}]}}