{"id":4365,"date":"2025-04-28T21:42:47","date_gmt":"2025-04-28T18:42:47","guid":{"rendered":"https:\/\/yourmedcare.com\/?page_id=4365"},"modified":"2025-08-01T11:51:28","modified_gmt":"2025-08-01T08:51:28","slug":"kalite-standartlarimiz","status":"publish","type":"page","link":"https:\/\/yourmedcare.com\/tr\/biz-kimiz\/kalite-standartlarimiz\/","title":{"rendered":"Kalite Standartlar\u0131m\u0131z"},"content":{"rendered":"<div class=\"table-wrapper\">\n<table class=\"w-fit min-w-(--thread-content-width)\" data-start=\"53\" data-end=\"1083\">\n<thead data-start=\"53\" data-end=\"92\">\n<tr data-start=\"53\" data-end=\"92\">\n<th data-start=\"53\" data-end=\"67\" data-col-size=\"md\">\n<div id=\"ez-toc-container\" class=\"ez-toc-v2_0_82_2 counter-hierarchy ez-toc-counter ez-toc-custom ez-toc-container-direction\">\n<div class=\"ez-toc-title-container\">\n<p class=\"ez-toc-title\" style=\"cursor:inherit\">Table of Contents<\/p>\n<span class=\"ez-toc-title-toggle\"><a href=\"#\" class=\"ez-toc-pull-right ez-toc-btn ez-toc-btn-xs ez-toc-btn-default ez-toc-toggle\" aria-label=\"\u0130\u00e7indekiler Tablosunu A\u00e7\/Kapat\"><span class=\"ez-toc-js-icon-con\"><span class=\"\"><span class=\"eztoc-hide\" style=\"display:none;\">Toggle<\/span><span class=\"ez-toc-icon-toggle-span\"><svg style=\"fill: #154175;color:#154175\" xmlns=\"http:\/\/www.w3.org\/2000\/svg\" class=\"list-377408\" width=\"20px\" height=\"20px\" viewBox=\"0 0 24 24\" fill=\"none\"><path d=\"M6 6H4v2h2V6zm14 0H8v2h12V6zM4 11h2v2H4v-2zm16 0H8v2h12v-2zM4 16h2v2H4v-2zm16 0H8v2h12v-2z\" fill=\"currentColor\"><\/path><\/svg><svg style=\"fill: #154175;color:#154175\" class=\"arrow-unsorted-368013\" xmlns=\"http:\/\/www.w3.org\/2000\/svg\" width=\"10px\" height=\"10px\" viewBox=\"0 0 24 24\" version=\"1.2\" baseProfile=\"tiny\"><path d=\"M18.2 9.3l-6.2-6.3-6.2 6.3c-.2.2-.3.4-.3.7s.1.5.3.7c.2.2.4.3.7.3h11c.3 0 .5-.1.7-.3.2-.2.3-.5.3-.7s-.1-.5-.3-.7zM5.8 14.7l6.2 6.3 6.2-6.3c.2-.2.3-.5.3-.7s-.1-.5-.3-.7c-.2-.2-.4-.3-.7-.3h-11c-.3 0-.5.1-.7.3-.2.2-.3.5-.3.7s.1.5.3.7z\"\/><\/svg><\/span><\/span><\/span><\/a><\/span><\/div>\n<nav><ul class='ez-toc-list ez-toc-list-level-1 ' ><ul class='ez-toc-list-level-3' ><li class='ez-toc-heading-level-3'><a class=\"ez-toc-link ez-toc-heading-1\" href=\"https:\/\/yourmedcare.com\/tr\/biz-kimiz\/kalite-standartlarimiz\/#Sozumuz\" >S\u00f6z\u00fcm\u00fcz<\/a><\/li><li class='ez-toc-page-1 ez-toc-heading-level-3'><a class=\"ez-toc-link ez-toc-heading-2\" href=\"https:\/\/yourmedcare.com\/tr\/biz-kimiz\/kalite-standartlarimiz\/#Sizin_Icin_Anlami\" >Sizin \u0130\u00e7in Anlam\u0131<\/a><\/li><\/ul><\/li><li class='ez-toc-page-1 ez-toc-heading-level-2'><a class=\"ez-toc-link ez-toc-heading-3\" href=\"https:\/\/yourmedcare.com\/tr\/biz-kimiz\/kalite-standartlarimiz\/#Ilkelerimiz_ve_Kalite_Standartlarimiz\" >\u0130lkelerimiz ve Kalite Standartlar\u0131m\u0131z<\/a><ul class='ez-toc-list-level-3' ><li class='ez-toc-heading-level-3'><a class=\"ez-toc-link ez-toc-heading-4\" href=\"https:\/\/yourmedcare.com\/tr\/biz-kimiz\/kalite-standartlarimiz\/#Zamaninda_ve_Sorunsuz_Seyahat_Koordinasyonu\" >Zaman\u0131nda ve Sorunsuz Seyahat Koordinasyonu<\/a><\/li><li class='ez-toc-page-1 ez-toc-heading-level-3'><a class=\"ez-toc-link ez-toc-heading-5\" href=\"https:\/\/yourmedcare.com\/tr\/biz-kimiz\/kalite-standartlarimiz\/#Tarafsiz_Bilgilendirme\" >Tarafs\u0131z Bilgilendirme<\/a><\/li><li class='ez-toc-page-1 ez-toc-heading-level-3'><a class=\"ez-toc-link ez-toc-heading-6\" href=\"https:\/\/yourmedcare.com\/tr\/biz-kimiz\/kalite-standartlarimiz\/#Ust_Duzey_Tedaviler_ve_Garanti\" >\u00dcst D\u00fczey Tedaviler ve Garanti<\/a><\/li><li class='ez-toc-page-1 ez-toc-heading-level-3'><a class=\"ez-toc-link ez-toc-heading-7\" href=\"https:\/\/yourmedcare.com\/tr\/biz-kimiz\/kalite-standartlarimiz\/#Sinirsiz_Yerel_Destek\" >S\u0131n\u0131rs\u0131z Yerel Destek<\/a><\/li><li class='ez-toc-page-1 ez-toc-heading-level-3'><a class=\"ez-toc-link ez-toc-heading-8\" href=\"https:\/\/yourmedcare.com\/tr\/biz-kimiz\/kalite-standartlarimiz\/#Muhtesem_Destinasyonlara_Yakinlik\" >Muhte\u015fem Destinasyonlara Yak\u0131nl\u0131k<\/a><\/li><li class='ez-toc-page-1 ez-toc-heading-level-3'><a class=\"ez-toc-link ez-toc-heading-9\" href=\"https:\/\/yourmedcare.com\/tr\/biz-kimiz\/kalite-standartlarimiz\/#GDPR_Uyumlu_Veri_Koruma\" >GDPR Uyumlu Veri Koruma<\/a><\/li><\/ul><\/li><li class='ez-toc-page-1 ez-toc-heading-level-2'><a class=\"ez-toc-link ez-toc-heading-10\" href=\"https:\/\/yourmedcare.com\/tr\/biz-kimiz\/kalite-standartlarimiz\/#Kalite_Standartlarimiz\" >Kalite Standartlar\u0131m\u0131z<\/a><ul class='ez-toc-list-level-3' ><li class='ez-toc-heading-level-3'><a class=\"ez-toc-link ez-toc-heading-11\" href=\"https:\/\/yourmedcare.com\/tr\/biz-kimiz\/kalite-standartlarimiz\/#Veri_Gizliligi_Guvencesi\" >Veri Gizlili\u011fi G\u00fcvencesi<\/a><\/li><li class='ez-toc-page-1 ez-toc-heading-level-3'><a class=\"ez-toc-link ez-toc-heading-12\" href=\"https:\/\/yourmedcare.com\/tr\/biz-kimiz\/kalite-standartlarimiz\/#Ucretsiz_ve_Yukumluluk_Icermeyen_Danismanlik\" >\u00dccretsiz ve Y\u00fck\u00fcml\u00fcl\u00fck \u0130\u00e7ermeyen Dan\u0131\u015fmanl\u0131k<\/a><\/li><li class='ez-toc-page-1 ez-toc-heading-level-3'><a class=\"ez-toc-link ez-toc-heading-13\" href=\"https:\/\/yourmedcare.com\/tr\/biz-kimiz\/kalite-standartlarimiz\/#Kolay_Seyahat_Organizasyonu\" >Kolay Seyahat Organizasyonu<\/a><\/li><li class='ez-toc-page-1 ez-toc-heading-level-3'><a class=\"ez-toc-link ez-toc-heading-14\" href=\"https:\/\/yourmedcare.com\/tr\/biz-kimiz\/kalite-standartlarimiz\/#Objektif_ve_Seffaf_Bilgilendirme\" >Objektif ve \u015eeffaf Bilgilendirme<\/a><\/li><li class='ez-toc-page-1 ez-toc-heading-level-3'><a class=\"ez-toc-link ez-toc-heading-15\" href=\"https:\/\/yourmedcare.com\/tr\/biz-kimiz\/kalite-standartlarimiz\/#Garanti_Kapsaminda_Ust_Duzey_Tedaviler\" >Garanti Kapsam\u0131nda \u00dcst D\u00fczey Tedaviler<\/a><\/li><li class='ez-toc-page-1 ez-toc-heading-level-3'><a class=\"ez-toc-link ez-toc-heading-16\" href=\"https:\/\/yourmedcare.com\/tr\/biz-kimiz\/kalite-standartlarimiz\/#Surekli_Destek\" >S\u00fcrekli Destek<\/a><\/li><li class='ez-toc-page-1 ez-toc-heading-level-3'><a class=\"ez-toc-link ez-toc-heading-17\" href=\"https:\/\/yourmedcare.com\/tr\/biz-kimiz\/kalite-standartlarimiz\/#Muhtesem_Bolgelere_Yakinlik\" >Muhte\u015fem B\u00f6lgelere Yak\u0131nl\u0131k<\/a><\/li><\/ul><\/li><\/ul><\/nav><\/div>\n<h3><span class=\"ez-toc-section\" id=\"Sozumuz\"><\/span><strong data-start=\"55\" data-end=\"66\">S\u00f6z\u00fcm\u00fcz<\/strong><span class=\"ez-toc-section-end\"><\/span><\/h3>\n<\/th>\n<th data-start=\"67\" data-end=\"92\" data-col-size=\"lg\">\n<h3><span class=\"ez-toc-section\" id=\"Sizin_Icin_Anlami\"><\/span><strong data-start=\"69\" data-end=\"90\">Sizin \u0130\u00e7in Anlam\u0131<\/strong><span class=\"ez-toc-section-end\"><\/span><\/h3>\n<\/th>\n<\/tr>\n<\/thead>\n<tbody data-start=\"258\" data-end=\"1083\">\n<tr data-start=\"258\" data-end=\"439\">\n<td data-start=\"258\" data-end=\"303\" data-col-size=\"md\">Sorunsuz ve stressiz seyahat organizasyonu<\/td>\n<td data-col-size=\"lg\" data-start=\"303\" data-end=\"439\">Akredite klinik ve hastanelerimize zaman\u0131nda ve sorunsuz bir \u015fekilde ula\u015fman\u0131z i\u00e7in titizlikle planlanm\u0131\u015f bir seyahat organizasyonu.<\/td>\n<\/tr>\n<tr data-start=\"440\" data-end=\"558\">\n<td data-start=\"440\" data-end=\"460\" data-col-size=\"md\">Tarafs\u0131z bilgiler<\/td>\n<td data-col-size=\"lg\" data-start=\"460\" data-end=\"558\">\u0130htiyac\u0131n\u0131za uygun, \u015feffaf ve herhangi bir sa\u011flay\u0131c\u0131y\u0131 kay\u0131rmadan verilen objektif tavsiyeler.<\/td>\n<\/tr>\n<tr data-start=\"559\" data-end=\"705\">\n<td data-start=\"559\" data-end=\"602\" data-col-size=\"md\">Garantili y\u00fcksek kaliteli tedavi hizmeti<\/td>\n<td data-col-size=\"lg\" data-start=\"602\" data-end=\"705\">Y\u00fcksek kalitede sa\u011fl\u0131k hizmetlerine eri\u015fim, tedavi sonras\u0131 destek ve garanti imkanlar\u0131yla birlikte.<\/td>\n<\/tr>\n<tr data-start=\"706\" data-end=\"809\">\n<td data-start=\"706\" data-end=\"730\" data-col-size=\"md\">S\u0131n\u0131rs\u0131z yerel destek<\/td>\n<td data-col-size=\"lg\" data-start=\"730\" data-end=\"809\">Var\u0131\u015f\u0131n\u0131zdan iyile\u015fme s\u00fcrecinize kadar her a\u015famada kapsaml\u0131 destek hizmeti.<\/td>\n<\/tr>\n<tr data-start=\"810\" data-end=\"928\">\n<td data-start=\"810\" data-end=\"846\" data-col-size=\"md\">Muhte\u015fem destinasyonlara yak\u0131nl\u0131k<\/td>\n<td data-col-size=\"lg\" data-start=\"846\" data-end=\"928\">\u0130yile\u015fme s\u00fcrecinizde T\u00fcrkiye\u2019nin k\u00fclt\u00fcrel ve k\u0131y\u0131 b\u00f6lgelerini ke\u015ffetme imk\u00e2n\u0131.<\/td>\n<\/tr>\n<tr data-start=\"929\" data-end=\"1083\">\n<td data-start=\"929\" data-end=\"965\" data-col-size=\"md\">KVKK ve GDPR uyumlu veri korumas\u0131<\/td>\n<td data-col-size=\"lg\" data-start=\"965\" data-end=\"1083\">Ki\u015fisel verileriniz, GDPR ve KVKK kurallar\u0131na uygun olarak en y\u00fcksek gizlilik ve g\u00fcvenlik standartlar\u0131nda i\u015flenir.<\/td>\n<\/tr>\n<\/tbody>\n<\/table>\n<\/div>\n<h2><span class=\"ez-toc-section\" id=\"Ilkelerimiz_ve_Kalite_Standartlarimiz\"><\/span><b>\u0130lkelerimiz ve Kalite Standartlar\u0131m\u0131z<\/b><span class=\"ez-toc-section-end\"><\/span><\/h2>\n<h3><span class=\"ez-toc-section\" id=\"Zamaninda_ve_Sorunsuz_Seyahat_Koordinasyonu\"><\/span><b>Zaman\u0131nda ve Sorunsuz Seyahat Koordinasyonu<\/b><span class=\"ez-toc-section-end\"><\/span><\/h3>\n<p>\u232aAkredite<span style=\"font-weight: 400;\"> i\u015f orta\u011f\u0131 klinik ve hastanelerimize yapaca\u011f\u0131n\u0131z seyahatin kusursuz bir \u015fekilde planlanmas\u0131.<\/span><\/p>\n<h3><span class=\"ez-toc-section\" id=\"Tarafsiz_Bilgilendirme\"><\/span><b>Tarafs\u0131z Bilgilendirme<\/b><span class=\"ez-toc-section-end\"><\/span><\/h3>\n<p><span style=\"font-weight: 400;\">\u232a\u0130htiya\u00e7lar\u0131n\u0131za \u00f6zel, belirli bir sa\u011flay\u0131c\u0131ya ba\u011fl\u0131 olmayan \u015feffaf dan\u0131\u015fmanl\u0131k.<\/span><\/p>\n<h3><span class=\"ez-toc-section\" id=\"Ust_Duzey_Tedaviler_ve_Garanti\"><\/span><b>\u00dcst D\u00fczey Tedaviler ve Garanti<\/b><span class=\"ez-toc-section-end\"><\/span><\/h3>\n<p><span style=\"font-weight: 400;\">\u232aTedavi sonras\u0131 destek ve garanti ile kaliteli sa\u011fl\u0131k hizmetine eri\u015fim.<\/span><\/p>\n<h3><span class=\"ez-toc-section\" id=\"Sinirsiz_Yerel_Destek\"><\/span><b>S\u0131n\u0131rs\u0131z Yerel Destek<\/b><span class=\"ez-toc-section-end\"><\/span><\/h3>\n<p><span style=\"font-weight: 400;\">\u232aVar\u0131\u015ftan iyile\u015fmeye kadar konaklaman\u0131z s\u00fcresince tam destek.<\/span><\/p>\n<h3><span class=\"ez-toc-section\" id=\"Muhtesem_Destinasyonlara_Yakinlik\"><\/span><b>Muhte\u015fem Destinasyonlara Yak\u0131nl\u0131k<\/b><span class=\"ez-toc-section-end\"><\/span><\/h3>\n<p><span style=\"font-weight: 400;\">\u232a\u0130yile\u015fme s\u00fcrecinizde T\u00fcrkiye\u2019deki etkileyici k\u00fclt\u00fcrel ve sahil noktalar\u0131n\u0131 ke\u015ffetme imk\u00e2n\u0131.<\/span><\/p>\n<h3><span class=\"ez-toc-section\" id=\"GDPR_Uyumlu_Veri_Koruma\"><\/span><b>GDPR Uyumlu Veri Koruma<\/b><span class=\"ez-toc-section-end\"><\/span><\/h3>\n<p><span style=\"font-weight: 400;\">\u232aKi\u015fisel verileriniz en y\u00fcksek gizlilik ve g\u00fcvenlik standartlar\u0131na uygun \u015fekilde korunur.<\/span><\/p>\n<h2><span class=\"ez-toc-section\" id=\"Kalite_Standartlarimiz\"><\/span><b>Kalite Standartlar\u0131m\u0131z<\/b><span class=\"ez-toc-section-end\"><\/span><\/h2>\n<h3><span class=\"ez-toc-section\" id=\"Veri_Gizliligi_Guvencesi\"><\/span><b>Veri Gizlili\u011fi G\u00fcvencesi<\/b><span class=\"ez-toc-section-end\"><\/span><\/h3>\n<p><span style=\"font-weight: 400;\">\u232aKi\u015fisel bilgilerinizin korunmas\u0131 i\u00e7in GDPR standartlar\u0131na tam uyum sa\u011flayarak gizlili\u011finizi \u00f6nceliklendiriyoruz.<\/span><\/p>\n<h3><span class=\"ez-toc-section\" id=\"Ucretsiz_ve_Yukumluluk_Icermeyen_Danismanlik\"><\/span><b>\u00dccretsiz ve Y\u00fck\u00fcml\u00fcl\u00fck \u0130\u00e7ermeyen Dan\u0131\u015fmanl\u0131k<\/b><span class=\"ez-toc-section-end\"><\/span><\/h3>\n<p><span style=\"font-weight: 400;\">\u232aAlan\u0131nda deneyimli hekimler ve di\u015f hekimlerinden de\u011ferlendirme alabilirsiniz.<\/span><\/p>\n<h3><span class=\"ez-toc-section\" id=\"Kolay_Seyahat_Organizasyonu\"><\/span><b>Kolay Seyahat Organizasyonu<\/b><span class=\"ez-toc-section-end\"><\/span><\/h3>\n<p><span style=\"font-weight: 400;\">\u232aFarkl\u0131 lokasyonlardaki akredite i\u015f orta\u011f\u0131 klinik ve hastanelere zaman\u0131nda ve sorunsuz bir \u015fekilde seyahatinizi planl\u0131yoruz.<\/span><\/p>\n<h3><span class=\"ez-toc-section\" id=\"Objektif_ve_Seffaf_Bilgilendirme\"><\/span><b>Objektif ve \u015eeffaf Bilgilendirme<\/b><span class=\"ez-toc-section-end\"><\/span><\/h3>\n<p><span style=\"font-weight: 400;\">\u232aSa\u011fl\u0131kl\u0131 kararlar alman\u0131z i\u00e7in tarafs\u0131z ve net bilgiler sunuyoruz.<\/span><\/p>\n<h3><span class=\"ez-toc-section\" id=\"Garanti_Kapsaminda_Ust_Duzey_Tedaviler\"><\/span><b>Garanti Kapsam\u0131nda \u00dcst D\u00fczey Tedaviler<\/b><span class=\"ez-toc-section-end\"><\/span><\/h3>\n<p><span style=\"font-weight: 400;\">\u232aG\u00f6n\u00fcl rahatl\u0131\u011f\u0131yla tercih edebilece\u011finiz, garantili y\u00fcksek kaliteli tedaviler sunuyoruz.<\/span><\/p>\n<h3><span class=\"ez-toc-section\" id=\"Surekli_Destek\"><\/span><b>S\u00fcrekli Destek<\/b><span class=\"ez-toc-section-end\"><\/span><\/h3>\n<p><span style=\"font-weight: 400;\">\u232aSe\u00e7ti\u011finiz \u015fehirdeki konaklaman\u0131z s\u00fcresince s\u0131n\u0131rs\u0131z destek sa\u011fl\u0131yoruz.<\/span><\/p>\n<h3><span class=\"ez-toc-section\" id=\"Muhtesem_Bolgelere_Yakinlik\"><\/span><b>Muhte\u015fem B\u00f6lgelere Yak\u0131nl\u0131k<\/b><span class=\"ez-toc-section-end\"><\/span><\/h3>\n<p><span style=\"font-weight: 400;\">\u232aT\u00fcrkiye\u2019deki ekstra zaman\u0131n\u0131z\u0131 b\u00fcy\u00fcleyici destinasyonlar\u0131 ke\u015ffederek de\u011ferlendirin.<\/span><\/p>\n","protected":false},"excerpt":{"rendered":"<p>S\u00f6z\u00fcm\u00fcz Sizin \u0130\u00e7in Anlam\u0131 Sorunsuz ve stressiz seyahat organizasyonu Akredite klinik ve hastanelerimize zaman\u0131nda ve sorunsuz bir \u015fekilde ula\u015fman\u0131z i\u00e7in titizlikle planlanm\u0131\u015f bir seyahat organizasyonu. Tarafs\u0131z bilgiler \u0130htiyac\u0131n\u0131za uygun, \u015feffaf ve herhangi bir sa\u011flay\u0131c\u0131y\u0131 kay\u0131rmadan verilen objektif tavsiyeler. Garantili y\u00fcksek kaliteli tedavi hizmeti Y\u00fcksek kalitede sa\u011fl\u0131k hizmetlerine eri\u015fim, tedavi sonras\u0131 destek ve garanti imkanlar\u0131yla birlikte. [&hellip;]<\/p>\n","protected":false},"author":1,"featured_media":0,"parent":2704,"menu_order":104,"comment_status":"closed","ping_status":"closed","template":"","meta":{"footnotes":""},"class_list":["post-4365","page","type-page","status-publish","hentry"],"_links":{"self":[{"href":"https:\/\/yourmedcare.com\/tr\/wp-json\/wp\/v2\/pages\/4365","targetHints":{"allow":["GET"]}}],"collection":[{"href":"https:\/\/yourmedcare.com\/tr\/wp-json\/wp\/v2\/pages"}],"about":[{"href":"https:\/\/yourmedcare.com\/tr\/wp-json\/wp\/v2\/types\/page"}],"author":[{"embeddable":true,"href":"https:\/\/yourmedcare.com\/tr\/wp-json\/wp\/v2\/users\/1"}],"replies":[{"embeddable":true,"href":"https:\/\/yourmedcare.com\/tr\/wp-json\/wp\/v2\/comments?post=4365"}],"version-history":[{"count":2,"href":"https:\/\/yourmedcare.com\/tr\/wp-json\/wp\/v2\/pages\/4365\/revisions"}],"predecessor-version":[{"id":6582,"href":"https:\/\/yourmedcare.com\/tr\/wp-json\/wp\/v2\/pages\/4365\/revisions\/6582"}],"up":[{"embeddable":true,"href":"https:\/\/yourmedcare.com\/tr\/wp-json\/wp\/v2\/pages\/2704"}],"wp:attachment":[{"href":"https:\/\/yourmedcare.com\/tr\/wp-json\/wp\/v2\/media?parent=4365"}],"curies":[{"name":"wp","href":"https:\/\/api.w.org\/{rel}","templated":true}]}}