{"id":3197,"date":"2025-06-12T15:37:16","date_gmt":"2025-06-12T12:37:16","guid":{"rendered":"https:\/\/yourmedcare.com\/?page_id=3197"},"modified":"2025-06-20T14:29:52","modified_gmt":"2025-06-20T11:29:52","slug":"kvkk","status":"publish","type":"page","link":"https:\/\/yourmedcare.com\/tr\/kvkk\/","title":{"rendered":"KVKK"},"content":{"rendered":"<div id=\"ez-toc-container\" class=\"ez-toc-v2_0_82_2 counter-hierarchy ez-toc-counter ez-toc-custom ez-toc-container-direction\">\n<div class=\"ez-toc-title-container\">\n<p class=\"ez-toc-title\" style=\"cursor:inherit\">Table of Contents<\/p>\n<span class=\"ez-toc-title-toggle\"><a href=\"#\" class=\"ez-toc-pull-right ez-toc-btn ez-toc-btn-xs ez-toc-btn-default ez-toc-toggle\" aria-label=\"\u0130\u00e7indekiler Tablosunu A\u00e7\/Kapat\"><span class=\"ez-toc-js-icon-con\"><span class=\"\"><span class=\"eztoc-hide\" style=\"display:none;\">Toggle<\/span><span class=\"ez-toc-icon-toggle-span\"><svg style=\"fill: #154175;color:#154175\" xmlns=\"http:\/\/www.w3.org\/2000\/svg\" class=\"list-377408\" width=\"20px\" height=\"20px\" viewBox=\"0 0 24 24\" fill=\"none\"><path d=\"M6 6H4v2h2V6zm14 0H8v2h12V6zM4 11h2v2H4v-2zm16 0H8v2h12v-2zM4 16h2v2H4v-2zm16 0H8v2h12v-2z\" fill=\"currentColor\"><\/path><\/svg><svg style=\"fill: #154175;color:#154175\" class=\"arrow-unsorted-368013\" xmlns=\"http:\/\/www.w3.org\/2000\/svg\" width=\"10px\" height=\"10px\" viewBox=\"0 0 24 24\" version=\"1.2\" baseProfile=\"tiny\"><path d=\"M18.2 9.3l-6.2-6.3-6.2 6.3c-.2.2-.3.4-.3.7s.1.5.3.7c.2.2.4.3.7.3h11c.3 0 .5-.1.7-.3.2-.2.3-.5.3-.7s-.1-.5-.3-.7zM5.8 14.7l6.2 6.3 6.2-6.3c.2-.2.3-.5.3-.7s-.1-.5-.3-.7c-.2-.2-.4-.3-.7-.3h-11c-.3 0-.5.1-.7.3-.2.2-.3.5-.3.7s.1.5.3.7z\"\/><\/svg><\/span><\/span><\/span><\/a><\/span><\/div>\n<nav><ul class='ez-toc-list ez-toc-list-level-1 ' ><li class='ez-toc-page-1 ez-toc-heading-level-2'><a class=\"ez-toc-link ez-toc-heading-1\" href=\"https:\/\/yourmedcare.com\/tr\/kvkk\/#KISISEL_VERILERIN_KORUNMASINA_ILISKIN_AYDINLATMA_METNI\" >K\u0130\u015e\u0130SEL VER\u0130LER\u0130N KORUNMASINA \u0130L\u0130\u015eK\u0130N AYDINLATMA METN\u0130<\/a><ul class='ez-toc-list-level-3' ><li class='ez-toc-heading-level-3'><a class=\"ez-toc-link ez-toc-heading-2\" href=\"https:\/\/yourmedcare.com\/tr\/kvkk\/#1_Veri_Sorumlusunun_Kimligi\" >1. Veri Sorumlusunun Kimli\u011fi<\/a><\/li><li class='ez-toc-page-1 ez-toc-heading-level-3'><a class=\"ez-toc-link ez-toc-heading-3\" href=\"https:\/\/yourmedcare.com\/tr\/kvkk\/#2_Islenen_Kisisel_Veri_Kategorileri\" >2. \u0130\u015flenen Ki\u015fisel Veri Kategorileri<\/a><\/li><li class='ez-toc-page-1 ez-toc-heading-level-3'><a class=\"ez-toc-link ez-toc-heading-4\" href=\"https:\/\/yourmedcare.com\/tr\/kvkk\/#3_Kisisel_Verilerin_Islenme_Amaclari\" >3. Ki\u015fisel Verilerin \u0130\u015flenme Ama\u00e7lar\u0131<\/a><\/li><li class='ez-toc-page-1 ez-toc-heading-level-3'><a class=\"ez-toc-link ez-toc-heading-5\" href=\"https:\/\/yourmedcare.com\/tr\/kvkk\/#4_Kisisel_Verilerin_Aktarilabilecegi_Taraflar\" >4. Ki\u015fisel Verilerin Aktar\u0131labilece\u011fi Taraflar<\/a><\/li><li class='ez-toc-page-1 ez-toc-heading-level-3'><a class=\"ez-toc-link ez-toc-heading-6\" href=\"https:\/\/yourmedcare.com\/tr\/kvkk\/#5_Kisisel_Verilerin_Toplanma_Yontemi_ve_Hukuki_Sebebi\" >5. Ki\u015fisel Verilerin Toplanma Y\u00f6ntemi ve Hukuki Sebebi<\/a><\/li><li class='ez-toc-page-1 ez-toc-heading-level-3'><a class=\"ez-toc-link ez-toc-heading-7\" href=\"https:\/\/yourmedcare.com\/tr\/kvkk\/#6_Ilgili_Kisi_Olarak_Haklariniz\" >6. \u0130lgili Ki\u015fi Olarak Haklar\u0131n\u0131z<\/a><\/li><\/ul><\/li><\/ul><\/nav><\/div>\n<h2 data-start=\"264\" data-end=\"327\"><span class=\"ez-toc-section\" id=\"KISISEL_VERILERIN_KORUNMASINA_ILISKIN_AYDINLATMA_METNI\"><\/span><strong data-start=\"267\" data-end=\"325\">K\u0130\u015e\u0130SEL VER\u0130LER\u0130N KORUNMASINA \u0130L\u0130\u015eK\u0130N AYDINLATMA METN\u0130<\/strong><span class=\"ez-toc-section-end\"><\/span><\/h2>\n<p data-start=\"328\" data-end=\"391\"><strong data-start=\"328\" data-end=\"391\">(6698 Say\u0131l\u0131 Ki\u015fisel Verilerin Korunmas\u0131 Kanunu Kapsam\u0131nda)<\/strong><\/p>\n<p data-start=\"393\" data-end=\"613\">Yourmedcare Medikal Turizm Dan\u0131\u015fmanl\u0131k Limited \u015eirketi (\u201c\u015eirket\u201d) olarak, 6698 say\u0131l\u0131 Ki\u015fisel Verilerin Korunmas\u0131 Kanunu (\u201cKVKK\u201d) uyar\u0131nca, ki\u015fisel verilerinizin i\u015flenme s\u00fcre\u00e7leri hakk\u0131nda sizleri bilgilendirmek isteriz.<\/p>\n<hr data-start=\"615\" data-end=\"618\" \/>\n<h3 data-start=\"620\" data-end=\"658\"><span class=\"ez-toc-section\" id=\"1_Veri_Sorumlusunun_Kimligi\"><\/span><strong data-start=\"624\" data-end=\"656\">1. Veri Sorumlusunun Kimli\u011fi<\/strong><span class=\"ez-toc-section-end\"><\/span><\/h3>\n<p data-start=\"659\" data-end=\"978\"><strong data-start=\"659\" data-end=\"678\">Veri Sorumlusu:<\/strong> Yourmedcare Medikal Turizm Dan\u0131\u015fmanl\u0131k Limited \u015eirketi<br data-start=\"733\" data-end=\"736\" \/><strong data-start=\"736\" data-end=\"746\">Adres:<\/strong> Akdeniz Mah. \u015eehit Fethibey Cad. Limboz \u0130\u015fhan\u0131 No:27, \u0130\u00e7 Kap\u0131 No:303, Konak \/ \u0130zmir 35210<br data-start=\"836\" data-end=\"839\" \/><strong data-start=\"839\" data-end=\"851\">Telefon:<\/strong> +90 850 335 0740<br data-start=\"868\" data-end=\"871\" \/><strong data-start=\"871\" data-end=\"883\">E-posta:<\/strong> <a class=\"cursor-pointer\" rel=\"noopener\" data-start=\"884\" data-end=\"907\">contact@yourmedcare.com<\/a><br data-start=\"907\" data-end=\"910\" \/><strong data-start=\"910\" data-end=\"925\">Web Sitesi:<\/strong> <a class=\"\" href=\"http:\/\/www.yourmedcare.com\" target=\"_new\" rel=\"noopener\" data-start=\"926\" data-end=\"945\">www.yourmedcare.com<\/a><br data-start=\"945\" data-end=\"948\" \/><strong data-start=\"948\" data-end=\"961\">WhatsApp:<\/strong> +90 549 879 7800<\/p>\n<hr data-start=\"980\" data-end=\"983\" \/>\n<h3 data-start=\"985\" data-end=\"1031\"><span class=\"ez-toc-section\" id=\"2_Islenen_Kisisel_Veri_Kategorileri\"><\/span><strong data-start=\"989\" data-end=\"1029\">2. \u0130\u015flenen Ki\u015fisel Veri Kategorileri<\/strong><span class=\"ez-toc-section-end\"><\/span><\/h3>\n<p data-start=\"1032\" data-end=\"1082\">A\u015fa\u011f\u0131daki ki\u015fisel verileriniz i\u015flenebilmektedir:<\/p>\n<ul>\n<li data-start=\"1085\" data-end=\"1103\">Kimlik Bilgileri<\/li>\n<li data-start=\"1106\" data-end=\"1126\">\u0130leti\u015fim Bilgileri<\/li>\n<li data-start=\"1129\" data-end=\"1185\">Sa\u011fl\u0131k Verileri (\u00f6zel nitelikli ki\u015fisel veriler dahil)<\/li>\n<li data-start=\"1188\" data-end=\"1217\">Pasaport ve seyahat bilgileri<\/li>\n<\/ul>\n<hr data-start=\"1219\" data-end=\"1222\" \/>\n<h3 data-start=\"1224\" data-end=\"1271\"><span class=\"ez-toc-section\" id=\"3_Kisisel_Verilerin_Islenme_Amaclari\"><\/span><strong data-start=\"1228\" data-end=\"1269\">3. Ki\u015fisel Verilerin \u0130\u015flenme Ama\u00e7lar\u0131<\/strong><span class=\"ez-toc-section-end\"><\/span><\/h3>\n<p data-start=\"1272\" data-end=\"1329\">Ki\u015fisel verileriniz, a\u015fa\u011f\u0131daki ama\u00e7larla i\u015flenmektedir:<\/p>\n<ul>\n<li data-start=\"1332\" data-end=\"1387\">Sa\u011fl\u0131k turizmi hizmetlerinin planlanmas\u0131 ve sunulmas\u0131<\/li>\n<li data-start=\"1390\" data-end=\"1450\">Tedavi, konaklama ve ula\u015f\u0131m s\u00fcre\u00e7lerinin organize edilmesi<\/li>\n<li data-start=\"1453\" data-end=\"1525\">Hasta bilgilendirme, dan\u0131\u015fmanl\u0131k ve ileti\u015fim faaliyetlerinin y\u00fcr\u00fct\u00fclmesi<\/li>\n<\/ul>\n<hr data-start=\"1527\" data-end=\"1530\" \/>\n<h3 data-start=\"1532\" data-end=\"1588\"><span class=\"ez-toc-section\" id=\"4_Kisisel_Verilerin_Aktarilabilecegi_Taraflar\"><\/span><strong data-start=\"1536\" data-end=\"1586\">4. Ki\u015fisel Verilerin Aktar\u0131labilece\u011fi Taraflar<\/strong><span class=\"ez-toc-section-end\"><\/span><\/h3>\n<p data-start=\"1589\" data-end=\"1693\">Ki\u015fisel verileriniz, yukar\u0131da belirtilen ama\u00e7lar do\u011frultusunda ve gerekli g\u00fcvenlik \u00f6nlemleri al\u0131narak:<\/p>\n<ul>\n<li data-start=\"1696\" data-end=\"1766\">Yurt i\u00e7i ve yurt d\u0131\u015f\u0131ndaki anla\u015fmal\u0131 hastaneler, klinikler, hekimler<\/li>\n<li data-start=\"1769\" data-end=\"1812\">Seyahat ve konaklama hizmet sa\u011flay\u0131c\u0131lar\u0131<\/li>\n<li data-start=\"1815\" data-end=\"1899\">Yasal y\u00fck\u00fcml\u00fcl\u00fckler kapsam\u0131nda yetkili kamu kurum ve kurulu\u015flar\u0131 ile payla\u015f\u0131labilir.<\/li>\n<\/ul>\n<hr data-start=\"1901\" data-end=\"1904\" \/>\n<h3 data-start=\"1906\" data-end=\"1970\"><span class=\"ez-toc-section\" id=\"5_Kisisel_Verilerin_Toplanma_Yontemi_ve_Hukuki_Sebebi\"><\/span><strong data-start=\"1910\" data-end=\"1968\">5. Ki\u015fisel Verilerin Toplanma Y\u00f6ntemi ve Hukuki Sebebi<\/strong><span class=\"ez-toc-section-end\"><\/span><\/h3>\n<p data-start=\"1971\" data-end=\"1993\">Ki\u015fisel verileriniz;<\/p>\n<ul>\n<li>Web sitesi formlar\u0131,<\/li>\n<li>E-posta,<\/li>\n<li>WhatsApp ve benzeri ileti\u015fim platformlar\u0131,<\/li>\n<li>Telefon g\u00f6r\u00fc\u015fmeleri arac\u0131l\u0131\u011f\u0131yla elektronik ortamda toplanmakta,<\/li>\n<li>A\u00e7\u0131k r\u0131zan\u0131z ve ilgili mevzuat h\u00fck\u00fcmleri \u00e7er\u00e7evesinde i\u015flenmektedir.<\/li>\n<\/ul>\n<hr data-start=\"2220\" data-end=\"2223\" \/>\n<h3 data-start=\"2225\" data-end=\"2267\"><span class=\"ez-toc-section\" id=\"6_Ilgili_Kisi_Olarak_Haklariniz\"><\/span><strong data-start=\"2229\" data-end=\"2265\">6. \u0130lgili Ki\u015fi Olarak Haklar\u0131n\u0131z<\/strong><span class=\"ez-toc-section-end\"><\/span><\/h3>\n<p data-start=\"2268\" data-end=\"2356\">KVKK\u2019n\u0131n 11. maddesi uyar\u0131nca, veri sorumlusuna ba\u015fvurarak a\u015fa\u011f\u0131daki haklara sahipsiniz:<\/p>\n<ul>\n<li data-start=\"2360\" data-end=\"2410\">Ki\u015fisel verinizin i\u015flenip i\u015flenmedi\u011fini \u00f6\u011frenme,<\/li>\n<li data-start=\"2413\" data-end=\"2472\">Ki\u015fisel veriniz i\u015flenmi\u015fse buna ili\u015fkin bilgi talep etme,<\/li>\n<li data-start=\"2475\" data-end=\"2573\">Ki\u015fisel verinizin i\u015flenme amac\u0131n\u0131 ve bunlar\u0131n amac\u0131na uygun kullan\u0131l\u0131p kullan\u0131lmad\u0131\u011f\u0131n\u0131 \u00f6\u011frenme,<\/li>\n<li data-start=\"2576\" data-end=\"2660\">Ki\u015fisel verinizin yurt i\u00e7inde veya yurt d\u0131\u015f\u0131nda aktar\u0131ld\u0131\u011f\u0131 \u00fc\u00e7\u00fcnc\u00fc ki\u015fileri bilme,<\/li>\n<li data-start=\"2663\" data-end=\"2756\">Ki\u015fisel verinizin eksik veya yanl\u0131\u015f i\u015flenmi\u015f olmas\u0131 h\u00e2linde bunlar\u0131n d\u00fczeltilmesini isteme,<\/li>\n<li data-start=\"2759\" data-end=\"2859\">Mevzuatta \u00f6ng\u00f6r\u00fclen \u015fartlar \u00e7er\u00e7evesinde ki\u015fisel verinizin silinmesini veya yok edilmesini isteme,<\/li>\n<li data-start=\"2862\" data-end=\"2975\">D\u00fczeltme, silme veya yok edilme i\u015flemlerinin ki\u015fisel verinin aktar\u0131ld\u0131\u011f\u0131 \u00fc\u00e7\u00fcnc\u00fc ki\u015filere bildirilmesini isteme,<\/li>\n<li data-start=\"2978\" data-end=\"3110\">Ki\u015fisel verinizin m\u00fcnhas\u0131ran otomatik sistemler ile analiz edilmesi suretiyle aleyhinize bir sonucun ortaya \u00e7\u0131kmas\u0131na itiraz etme,<\/li>\n<li data-start=\"3113\" data-end=\"3230\">Ki\u015fisel verinizin hukuka ayk\u0131r\u0131 olarak i\u015flenmesi sebebiyle zarara u\u011framan\u0131z h\u00e2linde zarar\u0131n giderilmesini talep etme.<\/li>\n<\/ul>\n","protected":false},"excerpt":{"rendered":"<p>K\u0130\u015e\u0130SEL VER\u0130LER\u0130N KORUNMASINA \u0130L\u0130\u015eK\u0130N AYDINLATMA METN\u0130 (6698 Say\u0131l\u0131 Ki\u015fisel Verilerin Korunmas\u0131 Kanunu Kapsam\u0131nda) Yourmedcare Medikal Turizm Dan\u0131\u015fmanl\u0131k Limited \u015eirketi (\u201c\u015eirket\u201d) olarak, 6698 say\u0131l\u0131 Ki\u015fisel Verilerin Korunmas\u0131 Kanunu (\u201cKVKK\u201d) uyar\u0131nca, ki\u015fisel verilerinizin i\u015flenme s\u00fcre\u00e7leri hakk\u0131nda sizleri bilgilendirmek isteriz. 1. Veri Sorumlusunun Kimli\u011fi Veri Sorumlusu: Yourmedcare Medikal Turizm Dan\u0131\u015fmanl\u0131k Limited \u015eirketiAdres: Akdeniz Mah. \u015eehit Fethibey Cad. Limboz [&hellip;]<\/p>\n","protected":false},"author":1,"featured_media":0,"parent":0,"menu_order":90,"comment_status":"closed","ping_status":"closed","template":"","meta":{"footnotes":""},"class_list":["post-3197","page","type-page","status-publish","hentry"],"_links":{"self":[{"href":"https:\/\/yourmedcare.com\/tr\/wp-json\/wp\/v2\/pages\/3197","targetHints":{"allow":["GET"]}}],"collection":[{"href":"https:\/\/yourmedcare.com\/tr\/wp-json\/wp\/v2\/pages"}],"about":[{"href":"https:\/\/yourmedcare.com\/tr\/wp-json\/wp\/v2\/types\/page"}],"author":[{"embeddable":true,"href":"https:\/\/yourmedcare.com\/tr\/wp-json\/wp\/v2\/users\/1"}],"replies":[{"embeddable":true,"href":"https:\/\/yourmedcare.com\/tr\/wp-json\/wp\/v2\/comments?post=3197"}],"version-history":[{"count":4,"href":"https:\/\/yourmedcare.com\/tr\/wp-json\/wp\/v2\/pages\/3197\/revisions"}],"predecessor-version":[{"id":4673,"href":"https:\/\/yourmedcare.com\/tr\/wp-json\/wp\/v2\/pages\/3197\/revisions\/4673"}],"wp:attachment":[{"href":"https:\/\/yourmedcare.com\/tr\/wp-json\/wp\/v2\/media?parent=3197"}],"curies":[{"name":"wp","href":"https:\/\/api.w.org\/{rel}","templated":true}]}}