{"id":2999,"date":"2025-06-12T12:33:58","date_gmt":"2025-06-12T09:33:58","guid":{"rendered":"https:\/\/yourmedcare.com\/istanbul\/"},"modified":"2025-09-04T15:55:13","modified_gmt":"2025-09-04T12:55:13","slug":"istanbul","status":"publish","type":"page","link":"https:\/\/yourmedcare.com\/tr\/istanbul\/","title":{"rendered":"\u0130stanbul"},"content":{"rendered":"<p data-start=\"151\" data-end=\"496\"><strong>\u0130stanbul<\/strong>, d\u00fcnyan\u0131n en b\u00fcy\u00fcleyici \u015fehirlerinden biri olarak, binlerce y\u0131ld\u0131r medeniyetlerin kav\u015fa\u011f\u0131nda yer al\u0131yor. Yaln\u0131zca Avrupa ile Asya\u2019y\u0131 de\u011fil, ge\u00e7mi\u015f ile bug\u00fcn\u00fc de birle\u015ftiren bu e\u015fsiz \u015fehir, <strong>Roma, Bizans <\/strong>ve<strong> Osmanl\u0131<\/strong> gibi \u00fc\u00e7 b\u00fcy\u00fck imparatorlu\u011fa ba\u015fkentlik yapm\u0131\u015f, her bir k\u00f6\u015fesine tarih, mimari ihti\u015fam ve modern ya\u015fam\u0131n ritmini i\u015flemi\u015ftir.<\/p>\n<p data-start=\"498\" data-end=\"931\">\u015eehrin sokaklar\u0131nda gezinirken her ad\u0131mda ba\u015fka bir hik\u00e2yeyle kar\u015f\u0131la\u015f\u0131rs\u0131n\u0131z. Tarihi yar\u0131madan\u0131n kalbinde yer alan g\u00f6rkemli <strong>Ayasofya<\/strong>, \u0130stanbul\u2019un dini ve mimari miras\u0131n\u0131n simgesi olarak y\u00fckselirken, hemen yak\u0131n\u0131ndaki <strong>Sultanahmet Camii<\/strong>, zarif mavi \u00e7inileri ve heybetli kubbeleriyle ziyaret\u00e7ileri b\u00fcy\u00fcler. <strong>Topkap\u0131 Saray\u0131<\/strong> ise Osmanl\u0131 sultanlar\u0131n\u0131n zenginli\u011fini ve ihti\u015fam\u0131n\u0131 g\u00f6zler \u00f6n\u00fcne seren hazineleriyle ge\u00e7mi\u015fin kap\u0131lar\u0131n\u0131 aralar.<\/p>\n<p data-start=\"933\" data-end=\"1262\">Sultanahmet\u2019in dar sokaklar\u0131, rengarenk \u00e7ar\u015f\u0131lar\u0131 ve as\u0131rl\u0131k yap\u0131lar\u0131 sizi zamanda bir yolculu\u011fa \u00e7\u0131kar\u0131r. Ancak \u0130stanbul sadece ge\u00e7mi\u015fte ya\u015famaz. Bo\u011faz\u2019\u0131n \u00f6te yakas\u0131ndaki <strong>Karak\u00f6y<\/strong>, <strong>Galata<\/strong> ve <strong>Kad\u0131k\u00f6y<\/strong> gibi semtlerde sanat galerileri, tasar\u0131m ma\u011fazalar\u0131 ve gurme kafeler bir arada yer al\u0131r; gelenek ile yenilik zarif bir denge kurar.<\/p>\n<p data-start=\"1264\" data-end=\"1561\">D\u00fcnyan\u0131n en eski ve b\u00fcy\u00fck kapal\u0131 \u00e7ar\u015f\u0131lar\u0131ndan biri olan <strong>Kapal\u0131\u00e7ar\u015f\u0131<\/strong>\u2019da binlerce d\u00fckkan hal\u0131dan m\u00fccevhere, baharattan antikaya kadar say\u0131s\u0131z \u00fcr\u00fcnle ziyaret\u00e7ileri adeta b\u00fcy\u00fcler. Hemen yan\u0131 ba\u015f\u0131ndaki <strong>M\u0131s\u0131r<\/strong> <strong>\u00c7ar\u015f\u0131s\u0131<\/strong> ise do\u011funun ve bat\u0131n\u0131n aromalar\u0131n\u0131 bir araya getiren kokular\u0131yla duyulara hitap eder.<\/p>\n<p data-start=\"1563\" data-end=\"1914\">\u0130stanbul\u2019un g\u00fczellikleri yaln\u0131zca karada s\u0131n\u0131rl\u0131 de\u011fil. <strong>Bo\u011faz<\/strong>\u2019da yapaca\u011f\u0131n\u0131z k\u0131sa bir vapur yolculu\u011funda Osmanl\u0131 saraylar\u0131, tarihi yal\u0131lar ve modern yap\u0131lar g\u00f6zlerinizin \u00f6n\u00fcnden ge\u00e7er. \u015eehrin karma\u015fas\u0131ndan uzakla\u015fmak isteyenler i\u00e7in <strong>Prens Adalar\u0131<\/strong>, araba seslerinin yerini faytonlar ve bisikletlerin ald\u0131\u011f\u0131, zaman\u0131n yava\u015flad\u0131\u011f\u0131 huzurlu bir ka\u00e7\u0131\u015f sunar.<\/p>\n<p data-start=\"1916\" data-end=\"2294\">K\u00fclt\u00fcrel anlamda da \u0130stanbul adeta bir ba\u015fkenttir. Uluslararas\u0131 film, m\u00fczik ve sanat festivalleri, <strong>\u0130stanbul Modern<\/strong> ve<strong> Pera M\u00fczesi<\/strong> gibi d\u00fcnya \u00e7ap\u0131nda m\u00fczelerle sanatseverleri cezbetmektedir. Mutfa\u011f\u0131 da bir o kadar zengindir: Geleneksel T\u00fcrk mezeleri ve kebaplar\u0131n\u0131n yan\u0131nda, <strong>Michelin<\/strong> y\u0131ld\u0131zl\u0131 \u015feflerin haz\u0131rlad\u0131\u011f\u0131 \u00e7a\u011fda\u015f f\u00fczyon yemekleri \u015fehri gastronomik bir merkeze d\u00f6n\u00fc\u015ft\u00fcr\u00fcr.<\/p>\n<p data-start=\"2296\" data-end=\"2730\">\u0130stanbul, sadece gezilecek bir yer de\u011fil, ayn\u0131 zamanda sa\u011fl\u0131k ve iyile\u015fme alan\u0131nda da y\u00fckselen bir y\u0131ld\u0131zd\u0131r. Son teknolojiyle donat\u0131lm\u0131\u015f hastaneleri, deneyimli uzmanlar\u0131 ve konforlu iyile\u015fme merkezleri ile sa\u011fl\u0131k turizminin en g\u00f6zde destinasyonlar\u0131ndan biridir. Estetik cerrahiden di\u015f tedavilerine, ileri d\u00fczey kalp ve ortopedi operasyonlar\u0131na kadar pek \u00e7ok alanda \u00fcst\u00fcn sa\u011fl\u0131k hizmeti, bu d\u00fcnya \u015fehrinin s\u0131cak atmosferiyle birle\u015fir.<\/p>\n<p data-start=\"2732\" data-end=\"2988\">Kadim ile modernin, ruhani olanla d\u00fcnyevinin harmanland\u0131\u011f\u0131 bu e\u015fsiz \u015fehir, yaln\u0131zca bir ziyaret de\u011fil, unutulmaz bir yolculuk vadediyor. \u0130mparatorluklar\u0131n y\u00fckselip \u00e7\u00f6kt\u00fc\u011f\u00fc, k\u0131talar\u0131n birle\u015fti\u011fi bu \u015fehirde, her gezgin kendi hikayesinden bir par\u00e7a bulabilir.<\/p>\n<p data-start=\"2990\" data-end=\"3136\">Tarihin, g\u00fczelli\u011fin ve ya\u015fam\u0131n kusursuz bir ahenkle bulu\u015ftu\u011fu bu ola\u011fan\u00fcst\u00fc \u015fehirde sizleri a\u011f\u0131rlamaktan b\u00fcy\u00fck mutluluk duyuyoruz<strong>\u2014buras\u0131 \u0130stanbul.<\/strong><\/p>\n","protected":false},"excerpt":{"rendered":"<p>\u0130stanbul, d\u00fcnyan\u0131n en b\u00fcy\u00fcleyici \u015fehirlerinden biri olarak, binlerce y\u0131ld\u0131r medeniyetlerin kav\u015fa\u011f\u0131nda yer al\u0131yor. Yaln\u0131zca Avrupa ile Asya\u2019y\u0131 de\u011fil, ge\u00e7mi\u015f ile bug\u00fcn\u00fc de birle\u015ftiren bu e\u015fsiz \u015fehir, Roma, Bizans ve Osmanl\u0131 gibi \u00fc\u00e7 b\u00fcy\u00fck imparatorlu\u011fa ba\u015fkentlik yapm\u0131\u015f, her bir k\u00f6\u015fesine tarih, mimari ihti\u015fam ve modern ya\u015fam\u0131n ritmini i\u015flemi\u015ftir. \u015eehrin sokaklar\u0131nda gezinirken her ad\u0131mda ba\u015fka bir hik\u00e2yeyle [&hellip;]<\/p>\n","protected":false},"author":1,"featured_media":0,"parent":0,"menu_order":83,"comment_status":"closed","ping_status":"closed","template":"","meta":{"footnotes":""},"class_list":["post-2999","page","type-page","status-publish","hentry"],"_links":{"self":[{"href":"https:\/\/yourmedcare.com\/tr\/wp-json\/wp\/v2\/pages\/2999","targetHints":{"allow":["GET"]}}],"collection":[{"href":"https:\/\/yourmedcare.com\/tr\/wp-json\/wp\/v2\/pages"}],"about":[{"href":"https:\/\/yourmedcare.com\/tr\/wp-json\/wp\/v2\/types\/page"}],"author":[{"embeddable":true,"href":"https:\/\/yourmedcare.com\/tr\/wp-json\/wp\/v2\/users\/1"}],"replies":[{"embeddable":true,"href":"https:\/\/yourmedcare.com\/tr\/wp-json\/wp\/v2\/comments?post=2999"}],"version-history":[{"count":7,"href":"https:\/\/yourmedcare.com\/tr\/wp-json\/wp\/v2\/pages\/2999\/revisions"}],"predecessor-version":[{"id":5470,"href":"https:\/\/yourmedcare.com\/tr\/wp-json\/wp\/v2\/pages\/2999\/revisions\/5470"}],"wp:attachment":[{"href":"https:\/\/yourmedcare.com\/tr\/wp-json\/wp\/v2\/media?parent=2999"}],"curies":[{"name":"wp","href":"https:\/\/api.w.org\/{rel}","templated":true}]}}