{"id":2706,"date":"2025-05-27T22:11:49","date_gmt":"2025-05-27T19:11:49","guid":{"rendered":"https:\/\/yourmedcare.com\/biz-kimiz\/tibbi-bilgilendirme-notu\/"},"modified":"2025-08-30T12:31:21","modified_gmt":"2025-08-30T09:31:21","slug":"tibbi-bilgilendirme-notu","status":"publish","type":"page","link":"https:\/\/yourmedcare.com\/tr\/biz-kimiz\/tibbi-bilgilendirme-notu\/","title":{"rendered":"T\u0131bbi Bilgilendirme Notu"},"content":{"rendered":"<div id=\"ez-toc-container\" class=\"ez-toc-v2_0_82_2 counter-hierarchy ez-toc-counter ez-toc-custom ez-toc-container-direction\">\n<div class=\"ez-toc-title-container\">\n<p class=\"ez-toc-title\" style=\"cursor:inherit\">Table of Contents<\/p>\n<span class=\"ez-toc-title-toggle\"><a href=\"#\" class=\"ez-toc-pull-right ez-toc-btn ez-toc-btn-xs ez-toc-btn-default ez-toc-toggle\" aria-label=\"\u0130\u00e7indekiler Tablosunu A\u00e7\/Kapat\"><span class=\"ez-toc-js-icon-con\"><span class=\"\"><span class=\"eztoc-hide\" style=\"display:none;\">Toggle<\/span><span class=\"ez-toc-icon-toggle-span\"><svg style=\"fill: #154175;color:#154175\" xmlns=\"http:\/\/www.w3.org\/2000\/svg\" class=\"list-377408\" width=\"20px\" height=\"20px\" viewBox=\"0 0 24 24\" fill=\"none\"><path d=\"M6 6H4v2h2V6zm14 0H8v2h12V6zM4 11h2v2H4v-2zm16 0H8v2h12v-2zM4 16h2v2H4v-2zm16 0H8v2h12v-2z\" fill=\"currentColor\"><\/path><\/svg><svg style=\"fill: #154175;color:#154175\" class=\"arrow-unsorted-368013\" xmlns=\"http:\/\/www.w3.org\/2000\/svg\" width=\"10px\" height=\"10px\" viewBox=\"0 0 24 24\" version=\"1.2\" baseProfile=\"tiny\"><path d=\"M18.2 9.3l-6.2-6.3-6.2 6.3c-.2.2-.3.4-.3.7s.1.5.3.7c.2.2.4.3.7.3h11c.3 0 .5-.1.7-.3.2-.2.3-.5.3-.7s-.1-.5-.3-.7zM5.8 14.7l6.2 6.3 6.2-6.3c.2-.2.3-.5.3-.7s-.1-.5-.3-.7c-.2-.2-.4-.3-.7-.3h-11c-.3 0-.5.1-.7.3-.2.2-.3.5-.3.7s.1.5.3.7z\"\/><\/svg><\/span><\/span><\/span><\/a><\/span><\/div>\n<nav><ul class='ez-toc-list ez-toc-list-level-1 ' ><li class='ez-toc-page-1 ez-toc-heading-level-2'><a class=\"ez-toc-link ez-toc-heading-1\" href=\"https:\/\/yourmedcare.com\/tr\/biz-kimiz\/tibbi-bilgilendirme-notu\/#Genel_Uyari\" >Genel Uyar\u0131<\/a><ul class='ez-toc-list-level-3' ><li class='ez-toc-heading-level-3'><a class=\"ez-toc-link ez-toc-heading-2\" href=\"https:\/\/yourmedcare.com\/tr\/biz-kimiz\/tibbi-bilgilendirme-notu\/#%E3%80%89Yalnizca_bilgilendirme_ve_egitim_amaclidir\" >\u232aYaln\u0131zca bilgilendirme ve e\u011fitim ama\u00e7l\u0131d\u0131r<\/a><\/li><\/ul><\/li><li class='ez-toc-page-1 ez-toc-heading-level-2'><a class=\"ez-toc-link ez-toc-heading-3\" href=\"https:\/\/yourmedcare.com\/tr\/biz-kimiz\/tibbi-bilgilendirme-notu\/#Tibbi_Danismanlik_Uyarisi_%E2%80%93_YourMedCare_Ucretsiz_Danismanlik_Hizmeti\" >T\u0131bbi Dan\u0131\u015fmanl\u0131k Uyar\u0131s\u0131 \u2013 YourMedCare \u00dccretsiz Dan\u0131\u015fmanl\u0131k Hizmeti<\/a><ul class='ez-toc-list-level-3' ><li class='ez-toc-heading-level-3'><a class=\"ez-toc-link ez-toc-heading-4\" href=\"https:\/\/yourmedcare.com\/tr\/biz-kimiz\/tibbi-bilgilendirme-notu\/#%E3%80%89Sagliginiz_seffaflik_ve_guven_onceligimizdir\" >\u232aSa\u011fl\u0131\u011f\u0131n\u0131z, \u015feffafl\u0131k ve g\u00fcven \u00f6nceli\u011fimizdir<\/a><\/li><\/ul><\/li><\/ul><\/nav><\/div>\n<h2 data-start=\"4209\" data-end=\"4225\"><span class=\"ez-toc-section\" id=\"Genel_Uyari\"><\/span>Genel Uyar\u0131<span class=\"ez-toc-section-end\"><\/span><\/h2>\n<h3 data-start=\"4226\" data-end=\"4445\"><span class=\"ez-toc-section\" id=\"%E3%80%89Yalnizca_bilgilendirme_ve_egitim_amaclidir\"><\/span><strong data-start=\"4226\" data-end=\"4272\">\u232aYaln\u0131zca bilgilendirme ve e\u011fitim ama\u00e7l\u0131d\u0131r<\/strong><span class=\"ez-toc-section-end\"><\/span><\/h3>\n<p data-start=\"4226\" data-end=\"4445\">Bu sitede yer alan i\u00e7erikler, medikal turizmi de\u011ferlendiren hastalar\u0131 bilgilendirmek amac\u0131yla haz\u0131rlanm\u0131\u015ft\u0131r. Profesyonel t\u0131bbi tavsiye, tan\u0131 veya tedavi yerine ge\u00e7mez.<\/p>\n<p data-start=\"4447\" data-end=\"4642\">Bu bilgiler, yaln\u0131zca lisansl\u0131 bir sa\u011fl\u0131k uzman\u0131n\u0131n ki\u015fiye \u00f6zel y\u00f6nlendirmelerinin yerini tutamaz. Her hasta farkl\u0131 ihtiya\u00e7lara sahip oldu\u011fundan, mutlaka kendi hekiminizle g\u00f6r\u00fc\u015fmenizi \u00f6neririz.<\/p>\n<p data-start=\"4644\" data-end=\"4782\">Baz\u0131 kaynaklar e\u011fitim amac\u0131yla uyarlanabilir. Ancak g\u00f6rsel materyaller veya sunumlar, orijinal ba\u011flam d\u0131\u015f\u0131nda tam a\u00e7\u0131kl\u0131k ta\u015f\u0131mayabilir.<\/p>\n<h2 data-start=\"4789\" data-end=\"4864\"><span class=\"ez-toc-section\" id=\"Tibbi_Danismanlik_Uyarisi_%E2%80%93_YourMedCare_Ucretsiz_Danismanlik_Hizmeti\"><\/span>T\u0131bbi Dan\u0131\u015fmanl\u0131k Uyar\u0131s\u0131 \u2013 <em data-start=\"4820\" data-end=\"4862\">YourMedCare \u00dccretsiz Dan\u0131\u015fmanl\u0131k Hizmeti<\/em><span class=\"ez-toc-section-end\"><\/span><\/h2>\n<h3 data-start=\"4866\" data-end=\"4917\"><span class=\"ez-toc-section\" id=\"%E3%80%89Sagliginiz_seffaflik_ve_guven_onceligimizdir\"><\/span><strong data-start=\"4866\" data-end=\"4915\">\u232aSa\u011fl\u0131\u011f\u0131n\u0131z, \u015feffafl\u0131k ve g\u00fcven \u00f6nceli\u011fimizdir<\/strong><span class=\"ez-toc-section-end\"><\/span><\/h3>\n<p data-start=\"4919\" data-end=\"4975\">\u00dccretsiz online dan\u0131\u015fmanl\u0131k hizmetimiz \u015funlar\u0131 sa\u011flar:<\/p>\n<ul>\n<li data-start=\"4978\" data-end=\"5074\">Payla\u015ft\u0131\u011f\u0131n\u0131z bilgiler \u0131\u015f\u0131\u011f\u0131nda, partner cerrahlar\u0131m\u0131z taraf\u0131ndan yap\u0131lan <strong data-start=\"5052\" data-end=\"5072\">\u00f6n de\u011ferlendirme<\/strong><\/li>\n<li data-start=\"5077\" data-end=\"5150\"><strong data-start=\"5077\" data-end=\"5105\">Olas\u0131 tedavi se\u00e7enekleri<\/strong> ve beklenen sonu\u00e7lara dair genel bir bak\u0131\u015f<\/li>\n<li data-start=\"5153\" data-end=\"5254\"><strong data-start=\"5153\" data-end=\"5208\">Kapsaml\u0131 tedavi paketleri i\u00e7in maliyet projeksiyonu<\/strong>, b\u00f6ylece b\u00fct\u00e7enizi \u00f6nceden planlayabilmeniz<\/li>\n<\/ul>\n<p data-start=\"5256\" data-end=\"5278\">L\u00fctfen unutmay\u0131n:<\/p>\n<ul>\n<li data-start=\"5281\" data-end=\"5347\">Bu de\u011ferlendirme <strong data-start=\"5298\" data-end=\"5335\">kesin bir t\u0131bbi tan\u0131 veya garanti<\/strong> de\u011fildir.<\/li>\n<li data-start=\"5350\" data-end=\"5471\"><strong data-start=\"5350\" data-end=\"5394\">Nihai \u00f6neriler, tedavi plan\u0131 ve uygunluk<\/strong>, yaln\u0131zca y\u00fcz y\u00fcze muayene ve tam klinik de\u011ferlendirme sonras\u0131 kesinle\u015fir.<\/li>\n<li data-start=\"5474\" data-end=\"5677\">Y\u00fcz y\u00fcze g\u00f6r\u00fc\u015fmede <strong data-start=\"5493\" data-end=\"5515\">uygun bulunmaman\u0131z<\/strong> durumunda, tedavi plan\u0131n\u0131zda de\u011fi\u015fiklik yap\u0131labilir. Maliyet tahminleri ise gereksiz iptalleri \u00f6nlemeye ve s\u00fcrecinizi daha planl\u0131 hale getirmeye yard\u0131mc\u0131 olur.<\/li>\n<\/ul>\n<p data-start=\"5679\" data-end=\"5797\">Her hastaya, nihai kararlar\u0131n\u0131 vermeden \u00f6nce kendi hekimi veya cerrah\u0131yla birebir g\u00f6r\u00fc\u015fmesini \u00f6nemle tavsiye ederiz.<\/p>\n","protected":false},"excerpt":{"rendered":"<p>Genel Uyar\u0131 \u232aYaln\u0131zca bilgilendirme ve e\u011fitim ama\u00e7l\u0131d\u0131r Bu sitede yer alan i\u00e7erikler, medikal turizmi de\u011ferlendiren hastalar\u0131 bilgilendirmek amac\u0131yla haz\u0131rlanm\u0131\u015ft\u0131r. Profesyonel t\u0131bbi tavsiye, tan\u0131 veya tedavi yerine ge\u00e7mez. Bu bilgiler, yaln\u0131zca lisansl\u0131 bir sa\u011fl\u0131k uzman\u0131n\u0131n ki\u015fiye \u00f6zel y\u00f6nlendirmelerinin yerini tutamaz. Her hasta farkl\u0131 ihtiya\u00e7lara sahip oldu\u011fundan, mutlaka kendi hekiminizle g\u00f6r\u00fc\u015fmenizi \u00f6neririz. Baz\u0131 kaynaklar e\u011fitim amac\u0131yla uyarlanabilir. [&hellip;]<\/p>\n","protected":false},"author":1,"featured_media":0,"parent":2704,"menu_order":101,"comment_status":"closed","ping_status":"closed","template":"","meta":{"footnotes":""},"class_list":["post-2706","page","type-page","status-publish","hentry"],"_links":{"self":[{"href":"https:\/\/yourmedcare.com\/tr\/wp-json\/wp\/v2\/pages\/2706","targetHints":{"allow":["GET"]}}],"collection":[{"href":"https:\/\/yourmedcare.com\/tr\/wp-json\/wp\/v2\/pages"}],"about":[{"href":"https:\/\/yourmedcare.com\/tr\/wp-json\/wp\/v2\/types\/page"}],"author":[{"embeddable":true,"href":"https:\/\/yourmedcare.com\/tr\/wp-json\/wp\/v2\/users\/1"}],"replies":[{"embeddable":true,"href":"https:\/\/yourmedcare.com\/tr\/wp-json\/wp\/v2\/comments?post=2706"}],"version-history":[{"count":4,"href":"https:\/\/yourmedcare.com\/tr\/wp-json\/wp\/v2\/pages\/2706\/revisions"}],"predecessor-version":[{"id":7199,"href":"https:\/\/yourmedcare.com\/tr\/wp-json\/wp\/v2\/pages\/2706\/revisions\/7199"}],"up":[{"embeddable":true,"href":"https:\/\/yourmedcare.com\/tr\/wp-json\/wp\/v2\/pages\/2704"}],"wp:attachment":[{"href":"https:\/\/yourmedcare.com\/tr\/wp-json\/wp\/v2\/media?parent=2706"}],"curies":[{"name":"wp","href":"https:\/\/api.w.org\/{rel}","templated":true}]}}