{"id":2704,"date":"2025-05-19T20:39:56","date_gmt":"2025-05-19T17:39:56","guid":{"rendered":"https:\/\/yourmedcare.com\/biz-kimiz\/"},"modified":"2025-08-01T13:22:00","modified_gmt":"2025-08-01T10:22:00","slug":"biz-kimiz","status":"publish","type":"page","link":"https:\/\/yourmedcare.com\/tr\/biz-kimiz\/","title":{"rendered":"Biz kimiz?"},"content":{"rendered":"\r\n<div id=\"ez-toc-container\" class=\"ez-toc-v2_0_82_2 counter-hierarchy ez-toc-counter ez-toc-custom ez-toc-container-direction\">\n<div class=\"ez-toc-title-container\">\n<p class=\"ez-toc-title\" style=\"cursor:inherit\">Table of Contents<\/p>\n<span class=\"ez-toc-title-toggle\"><a href=\"#\" class=\"ez-toc-pull-right ez-toc-btn ez-toc-btn-xs ez-toc-btn-default ez-toc-toggle\" aria-label=\"\u0130\u00e7indekiler Tablosunu A\u00e7\/Kapat\"><span class=\"ez-toc-js-icon-con\"><span class=\"\"><span class=\"eztoc-hide\" style=\"display:none;\">Toggle<\/span><span class=\"ez-toc-icon-toggle-span\"><svg style=\"fill: #154175;color:#154175\" xmlns=\"http:\/\/www.w3.org\/2000\/svg\" class=\"list-377408\" width=\"20px\" height=\"20px\" viewBox=\"0 0 24 24\" fill=\"none\"><path d=\"M6 6H4v2h2V6zm14 0H8v2h12V6zM4 11h2v2H4v-2zm16 0H8v2h12v-2zM4 16h2v2H4v-2zm16 0H8v2h12v-2z\" fill=\"currentColor\"><\/path><\/svg><svg style=\"fill: #154175;color:#154175\" class=\"arrow-unsorted-368013\" xmlns=\"http:\/\/www.w3.org\/2000\/svg\" width=\"10px\" height=\"10px\" viewBox=\"0 0 24 24\" version=\"1.2\" baseProfile=\"tiny\"><path d=\"M18.2 9.3l-6.2-6.3-6.2 6.3c-.2.2-.3.4-.3.7s.1.5.3.7c.2.2.4.3.7.3h11c.3 0 .5-.1.7-.3.2-.2.3-.5.3-.7s-.1-.5-.3-.7zM5.8 14.7l6.2 6.3 6.2-6.3c.2-.2.3-.5.3-.7s-.1-.5-.3-.7c-.2-.2-.4-.3-.7-.3h-11c-.3 0-.5.1-.7.3-.2.2-.3.5-.3.7s.1.5.3.7z\"\/><\/svg><\/span><\/span><\/span><\/a><\/span><\/div>\n<nav><ul class='ez-toc-list ez-toc-list-level-1 ' ><li class='ez-toc-page-1 ez-toc-heading-level-2'><a class=\"ez-toc-link ez-toc-heading-1\" href=\"https:\/\/yourmedcare.com\/tr\/biz-kimiz\/#Sizin_Sagliginiz_Bizim_Yol_Haritamiz\" >Sizin Sa\u011fl\u0131\u011f\u0131n\u0131z, Bizim Yol Haritam\u0131z.<\/a><ul class='ez-toc-list-level-3' ><li class='ez-toc-heading-level-3'><a class=\"ez-toc-link ez-toc-heading-2\" href=\"https:\/\/yourmedcare.com\/tr\/biz-kimiz\/#Sozumuz_Var\" >S\u00f6z\u00fcm\u00fcz Var:<\/a><\/li><li class='ez-toc-page-1 ez-toc-heading-level-3'><a class=\"ez-toc-link ez-toc-heading-3\" href=\"https:\/\/yourmedcare.com\/tr\/biz-kimiz\/#Degerlerimiz\" >De\u011ferlerimiz<\/a><\/li><\/ul><\/li><li class='ez-toc-page-1 ez-toc-heading-level-2'><a class=\"ez-toc-link ez-toc-heading-4\" href=\"https:\/\/yourmedcare.com\/tr\/biz-kimiz\/#Neden_Your_MedCare\" >Neden Your MedCare?<\/a><\/li><\/ul><\/nav><\/div>\n<h2 class=\"wp-block-heading\" data-start=\"153\" data-end=\"195\"><span class=\"ez-toc-section\" id=\"Sizin_Sagliginiz_Bizim_Yol_Haritamiz\"><\/span><strong data-start=\"153\" data-end=\"195\">Sizin Sa\u011fl\u0131\u011f\u0131n\u0131z, Bizim Yol Haritam\u0131z.<\/strong><span class=\"ez-toc-section-end\"><\/span><\/h2>\r\n<p data-start=\"197\" data-end=\"487\"><strong data-start=\"197\" data-end=\"213\">Your MedCare<\/strong> olarak biz sadece bir sa\u011fl\u0131k turizmi acentesi de\u011filiz. T\u00fcrkiye\u2019de g\u00fcvenli, etkili ve ya\u015fam kalitesini art\u0131ran tedavi s\u00fcre\u00e7lerinizde size e\u015flik eden g\u00fcvenilir bir i\u015f orta\u011f\u0131y\u0131z. Kalite, \u015feffafl\u0131k ve etik de\u011ferlere dayal\u0131 yap\u0131m\u0131zla, \u015fu d\u00f6rt ana bran\u015fta uzmanla\u015fm\u0131\u015f durumday\u0131z:<\/p>\r\n<p data-start=\"489\" data-end=\"586\"><strong data-start=\"489\" data-end=\"586\">Estetik Cerrahi, Di\u015f Tedavileri, G\u00f6z Hastal\u0131klar\u0131, Ortopedi, Obezite ve Metabolik Cerrahiler.<\/strong><\/p>\r\n<p data-start=\"588\" data-end=\"823\">Hizmet verdi\u011fimiz \u015fehirler ise T\u00fcrkiye\u2019nin \u00f6nde gelen sa\u011fl\u0131k merkezleri:<br \/><strong data-start=\"661\" data-end=\"709\">\u0130stanbul, \u0130zmir, Kayseri, Kapadokya ve Bursa<\/strong> \u2013 hepsinde son teknoloji donan\u0131ma sahip hastaneler ve uluslararas\u0131 akreditasyonlara sahip hekimler bulunmaktad\u0131r.<\/p>\r\n<h3 data-start=\"830\" data-end=\"850\"><span class=\"ez-toc-section\" id=\"Sozumuz_Var\"><\/span><strong data-start=\"834\" data-end=\"850\">S\u00f6z\u00fcm\u00fcz Var:<\/strong><span class=\"ez-toc-section-end\"><\/span><\/h3>\r\n<p data-start=\"851\" data-end=\"1123\">Biz sadece tedavi de\u011fil, <strong data-start=\"876\" data-end=\"885\">g\u00fcven<\/strong> sunar\u0131z.<br data-start=\"894\" data-end=\"897\" \/>Her hasta yolculu\u011funa \u00f6nce dinleyerek, anlayarak ve detayl\u0131 bir \u00f6n de\u011ferlendirme yaparak ba\u015flar\u0131z. T\u0131bbi ve etik standartlara uygun doktor ve kliniklerle sizi e\u015fle\u015ftirerek, en do\u011fru tedaviyi en do\u011fru ellerde alman\u0131z\u0131 sa\u011flar\u0131z.<\/p>\r\n<p data-start=\"1125\" data-end=\"1161\">\u0130lk temastan itibaren sunduklar\u0131m\u0131z:<\/p>\r\n<ul>\r\n<li data-start=\"1165\" data-end=\"1205\">Tedavi \u00f6ncesi planlama ve risk analizi<\/li>\r\n<li data-start=\"1208\" data-end=\"1241\">A\u00e7\u0131k ve anla\u015f\u0131l\u0131r fiyatland\u0131rma<\/li>\r\n<li data-start=\"1244\" data-end=\"1271\">U\u00e7u\u015f ve konaklama deste\u011fi<\/li>\r\n<li data-start=\"1274\" data-end=\"1315\">\u0130ngilizce konu\u015fan hasta koordinat\u00f6rleri<\/li>\r\n<li data-start=\"1318\" data-end=\"1372\">Tedavi \u00f6ncesi, s\u0131ras\u0131 ve sonras\u0131nda s\u00fcrekli ileti\u015fim<\/li>\r\n<\/ul>\r\n<p data-start=\"1374\" data-end=\"1479\">Bizce sa\u011fl\u0131k hizmeti; <strong data-start=\"1396\" data-end=\"1440\">anla\u015f\u0131l\u0131r, insana odakl\u0131 ve g\u00fcven verici<\/strong> olmal\u0131d\u0131r. \u0130\u015fte biz bu s\u00f6z\u00fc veriyoruz.<\/p>\r\n<h3 data-start=\"1486\" data-end=\"1506\"><span class=\"ez-toc-section\" id=\"Degerlerimiz\"><\/span><strong data-start=\"1490\" data-end=\"1506\">De\u011ferlerimiz<\/strong><span class=\"ez-toc-section-end\"><\/span><\/h3>\r\n<p data-start=\"1507\" data-end=\"1706\"><strong data-start=\"1507\" data-end=\"1551\">\u015eeffafl\u0131k. G\u00fcvenlik. Hassasiyet. \u015eefkat.<\/strong><br data-start=\"1551\" data-end=\"1554\" \/>Biz sadece sekt\u00f6r standartlar\u0131n\u0131 takip etmiyoruz, kendi standartlar\u0131m\u0131z\u0131 olu\u015fturuyoruz. Your MedCare&#8217;de her hasta etkile\u015fimi \u015fu temel ilkeleri yans\u0131t\u0131r:<\/p>\r\n<ul>\r\n<li data-start=\"1708\" data-end=\"2314\"><strong data-start=\"1711\" data-end=\"1737\">Se\u00e7ici Hasta Y\u00f6netimi:<\/strong> Kaliteyi \u00f6n planda tutar\u0131z. Sadece sa\u011fl\u0131k profili g\u00fcvenli ve ba\u015far\u0131l\u0131 sonu\u00e7lara uygun olan hastalarla \u00e7al\u0131\u015f\u0131r\u0131z.<\/li>\r\n<li data-start=\"1708\" data-end=\"2314\"><strong data-start=\"1856\" data-end=\"1876\">T\u0131bbi D\u00fcr\u00fcstl\u00fck:<\/strong> Deneyimli ve etik \u00e7al\u0131\u015fan doktorlarla i\u015f birli\u011fi yapar\u0131z. Abart\u0131l\u0131 vaatlerde bulunmay\u0131z, kestirme yollar\u0131 tercih etmeyiz.<\/li>\r\n<li data-start=\"1708\" data-end=\"2314\"><strong data-start=\"2004\" data-end=\"2030\">Butik Hizmet Anlay\u0131\u015f\u0131:<\/strong> Bizim i\u00e7in siz bir \u201chasta numaras\u0131\u201d de\u011filsiniz. Az say\u0131da hastayla \u00e7al\u0131\u015f\u0131r, her biriyle birebir ve \u00f6zenli ilgileniriz.<\/li>\r\n<li data-start=\"1708\" data-end=\"2314\"><strong data-start=\"2155\" data-end=\"2196\">Teknoloji ve \u0130nsani Yakla\u015f\u0131m Dengesi:<\/strong> Yapay zeka destekli \u00f6n de\u011ferlendirmeler ve ak\u0131ll\u0131 sistemler kullan\u0131r\u0131z, ama insan temas\u0131n\u0131 asla ikinci plana atmay\u0131z.<\/li>\r\n<\/ul>\r\n<h2 data-start=\"2321\" data-end=\"2350\"><span class=\"ez-toc-section\" id=\"Neden_Your_MedCare\"><\/span><strong data-start=\"2325\" data-end=\"2348\">Neden Your MedCare?<\/strong><span class=\"ez-toc-section-end\"><\/span><\/h2>\r\n<p data-start=\"2351\" data-end=\"2408\">\u00c7\u00fcnk\u00fc bizce sa\u011fl\u0131k turizmi s\u0131radan bir hizmet olmamal\u0131.<\/p>\r\n<p data-start=\"2410\" data-end=\"2669\">Biz, yurtd\u0131\u015f\u0131nda tedavi olmay\u0131 <strong data-start=\"2441\" data-end=\"2473\">anla\u015f\u0131l\u0131r, g\u00fcvenli ve insani<\/strong> bir deneyime d\u00f6n\u00fc\u015ft\u00fcr\u00fcyoruz.<br data-start=\"2502\" data-end=\"2505\" \/>ABD, \u0130ngiltere, \u0130rlanda ve \u0130skandinav \u00fclkelerinden gelen hastalar\u0131m\u0131z yaln\u0131zca uygun fiyatlar i\u00e7in de\u011fil, kendilerini de\u011ferli hissettikleri i\u00e7in bizi tercih ediyor.<\/p>\r\n<p data-start=\"2671\" data-end=\"2867\">Biz sizi sadece T\u00fcrkiye\u2019ye getirmiyoruz.<br data-start=\"2711\" data-end=\"2714\" \/>Sizi g\u00fcvenilir bir sa\u011fl\u0131k sistemine, tavsiye edece\u011finiz doktorlara, memnun olaca\u011f\u0131n\u0131z sonu\u00e7lara ve hayat boyu hat\u0131rlayaca\u011f\u0131n\u0131z deneyimlere ula\u015ft\u0131r\u0131yoruz.<\/p>\r\n<p data-start=\"2869\" data-end=\"2958\"><strong data-start=\"2869\" data-end=\"2956\">Your MedCare ile tedavi \u00f6ncesinde, tedavi s\u00fcrecinde ve sonras\u0131nda hep yan\u0131n\u0131zday\u0131z.<\/strong><\/p>\r\n","protected":false},"excerpt":{"rendered":"<p>Sizin Sa\u011fl\u0131\u011f\u0131n\u0131z, Bizim Yol Haritam\u0131z. Your MedCare olarak biz sadece bir sa\u011fl\u0131k turizmi acentesi de\u011filiz. T\u00fcrkiye\u2019de g\u00fcvenli, etkili ve ya\u015fam kalitesini art\u0131ran tedavi s\u00fcre\u00e7lerinizde size e\u015flik eden g\u00fcvenilir bir i\u015f orta\u011f\u0131y\u0131z. Kalite, \u015feffafl\u0131k ve etik de\u011ferlere dayal\u0131 yap\u0131m\u0131zla, \u015fu d\u00f6rt ana bran\u015fta uzmanla\u015fm\u0131\u015f durumday\u0131z: Estetik Cerrahi, Di\u015f Tedavileri, G\u00f6z Hastal\u0131klar\u0131, Ortopedi, Obezite ve Metabolik Cerrahiler. [&hellip;]<\/p>\n","protected":false},"author":1,"featured_media":0,"parent":0,"menu_order":110,"comment_status":"closed","ping_status":"closed","template":"","meta":{"footnotes":""},"class_list":["post-2704","page","type-page","status-publish","hentry"],"_links":{"self":[{"href":"https:\/\/yourmedcare.com\/tr\/wp-json\/wp\/v2\/pages\/2704","targetHints":{"allow":["GET"]}}],"collection":[{"href":"https:\/\/yourmedcare.com\/tr\/wp-json\/wp\/v2\/pages"}],"about":[{"href":"https:\/\/yourmedcare.com\/tr\/wp-json\/wp\/v2\/types\/page"}],"author":[{"embeddable":true,"href":"https:\/\/yourmedcare.com\/tr\/wp-json\/wp\/v2\/users\/1"}],"replies":[{"embeddable":true,"href":"https:\/\/yourmedcare.com\/tr\/wp-json\/wp\/v2\/comments?post=2704"}],"version-history":[{"count":7,"href":"https:\/\/yourmedcare.com\/tr\/wp-json\/wp\/v2\/pages\/2704\/revisions"}],"predecessor-version":[{"id":6680,"href":"https:\/\/yourmedcare.com\/tr\/wp-json\/wp\/v2\/pages\/2704\/revisions\/6680"}],"wp:attachment":[{"href":"https:\/\/yourmedcare.com\/tr\/wp-json\/wp\/v2\/media?parent=2704"}],"curies":[{"name":"wp","href":"https:\/\/api.w.org\/{rel}","templated":true}]}}