{"id":2700,"date":"2025-04-28T21:42:47","date_gmt":"2025-04-28T18:42:47","guid":{"rendered":"https:\/\/yourmedcare.com\/privacy-policy\/"},"modified":"2025-06-18T12:30:52","modified_gmt":"2025-06-18T09:30:52","slug":"privacy-policy","status":"publish","type":"page","link":"https:\/\/yourmedcare.com\/tr\/privacy-policy\/","title":{"rendered":"Gizlilik Politikas\u0131"},"content":{"rendered":"\r\n<div id=\"ez-toc-container\" class=\"ez-toc-v2_0_82_2 counter-hierarchy ez-toc-counter ez-toc-custom ez-toc-container-direction\">\n<div class=\"ez-toc-title-container\">\n<p class=\"ez-toc-title\" style=\"cursor:inherit\">Table of Contents<\/p>\n<span class=\"ez-toc-title-toggle\"><a href=\"#\" class=\"ez-toc-pull-right ez-toc-btn ez-toc-btn-xs ez-toc-btn-default ez-toc-toggle\" aria-label=\"\u0130\u00e7indekiler Tablosunu A\u00e7\/Kapat\"><span class=\"ez-toc-js-icon-con\"><span class=\"\"><span class=\"eztoc-hide\" style=\"display:none;\">Toggle<\/span><span class=\"ez-toc-icon-toggle-span\"><svg style=\"fill: #154175;color:#154175\" xmlns=\"http:\/\/www.w3.org\/2000\/svg\" class=\"list-377408\" width=\"20px\" height=\"20px\" viewBox=\"0 0 24 24\" fill=\"none\"><path d=\"M6 6H4v2h2V6zm14 0H8v2h12V6zM4 11h2v2H4v-2zm16 0H8v2h12v-2zM4 16h2v2H4v-2zm16 0H8v2h12v-2z\" fill=\"currentColor\"><\/path><\/svg><svg style=\"fill: #154175;color:#154175\" class=\"arrow-unsorted-368013\" xmlns=\"http:\/\/www.w3.org\/2000\/svg\" width=\"10px\" height=\"10px\" viewBox=\"0 0 24 24\" version=\"1.2\" baseProfile=\"tiny\"><path d=\"M18.2 9.3l-6.2-6.3-6.2 6.3c-.2.2-.3.4-.3.7s.1.5.3.7c.2.2.4.3.7.3h11c.3 0 .5-.1.7-.3.2-.2.3-.5.3-.7s-.1-.5-.3-.7zM5.8 14.7l6.2 6.3 6.2-6.3c.2-.2.3-.5.3-.7s-.1-.5-.3-.7c-.2-.2-.4-.3-.7-.3h-11c-.3 0-.5.1-.7.3-.2.2-.3.5-.3.7s.1.5.3.7z\"\/><\/svg><\/span><\/span><\/span><\/a><\/span><\/div>\n<nav><ul class='ez-toc-list ez-toc-list-level-1 ' ><li class='ez-toc-page-1 ez-toc-heading-level-2'><a class=\"ez-toc-link ez-toc-heading-1\" href=\"https:\/\/yourmedcare.com\/tr\/privacy-policy\/#Hos_Geldiniz\" >Ho\u015f Geldiniz<\/a><\/li><li class='ez-toc-page-1 ez-toc-heading-level-2'><a class=\"ez-toc-link ez-toc-heading-2\" href=\"https:\/\/yourmedcare.com\/tr\/privacy-policy\/#Kimiz\" >Kimiz?<\/a><\/li><li class='ez-toc-page-1 ez-toc-heading-level-2'><a class=\"ez-toc-link ez-toc-heading-3\" href=\"https:\/\/yourmedcare.com\/tr\/privacy-policy\/#Topladigimiz_Kisisel_Veriler_ve_Amaclari\" >Toplad\u0131\u011f\u0131m\u0131z Ki\u015fisel Veriler ve Ama\u00e7lar\u0131<\/a><\/li><li class='ez-toc-page-1 ez-toc-heading-level-2'><a class=\"ez-toc-link ez-toc-heading-4\" href=\"https:\/\/yourmedcare.com\/tr\/privacy-policy\/#Yasal_Dayanak\" >Yasal Dayanak<\/a><\/li><li class='ez-toc-page-1 ez-toc-heading-level-2'><a class=\"ez-toc-link ez-toc-heading-5\" href=\"https:\/\/yourmedcare.com\/tr\/privacy-policy\/#Yorumlar_ve_Medya\" >Yorumlar ve Medya<\/a><\/li><li class='ez-toc-page-1 ez-toc-heading-level-2'><a class=\"ez-toc-link ez-toc-heading-6\" href=\"https:\/\/yourmedcare.com\/tr\/privacy-policy\/#Iletisim_Formlari\" >\u0130leti\u015fim Formlar\u0131<\/a><\/li><li class='ez-toc-page-1 ez-toc-heading-level-2'><a class=\"ez-toc-link ez-toc-heading-7\" href=\"https:\/\/yourmedcare.com\/tr\/privacy-policy\/#Cerezler\" >\u00c7erezler<\/a><\/li><li class='ez-toc-page-1 ez-toc-heading-level-2'><a class=\"ez-toc-link ez-toc-heading-8\" href=\"https:\/\/yourmedcare.com\/tr\/privacy-policy\/#Analiz_ve_Takip\" >Analiz ve Takip<\/a><\/li><li class='ez-toc-page-1 ez-toc-heading-level-2'><a class=\"ez-toc-link ez-toc-heading-9\" href=\"https:\/\/yourmedcare.com\/tr\/privacy-policy\/#Veri_Paylasimi\" >Veri Payla\u015f\u0131m\u0131<\/a><\/li><li class='ez-toc-page-1 ez-toc-heading-level-2'><a class=\"ez-toc-link ez-toc-heading-10\" href=\"https:\/\/yourmedcare.com\/tr\/privacy-policy\/#Veri_Saklama_Sureleri\" >Veri Saklama S\u00fcreleri<\/a><\/li><li class='ez-toc-page-1 ez-toc-heading-level-2'><a class=\"ez-toc-link ez-toc-heading-11\" href=\"https:\/\/yourmedcare.com\/tr\/privacy-policy\/#Haklariniz\" >Haklar\u0131n\u0131z<\/a><\/li><li class='ez-toc-page-1 ez-toc-heading-level-2'><a class=\"ez-toc-link ez-toc-heading-12\" href=\"https:\/\/yourmedcare.com\/tr\/privacy-policy\/#Veri_Saklama_Lokasyonlari\" >Veri Saklama Lokasyonlar\u0131<\/a><\/li><li class='ez-toc-page-1 ez-toc-heading-level-2'><a class=\"ez-toc-link ez-toc-heading-13\" href=\"https:\/\/yourmedcare.com\/tr\/privacy-policy\/#Veri_Guvenligi_Onlemlerimiz\" >Veri G\u00fcvenli\u011fi \u00d6nlemlerimiz<\/a><\/li><li class='ez-toc-page-1 ez-toc-heading-level-2'><a class=\"ez-toc-link ez-toc-heading-14\" href=\"https:\/\/yourmedcare.com\/tr\/privacy-policy\/#Veri_Ihlali_Durumunda_Prosedur\" >Veri \u0130hlali Durumunda Prosed\u00fcr<\/a><\/li><li class='ez-toc-page-1 ez-toc-heading-level-2'><a class=\"ez-toc-link ez-toc-heading-15\" href=\"https:\/\/yourmedcare.com\/tr\/privacy-policy\/#Ucuncu_Taraflardan_Alinan_Veriler\" >\u00dc\u00e7\u00fcnc\u00fc Taraflardan Al\u0131nan Veriler<\/a><\/li><li class='ez-toc-page-1 ez-toc-heading-level-2'><a class=\"ez-toc-link ez-toc-heading-16\" href=\"https:\/\/yourmedcare.com\/tr\/privacy-policy\/#Otomatik_Karar_Verme_ve_Profil_Olusturma\" >Otomatik Karar Verme ve Profil Olu\u015fturma<\/a><\/li><li class='ez-toc-page-1 ez-toc-heading-level-2'><a class=\"ez-toc-link ez-toc-heading-17\" href=\"https:\/\/yourmedcare.com\/tr\/privacy-policy\/#Yasal_Uyum\" >Yasal Uyum<\/a><\/li><\/ul><\/nav><\/div>\n<h2 class=\"wp-block-heading\"><span class=\"ez-toc-section\" id=\"Hos_Geldiniz\"><\/span><b>Ho\u015f Geldiniz<\/b><span class=\"ez-toc-section-end\"><\/span><\/h2>\r\n<p><span style=\"font-weight: 400;\"><strong>Your MedCare<\/strong> (\u201cbiz\u201d, \u201cbize\u201d veya \u201c\u015firketimiz\u201d) platformuna ho\u015f geldiniz. Gizlili\u011finiz bizim i\u00e7in en y\u00fcksek \u00f6nceli\u011fe sahiptir. Bu Gizlilik Politikas\u0131, www.yourmedcare.com adresli web sitemizi ziyaret etti\u011finizde, hizmetlerimizi kulland\u0131\u011f\u0131n\u0131zda ya da bizimle ileti\u015fime ge\u00e7ti\u011finizde hangi verileri toplad\u0131\u011f\u0131m\u0131z\u0131, bu verileri nas\u0131l kulland\u0131\u011f\u0131m\u0131z\u0131, saklad\u0131\u011f\u0131m\u0131z\u0131 ve korudu\u011fumuzu a\u00e7\u0131klamaktad\u0131r.<\/span><\/p>\r\n<h2><span class=\"ez-toc-section\" id=\"Kimiz\"><\/span><b>Kimiz?<\/b><span class=\"ez-toc-section-end\"><\/span><\/h2>\r\n<p><span style=\"font-weight: 400;\"><strong>Your MedCare<\/strong>, [Yourmedcare Medikal Turizm Dan\u0131\u015fmanl\u0131k Limited \u015eirketi] taraf\u0131ndan i\u015fletilen bir sa\u011fl\u0131k turizmi arac\u0131l\u0131k platformudur. Merkez adresimiz:<\/span><span style=\"font-weight: 400;\"><br \/><\/span><span style=\"font-weight: 400;\"><br \/><\/span><span style=\"font-weight: 400;\">Akdeniz Mah. \u015eehit Fethibey Cad. Limboz \u0130\u015fhan\u0131 No: 27 D: 303 Konak \/ \u0130zmir 35210 \u2013 T\u00fcrkiye<\/span><span style=\"font-weight: 400;\"><br \/><\/span><span style=\"font-weight: 400;\"><br \/><\/span><span style=\"font-weight: 400;\">\u0130leti\u015fim:<\/span><span style=\"font-weight: 400;\"><br \/><\/span><span style=\"font-weight: 400;\"><strong>E-posta:<\/strong> privacy@yourmedcare.com<\/span><span style=\"font-weight: 400;\"><br \/><\/span><span style=\"font-weight: 400;\"><strong>Telefon:<\/strong> +90 850 335 0740<\/span><span style=\"font-weight: 400;\"><br \/><\/span><span style=\"font-weight: 400;\">Vergi No: 9821094335<\/span><\/p>\r\n<h2><span class=\"ez-toc-section\" id=\"Topladigimiz_Kisisel_Veriler_ve_Amaclari\"><\/span><b>Toplad\u0131\u011f\u0131m\u0131z Ki\u015fisel Veriler ve Ama\u00e7lar\u0131<\/b><span class=\"ez-toc-section-end\"><\/span><\/h2>\r\n<ul>\r\n<li><span style=\"font-weight: 400;\"><strong> Kimlik Bilgileri:<\/strong> Ad, soyad, e-posta adresi, telefon numaras\u0131, uyruk, pasaport\/kimlik kopyas\u0131 (tedavi organizasyonu i\u00e7in gerekliyse)<\/span><span style=\"font-weight: 400;\"><br \/><\/span><\/li>\r\n<li><span style=\"font-weight: 400;\"><strong>Sa\u011fl\u0131k Verileri:<\/strong> T\u0131bbi ge\u00e7mi\u015f, tedavi tercihleri, de\u011ferlendirme i\u00e7in sa\u011fl\u0131k foto\u011fraflar\u0131 (a\u00e7\u0131k r\u0131za ile toplan\u0131r)<\/span><span style=\"font-weight: 400;\"><br \/><\/span><\/li>\r\n<li><span style=\"font-weight: 400;\"><strong>Teknik Veriler:<\/strong> IP adresi, taray\u0131c\u0131 t\u00fcr\u00fc, cihaz bilgileri, \u00e7erezler ve site kullan\u0131m verileri<\/span><span style=\"font-weight: 400;\"><br \/><\/span><\/li>\r\n<li><span style=\"font-weight: 400;\"><strong>\u0130\u015flem Verileri:<\/strong> \u00d6deme ve fatura bilgileri (gerekti\u011finde)<\/span><\/li>\r\n<li><span style=\"font-weight: 400;\"><strong>Ama\u00e7lar\u0131m\u0131z:<\/strong> Bireysel tedavi planlamas\u0131, taleplerinizin yan\u0131tlanmas\u0131, seyahat ve randevu organizasyonu, yasal y\u00fck\u00fcml\u00fcl\u00fcklerin yerine getirilmesi, analizler ve hizmet kalitesinin art\u0131r\u0131lmas\u0131, CRM hizmet s\u00fcreklili\u011fi (Zoho CRM).<\/span><\/li>\r\n<\/ul>\r\n<h2><span class=\"ez-toc-section\" id=\"Yasal_Dayanak\"><\/span><b>Yasal Dayanak<\/b><span class=\"ez-toc-section-end\"><\/span><\/h2>\r\n<p><span style=\"font-weight: 400;\">Veri i\u015fleme faaliyetlerimiz, KVKK Madde 6 ve 9 kapsam\u0131nda a\u00e7\u0131k r\u0131za, s\u00f6zle\u015fmesel gereklilikler ve yasal y\u00fck\u00fcml\u00fcl\u00fckler temelinde y\u00fcr\u00fct\u00fcl\u00fcr.<\/span><\/p>\r\n<h2><span class=\"ez-toc-section\" id=\"Yorumlar_ve_Medya\"><\/span><b>Yorumlar ve Medya<\/b><span class=\"ez-toc-section-end\"><\/span><\/h2>\r\n<p><span style=\"font-weight: 400;\">Yorum \u00f6zelli\u011fi aktifse, IP adresiniz ve taray\u0131c\u0131 verileriniz spam tespiti amac\u0131yla toplan\u0131r. G\u00f6rsel y\u00fcklerseniz konum bilgisi (EXIF GPS) i\u00e7ermemesine dikkat ediniz.<\/span><\/p>\r\n<h2><span class=\"ez-toc-section\" id=\"Iletisim_Formlari\"><\/span><b>\u0130leti\u015fim Formlar\u0131<\/b><span class=\"ez-toc-section-end\"><\/span><\/h2>\r\n<p><span style=\"font-weight: 400;\">Formlar arac\u0131l\u0131\u011f\u0131yla iletilen veriler:<\/span><\/p>\r\n<ul>\r\n<li><span style=\"font-weight: 400;\">M\u00fc\u015fteri hizmetleri ve denetim ama\u00e7l\u0131 olarak 12 ay s\u00fcreyle saklan\u0131r<\/span><span style=\"font-weight: 400;\"><br \/><\/span><\/li>\r\n<li><span style=\"font-weight: 400;\">A\u00e7\u0131k r\u0131za olmadan pazarlama i\u00e7in kullan\u0131lmaz<\/span><span style=\"font-weight: 400;\"><br \/><\/span><\/li>\r\n<li><span style=\"font-weight: 400;\">Zoho CRM sistemine g\u00fcvenli ve \u015fifrelenmi\u015f \u015fekilde kaydedilir<\/span><\/li>\r\n<\/ul>\r\n<h2><span class=\"ez-toc-section\" id=\"Cerezler\"><\/span><b>\u00c7erezler<\/b><span class=\"ez-toc-section-end\"><\/span><\/h2>\r\n<ul>\r\n<li><span style=\"font-weight: 400;\">Web sitemizde a\u015fa\u011f\u0131daki \u00e7erez t\u00fcrleri kullan\u0131l\u0131r:<\/span><span style=\"font-weight: 400;\"><br \/><\/span><\/li>\r\n<li><span style=\"font-weight: 400;\">Temel \u00e7erezler (site i\u015flevselli\u011fi i\u00e7in)<\/span><span style=\"font-weight: 400;\"><br \/><\/span><\/li>\r\n<li><span style=\"font-weight: 400;\">Analitik \u00e7erezler (\u00f6rne\u011fin Google Analytics)<\/span><span style=\"font-weight: 400;\"><br \/><\/span><\/li>\r\n<li><span style=\"font-weight: 400;\">\u00dc\u00e7\u00fcnc\u00fc taraf \u00e7erezler (g\u00f6m\u00fcl\u00fc i\u00e7erikler i\u00e7in)<\/span><\/li>\r\n<li><span style=\"font-weight: 400;\">\u00c7erezleri taray\u0131c\u0131 ayarlar\u0131n\u0131zdan y\u00f6netebilir veya devre d\u0131\u015f\u0131 b\u0131rakabilirsiniz.<\/span><\/li>\r\n<\/ul>\r\n<h2><span class=\"ez-toc-section\" id=\"Analiz_ve_Takip\"><\/span><b>Analiz ve Takip<\/b><span class=\"ez-toc-section-end\"><\/span><\/h2>\r\n<ul>\r\n<li><span style=\"font-weight: 400;\"> Google Analytics (anonimle\u015ftirilmi\u015f IP)<\/span><span style=\"font-weight: 400;\"><br \/><\/span><\/li>\r\n<li><span style=\"font-weight: 400;\">Zoho CRM analiz mod\u00fclleri (GDPR uyumlu)<\/span><\/li>\r\n<li><span style=\"font-weight: 400;\">Google Analytics Opt-Out arac\u0131 ile takipten \u00e7\u0131kabilirsiniz.<\/span><\/li>\r\n<\/ul>\r\n<h2><span class=\"ez-toc-section\" id=\"Veri_Paylasimi\"><\/span><b>Veri Payla\u015f\u0131m\u0131<\/b><span class=\"ez-toc-section-end\"><\/span><\/h2>\r\n<p><span style=\"font-weight: 400;\">Ki\u015fisel veriler yaln\u0131zca a\u015fa\u011f\u0131daki durumlarda payla\u015f\u0131l\u0131r:<\/span><\/p>\r\n<ul>\r\n<li><span style=\"font-weight: 400;\">Sa\u011fl\u0131k kurulu\u015flar\u0131\/klinikler\/hastaneler: Yaln\u0131zca a\u00e7\u0131k r\u0131zan\u0131zla ve tedavi amac\u0131yla<\/span><span style=\"font-weight: 400;\"><br \/><\/span><\/li>\r\n<li><span style=\"font-weight: 400;\">Zoho Corporation: CRM altyap\u0131s\u0131<\/span><span style=\"font-weight: 400;\"><br \/><\/span><\/li>\r\n<li><span style=\"font-weight: 400;\">Bulut depolama hizmetleri<\/span><span style=\"font-weight: 400;\"><br \/><\/span><\/li>\r\n<li><span style=\"font-weight: 400;\">Online \u00f6deme yap\u0131l\u0131rsa, \u00f6deme sa\u011flay\u0131c\u0131lar<\/span><span style=\"font-weight: 400;\"><br \/><\/span><\/li>\r\n<li><span style=\"font-weight: 400;\">Verileriniz hi\u00e7bir \u015fekilde sat\u0131lmaz veya kiralanmaz.<\/span><\/li>\r\n<\/ul>\r\n<h2><span class=\"ez-toc-section\" id=\"Veri_Saklama_Sureleri\"><\/span><b>Veri Saklama S\u00fcreleri<\/b><span class=\"ez-toc-section-end\"><\/span><\/h2>\r\n<ul>\r\n<li><span style=\"font-weight: 400;\"><strong> \u0130leti\u015fim formlar\u0131:<\/strong> 12 ay<\/span><span style=\"font-weight: 400;\"><br \/><\/span><\/li>\r\n<li><span style=\"font-weight: 400;\"><strong>T\u0131bbi kay\u0131tlar:<\/strong> En fazla 10 y\u0131l<\/span><span style=\"font-weight: 400;\"><br \/><\/span><\/li>\r\n<li><span style=\"font-weight: 400;\"><strong>\u00c7erez verileri:<\/strong> 6\u201312 ay<\/span><span style=\"font-weight: 400;\"><br \/><\/span><\/li>\r\n<li><span style=\"font-weight: 400;\"><strong>Analitik veriler:<\/strong> 14 ay (Google varsay\u0131lan)<\/span><\/li>\r\n<\/ul>\r\n<h2><span class=\"ez-toc-section\" id=\"Haklariniz\"><\/span><b>Haklar\u0131n\u0131z<\/b><span class=\"ez-toc-section-end\"><\/span><\/h2>\r\n<p><span style=\"font-weight: 400;\">KVKK kapsam\u0131nda a\u015fa\u011f\u0131daki haklara sahipsiniz:<\/span><\/p>\r\n<ul>\r\n<li><span style=\"font-weight: 400;\">Verilerinize eri\u015fim<\/span><span style=\"font-weight: 400;\"><br \/><\/span><\/li>\r\n<li><span style=\"font-weight: 400;\">D\u00fczeltme talebi<\/span><span style=\"font-weight: 400;\"><br \/><\/span><\/li>\r\n<li><span style=\"font-weight: 400;\">Silme talebi<\/span><span style=\"font-weight: 400;\"><br \/><\/span><\/li>\r\n<li><span style=\"font-weight: 400;\">R\u0131zay\u0131 geri \u00e7ekme<\/span><span style=\"font-weight: 400;\"><br \/><\/span><\/li>\r\n<li><span style=\"font-weight: 400;\">\u0130\u015fleme itiraz<\/span><span style=\"font-weight: 400;\"><br \/><\/span><\/li>\r\n<li><span style=\"font-weight: 400;\">Veri ta\u015f\u0131nabilirli\u011fi<\/span><span style=\"font-weight: 400;\"><br \/><\/span><\/li>\r\n<li><span style=\"font-weight: 400;\">Talepleriniz i\u00e7in <strong>privacy@yourmedcare.com<\/strong> adresinden bize ula\u015fabilirsiniz.<\/span><\/li>\r\n<\/ul>\r\n<h2><span class=\"ez-toc-section\" id=\"Veri_Saklama_Lokasyonlari\"><\/span><b>Veri Saklama Lokasyonlar\u0131<\/b><span class=\"ez-toc-section-end\"><\/span><\/h2>\r\n<p><span style=\"font-weight: 400;\">Verileriniz:<\/span><span style=\"font-weight: 400;\"><br \/><\/span><\/p>\r\n<ul>\r\n<li><span style=\"font-weight: 400;\">AB ve ABD\u2019deki g\u00fcvenli bulut sunucular\u0131nda i\u015flenebilir<\/span><span style=\"font-weight: 400;\"><br \/><\/span><\/li>\r\n<li><span style=\"font-weight: 400;\">Zoho, AB d\u0131\u015f\u0131 veri transferleri i\u00e7in GDPR ve SCC uyumlu \u00e7al\u0131\u015f\u0131r.<\/span><\/li>\r\n<\/ul>\r\n<h2><span class=\"ez-toc-section\" id=\"Veri_Guvenligi_Onlemlerimiz\"><\/span><b>Veri G\u00fcvenli\u011fi \u00d6nlemlerimiz<\/b><span class=\"ez-toc-section-end\"><\/span><\/h2>\r\n<ul>\r\n<li><span style=\"font-weight: 400;\"> SSL ve dinamik \u015fifreleme<\/span><span style=\"font-weight: 400;\"><br \/><\/span><\/li>\r\n<li><span style=\"font-weight: 400;\">G\u00fcvenli eri\u015fim kontrolleri<\/span><span style=\"font-weight: 400;\"><br \/><\/span><\/li>\r\n<li><span style=\"font-weight: 400;\">\u0130ki fakt\u00f6rl\u00fc kimlik do\u011frulama (2FA)<\/span><span style=\"font-weight: 400;\"><br \/><\/span><\/li>\r\n<li><span style=\"font-weight: 400;\">Personel e\u011fitimi ve periyodik denetim<\/span><span style=\"font-weight: 400;\"><br \/><\/span><\/li>\r\n<li><span style=\"font-weight: 400;\">Sadece yetkili personel hasta bilgilerine eri\u015febilir<\/span><\/li>\r\n<\/ul>\r\n<h2><span class=\"ez-toc-section\" id=\"Veri_Ihlali_Durumunda_Prosedur\"><\/span><b>Veri \u0130hlali Durumunda Prosed\u00fcr<\/b><span class=\"ez-toc-section-end\"><\/span><\/h2>\r\n<ul>\r\n<li><span style=\"font-weight: 400;\"> Olay m\u00fcdahale plan\u0131 uygulan\u0131r<\/span><span style=\"font-weight: 400;\"><br \/><\/span><\/li>\r\n<li><span style=\"font-weight: 400;\">Etkilenen kullan\u0131c\u0131lara 72 saat i\u00e7inde bilgilendirme yap\u0131l\u0131r<\/span><span style=\"font-weight: 400;\"><br \/><\/span><\/li>\r\n<li><span style=\"font-weight: 400;\">Veri Koruma Kurumu\u2019na resmi bildirim yap\u0131l\u0131r<\/span><span style=\"font-weight: 400;\"><br \/><\/span><\/li>\r\n<li><span style=\"font-weight: 400;\">Etki de\u011ferlendirmeleri ve kay\u0131tlar tutulur<\/span><\/li>\r\n<\/ul>\r\n<h2><span class=\"ez-toc-section\" id=\"Ucuncu_Taraflardan_Alinan_Veriler\"><\/span><b>\u00dc\u00e7\u00fcnc\u00fc Taraflardan Al\u0131nan Veriler<\/b><span class=\"ez-toc-section-end\"><\/span><\/h2>\r\n<p><span style=\"font-weight: 400;\">WhatsApp, sosyal medya ya da sa\u011fl\u0131k platformlar\u0131 \u00fczerinden yap\u0131lan ba\u015fvurularla, ileti\u015fim ve talep verileriniz ilgili platformlar\u0131n gizlilik ilkelerine uygun \u015fekilde al\u0131nabilir.<\/span><\/p>\r\n<h2><span class=\"ez-toc-section\" id=\"Otomatik_Karar_Verme_ve_Profil_Olusturma\"><\/span><b>Otomatik Karar Verme ve Profil Olu\u015fturma<\/b><span class=\"ez-toc-section-end\"><\/span><\/h2>\r\n<p><span style=\"font-weight: 400;\">Kullan\u0131c\u0131lar\u0131 \u00f6nemli \u00f6l\u00e7\u00fcde etkileyen otomatik karar verme uygulanmaz. T\u00fcm tedavi \u00f6nerileri insan dan\u0131\u015fmanlar ve uzmanlar taraf\u0131ndan de\u011ferlendirilir.<\/span><\/p>\r\n<h2><span class=\"ez-toc-section\" id=\"Yasal_Uyum\"><\/span><b>Yasal Uyum<\/b><span class=\"ez-toc-section-end\"><\/span><\/h2>\r\n<p><span style=\"font-weight: 400;\">Your MedCare \u015fu yasal d\u00fczenlemelere tam uyumludur:<\/span><\/p>\r\n<ul>\r\n<li><span style=\"font-weight: 400;\">Genel Veri Koruma Y\u00f6netmeli\u011fi (GDPR)<\/span><span style=\"font-weight: 400;\"><br \/><\/span><\/li>\r\n<li><span style=\"font-weight: 400;\">Ki\u015fisel Verilerin Korunmas\u0131 Kanunu (KVKK)<\/span><span style=\"font-weight: 400;\"><br \/><\/span><\/li>\r\n<li><span style=\"font-weight: 400;\">Sa\u011fl\u0131k turizmi sa\u011flay\u0131c\u0131lar\u0131na y\u00f6nelik sekt\u00f6rel standartlar<\/span><\/li>\r\n<\/ul>\r\n","protected":false},"excerpt":{"rendered":"<p>Ho\u015f Geldiniz Your MedCare (\u201cbiz\u201d, \u201cbize\u201d veya \u201c\u015firketimiz\u201d) platformuna ho\u015f geldiniz. Gizlili\u011finiz bizim i\u00e7in en y\u00fcksek \u00f6nceli\u011fe sahiptir. Bu Gizlilik Politikas\u0131, www.yourmedcare.com adresli web sitemizi ziyaret etti\u011finizde, hizmetlerimizi kulland\u0131\u011f\u0131n\u0131zda ya da bizimle ileti\u015fime ge\u00e7ti\u011finizde hangi verileri toplad\u0131\u011f\u0131m\u0131z\u0131, bu verileri nas\u0131l kulland\u0131\u011f\u0131m\u0131z\u0131, saklad\u0131\u011f\u0131m\u0131z\u0131 ve korudu\u011fumuzu a\u00e7\u0131klamaktad\u0131r. Kimiz? Your MedCare, [Yourmedcare Medikal Turizm Dan\u0131\u015fmanl\u0131k Limited \u015eirketi] taraf\u0131ndan [&hellip;]<\/p>\n","protected":false},"author":1,"featured_media":0,"parent":0,"menu_order":98,"comment_status":"closed","ping_status":"closed","template":"","meta":{"footnotes":""},"class_list":["post-2700","page","type-page","status-publish","hentry"],"_links":{"self":[{"href":"https:\/\/yourmedcare.com\/tr\/wp-json\/wp\/v2\/pages\/2700","targetHints":{"allow":["GET"]}}],"collection":[{"href":"https:\/\/yourmedcare.com\/tr\/wp-json\/wp\/v2\/pages"}],"about":[{"href":"https:\/\/yourmedcare.com\/tr\/wp-json\/wp\/v2\/types\/page"}],"author":[{"embeddable":true,"href":"https:\/\/yourmedcare.com\/tr\/wp-json\/wp\/v2\/users\/1"}],"replies":[{"embeddable":true,"href":"https:\/\/yourmedcare.com\/tr\/wp-json\/wp\/v2\/comments?post=2700"}],"version-history":[{"count":5,"href":"https:\/\/yourmedcare.com\/tr\/wp-json\/wp\/v2\/pages\/2700\/revisions"}],"predecessor-version":[{"id":4569,"href":"https:\/\/yourmedcare.com\/tr\/wp-json\/wp\/v2\/pages\/2700\/revisions\/4569"}],"wp:attachment":[{"href":"https:\/\/yourmedcare.com\/tr\/wp-json\/wp\/v2\/media?parent=2700"}],"curies":[{"name":"wp","href":"https:\/\/api.w.org\/{rel}","templated":true}]}}