{"id":2699,"date":"2025-05-31T22:04:50","date_gmt":"2025-05-31T19:04:50","guid":{"rendered":"https:\/\/yourmedcare.com\/medxplorer-by-yourmedcare\/"},"modified":"2025-08-10T13:14:14","modified_gmt":"2025-08-10T10:14:14","slug":"cappamedcare-by-yourmedcare","status":"publish","type":"page","link":"https:\/\/yourmedcare.com\/tr\/cappamedcare-by-yourmedcare\/","title":{"rendered":"Cappamedcare Dan\u0131\u015fmanl\u0131k Hizmetleri"},"content":{"rendered":"<div id=\"ez-toc-container\" class=\"ez-toc-v2_0_82_2 counter-hierarchy ez-toc-counter ez-toc-custom ez-toc-container-direction\">\n<div class=\"ez-toc-title-container\">\n<p class=\"ez-toc-title\" style=\"cursor:inherit\">Table of Contents<\/p>\n<span class=\"ez-toc-title-toggle\"><a href=\"#\" class=\"ez-toc-pull-right ez-toc-btn ez-toc-btn-xs ez-toc-btn-default ez-toc-toggle\" aria-label=\"\u0130\u00e7indekiler Tablosunu A\u00e7\/Kapat\"><span class=\"ez-toc-js-icon-con\"><span class=\"\"><span class=\"eztoc-hide\" style=\"display:none;\">Toggle<\/span><span class=\"ez-toc-icon-toggle-span\"><svg style=\"fill: #154175;color:#154175\" xmlns=\"http:\/\/www.w3.org\/2000\/svg\" class=\"list-377408\" width=\"20px\" height=\"20px\" viewBox=\"0 0 24 24\" fill=\"none\"><path d=\"M6 6H4v2h2V6zm14 0H8v2h12V6zM4 11h2v2H4v-2zm16 0H8v2h12v-2zM4 16h2v2H4v-2zm16 0H8v2h12v-2z\" fill=\"currentColor\"><\/path><\/svg><svg style=\"fill: #154175;color:#154175\" class=\"arrow-unsorted-368013\" xmlns=\"http:\/\/www.w3.org\/2000\/svg\" width=\"10px\" height=\"10px\" viewBox=\"0 0 24 24\" version=\"1.2\" baseProfile=\"tiny\"><path d=\"M18.2 9.3l-6.2-6.3-6.2 6.3c-.2.2-.3.4-.3.7s.1.5.3.7c.2.2.4.3.7.3h11c.3 0 .5-.1.7-.3.2-.2.3-.5.3-.7s-.1-.5-.3-.7zM5.8 14.7l6.2 6.3 6.2-6.3c.2-.2.3-.5.3-.7s-.1-.5-.3-.7c-.2-.2-.4-.3-.7-.3h-11c-.3 0-.5.1-.7.3-.2.2-.3.5-.3.7s.1.5.3.7z\"\/><\/svg><\/span><\/span><\/span><\/a><\/span><\/div>\n<nav><ul class='ez-toc-list ez-toc-list-level-1 ' ><li class='ez-toc-page-1 ez-toc-heading-level-2'><a class=\"ez-toc-link ez-toc-heading-1\" href=\"https:\/\/yourmedcare.com\/tr\/cappamedcare-by-yourmedcare\/#Dogru_Uzmanlikla_Kapsamli_Bir_Medikal_Turizm_Projesi_Sekillendirin\" >Do\u011fru Uzmanl\u0131kla Kapsaml\u0131 Bir Medikal Turizm Projesi \u015eekillendirin<\/a><ul class='ez-toc-list-level-3' ><li class='ez-toc-heading-level-3'><a class=\"ez-toc-link ez-toc-heading-2\" href=\"https:\/\/yourmedcare.com\/tr\/cappamedcare-by-yourmedcare\/#%E3%80%89Medikal_turizm_isinizi_baslatmaya_veya_bir_ust_seviyeye_tasimaya_hazir_misiniz\" >\u232aMedikal turizm i\u015finizi ba\u015flatmaya veya bir \u00fcst seviyeye ta\u015f\u0131maya haz\u0131r m\u0131s\u0131n\u0131z?<\/a><\/li><\/ul><\/li><\/ul><\/nav><\/div>\n<h2><span class=\"ez-toc-section\" id=\"Dogru_Uzmanlikla_Kapsamli_Bir_Medikal_Turizm_Projesi_Sekillendirin\"><\/span><b>Do\u011fru Uzmanl\u0131kla Kapsaml\u0131 Bir Medikal Turizm Projesi \u015eekillendirin<\/b><span class=\"ez-toc-section-end\"><\/span><\/h2>\n<h3><span class=\"ez-toc-section\" id=\"%E3%80%89Medikal_turizm_isinizi_baslatmaya_veya_bir_ust_seviyeye_tasimaya_hazir_misiniz\"><\/span><span style=\"font-weight: 400;\">\u232aMedikal turizm i\u015finizi ba\u015flatmaya veya bir \u00fcst seviyeye ta\u015f\u0131maya <span style=\"text-decoration: underline;\"><strong>haz\u0131r m\u0131s\u0131n\u0131z<\/strong><\/span>?<\/span><span class=\"ez-toc-section-end\"><\/span><\/h3>\n<p><b>Your Medcare<\/b><span style=\"font-weight: 400;\"> olarak, \u00e7\u00f6z\u00fcm orta\u011f\u0131m\u0131z <\/span><b>Cappamedcare Digital Solutions<\/b><span style=\"font-weight: 400;\"> ile birlikte, tam donan\u0131ml\u0131, akredite edilmi\u015f, rekabet\u00e7i ve gelece\u011fe haz\u0131r bir medikal turizm ajans\u0131 kurman\u0131z i\u00e7in t\u00fcm ad\u0131mlarda yan\u0131n\u0131zday\u0131z.<\/span><\/p>\n<p><span style=\"font-weight: 400;\">Devlet te\u015fviklerinden resmi i\u015flemlere kadar, mevcut kaynaklara ula\u015fman\u0131z\u0131 sa\u011fl\u0131yor, g\u00fc\u00e7l\u00fc ve yasalara uygun bir temel olu\u015fturman\u0131za yard\u0131mc\u0131 oluyoruz. S\u0131f\u0131rdan ba\u015fl\u0131yor olun ya da mevcut yap\u0131n\u0131z\u0131 yeniden kurgulamak istiyor olun, her projeye stratejik ve sistemli bir bak\u0131\u015f a\u00e7\u0131s\u0131yla yakla\u015f\u0131yoruz.<\/span><\/p>\n","protected":false},"excerpt":{"rendered":"<p>Do\u011fru Uzmanl\u0131kla Kapsaml\u0131 Bir Medikal Turizm Projesi \u015eekillendirin \u232aMedikal turizm i\u015finizi ba\u015flatmaya veya bir \u00fcst seviyeye ta\u015f\u0131maya haz\u0131r m\u0131s\u0131n\u0131z? Your Medcare olarak, \u00e7\u00f6z\u00fcm orta\u011f\u0131m\u0131z Cappamedcare Digital Solutions ile birlikte, tam donan\u0131ml\u0131, akredite edilmi\u015f, rekabet\u00e7i ve gelece\u011fe haz\u0131r bir medikal turizm ajans\u0131 kurman\u0131z i\u00e7in t\u00fcm ad\u0131mlarda yan\u0131n\u0131zday\u0131z. Devlet te\u015fviklerinden resmi i\u015flemlere kadar, mevcut kaynaklara ula\u015fman\u0131z\u0131 sa\u011fl\u0131yor, [&hellip;]<\/p>\n","protected":false},"author":1,"featured_media":0,"parent":0,"menu_order":39,"comment_status":"closed","ping_status":"closed","template":"templates\/template--landing.php","meta":{"footnotes":""},"class_list":["post-2699","page","type-page","status-publish","hentry"],"_links":{"self":[{"href":"https:\/\/yourmedcare.com\/tr\/wp-json\/wp\/v2\/pages\/2699","targetHints":{"allow":["GET"]}}],"collection":[{"href":"https:\/\/yourmedcare.com\/tr\/wp-json\/wp\/v2\/pages"}],"about":[{"href":"https:\/\/yourmedcare.com\/tr\/wp-json\/wp\/v2\/types\/page"}],"author":[{"embeddable":true,"href":"https:\/\/yourmedcare.com\/tr\/wp-json\/wp\/v2\/users\/1"}],"replies":[{"embeddable":true,"href":"https:\/\/yourmedcare.com\/tr\/wp-json\/wp\/v2\/comments?post=2699"}],"version-history":[{"count":7,"href":"https:\/\/yourmedcare.com\/tr\/wp-json\/wp\/v2\/pages\/2699\/revisions"}],"predecessor-version":[{"id":4358,"href":"https:\/\/yourmedcare.com\/tr\/wp-json\/wp\/v2\/pages\/2699\/revisions\/4358"}],"wp:attachment":[{"href":"https:\/\/yourmedcare.com\/tr\/wp-json\/wp\/v2\/media?parent=2699"}],"curies":[{"name":"wp","href":"https:\/\/api.w.org\/{rel}","templated":true}]}}