{"id":2692,"date":"2025-06-01T10:44:25","date_gmt":"2025-06-01T07:44:25","guid":{"rendered":"https:\/\/yourmedcare.com\/kapadokyada-rehberli-turlar\/"},"modified":"2025-07-28T11:40:39","modified_gmt":"2025-07-28T08:40:39","slug":"kapadokyada-rehberli-turlar","status":"publish","type":"page","link":"https:\/\/yourmedcare.com\/tr\/kapadokyada-rehberli-turlar\/","title":{"rendered":"Kapadokya\u2019n\u0131n En \u0130yi Rehberli Turlar\u0131"},"content":{"rendered":"<div id=\"ez-toc-container\" class=\"ez-toc-v2_0_82_2 counter-hierarchy ez-toc-counter ez-toc-custom ez-toc-container-direction\">\n<div class=\"ez-toc-title-container\">\n<p class=\"ez-toc-title\" style=\"cursor:inherit\">Table of Contents<\/p>\n<span class=\"ez-toc-title-toggle\"><a href=\"#\" class=\"ez-toc-pull-right ez-toc-btn ez-toc-btn-xs ez-toc-btn-default ez-toc-toggle\" aria-label=\"\u0130\u00e7indekiler Tablosunu A\u00e7\/Kapat\"><span class=\"ez-toc-js-icon-con\"><span class=\"\"><span class=\"eztoc-hide\" style=\"display:none;\">Toggle<\/span><span class=\"ez-toc-icon-toggle-span\"><svg style=\"fill: #154175;color:#154175\" xmlns=\"http:\/\/www.w3.org\/2000\/svg\" class=\"list-377408\" width=\"20px\" height=\"20px\" viewBox=\"0 0 24 24\" fill=\"none\"><path d=\"M6 6H4v2h2V6zm14 0H8v2h12V6zM4 11h2v2H4v-2zm16 0H8v2h12v-2zM4 16h2v2H4v-2zm16 0H8v2h12v-2z\" fill=\"currentColor\"><\/path><\/svg><svg style=\"fill: #154175;color:#154175\" class=\"arrow-unsorted-368013\" xmlns=\"http:\/\/www.w3.org\/2000\/svg\" width=\"10px\" height=\"10px\" viewBox=\"0 0 24 24\" version=\"1.2\" baseProfile=\"tiny\"><path d=\"M18.2 9.3l-6.2-6.3-6.2 6.3c-.2.2-.3.4-.3.7s.1.5.3.7c.2.2.4.3.7.3h11c.3 0 .5-.1.7-.3.2-.2.3-.5.3-.7s-.1-.5-.3-.7zM5.8 14.7l6.2 6.3 6.2-6.3c.2-.2.3-.5.3-.7s-.1-.5-.3-.7c-.2-.2-.4-.3-.7-.3h-11c-.3 0-.5.1-.7.3-.2.2-.3.5-.3.7s.1.5.3.7z\"\/><\/svg><\/span><\/span><\/span><\/a><\/span><\/div>\n<nav><ul class='ez-toc-list ez-toc-list-level-1 ' ><li class='ez-toc-page-1 ez-toc-heading-level-2'><a class=\"ez-toc-link ez-toc-heading-1\" href=\"https:\/\/yourmedcare.com\/tr\/kapadokyada-rehberli-turlar\/#Anadolunun_Kulturel_Kolaji_%E2%80%93_Kapadokya\" >Anadolu\u2019nun K\u00fclt\u00fcrel Kolaj\u0131\u00a0&#8211; Kapadokya<\/a><\/li><li class='ez-toc-page-1 ez-toc-heading-level-2'><a class=\"ez-toc-link ez-toc-heading-2\" href=\"https:\/\/yourmedcare.com\/tr\/kapadokyada-rehberli-turlar\/#Kizil_Vadi_Gun_Batimi_%E2%80%93_Uchisar\" >K\u0131z\u0131l Vadi G\u00fcn Bat\u0131m\u0131 \u2013 U\u00e7hisar<\/a><\/li><li class='ez-toc-page-1 ez-toc-heading-level-2'><a class=\"ez-toc-link ez-toc-heading-3\" href=\"https:\/\/yourmedcare.com\/tr\/kapadokyada-rehberli-turlar\/#Kapadokya_Uzerinde_Balon_Turu\" >Kapadokya \u00dczerinde Balon Turu<\/a><\/li><li class='ez-toc-page-1 ez-toc-heading-level-2'><a class=\"ez-toc-link ez-toc-heading-4\" href=\"https:\/\/yourmedcare.com\/tr\/kapadokyada-rehberli-turlar\/#Goremede_Yildizlarin_Altinda\" >G\u00f6reme\u2019de Y\u0131ld\u0131zlar\u0131n Alt\u0131nda<\/a><\/li><li class='ez-toc-page-1 ez-toc-heading-level-2'><a class=\"ez-toc-link ez-toc-heading-5\" href=\"https:\/\/yourmedcare.com\/tr\/kapadokyada-rehberli-turlar\/#UNESCO_Goreme_Acik_Hava_Muzesi\" >UNESCO G\u00f6reme A\u00e7\u0131k Hava M\u00fczesi<\/a><\/li><li class='ez-toc-page-1 ez-toc-heading-level-2'><a class=\"ez-toc-link ez-toc-heading-6\" href=\"https:\/\/yourmedcare.com\/tr\/kapadokyada-rehberli-turlar\/#Avanos_Comlek_Atolyesi\" >Avanos \u00c7\u00f6mlek At\u00f6lyesi<\/a><\/li><li class='ez-toc-page-1 ez-toc-heading-level-2'><a class=\"ez-toc-link ez-toc-heading-7\" href=\"https:\/\/yourmedcare.com\/tr\/kapadokyada-rehberli-turlar\/#Gul_Vadisinde_At_Sirtinda_Safari\" >G\u00fcl Vadisi\u2019nde At S\u0131rt\u0131nda Safari<\/a><\/li><li class='ez-toc-page-1 ez-toc-heading-level-2'><a class=\"ez-toc-link ez-toc-heading-8\" href=\"https:\/\/yourmedcare.com\/tr\/kapadokyada-rehberli-turlar\/#Vadiler_Arasinda_Yuruyus_Turu\" >Vadiler Aras\u0131nda Y\u00fcr\u00fcy\u00fc\u015f Turu<\/a><\/li><li class='ez-toc-page-1 ez-toc-heading-level-2'><a class=\"ez-toc-link ez-toc-heading-9\" href=\"https:\/\/yourmedcare.com\/tr\/kapadokyada-rehberli-turlar\/#Kizilcukur_Panoramik_Noktasi_%E2%80%93_Gun_Batimi\" >K\u0131z\u0131l\u00e7ukur Panoramik Noktas\u0131 \u2013 G\u00fcn Bat\u0131m\u0131<\/a><\/li><\/ul><\/nav><\/div>\n<h2><span class=\"ez-toc-section\" id=\"Anadolunun_Kulturel_Kolaji_%E2%80%93_Kapadokya\"><\/span><b>Anadolu\u2019nun K\u00fclt\u00fcrel Kolaj\u0131<\/b><strong>\u00a0&#8211; Kapadokya<\/strong><span class=\"ez-toc-section-end\"><\/span><\/h2>\n<p><span style=\"font-weight: 400;\">Kadim vadilerden y\u0131ld\u0131zl\u0131 bacalara uzanan bu e\u015fsiz co\u011frafya, yaln\u0131zca bir seyahat noktas\u0131 de\u011fil; zamanla oyulmu\u015f bir hayal diyar\u0131d\u0131r. Her an\u0131 unutulmaz k\u0131lmak i\u00e7in size rehberlik edelim.<\/span><\/p>\n<h2><span class=\"ez-toc-section\" id=\"Kizil_Vadi_Gun_Batimi_%E2%80%93_Uchisar\"><\/span><strong>K\u0131z\u0131l Vadi G\u00fcn Bat\u0131m\u0131 \u2013 U\u00e7hisar<\/strong><span class=\"ez-toc-section-end\"><\/span><\/h2>\n<p><span style=\"font-weight: 400;\">G\u00f6ky\u00fcz\u00fcn\u00fcn K\u0131z\u0131l\u00e7ukur Vadisi \u00fczerinde alev ald\u0131\u011f\u0131 ana tan\u0131kl\u0131k edin. U\u00e7hisar\u2019daki panoramik bir noktada \u015farab\u0131n\u0131z\u0131 yudumlay\u0131n.<\/span><\/p>\n<p><span style=\"font-weight: 400;\"><strong>\u232aTur:<\/strong> G\u00fcn Bat\u0131m\u0131 Y\u00fcr\u00fcy\u00fc\u015f\u00fc ve \u015earap Deneyimi<\/span><\/p>\n<h2><span class=\"ez-toc-section\" id=\"Kapadokya_Uzerinde_Balon_Turu\"><\/span><b>Kapadokya \u00dczerinde Balon Turu<\/b><span class=\"ez-toc-section-end\"><\/span><\/h2>\n<p><span style=\"font-weight: 400;\">G\u00fcne\u015fin do\u011fu\u015fuyla g\u00f6ky\u00fcz\u00fcne y\u00fckselerek ikonik s\u0131cak hava balonuyla unutulmaz bir u\u00e7u\u015f ger\u00e7ekle\u015ftirin.<\/span><\/p>\n<p><span style=\"font-weight: 400;\"><strong>\u232aTur:<\/strong> Kahvalt\u0131l\u0131 G\u00fcn Do\u011fumu Balon Turu<\/span><\/p>\n<h2><span class=\"ez-toc-section\" id=\"Goremede_Yildizlarin_Altinda\"><\/span><b>G\u00f6reme\u2019de Y\u0131ld\u0131zlar\u0131n Alt\u0131nda<\/b><span class=\"ez-toc-section-end\"><\/span><\/h2>\n<p><span style=\"font-weight: 400;\">G\u00f6reme\u2019nin b\u00fcy\u00fcl\u00fc kaya olu\u015fumlar\u0131 aras\u0131nda y\u0131ld\u0131zlar\u0131 seyredin.<\/span><\/p>\n<p><span style=\"font-weight: 400;\"><strong>\u232aTur:<\/strong> Gece Foto\u011fraf\u00e7\u0131l\u0131\u011f\u0131 ve Astronomi Turu<\/span><\/p>\n<h2><span class=\"ez-toc-section\" id=\"UNESCO_Goreme_Acik_Hava_Muzesi\"><\/span><b>UNESCO G\u00f6reme A\u00e7\u0131k Hava M\u00fczesi<\/b><span class=\"ez-toc-section-end\"><\/span><\/h2>\n<p><span style=\"font-weight: 400;\">Ma\u011fara kiliseleri ve antik freskleri ke\u015ffedin; Kapadokya\u2019n\u0131n en \u00fcnl\u00fc tarihi alan\u0131na ad\u0131m at\u0131n.<\/span><\/p>\n<p><span style=\"font-weight: 400;\"><strong>\u232aTur:<\/strong> G\u00f6reme Miras ve Tarih Y\u00fcr\u00fcy\u00fc\u015f\u00fc<\/span><\/p>\n<h2><span class=\"ez-toc-section\" id=\"Avanos_Comlek_Atolyesi\"><\/span><b>Avanos \u00c7\u00f6mlek At\u00f6lyesi<\/b><span class=\"ez-toc-section-end\"><\/span><\/h2>\n<p><span style=\"font-weight: 400;\">Bir yerel zanaatk\u00e2r\u0131n at\u00f6lyesinde Hitit tarz\u0131 geleneksel \u00e7\u00f6mlek yap\u0131m\u0131n\u0131 deneyimleyin.<\/span><\/p>\n<p><span style=\"font-weight: 400;\"><strong>\u232aTur:<\/strong> Avanos K\u00fclt\u00fcrel El Sanatlar\u0131 Deneyimi<\/span><\/p>\n<h2><span class=\"ez-toc-section\" id=\"Gul_Vadisinde_At_Sirtinda_Safari\"><\/span><b>G\u00fcl Vadisi\u2019nde At S\u0131rt\u0131nda Safari<\/b><span class=\"ez-toc-section-end\"><\/span><\/h2>\n<p><span style=\"font-weight: 400;\">Masallardan f\u0131rlam\u0131\u015f gibi alt\u0131n saatlerde vadilerde d\u00f6rtnala gezinin.<\/span><\/p>\n<p><span style=\"font-weight: 400;\"><strong>\u232aTur:<\/strong> G\u00fcn Bat\u0131m\u0131 Atl\u0131 Safari<\/span><\/p>\n<h2><span class=\"ez-toc-section\" id=\"Vadiler_Arasinda_Yuruyus_Turu\"><\/span><b>Vadiler Aras\u0131nda Y\u00fcr\u00fcy\u00fc\u015f Turu<\/b><span class=\"ez-toc-section-end\"><\/span><\/h2>\n<p><span style=\"font-weight: 400;\">Gizli vadiler ve peri bacalar\u0131 aras\u0131nda yerel hik\u00e2yeler e\u015fli\u011finde rehberli bir ke\u015ffe \u00e7\u0131k\u0131n.<\/span><\/p>\n<p><span style=\"font-weight: 400;\"><strong>\u232aTur:<\/strong> Gizli Patikalar ve Yerel Efsaneler Y\u00fcr\u00fcy\u00fc\u015f\u00fc<\/span><\/p>\n<h2><span class=\"ez-toc-section\" id=\"Kizilcukur_Panoramik_Noktasi_%E2%80%93_Gun_Batimi\"><\/span><b>K\u0131z\u0131l\u00e7ukur Panoramik Noktas\u0131 \u2013 G\u00fcn Bat\u0131m\u0131<\/b><span class=\"ez-toc-section-end\"><\/span><\/h2>\n<p><span style=\"font-weight: 400;\">Kapadokya\u2019n\u0131n en fotojenik g\u00fcn bat\u0131m\u0131 manzaras\u0131n\u0131 yakalay\u0131n.<\/span><\/p>\n<p><span style=\"font-weight: 400;\"><strong>\u232aTur:<\/strong> Ak\u015fam Panoramik Turu ve \u015earap Tad\u0131m\u0131<\/span><\/p>\n<p><span style=\"font-weight: 400;\">Uzman rehberlerimiz Kapadokya\u2019y\u0131 sizin i\u00e7in ya\u015fan\u0131r k\u0131l\u0131yor. \u0130ster macera, ister k\u00fclt\u00fcr, ister manzara ar\u0131yor olun\u2014yolculu\u011funuz burada ba\u015fl\u0131yor. Daha fazla bilgi i\u00e7in <strong>bizimle ileti\u015fime ge\u00e7in.<\/strong><\/span><\/p>\n","protected":false},"excerpt":{"rendered":"<p>Anadolu\u2019nun K\u00fclt\u00fcrel Kolaj\u0131\u00a0&#8211; Kapadokya Kadim vadilerden y\u0131ld\u0131zl\u0131 bacalara uzanan bu e\u015fsiz co\u011frafya, yaln\u0131zca bir seyahat noktas\u0131 de\u011fil; zamanla oyulmu\u015f bir hayal diyar\u0131d\u0131r. Her an\u0131 unutulmaz k\u0131lmak i\u00e7in size rehberlik edelim. K\u0131z\u0131l Vadi G\u00fcn Bat\u0131m\u0131 \u2013 U\u00e7hisar G\u00f6ky\u00fcz\u00fcn\u00fcn K\u0131z\u0131l\u00e7ukur Vadisi \u00fczerinde alev ald\u0131\u011f\u0131 ana tan\u0131kl\u0131k edin. U\u00e7hisar\u2019daki panoramik bir noktada \u015farab\u0131n\u0131z\u0131 yudumlay\u0131n. \u232aTur: G\u00fcn Bat\u0131m\u0131 Y\u00fcr\u00fcy\u00fc\u015f\u00fc [&hellip;]<\/p>\n","protected":false},"author":1,"featured_media":0,"parent":0,"menu_order":64,"comment_status":"closed","ping_status":"closed","template":"","meta":{"footnotes":""},"class_list":["post-2692","page","type-page","status-publish","hentry"],"_links":{"self":[{"href":"https:\/\/yourmedcare.com\/tr\/wp-json\/wp\/v2\/pages\/2692","targetHints":{"allow":["GET"]}}],"collection":[{"href":"https:\/\/yourmedcare.com\/tr\/wp-json\/wp\/v2\/pages"}],"about":[{"href":"https:\/\/yourmedcare.com\/tr\/wp-json\/wp\/v2\/types\/page"}],"author":[{"embeddable":true,"href":"https:\/\/yourmedcare.com\/tr\/wp-json\/wp\/v2\/users\/1"}],"replies":[{"embeddable":true,"href":"https:\/\/yourmedcare.com\/tr\/wp-json\/wp\/v2\/comments?post=2692"}],"version-history":[{"count":4,"href":"https:\/\/yourmedcare.com\/tr\/wp-json\/wp\/v2\/pages\/2692\/revisions"}],"predecessor-version":[{"id":6423,"href":"https:\/\/yourmedcare.com\/tr\/wp-json\/wp\/v2\/pages\/2692\/revisions\/6423"}],"wp:attachment":[{"href":"https:\/\/yourmedcare.com\/tr\/wp-json\/wp\/v2\/media?parent=2692"}],"curies":[{"name":"wp","href":"https:\/\/api.w.org\/{rel}","templated":true}]}}