{"id":2691,"date":"2025-05-31T15:41:09","date_gmt":"2025-05-31T12:41:09","guid":{"rendered":"https:\/\/yourmedcare.com\/hakkinda\/lokasyonlarimiz\/kayseri\/"},"modified":"2025-09-15T12:48:54","modified_gmt":"2025-09-15T09:48:54","slug":"kayseri","status":"publish","type":"page","link":"https:\/\/yourmedcare.com\/tr\/kayseri\/","title":{"rendered":"Kayseri"},"content":{"rendered":"<h2><strong>Tarihin, Do\u011fan\u0131n ve \u015eifan\u0131n Kalbinde Bir \u015eehir<\/strong><\/h2>\n<p><span style=\"font-weight: 400;\">\u0130\u00e7 Anadolu\u2019nun kalbinde yer alan <strong>Kayseri<\/strong>, k\u00f6kl\u00fc tarihi ve g\u00fc\u00e7l\u00fc k\u00fclt\u00fcrel kimli\u011fiyle \u00f6ne \u00e7\u0131kan e\u015fsiz bir \u015fehirdir. <em>Sel\u00e7uklu mimarisi, tarihi kervansaraylar\u0131 ve zengin mutfa\u011f\u0131yla ge\u00e7mi\u015fin izlerini ta\u015f\u0131yan Kayseri<\/em>, gelenek ile modernli\u011fi harmanlayan nadide \u015fehirlerden biridir.<\/span><\/p>\n<p><span style=\"font-weight: 400;\">\u015eehir, bir\u00e7ok tarihi yap\u0131ya ev sahipli\u011fi yapar. <strong>Kayseri Kalesi<\/strong>, Ulu Cami ve 13. y\u00fczy\u0131lda in\u015fa edilen g\u00f6z al\u0131c\u0131 <strong>Hunat Hatun<\/strong> <strong>K\u00fclliyesi<\/strong>, Sel\u00e7uklu d\u00f6neminin mimari zarafetini yans\u0131t\u0131r. Ayr\u0131ca, <strong>Kayseri Arkeoloji M\u00fczesi, Hititler <\/strong>ve<strong> Frigler\u2019e<\/strong> uzanan kadim bir ge\u00e7mi\u015fi g\u00fcn y\u00fcz\u00fcne \u00e7\u0131kararak tarih merakl\u0131lar\u0131na adeta bir zaman yolculu\u011fu sunar.<\/span><\/p>\n<p><span style=\"font-weight: 400;\">Kayseri ayn\u0131 zamanda T\u00fcrkiye\u2019nin lezzet duraklar\u0131ndan biridir. \u00dcn\u00fc \u00fclke s\u0131n\u0131rlar\u0131n\u0131 a\u015fan <em>Kayseri Mant\u0131s\u0131<\/em>, damaklarda iz b\u0131rakan e\u015fsiz tatlardan sadece biridir. \u015eehir, kendine \u00f6zg\u00fc baharatlar\u0131 ve zengin mutfa\u011f\u0131yla yemek tutkunlar\u0131n\u0131 b\u00fcy\u00fcler. <em>Kayseri Sucu\u011fu <\/em>ve<em> Past\u0131rmas\u0131<\/em>, \u015fehre gelenlerin mutlaka denemesi gereken lezzetler aras\u0131ndad\u0131r.<\/span><\/p>\n<p><span style=\"font-weight: 400;\">Do\u011fa ile i\u00e7 i\u00e7e olmak isteyenler i\u00e7in ise Kayseri, tam bir a\u00e7\u0131k hava aktiviteleri cennetidir. <strong>Erciyes Da\u011f\u0131<\/strong>, k\u0131\u015f aylar\u0131nda kayak tutkunlar\u0131n\u0131n vazge\u00e7ilmezi olurken, yaz aylar\u0131nda do\u011fa y\u00fcr\u00fcy\u00fc\u015f\u00fc ve da\u011f t\u0131rman\u0131\u015flar\u0131 i\u00e7in ideal bir ortam sunar. Ayn\u0131 zamanda termal kaynaklar\u0131yla da \u00f6ne \u00e7\u0131kan Kayseri, \u015fifa ve rahatlama arayanlara termal otelleri ve spa merkezleriyle benzersiz bir wellness deneyimi ya\u015fat\u0131r.<\/span><\/p>\n<p><span style=\"font-weight: 400;\">Hem k\u00fclt\u00fcrel bir ke\u015ffe \u00e7\u0131kmak isteyenler hem de do\u011fayla ve \u015fifayla bulu\u015fmak isteyenler i\u00e7in Kayseri, Anadolu\u2019nun sundu\u011fu t\u00fcm zenginlikleri bir arada bar\u0131nd\u0131ran \u00f6zel bir destinasyondur.<\/span><\/p>\n<p><strong>Kayseri\u2019ye davetlisiniz \u2014 burada tarih, tat, do\u011fa ve sa\u011fl\u0131k bir arada sizi bekliyor.<\/strong><\/p>\n","protected":false},"excerpt":{"rendered":"<p>Tarihin, Do\u011fan\u0131n ve \u015eifan\u0131n Kalbinde Bir \u015eehir \u0130\u00e7 Anadolu\u2019nun kalbinde yer alan Kayseri, k\u00f6kl\u00fc tarihi ve g\u00fc\u00e7l\u00fc k\u00fclt\u00fcrel kimli\u011fiyle \u00f6ne \u00e7\u0131kan e\u015fsiz bir \u015fehirdir. Sel\u00e7uklu mimarisi, tarihi kervansaraylar\u0131 ve zengin mutfa\u011f\u0131yla ge\u00e7mi\u015fin izlerini ta\u015f\u0131yan Kayseri, gelenek ile modernli\u011fi harmanlayan nadide \u015fehirlerden biridir. \u015eehir, bir\u00e7ok tarihi yap\u0131ya ev sahipli\u011fi yapar. Kayseri Kalesi, Ulu Cami ve 13. [&hellip;]<\/p>\n","protected":false},"author":1,"featured_media":0,"parent":0,"menu_order":60,"comment_status":"closed","ping_status":"closed","template":"","meta":{"footnotes":""},"class_list":["post-2691","page","type-page","status-publish","hentry"],"_links":{"self":[{"href":"https:\/\/yourmedcare.com\/tr\/wp-json\/wp\/v2\/pages\/2691","targetHints":{"allow":["GET"]}}],"collection":[{"href":"https:\/\/yourmedcare.com\/tr\/wp-json\/wp\/v2\/pages"}],"about":[{"href":"https:\/\/yourmedcare.com\/tr\/wp-json\/wp\/v2\/types\/page"}],"author":[{"embeddable":true,"href":"https:\/\/yourmedcare.com\/tr\/wp-json\/wp\/v2\/users\/1"}],"replies":[{"embeddable":true,"href":"https:\/\/yourmedcare.com\/tr\/wp-json\/wp\/v2\/comments?post=2691"}],"version-history":[{"count":3,"href":"https:\/\/yourmedcare.com\/tr\/wp-json\/wp\/v2\/pages\/2691\/revisions"}],"predecessor-version":[{"id":4895,"href":"https:\/\/yourmedcare.com\/tr\/wp-json\/wp\/v2\/pages\/2691\/revisions\/4895"}],"wp:attachment":[{"href":"https:\/\/yourmedcare.com\/tr\/wp-json\/wp\/v2\/media?parent=2691"}],"curies":[{"name":"wp","href":"https:\/\/api.w.org\/{rel}","templated":true}]}}