{"id":2690,"date":"2025-05-31T15:38:33","date_gmt":"2025-05-31T12:38:33","guid":{"rendered":"https:\/\/yourmedcare.com\/hakkinda\/lokasyonlarimiz\/izmir\/"},"modified":"2025-09-15T12:50:32","modified_gmt":"2025-09-15T09:50:32","slug":"izmir","status":"publish","type":"page","link":"https:\/\/yourmedcare.com\/tr\/izmir\/","title":{"rendered":"\u0130zmir"},"content":{"rendered":"<h2><span style=\"font-weight: 400;\"><strong>Tarihle Modernli\u011fin Bulu\u015fma Noktas\u0131<\/strong><\/span><\/h2>\n<p><span style=\"font-weight: 400;\"><strong>Akdeniz\u2019in en k\u00f6kl\u00fc \u015fehirlerinden biri olan \u0130zmir<\/strong>, be\u015f bin y\u0131l\u0131 a\u015fk\u0131n tarihiyle medeniyetlere ev sahipli\u011fi yapm\u0131\u015f e\u015fsiz bir \u015fehirdir. Zengin tarihi, canl\u0131 k\u00fclt\u00fcr\u00fc ve etkileyici do\u011fas\u0131yla y\u00fczy\u0131llard\u0131r insanlar\u0131n ilgisini \u00e7eken bu g\u00fczel \u015fehir, bug\u00fcn de cazibesini korumaya devam ediyor.<\/span><\/p>\n<p><span style=\"font-weight: 400;\">T\u00fcrkiye\u2019nin modern y\u00fczlerinden biri olan \u0130zmir; d\u00fcnya \u00e7ap\u0131nda \u00fcniversiteleri, g\u00fc\u00e7l\u00fc sanayi kurulu\u015flar\u0131 ve T\u00fcrkiye\u2019nin ev sahipli\u011fi yapt\u0131\u011f\u0131 <strong>3. Amerikan Uzay Kamp\u0131<\/strong> gibi yenilik\u00e7i yap\u0131lar\u0131yla bilim ve teknolojinin geli\u015fti\u011fi \u00f6nemli merkezlerden biridir. Bu \u015fehirde ge\u00e7mi\u015fin izleri, \u00e7a\u011fda\u015f ya\u015famla uyum i\u00e7inde s\u00fcrmektedir.<\/span><\/p>\n<p><span style=\"font-weight: 400;\">Tarih, sanat ve k\u00fclt\u00fcr\u00fcn i\u00e7 i\u00e7e ge\u00e7ti\u011fi \u0130zmir\u2019de, antik uygarl\u0131klar\u0131n hik\u00e2yeleri g\u00fcn\u00fcm\u00fcze kadar ula\u015fmaktad\u0131r. Her y\u0131l d\u00fcnyan\u0131n d\u00f6rt bir yan\u0131ndan gelen ziyaret\u00e7iler, \u015fehrin e\u015fsiz hazinelerini ke\u015ffetmek i\u00e7in \u0130zmir\u2019i tercih ediyor. \u015eehrin simgelerinden biri olan <strong>Tarihi Saat Kulesi<\/strong>, 4. y\u00fczy\u0131la uzanan ge\u00e7mi\u015fiyle <strong>Agora A\u00e7\u0131k Hava M\u00fczesi<\/strong>, rengarenk <strong>Kemeralt\u0131 \u00c7ar\u015f\u0131s\u0131<\/strong>, Osmanl\u0131 d\u00f6neminden kalma <strong>K\u0131zlara\u011fas\u0131<\/strong> <strong>Han\u0131<\/strong> ve d\u00fcnya \u00e7ap\u0131nda \u00f6neme sahip antik kent <strong>Efes<\/strong>, bu zengin miras\u0131n sadece birka\u00e7 \u00f6rne\u011fidir.<\/span><\/p>\n<p><span style=\"font-weight: 400;\"><strong>Efes Antik Kenti<\/strong>, yaln\u0131zca tarihi ihti\u015fam\u0131yla de\u011fil, derin dini \u00f6nemiyle de dikkat \u00e7eker. Bir zamanlar Yunan tanr\u0131\u00e7as\u0131 Artemis\u2019e adanm\u0131\u015f olan bu \u015fehirdeki <strong>Artemis Tap\u0131na\u011f\u0131<\/strong>, <strong>Antik D\u00fcnyan\u0131n Yedi Harikas\u0131\u2019ndan biridir<\/strong>. Ayn\u0131 zamanda Hristiyanl\u0131k tarihi a\u00e7\u0131s\u0131ndan da b\u00fcy\u00fck \u00f6nem ta\u015f\u0131r. \u0130nanca g\u00f6re,<strong> Aziz Pavlus<\/strong> burada ya\u015fam\u0131\u015f ve vaazlar vermi\u015ftir. <strong>Meryem Ana<\/strong>&#8216;n\u0131n son y\u0131llar\u0131n\u0131 ge\u00e7irdi\u011fine inan\u0131lan B\u00fclb\u00fcl Da\u011f\u0131\u2019ndaki evi, g\u00fcn\u00fcm\u00fczde binlerce Hristiyan hac\u0131n\u0131n ziyaret etti\u011fi kutsal bir mek\u00e2nd\u0131r.<\/span><\/p>\n<p><span style=\"font-weight: 400;\">Efes\u2019in simgelerinden biri olan <strong>Celsus K\u00fct\u00fcphanesi<\/strong>, yaln\u0131zca bilgi merkezi de\u011fil, ayn\u0131 zamanda Roma valisi Tiberius <strong>Julius Celsus\u2019un an\u0131tsal mezar\u0131<\/strong> olarak da hizmet vermi\u015ftir. Bunun yan\u0131 s\u0131ra, binlerce ki\u015finin g\u00f6steri izledi\u011fi <strong>B\u00fcy\u00fck Tiyatro<\/strong>, <strong>Hadrian Tap\u0131na\u011f\u0131<\/strong>, <strong>Roma Hamamlar\u0131<\/strong> ve bir\u00e7ok g\u00f6rkemli yap\u0131, bu kadim \u015fehrin g\u00f6rkemli ge\u00e7mi\u015fini g\u00f6zler \u00f6n\u00fcne serer.<\/span><\/p>\n<p><span style=\"font-weight: 400;\">\u0130zmir\u2019in \u00e7evresindeki <strong>\u00c7e\u015fme, Fo\u00e7a, Ku\u015fadas\u0131 <\/strong>ve<strong> Seferihisar<\/strong> gibi sahil kasabalar\u0131 ise ziyaret\u00e7ilere g\u00fcne\u015f, kum ve denizle i\u00e7 i\u00e7e huzurlu bir tatil sunar. Bu e\u015fsiz destinasyonlar sayesinde \u0130zmir, d\u00fcnya \u00e7ap\u0131nda bir turizm merkezi haline gelmi\u015ftir.<\/span><\/p>\n<p><span style=\"font-weight: 400;\">Sa\u011fl\u0131\u011f\u0131n\u0131z\u0131 ve ya\u015fam kalitenizi iyile\u015ftirme yolculu\u011funuzda, sizi tarih, do\u011fa ve yenilikle harmanlanm\u0131\u015f bu e\u015fsiz \u015fehirde a\u011f\u0131rlamaktan mutluluk duyuyoruz.<\/span><span style=\"font-weight: 400;\"><br \/>\n<\/span><strong> \u0130zmir\u2019e ho\u015f geldiniz \u2014 burada ge\u00e7mi\u015fle gelecek el ele verir.<\/strong><\/p>\n","protected":false},"excerpt":{"rendered":"<p>Tarihle Modernli\u011fin Bulu\u015fma Noktas\u0131 Akdeniz\u2019in en k\u00f6kl\u00fc \u015fehirlerinden biri olan \u0130zmir, be\u015f bin y\u0131l\u0131 a\u015fk\u0131n tarihiyle medeniyetlere ev sahipli\u011fi yapm\u0131\u015f e\u015fsiz bir \u015fehirdir. Zengin tarihi, canl\u0131 k\u00fclt\u00fcr\u00fc ve etkileyici do\u011fas\u0131yla y\u00fczy\u0131llard\u0131r insanlar\u0131n ilgisini \u00e7eken bu g\u00fczel \u015fehir, bug\u00fcn de cazibesini korumaya devam ediyor. T\u00fcrkiye\u2019nin modern y\u00fczlerinden biri olan \u0130zmir; d\u00fcnya \u00e7ap\u0131nda \u00fcniversiteleri, g\u00fc\u00e7l\u00fc sanayi kurulu\u015flar\u0131 [&hellip;]<\/p>\n","protected":false},"author":1,"featured_media":0,"parent":0,"menu_order":57,"comment_status":"closed","ping_status":"closed","template":"","meta":{"footnotes":""},"class_list":["post-2690","page","type-page","status-publish","hentry"],"_links":{"self":[{"href":"https:\/\/yourmedcare.com\/tr\/wp-json\/wp\/v2\/pages\/2690","targetHints":{"allow":["GET"]}}],"collection":[{"href":"https:\/\/yourmedcare.com\/tr\/wp-json\/wp\/v2\/pages"}],"about":[{"href":"https:\/\/yourmedcare.com\/tr\/wp-json\/wp\/v2\/types\/page"}],"author":[{"embeddable":true,"href":"https:\/\/yourmedcare.com\/tr\/wp-json\/wp\/v2\/users\/1"}],"replies":[{"embeddable":true,"href":"https:\/\/yourmedcare.com\/tr\/wp-json\/wp\/v2\/comments?post=2690"}],"version-history":[{"count":3,"href":"https:\/\/yourmedcare.com\/tr\/wp-json\/wp\/v2\/pages\/2690\/revisions"}],"predecessor-version":[{"id":4889,"href":"https:\/\/yourmedcare.com\/tr\/wp-json\/wp\/v2\/pages\/2690\/revisions\/4889"}],"wp:attachment":[{"href":"https:\/\/yourmedcare.com\/tr\/wp-json\/wp\/v2\/media?parent=2690"}],"curies":[{"name":"wp","href":"https:\/\/api.w.org\/{rel}","templated":true}]}}