{"id":2688,"date":"2025-05-31T15:42:03","date_gmt":"2025-05-31T12:42:03","guid":{"rendered":"https:\/\/yourmedcare.com\/hakkinda\/lokasyonlarimiz\/bursa\/"},"modified":"2025-09-04T15:47:15","modified_gmt":"2025-09-04T12:47:15","slug":"bursa","status":"publish","type":"page","link":"https:\/\/yourmedcare.com\/tr\/bursa\/","title":{"rendered":"Bursa"},"content":{"rendered":"<h2><strong>Bursa \u2013 Tarih, Do\u011fa ve \u015eifan\u0131n Bulu\u015ftu\u011fu Ye\u015fil \u015eehir<\/strong><\/h2>\n<p><span style=\"font-weight: 400;\">T\u00fcrkiye\u2019nin kuzeybat\u0131s\u0131nda yer alan <strong>Bursa<\/strong>, tarihi zenginli\u011fi, yemye\u015fil do\u011fas\u0131 ve modern dokusuyla ziyaret\u00e7ilerine benzersiz bir deneyim sunan \u00f6zel bir \u015fehirdir. <strong><span style=\"text-decoration: underline;\">\u201cYe\u015fil Bursa\u201d<\/span> <\/strong>olarak an\u0131lan \u015fehir, parklar\u0131, ormanlar\u0131 ve bah\u00e7eleriyle do\u011fal g\u00fczelli\u011fini y\u00fczy\u0131llard\u0131r korumaktad\u0131r. Ayn\u0131 zamanda tarih boyunca \u00f6nemli bir k\u00fclt\u00fcr, ticaret ve siyaset merkezi olmu\u015ftur.<\/span><\/p>\n<p><span style=\"font-weight: 400;\">Osmanl\u0131 \u0130mparatorlu\u011fu\u2019nun ilk ba\u015fkenti olan Bursa, bu g\u00f6rkemli ge\u00e7mi\u015fin izlerini ta\u015f\u0131yan muazzam yap\u0131lar\u0131yla adeta <strong>a\u00e7\u0131k<\/strong> <strong>hava m\u00fczesidir<\/strong>. <strong>Ulu Cami, Ye\u015fil Cami <\/strong>ve<strong> tarihi Koza Han<\/strong> gibi yap\u0131lar, kentin zengin mimari miras\u0131n\u0131 g\u00f6zler \u00f6n\u00fcne serer. 15. y\u00fczy\u0131ldan kalma ipek \u00e7ar\u015f\u0131s\u0131 Koza Han h\u00e2l\u00e2 canl\u0131l\u0131\u011f\u0131n\u0131 korurken, Osmanl\u0131 sivil mimarisinin nadide \u00f6rneklerinden olan <strong>Cumal\u0131k\u0131z\u0131k K\u00f6y\u00fc<\/strong> ise <strong>UNESCO D\u00fcnya Miras\u0131 Listesi\u2019nde<\/strong> yer almakta ve ziyaret\u00e7ilerini tarihin derinliklerine g\u00f6t\u00fcrmektedir.<\/span><\/p>\n<p><span style=\"font-weight: 400;\">Bursa, tarihi kadar do\u011fas\u0131yla da b\u00fcy\u00fcler. T\u00fcrkiye\u2019nin en \u00f6nemli k\u0131\u015f turizmi merkezlerinden biri olan <span style=\"text-decoration: underline;\"><strong>Uluda\u011f<\/strong><\/span>, karla kapl\u0131 pistleriyle kayak severlerin g\u00f6zdesi olurken; yaz aylar\u0131nda do\u011fa y\u00fcr\u00fcy\u00fc\u015fleri, kamp ve piknikler i\u00e7in huzur dolu bir ka\u00e7\u0131\u015f sunar. \u015eehir, ayn\u0131 zamanda y\u00fczy\u0131llard\u0131r \u015fifa kayna\u011f\u0131 olan termal sular\u0131yla da tan\u0131n\u0131r. <em>Termal hamamlar ve sa\u011fl\u0131k merkezleri, hem bedensel hem zihinsel yenilenme arayanlar i\u00e7in e\u015fsiz bir deneyim vadeder.<\/em><\/span><\/p>\n<p><span style=\"font-weight: 400;\">Gastronomi a\u00e7\u0131s\u0131ndan da Bursa, T\u00fcrkiye\u2019nin en zengin mutfaklar\u0131ndan birine sahiptir. <strong>Me\u015fhur \u0130skender Kebab\u0131, kestane \u015fekeri<\/strong> ve daha bir\u00e7ok y\u00f6resel lezzet, \u015fehri ke\u015ffederken dama\u011f\u0131n\u0131zda unutulmaz tatlar b\u0131rak\u0131r.<\/span><\/p>\n<p><span style=\"font-weight: 400;\">\u0130ster tarihle i\u00e7 i\u00e7e bir yolculuk yapmak, ister do\u011fan\u0131n kuca\u011f\u0131nda huzur bulmak, ister termal sularda \u015fifalanmak isteyin \u2014 <span style=\"text-decoration: underline;\">Bursa, k\u00fclt\u00fcr, sa\u011fl\u0131k ve do\u011fay\u0131 bir araya getiren, sizi kendine hayran b\u0131rakacak bir \u015fehirdir.<\/span><\/span><\/p>\n<p><strong>Ye\u015filin, tarihin ve \u015fifan\u0131n kalbine ho\u015f geldiniz: Bursa sizi bekliyor.<br \/>\n<\/strong><\/p>\n","protected":false},"excerpt":{"rendered":"<p>Bursa \u2013 Tarih, Do\u011fa ve \u015eifan\u0131n Bulu\u015ftu\u011fu Ye\u015fil \u015eehir T\u00fcrkiye\u2019nin kuzeybat\u0131s\u0131nda yer alan Bursa, tarihi zenginli\u011fi, yemye\u015fil do\u011fas\u0131 ve modern dokusuyla ziyaret\u00e7ilerine benzersiz bir deneyim sunan \u00f6zel bir \u015fehirdir. \u201cYe\u015fil Bursa\u201d olarak an\u0131lan \u015fehir, parklar\u0131, ormanlar\u0131 ve bah\u00e7eleriyle do\u011fal g\u00fczelli\u011fini y\u00fczy\u0131llard\u0131r korumaktad\u0131r. Ayn\u0131 zamanda tarih boyunca \u00f6nemli bir k\u00fclt\u00fcr, ticaret ve siyaset merkezi olmu\u015ftur. Osmanl\u0131 [&hellip;]<\/p>\n","protected":false},"author":1,"featured_media":0,"parent":0,"menu_order":49,"comment_status":"closed","ping_status":"closed","template":"","meta":{"footnotes":""},"class_list":["post-2688","page","type-page","status-publish","hentry"],"_links":{"self":[{"href":"https:\/\/yourmedcare.com\/tr\/wp-json\/wp\/v2\/pages\/2688","targetHints":{"allow":["GET"]}}],"collection":[{"href":"https:\/\/yourmedcare.com\/tr\/wp-json\/wp\/v2\/pages"}],"about":[{"href":"https:\/\/yourmedcare.com\/tr\/wp-json\/wp\/v2\/types\/page"}],"author":[{"embeddable":true,"href":"https:\/\/yourmedcare.com\/tr\/wp-json\/wp\/v2\/users\/1"}],"replies":[{"embeddable":true,"href":"https:\/\/yourmedcare.com\/tr\/wp-json\/wp\/v2\/comments?post=2688"}],"version-history":[{"count":2,"href":"https:\/\/yourmedcare.com\/tr\/wp-json\/wp\/v2\/pages\/2688\/revisions"}],"predecessor-version":[{"id":4749,"href":"https:\/\/yourmedcare.com\/tr\/wp-json\/wp\/v2\/pages\/2688\/revisions\/4749"}],"wp:attachment":[{"href":"https:\/\/yourmedcare.com\/tr\/wp-json\/wp\/v2\/media?parent=2688"}],"curies":[{"name":"wp","href":"https:\/\/api.w.org\/{rel}","templated":true}]}}