{"id":6351,"date":"2025-07-24T15:45:55","date_gmt":"2025-07-24T12:45:55","guid":{"rendered":"https:\/\/yourmedcare.com\/demarrage-intelligent-un-apercu-de-votre-sante\/"},"modified":"2025-08-07T12:09:07","modified_gmt":"2025-08-07T09:09:07","slug":"demarrage-intelligent-un-apercu-de-votre-sante","status":"publish","type":"page","link":"https:\/\/yourmedcare.com\/fr\/demarrage-intelligent-un-apercu-de-votre-sante\/","title":{"rendered":"D\u00e9marrage Intelligent : Un Aper\u00e7u de Votre Sant\u00e9"},"content":{"rendered":"<style>\niframe[aria-label='Smart Start: Your Health Snapshot'] {\n  width: 100%;\n  border: none;\n  height: 3600px;\n}\n@media (max-width: 768px) {\n  iframe[aria-label='Smart Start: Your Health Snapshot'] {\n    height: 4750px;\n  }\n}\n<\/style>\n<p><iframe aria-label='Smart Start: Your Health Snapshot' frameborder=\"0\" allow=\"geolocation;\" src='https:\/\/forms.zoho.eu\/yourmedcare\/form\/CheckUpTest\/formperma\/RSAhsuXmMLCibNPOB732HZ9WPsK7FkK0ysdUOgtszmk?zf_lang=fr'><\/iframe><\/p>\n","protected":false},"excerpt":{"rendered":"","protected":false},"author":1,"featured_media":0,"parent":0,"menu_order":17,"comment_status":"closed","ping_status":"closed","template":"templates\/template--form.php","meta":{"footnotes":""},"class_list":["post-6351","page","type-page","status-publish","hentry"],"_links":{"self":[{"href":"https:\/\/yourmedcare.com\/fr\/wp-json\/wp\/v2\/pages\/6351","targetHints":{"allow":["GET"]}}],"collection":[{"href":"https:\/\/yourmedcare.com\/fr\/wp-json\/wp\/v2\/pages"}],"about":[{"href":"https:\/\/yourmedcare.com\/fr\/wp-json\/wp\/v2\/types\/page"}],"author":[{"embeddable":true,"href":"https:\/\/yourmedcare.com\/fr\/wp-json\/wp\/v2\/users\/1"}],"replies":[{"embeddable":true,"href":"https:\/\/yourmedcare.com\/fr\/wp-json\/wp\/v2\/comments?post=6351"}],"version-history":[{"count":2,"href":"https:\/\/yourmedcare.com\/fr\/wp-json\/wp\/v2\/pages\/6351\/revisions"}],"predecessor-version":[{"id":6866,"href":"https:\/\/yourmedcare.com\/fr\/wp-json\/wp\/v2\/pages\/6351\/revisions\/6866"}],"wp:attachment":[{"href":"https:\/\/yourmedcare.com\/fr\/wp-json\/wp\/v2\/media?parent=6351"}],"curies":[{"name":"wp","href":"https:\/\/api.w.org\/{rel}","templated":true}]}}