{"id":4187,"date":"2025-06-12T12:33:58","date_gmt":"2025-06-12T09:33:58","guid":{"rendered":"https:\/\/yourmedcare.com\/?page_id=4187"},"modified":"2025-09-04T15:54:49","modified_gmt":"2025-09-04T12:54:49","slug":"istanbul","status":"publish","type":"page","link":"https:\/\/yourmedcare.com\/fr\/istanbul\/","title":{"rendered":"Istanbul"},"content":{"rendered":"<p data-start=\"97\" data-end=\"536\"><strong data-start=\"97\" data-end=\"109\">Istanbul<\/strong>, l&rsquo;une des villes les plus envo\u00fbtantes du monde, se tient depuis des mill\u00e9naires <strong data-start=\"191\" data-end=\"225\">au carrefour des civilisations<\/strong>, reliant non seulement <strong data-start=\"249\" data-end=\"271\">l\u2019Europe et l\u2019Asie<\/strong>, mais aussi <strong data-start=\"284\" data-end=\"310\">le pass\u00e9 et le pr\u00e9sent<\/strong>. Ancienne capitale glorieuse de <strong data-start=\"343\" data-end=\"367\">trois grands empires<\/strong> \u2014 romain, byzantin et ottoman \u2014 cette ville porte en elle <strong data-start=\"426\" data-end=\"453\">les \u00e9chos de l\u2019histoire<\/strong>, <strong data-start=\"455\" data-end=\"500\">la beaut\u00e9 d\u2019une architecture intemporelle<\/strong> et <strong data-start=\"504\" data-end=\"535\">le rythme de la vie moderne<\/strong>.<\/p>\n<p data-start=\"538\" data-end=\"1027\">En fl\u00e2nant dans Istanbul, <strong data-start=\"564\" data-end=\"607\">chaque coin de rue raconte une histoire<\/strong>. Au c\u0153ur de la ville, la majestueuse <strong data-start=\"645\" data-end=\"662\">Sainte-Sophie<\/strong> se dresse comme un symbole de l\u2019h\u00e9ritage spirituel et architectural de la ville, tandis qu\u2019\u00e0 quelques pas, <strong data-start=\"770\" data-end=\"790\">la Mosqu\u00e9e Bleue<\/strong> enchante les visiteurs avec <strong data-start=\"819\" data-end=\"852\">ses fa\u00efences d\u00e9licates bleues<\/strong> et <strong data-start=\"856\" data-end=\"883\">ses coupoles imposantes<\/strong>. Le <strong data-start=\"888\" data-end=\"909\">palais de Topkap\u0131<\/strong> offre un aper\u00e7u fascinant de la splendeur des sultans ottomans, avec ses tr\u00e9sors et artefacts venus d\u2019un autre temps.<\/p>\n<p data-start=\"1029\" data-end=\"1523\"><strong data-start=\"1029\" data-end=\"1056\">La p\u00e9ninsule historique<\/strong> d\u2019Istanbul, connue sous le nom de <strong data-start=\"1091\" data-end=\"1106\">Sultanahmet<\/strong>, invite \u00e0 l\u2019exploration avec ses <strong data-start=\"1140\" data-end=\"1161\">ruelles sinueuses<\/strong>, ses <strong data-start=\"1167\" data-end=\"1184\">bazars anim\u00e9s<\/strong> et ses <strong data-start=\"1192\" data-end=\"1217\">monuments mill\u00e9naires<\/strong>. Pourtant, la ville ne vit pas seulement dans le pass\u00e9. <strong data-start=\"1274\" data-end=\"1305\">De l\u2019autre c\u00f4t\u00e9 du Bosphore<\/strong>, dans des quartiers comme <strong data-start=\"1332\" data-end=\"1343\">Karak\u00f6y<\/strong>, <strong data-start=\"1345\" data-end=\"1355\">Galata<\/strong> et <strong data-start=\"1359\" data-end=\"1370\">Kad\u0131k\u00f6y<\/strong>, les <strong data-start=\"1376\" data-end=\"1394\">galeries d\u2019art<\/strong>, <strong data-start=\"1396\" data-end=\"1419\">boutiques de design<\/strong> et <strong data-start=\"1423\" data-end=\"1447\">caf\u00e9s gastronomiques<\/strong> fleurissent, cr\u00e9ant <strong data-start=\"1468\" data-end=\"1522\" data-is-only-node=\"\">un \u00e9quilibre parfait entre tradition et innovation<\/strong>.<\/p>\n<p data-start=\"1525\" data-end=\"1841\">Le c\u00e9l\u00e8bre <strong data-start=\"1536\" data-end=\"1551\">Grand Bazar<\/strong>, l\u2019un des plus vastes et anciens march\u00e9s couverts au monde, \u00e9blouit avec <strong data-start=\"1625\" data-end=\"1654\">des milliers de boutiques<\/strong> proposant tapis, bijoux, \u00e9pices et antiquit\u00e9s. Non loin de l\u00e0, <strong data-start=\"1718\" data-end=\"1741\">le Bazar aux \u00c9pices<\/strong> s\u00e9duit les visiteurs avec ses <strong data-start=\"1772\" data-end=\"1792\">ar\u00f4mes exotiques<\/strong>, porteurs des <strong data-start=\"1807\" data-end=\"1840\">scents d\u2019Orient et d\u2019Occident<\/strong>.<\/p>\n<p data-start=\"1843\" data-end=\"2303\">Mais les merveilles d\u2019Istanbul ne s\u2019arr\u00eatent pas \u00e0 la terre ferme. Une <strong data-start=\"1914\" data-end=\"1952\">travers\u00e9e en ferry sur le Bosphore<\/strong> r\u00e9v\u00e8le des vues splendides sur les <strong data-start=\"1988\" data-end=\"2007\">palais ottomans<\/strong>, les <strong data-start=\"2013\" data-end=\"2056\">maisons en bois traditionnelles (yal\u0131s)<\/strong> et des chefs-d&rsquo;\u0153uvre architecturaux contemporains. \u00c0 quelques encablures, <strong data-start=\"2131\" data-end=\"2155\">les \u00eeles des Princes<\/strong> offrent un havre de paix loin de l\u2019effervescence urbaine, o\u00f9 <strong data-start=\"2217\" data-end=\"2270\">voitures laissent place aux cal\u00e8ches et aux v\u00e9los<\/strong>, et o\u00f9 le temps semble ralentir.<\/p>\n<p data-start=\"2305\" data-end=\"2738\">Sur le plan culturel, Istanbul est une <strong data-start=\"2344\" data-end=\"2376\">v\u00e9ritable puissance cr\u00e9ative<\/strong>. Elle accueille <strong data-start=\"2393\" data-end=\"2425\">des festivals internationaux<\/strong> de cin\u00e9ma, de musique et d\u2019art, ainsi que des mus\u00e9es de renomm\u00e9e mondiale comme <strong data-start=\"2506\" data-end=\"2527\">l\u2019Istanbul Modern<\/strong> et le <strong data-start=\"2534\" data-end=\"2548\">mus\u00e9e Pera<\/strong>. Sa sc\u00e8ne culinaire est tout aussi vari\u00e9e et acclam\u00e9e, allant des <strong data-start=\"2615\" data-end=\"2645\">mezz\u00e9s turcs traditionnels<\/strong> et <strong data-start=\"2649\" data-end=\"2659\">kebabs<\/strong> aux <strong data-start=\"2664\" data-end=\"2692\">cuisines fusion modernes<\/strong> \u00e9labor\u00e9es par <strong data-start=\"2707\" data-end=\"2737\">des chefs \u00e9toil\u00e9s Michelin<\/strong>.<\/p>\n<p data-start=\"2740\" data-end=\"3299\">Au-del\u00e0 du tourisme et de la culture, <strong data-start=\"2778\" data-end=\"2864\">Istanbul se distingue comme une \u00e9toile montante du secteur m\u00e9dical et du bien-\u00eatre<\/strong>. La ville propose <strong data-start=\"2883\" data-end=\"2913\">des h\u00f4pitaux ultramodernes<\/strong>, <strong data-start=\"2915\" data-end=\"2948\">des sp\u00e9cialistes exp\u00e9riment\u00e9s<\/strong>, et <strong data-start=\"2953\" data-end=\"3003\">des centres de convalescence de grande qualit\u00e9<\/strong>, faisant d\u2019elle l\u2019une des destinations les plus pris\u00e9es du <strong data-start=\"3063\" data-end=\"3084\">tourisme de sant\u00e9<\/strong>. De la <strong data-start=\"3092\" data-end=\"3116\">chirurgie esth\u00e9tique<\/strong> aux <strong data-start=\"3121\" data-end=\"3140\">soins dentaires<\/strong>, en passant par la <strong data-start=\"3160\" data-end=\"3183\">cardiologie avanc\u00e9e<\/strong> et <strong data-start=\"3187\" data-end=\"3213\">l\u2019orthop\u00e9die de pointe<\/strong>, Istanbul allie <strong data-start=\"3230\" data-end=\"3253\">excellence m\u00e9dicale<\/strong> et <strong data-start=\"3257\" data-end=\"3298\">charme d\u2019une m\u00e9tropole internationale<\/strong>.<\/p>\n<p data-start=\"3301\" data-end=\"3634\">Avec <strong data-start=\"3306\" data-end=\"3359\">sa combinaison unique d\u2019ancien et de contemporain<\/strong>, de <strong data-start=\"3364\" data-end=\"3391\">spirituel et de profane<\/strong>, Istanbul vous promet <strong data-start=\"3414\" data-end=\"3477\">bien plus qu\u2019une simple visite : une exp\u00e9rience inoubliable<\/strong>. C\u2019est <strong data-start=\"3485\" data-end=\"3560\">un lieu o\u00f9 les empires se sont succ\u00e9d\u00e9, o\u00f9 les continents se rejoignent<\/strong>, et o\u00f9 <strong data-start=\"3568\" data-end=\"3633\">chaque voyageur peut trouver un morceau de sa propre histoire<\/strong>.<\/p>\n<p data-start=\"3636\" data-end=\"3792\">Nous sommes ravis de vous accueillir dans cette ville extraordinaire \u2014 <strong data-start=\"3707\" data-end=\"3719\">Istanbul<\/strong>, o\u00f9 <strong data-start=\"3724\" data-end=\"3759\">l\u2019histoire, la beaut\u00e9 et la vie<\/strong> s\u2019unissent en parfaite harmonie.<\/p>\n","protected":false},"excerpt":{"rendered":"<p>Istanbul, l&rsquo;une des villes les plus envo\u00fbtantes du monde, se tient depuis des mill\u00e9naires au carrefour des civilisations, reliant non seulement l\u2019Europe et l\u2019Asie, mais aussi le pass\u00e9 et le pr\u00e9sent. Ancienne capitale glorieuse de trois grands empires \u2014 romain, byzantin et ottoman \u2014 cette ville porte en elle les \u00e9chos de l\u2019histoire, la beaut\u00e9 [&hellip;]<\/p>\n","protected":false},"author":1,"featured_media":0,"parent":0,"menu_order":85,"comment_status":"closed","ping_status":"closed","template":"","meta":{"footnotes":""},"class_list":["post-4187","page","type-page","status-publish","hentry"],"_links":{"self":[{"href":"https:\/\/yourmedcare.com\/fr\/wp-json\/wp\/v2\/pages\/4187","targetHints":{"allow":["GET"]}}],"collection":[{"href":"https:\/\/yourmedcare.com\/fr\/wp-json\/wp\/v2\/pages"}],"about":[{"href":"https:\/\/yourmedcare.com\/fr\/wp-json\/wp\/v2\/types\/page"}],"author":[{"embeddable":true,"href":"https:\/\/yourmedcare.com\/fr\/wp-json\/wp\/v2\/users\/1"}],"replies":[{"embeddable":true,"href":"https:\/\/yourmedcare.com\/fr\/wp-json\/wp\/v2\/comments?post=4187"}],"version-history":[{"count":4,"href":"https:\/\/yourmedcare.com\/fr\/wp-json\/wp\/v2\/pages\/4187\/revisions"}],"predecessor-version":[{"id":5197,"href":"https:\/\/yourmedcare.com\/fr\/wp-json\/wp\/v2\/pages\/4187\/revisions\/5197"}],"wp:attachment":[{"href":"https:\/\/yourmedcare.com\/fr\/wp-json\/wp\/v2\/media?parent=4187"}],"curies":[{"name":"wp","href":"https:\/\/api.w.org\/{rel}","templated":true}]}}