{"id":3207,"date":"2025-06-12T15:37:16","date_gmt":"2025-06-12T12:37:16","guid":{"rendered":"https:\/\/yourmedcare.com\/rgpd\/"},"modified":"2025-06-23T12:11:18","modified_gmt":"2025-06-23T09:11:18","slug":"rgpd","status":"publish","type":"page","link":"https:\/\/yourmedcare.com\/fr\/rgpd\/","title":{"rendered":"RGPD"},"content":{"rendered":"<div id=\"ez-toc-container\" class=\"ez-toc-v2_0_81 counter-hierarchy ez-toc-counter ez-toc-custom ez-toc-container-direction\">\n<div class=\"ez-toc-title-container\">\n<p class=\"ez-toc-title\" style=\"cursor:inherit\">Table of Contents<\/p>\n<span class=\"ez-toc-title-toggle\"><a href=\"#\" class=\"ez-toc-pull-right ez-toc-btn ez-toc-btn-xs ez-toc-btn-default ez-toc-toggle\" aria-label=\"Toggle Table of Content\"><span class=\"ez-toc-js-icon-con\"><span class=\"\"><span class=\"eztoc-hide\" style=\"display:none;\">Toggle<\/span><span class=\"ez-toc-icon-toggle-span\"><svg style=\"fill: #154175;color:#154175\" xmlns=\"http:\/\/www.w3.org\/2000\/svg\" class=\"list-377408\" width=\"20px\" height=\"20px\" viewBox=\"0 0 24 24\" fill=\"none\"><path d=\"M6 6H4v2h2V6zm14 0H8v2h12V6zM4 11h2v2H4v-2zm16 0H8v2h12v-2zM4 16h2v2H4v-2zm16 0H8v2h12v-2z\" fill=\"currentColor\"><\/path><\/svg><svg style=\"fill: #154175;color:#154175\" class=\"arrow-unsorted-368013\" xmlns=\"http:\/\/www.w3.org\/2000\/svg\" width=\"10px\" height=\"10px\" viewBox=\"0 0 24 24\" version=\"1.2\" baseProfile=\"tiny\"><path d=\"M18.2 9.3l-6.2-6.3-6.2 6.3c-.2.2-.3.4-.3.7s.1.5.3.7c.2.2.4.3.7.3h11c.3 0 .5-.1.7-.3.2-.2.3-.5.3-.7s-.1-.5-.3-.7zM5.8 14.7l6.2 6.3 6.2-6.3c.2-.2.3-.5.3-.7s-.1-.5-.3-.7c-.2-.2-.4-.3-.7-.3h-11c-.3 0-.5.1-.7.3-.2.2-.3.5-.3.7s.1.5.3.7z\"\/><\/svg><\/span><\/span><\/span><\/a><\/span><\/div>\n<nav><ul class='ez-toc-list ez-toc-list-level-1 ' ><li class='ez-toc-page-1 ez-toc-heading-level-2'><a class=\"ez-toc-link ez-toc-heading-1\" href=\"https:\/\/yourmedcare.com\/fr\/rgpd\/#DECLARATION_DE_CONFIDENTIALITE_%E2%80%93_PROTECTION_DES_DONNEES_PERSONNELLES\" >D\u00c9CLARATION DE CONFIDENTIALIT\u00c9 \u2013 PROTECTION DES DONN\u00c9ES PERSONNELLES<\/a><ul class='ez-toc-list-level-3' ><li class='ez-toc-heading-level-3'><a class=\"ez-toc-link ez-toc-heading-2\" href=\"https:\/\/yourmedcare.com\/fr\/rgpd\/#1_Responsable_du_traitement\" >1. Responsable du traitement<\/a><\/li><li class='ez-toc-page-1 ez-toc-heading-level-3'><a class=\"ez-toc-link ez-toc-heading-3\" href=\"https:\/\/yourmedcare.com\/fr\/rgpd\/#2_Donnees_personnelles_collectees\" >2. Donn\u00e9es personnelles collect\u00e9es<\/a><\/li><li class='ez-toc-page-1 ez-toc-heading-level-3'><a class=\"ez-toc-link ez-toc-heading-4\" href=\"https:\/\/yourmedcare.com\/fr\/rgpd\/#3_Finalites_du_traitement\" >3. Finalit\u00e9s du traitement<\/a><\/li><li class='ez-toc-page-1 ez-toc-heading-level-3'><a class=\"ez-toc-link ez-toc-heading-5\" href=\"https:\/\/yourmedcare.com\/fr\/rgpd\/#4_Destinataires_des_donnees\" >4. Destinataires des donn\u00e9es<\/a><\/li><li class='ez-toc-page-1 ez-toc-heading-level-3'><a class=\"ez-toc-link ez-toc-heading-6\" href=\"https:\/\/yourmedcare.com\/fr\/rgpd\/#5_Methodes_de_collecte_et_base_legale_du_traitement\" >5. M\u00e9thodes de collecte et base l\u00e9gale du traitement<\/a><\/li><li class='ez-toc-page-1 ez-toc-heading-level-3'><a class=\"ez-toc-link ez-toc-heading-7\" href=\"https:\/\/yourmedcare.com\/fr\/rgpd\/#6_Vos_droits_relatifs_aux_donnees_personnelles\" >6. Vos droits relatifs aux donn\u00e9es personnelles<\/a><\/li><\/ul><\/li><\/ul><\/nav><\/div>\n<h2 data-start=\"393\" data-end=\"470\"><span class=\"ez-toc-section\" id=\"DECLARATION_DE_CONFIDENTIALITE_%E2%80%93_PROTECTION_DES_DONNEES_PERSONNELLES\"><\/span><strong data-start=\"396\" data-end=\"468\">D\u00c9CLARATION DE CONFIDENTIALIT\u00c9 \u2013 PROTECTION DES DONN\u00c9ES PERSONNELLES<\/strong><span class=\"ez-toc-section-end\"><\/span><\/h2>\n<p data-start=\"471\" data-end=\"563\"><strong data-start=\"471\" data-end=\"563\">(Conform\u00e9ment \u00e0 la Loi turque n\u00b0 6698 sur la protection des donn\u00e9es personnelles \u2013 KVKK)<\/strong><\/p>\n<p data-start=\"565\" data-end=\"852\">Yourmedcare Medikal Turizm Dan\u0131\u015fmanl\u0131k Limited \u015eirketi (\u00ab la Soci\u00e9t\u00e9 \u00bb) vous informe, dans le cadre de la loi turque n\u00b0 6698 relative \u00e0 la protection des donn\u00e9es personnelles (\u00ab KVKK \u00bb), des modalit\u00e9s de collecte, de traitement, de transfert et de protection de vos donn\u00e9es personnelles.<\/p>\n<hr data-start=\"854\" data-end=\"857\" \/>\n<h3 data-start=\"859\" data-end=\"897\"><span class=\"ez-toc-section\" id=\"1_Responsable_du_traitement\"><\/span><strong data-start=\"863\" data-end=\"895\">1. Responsable du traitement<\/strong><span class=\"ez-toc-section-end\"><\/span><\/h3>\n<p data-start=\"898\" data-end=\"1239\"><strong data-start=\"898\" data-end=\"918\">Raison sociale :<\/strong> Yourmedcare Medikal Turizm Dan\u0131\u015fmanl\u0131k Limited \u015eirketi<br data-start=\"973\" data-end=\"976\" \/><strong data-start=\"976\" data-end=\"989\">Adresse :<\/strong> Akdeniz Mah. \u015eehit Fethibey Cad. Limboz \u0130\u015fhan\u0131 No:27, Porte int\u00e9rieure : 303, Konak, \u0130zmir 35210, Turquie<br data-start=\"1095\" data-end=\"1098\" \/><strong data-start=\"1098\" data-end=\"1113\">T\u00e9l\u00e9phone :<\/strong> +90 850 335 0740<br data-start=\"1130\" data-end=\"1133\" \/><strong data-start=\"1133\" data-end=\"1144\">Email :<\/strong> <a class=\"cursor-pointer\" rel=\"noopener\" data-start=\"1145\" data-end=\"1168\">contact@yourmedcare.com<\/a><br data-start=\"1168\" data-end=\"1171\" \/><strong data-start=\"1171\" data-end=\"1185\">Site Web :<\/strong> <a class=\"\" href=\"http:\/\/www.yourmedcare.com\" target=\"_new\" rel=\"noopener\" data-start=\"1186\" data-end=\"1205\">www.yourmedcare.com<\/a><br data-start=\"1205\" data-end=\"1208\" \/><strong data-start=\"1208\" data-end=\"1222\">WhatsApp :<\/strong> +90 549 879 7800<\/p>\n<hr data-start=\"1241\" data-end=\"1244\" \/>\n<h3 data-start=\"1246\" data-end=\"1290\"><span class=\"ez-toc-section\" id=\"2_Donnees_personnelles_collectees\"><\/span><strong data-start=\"1250\" data-end=\"1288\">2. Donn\u00e9es personnelles collect\u00e9es<\/strong><span class=\"ez-toc-section-end\"><\/span><\/h3>\n<p data-start=\"1291\" data-end=\"1378\">Nous pouvons \u00eatre amen\u00e9s \u00e0 traiter les cat\u00e9gories suivantes de donn\u00e9es personnelles :<\/p>\n<ul>\n<li data-start=\"1381\" data-end=\"1444\"><strong data-start=\"1381\" data-end=\"1403\">Donn\u00e9es d\u2019identit\u00e9<\/strong> (nom, pr\u00e9nom, date de naissance, etc.)<\/li>\n<li data-start=\"1447\" data-end=\"1505\"><strong data-start=\"1447\" data-end=\"1469\">Donn\u00e9es de contact<\/strong> (email, t\u00e9l\u00e9phone, adresse, etc.)<\/li>\n<li data-start=\"1508\" data-end=\"1574\"><strong data-start=\"1508\" data-end=\"1528\">Donn\u00e9es de sant\u00e9<\/strong> (informations m\u00e9dicales, ant\u00e9c\u00e9dents, etc.)<\/li>\n<li data-start=\"1577\" data-end=\"1627\"><strong data-start=\"1577\" data-end=\"1627\">Informations de passeport et donn\u00e9es de voyage<\/strong><\/li>\n<\/ul>\n<hr data-start=\"1629\" data-end=\"1632\" \/>\n<h3 data-start=\"1634\" data-end=\"1670\"><span class=\"ez-toc-section\" id=\"3_Finalites_du_traitement\"><\/span><strong data-start=\"1638\" data-end=\"1668\">3. Finalit\u00e9s du traitement<\/strong><span class=\"ez-toc-section-end\"><\/span><\/h3>\n<p data-start=\"1671\" data-end=\"1719\">Vos donn\u00e9es sont trait\u00e9es aux fins suivantes :<\/p>\n<ul>\n<li data-start=\"1722\" data-end=\"1784\">Planification et prestation de services de tourisme m\u00e9dical,<\/li>\n<li data-start=\"1787\" data-end=\"1846\">Organisation des traitements, h\u00e9bergements et transferts,<\/li>\n<li data-start=\"1849\" data-end=\"1921\">Communication avec les patients avant, pendant et apr\u00e8s les prestations.<\/li>\n<\/ul>\n<hr data-start=\"1923\" data-end=\"1926\" \/>\n<h3 data-start=\"1928\" data-end=\"1966\"><span class=\"ez-toc-section\" id=\"4_Destinataires_des_donnees\"><\/span><strong data-start=\"1932\" data-end=\"1964\">4. Destinataires des donn\u00e9es<\/strong><span class=\"ez-toc-section-end\"><\/span><\/h3>\n<p data-start=\"1967\" data-end=\"2094\">Vos donn\u00e9es personnelles peuvent \u00eatre transmises, dans le respect des obligations l\u00e9gales et avec les garanties appropri\u00e9es :<\/p>\n<ul>\n<li data-start=\"2097\" data-end=\"2188\">Aux h\u00f4pitaux, cliniques, m\u00e9decins et prestataires partenaires en Turquie et \u00e0 l\u2019\u00e9tranger,<\/li>\n<li data-start=\"2191\" data-end=\"2265\">Aux prestataires de services logistiques (h\u00e9bergement, transport, etc.),<\/li>\n<li data-start=\"2268\" data-end=\"2326\">Aux autorit\u00e9s comp\u00e9tentes, lorsque la l\u00e9gislation l\u2019exige.<\/li>\n<\/ul>\n<hr data-start=\"2328\" data-end=\"2331\" \/>\n<h3 data-start=\"2333\" data-end=\"2395\"><span class=\"ez-toc-section\" id=\"5_Methodes_de_collecte_et_base_legale_du_traitement\"><\/span><strong data-start=\"2337\" data-end=\"2393\">5. M\u00e9thodes de collecte et base l\u00e9gale du traitement<\/strong><span class=\"ez-toc-section-end\"><\/span><\/h3>\n<p data-start=\"2396\" data-end=\"2453\">Les donn\u00e9es sont collect\u00e9es par voie \u00e9lectronique via :<\/p>\n<ul>\n<li data-start=\"2456\" data-end=\"2489\">Formulaires sur notre site web,<\/li>\n<li data-start=\"2492\" data-end=\"2519\">Communications par email,<\/li>\n<li data-start=\"2522\" data-end=\"2569\">Messageries instantan\u00e9es telles que WhatsApp,<\/li>\n<li data-start=\"2572\" data-end=\"2593\">Appels t\u00e9l\u00e9phoniques.<\/li>\n<\/ul>\n<p data-start=\"2595\" data-end=\"2736\">La base juridique du traitement repose sur <strong data-start=\"2638\" data-end=\"2670\">votre consentement explicite<\/strong> et les obligations d\u00e9finies par la l\u00e9gislation turque applicable.<\/p>\n<hr data-start=\"2738\" data-end=\"2741\" \/>\n<h3 data-start=\"2743\" data-end=\"2800\"><span class=\"ez-toc-section\" id=\"6_Vos_droits_relatifs_aux_donnees_personnelles\"><\/span><strong data-start=\"2747\" data-end=\"2798\">6. Vos droits relatifs aux donn\u00e9es personnelles<\/strong><span class=\"ez-toc-section-end\"><\/span><\/h3>\n<p data-start=\"2801\" data-end=\"2890\">Conform\u00e9ment \u00e0 l\u2019article 11 de la loi n\u00b0 6698 (KVKK), vous disposez des droits suivants :<\/p>\n<ul>\n<li data-start=\"2894\" data-end=\"2954\">\u00catre inform\u00e9(e) du traitement de vos donn\u00e9es personnelles,<\/li>\n<li data-start=\"2957\" data-end=\"3009\">Obtenir des informations sur les donn\u00e9es trait\u00e9es,<\/li>\n<li data-start=\"3012\" data-end=\"3085\">Conna\u00eetre la finalit\u00e9 du traitement et s\u2019assurer qu\u2019elle est respect\u00e9e,<\/li>\n<li data-start=\"3088\" data-end=\"3162\">Identifier les destinataires de vos donn\u00e9es, en Turquie et \u00e0 l\u2019\u00e9tranger,<\/li>\n<li data-start=\"3165\" data-end=\"3229\">Demander la rectification de donn\u00e9es inexactes ou incompl\u00e8tes,<\/li>\n<li data-start=\"3232\" data-end=\"3328\">Demander l\u2019effacement ou la destruction de vos donn\u00e9es dans les conditions pr\u00e9vues par la loi,<\/li>\n<li data-start=\"3331\" data-end=\"3426\">Exiger que les tiers auxquels les donn\u00e9es ont \u00e9t\u00e9 transf\u00e9r\u00e9es soient inform\u00e9s de ces actions,<\/li>\n<li data-start=\"3429\" data-end=\"3520\">Vous opposer \u00e0 des d\u00e9cisions prises exclusivement sur la base d\u2019un traitement automatis\u00e9,<\/li>\n<li data-start=\"3523\" data-end=\"3613\">Demander r\u00e9paration en cas de pr\u00e9judice r\u00e9sultant d\u2019un traitement illicite de vos donn\u00e9es.<\/li>\n<\/ul>\n","protected":false},"excerpt":{"rendered":"<p>D\u00c9CLARATION DE CONFIDENTIALIT\u00c9 \u2013 PROTECTION DES DONN\u00c9ES PERSONNELLES (Conform\u00e9ment \u00e0 la Loi turque n\u00b0 6698 sur la protection des donn\u00e9es personnelles \u2013 KVKK) Yourmedcare Medikal Turizm Dan\u0131\u015fmanl\u0131k Limited \u015eirketi (\u00ab la Soci\u00e9t\u00e9 \u00bb) vous informe, dans le cadre de la loi turque n\u00b0 6698 relative \u00e0 la protection des donn\u00e9es personnelles (\u00ab KVKK \u00bb), des [&hellip;]<\/p>\n","protected":false},"author":1,"featured_media":0,"parent":0,"menu_order":87,"comment_status":"closed","ping_status":"closed","template":"","meta":{"footnotes":""},"class_list":["post-3207","page","type-page","status-publish","hentry"],"_links":{"self":[{"href":"https:\/\/yourmedcare.com\/fr\/wp-json\/wp\/v2\/pages\/3207","targetHints":{"allow":["GET"]}}],"collection":[{"href":"https:\/\/yourmedcare.com\/fr\/wp-json\/wp\/v2\/pages"}],"about":[{"href":"https:\/\/yourmedcare.com\/fr\/wp-json\/wp\/v2\/types\/page"}],"author":[{"embeddable":true,"href":"https:\/\/yourmedcare.com\/fr\/wp-json\/wp\/v2\/users\/1"}],"replies":[{"embeddable":true,"href":"https:\/\/yourmedcare.com\/fr\/wp-json\/wp\/v2\/comments?post=3207"}],"version-history":[{"count":1,"href":"https:\/\/yourmedcare.com\/fr\/wp-json\/wp\/v2\/pages\/3207\/revisions"}],"predecessor-version":[{"id":4753,"href":"https:\/\/yourmedcare.com\/fr\/wp-json\/wp\/v2\/pages\/3207\/revisions\/4753"}],"wp:attachment":[{"href":"https:\/\/yourmedcare.com\/fr\/wp-json\/wp\/v2\/media?parent=3207"}],"curies":[{"name":"wp","href":"https:\/\/api.w.org\/{rel}","templated":true}]}}