{"id":2061,"date":"2025-05-31T15:41:09","date_gmt":"2025-05-31T12:41:09","guid":{"rendered":"https:\/\/yourmedcare.com\/a-propos\/toutes-les-destinations\/kayseri\/"},"modified":"2025-09-15T12:48:40","modified_gmt":"2025-09-15T09:48:40","slug":"kayseri","status":"publish","type":"page","link":"https:\/\/yourmedcare.com\/fr\/kayseri\/","title":{"rendered":"Kayseri"},"content":{"rendered":"<p data-start=\"73\" data-end=\"392\"><strong data-start=\"73\" data-end=\"84\">Kayseri<\/strong>, situ\u00e9e en Anatolie centrale, est une ville au <strong data-start=\"132\" data-end=\"161\">riche h\u00e9ritage historique<\/strong> et \u00e0 <strong data-start=\"167\" data-end=\"212\">l\u2019identit\u00e9 culturelle profond\u00e9ment ancr\u00e9e<\/strong>. R\u00e9put\u00e9e pour son <strong data-start=\"231\" data-end=\"259\">architecture seldjoukide<\/strong>, ses anciens <strong data-start=\"273\" data-end=\"291\">caravans\u00e9rails<\/strong> et sa gastronomie, Kayseri est une ville charmante qui allie harmonieusement tradition et modernit\u00e9.<\/p>\n<p data-start=\"394\" data-end=\"888\">Parmi ses sites historiques embl\u00e9matiques figurent la <strong data-start=\"448\" data-end=\"466\">Grande Mosqu\u00e9e<\/strong>, le <strong data-start=\"471\" data-end=\"493\">ch\u00e2teau de Kayseri<\/strong> et <strong data-start=\"497\" data-end=\"528\">la station de ski d\u2019Erciyes<\/strong>, qui attire chaque ann\u00e9e les amateurs de sports d\u2019hiver. La <strong data-start=\"589\" data-end=\"627\">mosqu\u00e9e et le complexe Hunat Hatun<\/strong>, construits au XIII\u1d49 si\u00e8cle, repr\u00e9sentent un remarquable exemple du riche patrimoine seldjoukide de la ville. De plus, <strong data-start=\"747\" data-end=\"784\">le mus\u00e9e arch\u00e9ologique de Kayseri<\/strong> met en lumi\u00e8re l\u2019histoire ancienne de la r\u00e9gion, remontant aux civilisations <strong data-start=\"862\" data-end=\"887\">hittite et phrygienne<\/strong>.<\/p>\n<p data-start=\"890\" data-end=\"1258\">Kayseri est \u00e9galement renomm\u00e9e pour <strong data-start=\"926\" data-end=\"944\">sa gastronomie<\/strong>. Le <strong data-start=\"949\" data-end=\"958\">manti<\/strong> (raviolis turcs) est l\u2019un des plats les plus populaires de la ville. Connue pour ses <strong data-start=\"1044\" data-end=\"1062\">\u00e9pices uniques<\/strong> et ses saveurs intenses, Kayseri est un v\u00e9ritable paradis pour les amateurs de bonne cuisine. <strong data-start=\"1157\" data-end=\"1187\">Le sucuk (saucisse \u00e9pic\u00e9e)<\/strong> et <strong data-start=\"1191\" data-end=\"1206\">le past\u0131rma<\/strong> sont d&rsquo;autres sp\u00e9cialit\u00e9s locales \u00e0 ne pas manquer.<\/p>\n<p data-start=\"1260\" data-end=\"1642\">Pour ceux qui recherchent un mode de vie plus actif, <strong data-start=\"1313\" data-end=\"1363\">Kayseri est un centre d\u2019activit\u00e9s de plein air<\/strong>, notamment autour du <strong data-start=\"1385\" data-end=\"1401\">mont Erciyes<\/strong>, qui propose des possibilit\u00e9s de ski en hiver et de randonn\u00e9e en \u00e9t\u00e9. La ville offre \u00e9galement des exp\u00e9riences riches en <strong data-start=\"1523\" data-end=\"1551\">bien-\u00eatre et thermalisme<\/strong>, avec de nombreux <strong data-start=\"1570\" data-end=\"1598\">spas et centres de soins<\/strong> d\u00e9di\u00e9s \u00e0 la d\u00e9tente et \u00e0 la revitalisation.<\/p>\n<p data-start=\"1644\" data-end=\"1861\"><strong data-start=\"1644\" data-end=\"1655\">Kayseri<\/strong> est la destination id\u00e9ale pour ceux qui souhaitent <strong data-start=\"1707\" data-end=\"1754\">vivre une exp\u00e9rience culturelle authentique<\/strong> tout en profitant des <strong data-start=\"1777\" data-end=\"1815\">bienfaits des traitements thermaux<\/strong> et en explorant les merveilles de l\u2019Anatolie.<\/p>\n","protected":false},"excerpt":{"rendered":"<p>Kayseri, situ\u00e9e en Anatolie centrale, est une ville au riche h\u00e9ritage historique et \u00e0 l\u2019identit\u00e9 culturelle profond\u00e9ment ancr\u00e9e. R\u00e9put\u00e9e pour son architecture seldjoukide, ses anciens caravans\u00e9rails et sa gastronomie, Kayseri est une ville charmante qui allie harmonieusement tradition et modernit\u00e9. Parmi ses sites historiques embl\u00e9matiques figurent la Grande Mosqu\u00e9e, le ch\u00e2teau de Kayseri et la [&hellip;]<\/p>\n","protected":false},"author":1,"featured_media":0,"parent":0,"menu_order":62,"comment_status":"closed","ping_status":"closed","template":"","meta":{"footnotes":""},"class_list":["post-2061","page","type-page","status-publish","hentry"],"_links":{"self":[{"href":"https:\/\/yourmedcare.com\/fr\/wp-json\/wp\/v2\/pages\/2061","targetHints":{"allow":["GET"]}}],"collection":[{"href":"https:\/\/yourmedcare.com\/fr\/wp-json\/wp\/v2\/pages"}],"about":[{"href":"https:\/\/yourmedcare.com\/fr\/wp-json\/wp\/v2\/types\/page"}],"author":[{"embeddable":true,"href":"https:\/\/yourmedcare.com\/fr\/wp-json\/wp\/v2\/users\/1"}],"replies":[{"embeddable":true,"href":"https:\/\/yourmedcare.com\/fr\/wp-json\/wp\/v2\/comments?post=2061"}],"version-history":[{"count":3,"href":"https:\/\/yourmedcare.com\/fr\/wp-json\/wp\/v2\/pages\/2061\/revisions"}],"predecessor-version":[{"id":5193,"href":"https:\/\/yourmedcare.com\/fr\/wp-json\/wp\/v2\/pages\/2061\/revisions\/5193"}],"wp:attachment":[{"href":"https:\/\/yourmedcare.com\/fr\/wp-json\/wp\/v2\/media?parent=2061"}],"curies":[{"name":"wp","href":"https:\/\/api.w.org\/{rel}","templated":true}]}}