{"id":2060,"date":"2025-05-31T15:38:33","date_gmt":"2025-05-31T12:38:33","guid":{"rendered":"https:\/\/yourmedcare.com\/a-propos\/toutes-les-destinations\/izmir\/"},"modified":"2025-09-04T15:49:45","modified_gmt":"2025-09-04T12:49:45","slug":"izmir","status":"publish","type":"page","link":"https:\/\/yourmedcare.com\/fr\/izmir\/","title":{"rendered":"Izmir"},"content":{"rendered":"<p data-start=\"68\" data-end=\"419\"><strong data-start=\"68\" data-end=\"77\">Izmir<\/strong>, l\u2019une des plus anciennes villes de la r\u00e9gion m\u00e9diterran\u00e9enne, est <strong data-start=\"145\" data-end=\"208\">le berceau de la civilisation depuis plus de cinq mille ans<\/strong>. R\u00e9put\u00e9e pour sa richesse historique et sa culture vibrante, cette ville magnifique captive les visiteurs depuis des si\u00e8cles gr\u00e2ce \u00e0 ses paysages impressionnants et a toujours \u00e9t\u00e9 un centre d\u2019attraction majeur.<\/p>\n<p data-start=\"421\" data-end=\"693\">En tant que <strong data-start=\"433\" data-end=\"466\">symbole moderne de la Turquie<\/strong>, Izmir abrite des universit\u00e9s de renomm\u00e9e mondiale, des associations industrielles influentes, et m\u00eame <strong data-start=\"570\" data-end=\"605\">le 3\u1d49 Space Camp des \u00c9tats-Unis<\/strong>. Ici, la science et la technologie prosp\u00e8rent aux c\u00f4t\u00e9s d\u2019un riche patrimoine culturel.<\/p>\n<p data-start=\"695\" data-end=\"1210\">\u00c0 Izmir, <strong data-start=\"704\" data-end=\"756\">o\u00f9 l\u2019histoire, la culture et l\u2019art s\u2019entrelacent<\/strong>, les r\u00e9cits des empires anciens et des \u00e9poques r\u00e9volues continuent de s\u2019\u00e9panouir. Chaque ann\u00e9e, des visiteurs du monde entier viennent explorer ses nombreux tr\u00e9sors: <strong data-start=\"924\" data-end=\"956\">la c\u00e9l\u00e8bre Tour de l\u2019Horloge<\/strong> au centre-ville, <strong data-start=\"974\" data-end=\"1010\">le mus\u00e9e en plein air de l\u2019Agora<\/strong> datant du IV\u1d49 si\u00e8cle, <strong data-start=\"1033\" data-end=\"1065\">le bazar color\u00e9 de Kemeralt\u0131<\/strong>, <strong data-start=\"1067\" data-end=\"1107\">le caravans\u00e9rail ottoman Kizlaragasi<\/strong>, et surtout, <strong data-start=\"1121\" data-end=\"1149\">la cit\u00e9 antique d\u2019\u00c9ph\u00e8se<\/strong>, l\u2019un des sites arch\u00e9ologiques les plus importants au monde.<\/p>\n<p data-start=\"1212\" data-end=\"1923\"><strong data-start=\"1212\" data-end=\"1222\">\u00c9ph\u00e8se<\/strong> n\u2019est pas seulement un symbole de grandeur historique, elle poss\u00e8de aussi <strong data-start=\"1297\" data-end=\"1335\">une profonde importance religieuse<\/strong>. Jadis centre de culte de la d\u00e9esse grecque Art\u00e9mis, <strong data-start=\"1389\" data-end=\"1412\">le temple d\u2019Art\u00e9mis<\/strong> faisait partie des <strong data-start=\"1432\" data-end=\"1468\">Sept Merveilles du Monde Antique<\/strong>. La ville antique fut \u00e9galement un centre majeur du christianisme primitif. Selon la tradition chr\u00e9tienne, <strong data-start=\"1576\" data-end=\"1612\">l\u2019ap\u00f4tre Paul y a v\u00e9cu et pr\u00each\u00e9<\/strong>, et <strong data-start=\"1617\" data-end=\"1666\">\u00c9ph\u00e8se est \u00e9troitement li\u00e9e \u00e0 la Vierge Marie<\/strong>. <strong data-start=\"1668\" data-end=\"1694\">La Maison de la Vierge<\/strong>, situ\u00e9e sur les pentes du mont Koressos, est un lieu de p\u00e8lerinage pour de nombreux croyants. On pense que Marie y a pass\u00e9 les derni\u00e8res ann\u00e9es de sa vie, et ce sanctuaire attire chaque ann\u00e9e des milliers de visiteurs chr\u00e9tiens.<\/p>\n<p data-start=\"1925\" data-end=\"2405\"><strong data-start=\"1925\" data-end=\"1954\">La Biblioth\u00e8que de Celsus<\/strong>, autre monument embl\u00e9matique d\u2019\u00c9ph\u00e8se, n\u2019\u00e9tait pas seulement un centre de savoir, mais servait \u00e9galement de tombe monumentale pour <strong data-start=\"2086\" data-end=\"2112\">Tiberius Julius Celsus<\/strong>, un important gouverneur romain. \u00c9ph\u00e8se abrite aussi <strong data-start=\"2166\" data-end=\"2186\">le Grand Th\u00e9\u00e2tre<\/strong>, o\u00f9 des milliers de spectateurs assistaient \u00e0 des repr\u00e9sentations th\u00e9\u00e2trales, ainsi que <strong data-start=\"2275\" data-end=\"2298\">le Temple d\u2019Hadrien<\/strong>, <strong data-start=\"2300\" data-end=\"2323\">les Thermes romains<\/strong>, et bien d\u2019autres vestiges remarquables t\u00e9moignant du glorieux pass\u00e9 de la ville.<\/p>\n<p data-start=\"2407\" data-end=\"2727\">Au-del\u00e0 de la ville, <strong data-start=\"2428\" data-end=\"2504\">les superbes stations baln\u00e9aires de \u00c7e\u015fme, Fo\u00e7a, Ku\u015fadas\u0131 et Seferihisar<\/strong> invitent les voyageurs \u00e0 se d\u00e9tendre sur leurs plages baign\u00e9es de soleil, offrant un m\u00e9lange parfait de mer, sable et soleil. Ces destinations contribuent \u00e0 faire d\u2019<strong data-start=\"2670\" data-end=\"2726\">Izmir un v\u00e9ritable synonyme de tourisme d\u2019excellence<\/strong>.<\/p>\n<p data-start=\"2729\" data-end=\"2944\">Sur votre chemin vers la sant\u00e9 et le bien-\u00eatre, nous sommes ravis de vous accueillir dans notre ville rayonnante \u2014 <strong data-start=\"2844\" data-end=\"2853\">Izmir<\/strong>, o\u00f9 <strong data-start=\"2858\" data-end=\"2892\">histoire, beaut\u00e9 et innovation<\/strong> se rencontrent, <strong data-start=\"2909\" data-end=\"2943\">l\u2019ancien embrassant le moderne<\/strong>.<\/p>\n","protected":false},"excerpt":{"rendered":"<p>Izmir, l\u2019une des plus anciennes villes de la r\u00e9gion m\u00e9diterran\u00e9enne, est le berceau de la civilisation depuis plus de cinq mille ans. R\u00e9put\u00e9e pour sa richesse historique et sa culture vibrante, cette ville magnifique captive les visiteurs depuis des si\u00e8cles gr\u00e2ce \u00e0 ses paysages impressionnants et a toujours \u00e9t\u00e9 un centre d\u2019attraction majeur. En tant [&hellip;]<\/p>\n","protected":false},"author":1,"featured_media":0,"parent":0,"menu_order":56,"comment_status":"closed","ping_status":"closed","template":"","meta":{"footnotes":""},"class_list":["post-2060","page","type-page","status-publish","hentry"],"_links":{"self":[{"href":"https:\/\/yourmedcare.com\/fr\/wp-json\/wp\/v2\/pages\/2060","targetHints":{"allow":["GET"]}}],"collection":[{"href":"https:\/\/yourmedcare.com\/fr\/wp-json\/wp\/v2\/pages"}],"about":[{"href":"https:\/\/yourmedcare.com\/fr\/wp-json\/wp\/v2\/types\/page"}],"author":[{"embeddable":true,"href":"https:\/\/yourmedcare.com\/fr\/wp-json\/wp\/v2\/users\/1"}],"replies":[{"embeddable":true,"href":"https:\/\/yourmedcare.com\/fr\/wp-json\/wp\/v2\/comments?post=2060"}],"version-history":[{"count":5,"href":"https:\/\/yourmedcare.com\/fr\/wp-json\/wp\/v2\/pages\/2060\/revisions"}],"predecessor-version":[{"id":5436,"href":"https:\/\/yourmedcare.com\/fr\/wp-json\/wp\/v2\/pages\/2060\/revisions\/5436"}],"wp:attachment":[{"href":"https:\/\/yourmedcare.com\/fr\/wp-json\/wp\/v2\/media?parent=2060"}],"curies":[{"name":"wp","href":"https:\/\/api.w.org\/{rel}","templated":true}]}}