{"id":2059,"date":"2025-05-31T15:42:03","date_gmt":"2025-05-31T12:42:03","guid":{"rendered":"https:\/\/yourmedcare.com\/a-propos\/toutes-les-destinations\/bursa\/"},"modified":"2025-09-04T15:46:50","modified_gmt":"2025-09-04T12:46:50","slug":"bursa","status":"publish","type":"page","link":"https:\/\/yourmedcare.com\/fr\/bursa\/","title":{"rendered":"Bursa"},"content":{"rendered":"<p data-start=\"51\" data-end=\"407\"><strong data-start=\"51\" data-end=\"60\">Bursa<\/strong>, situ\u00e9e dans le nord-ouest de la Turquie, est une ville qui allie harmonieusement histoire, nature et modernit\u00e9 pour offrir une exp\u00e9rience inoubliable. Connue sous le nom de <strong data-start=\"235\" data-end=\"252\">\u00ab\u00a0Ville Verte\u00a0\u00bb<\/strong> en raison de ses parcs luxuriants, de ses for\u00eats et de ses jardins, Bursa constitue depuis des si\u00e8cles un centre culturel, politique et \u00e9conomique majeur.<\/p>\n<p data-start=\"409\" data-end=\"934\">Ville d&rsquo;une grande importance historique, <strong data-start=\"451\" data-end=\"505\">Bursa fut la premi\u00e8re capitale de l\u2019Empire ottoman<\/strong>, et son pass\u00e9 peut \u00eatre d\u00e9couvert \u00e0 travers des chefs-d&rsquo;\u0153uvre architecturaux encore debout aujourd&rsquo;hui, tels que la <strong data-start=\"622\" data-end=\"640\">Grande Mosqu\u00e9e<\/strong>, la <strong data-start=\"645\" data-end=\"662\">Mosqu\u00e9e Verte<\/strong> et le <strong data-start=\"669\" data-end=\"681\">Koza Han<\/strong>, c\u00e9l\u00e8bre march\u00e9 de la soie datant du XVe si\u00e8cle. Le <strong data-start=\"734\" data-end=\"760\">village de Cumal\u0131k\u0131z\u0131k<\/strong>, avec ses maisons traditionnelles de style ottoman, est class\u00e9 <strong data-start=\"824\" data-end=\"861\">au patrimoine mondial de l&rsquo;UNESCO<\/strong> et offre aux visiteurs un v\u00e9ritable voyage dans les racines de l\u2019empire.<\/p>\n<p data-start=\"936\" data-end=\"1344\">Au-del\u00e0 de son riche patrimoine, <strong data-start=\"969\" data-end=\"1031\">Bursa est \u00e9galement c\u00e9l\u00e8bre pour ses merveilles naturelles<\/strong>, comme le majestueux <strong data-start=\"1053\" data-end=\"1068\">mont Uluda\u011f<\/strong>, premi\u00e8re station de ski de Turquie en hiver et lieu pris\u00e9 pour la randonn\u00e9e et les pique-niques en \u00e9t\u00e9. Les <strong data-start=\"1178\" data-end=\"1196\">bains thermaux<\/strong>, utilis\u00e9s depuis des si\u00e8cles pour leurs vertus th\u00e9rapeutiques, invitent \u00e0 la d\u00e9tente et \u00e0 la r\u00e9g\u00e9n\u00e9ration pour les visiteurs en qu\u00eate de bien-\u00eatre.<\/p>\n<p data-start=\"1346\" data-end=\"1548\">L&rsquo;offre gastronomique de Bursa est tout aussi remarquable, avec des sp\u00e9cialit\u00e9s locales telles que le <strong data-start=\"1448\" data-end=\"1466\">kebab Iskender<\/strong> ou les <strong data-start=\"1474\" data-end=\"1497\">ch\u00e2taignes confites<\/strong>, qui refl\u00e8tent la richesse culinaire de la r\u00e9gion.<\/p>\n<p data-start=\"1550\" data-end=\"1770\">Que vous veniez pour plonger dans l\u2019histoire, profiter des eaux thermales bienfaisantes ou simplement vous d\u00e9tendre dans un \u00e9crin de verdure, <strong data-start=\"1692\" data-end=\"1770\">Bursa vous promet un \u00e9quilibre parfait entre bien-\u00eatre, culture et nature.<\/strong><\/p>\n","protected":false},"excerpt":{"rendered":"<p>Bursa, situ\u00e9e dans le nord-ouest de la Turquie, est une ville qui allie harmonieusement histoire, nature et modernit\u00e9 pour offrir une exp\u00e9rience inoubliable. Connue sous le nom de \u00ab\u00a0Ville Verte\u00a0\u00bb en raison de ses parcs luxuriants, de ses for\u00eats et de ses jardins, Bursa constitue depuis des si\u00e8cles un centre culturel, politique et \u00e9conomique majeur. [&hellip;]<\/p>\n","protected":false},"author":1,"featured_media":0,"parent":0,"menu_order":47,"comment_status":"closed","ping_status":"closed","template":"","meta":{"footnotes":""},"class_list":["post-2059","page","type-page","status-publish","hentry"],"_links":{"self":[{"href":"https:\/\/yourmedcare.com\/fr\/wp-json\/wp\/v2\/pages\/2059","targetHints":{"allow":["GET"]}}],"collection":[{"href":"https:\/\/yourmedcare.com\/fr\/wp-json\/wp\/v2\/pages"}],"about":[{"href":"https:\/\/yourmedcare.com\/fr\/wp-json\/wp\/v2\/types\/page"}],"author":[{"embeddable":true,"href":"https:\/\/yourmedcare.com\/fr\/wp-json\/wp\/v2\/users\/1"}],"replies":[{"embeddable":true,"href":"https:\/\/yourmedcare.com\/fr\/wp-json\/wp\/v2\/comments?post=2059"}],"version-history":[{"count":3,"href":"https:\/\/yourmedcare.com\/fr\/wp-json\/wp\/v2\/pages\/2059\/revisions"}],"predecessor-version":[{"id":5191,"href":"https:\/\/yourmedcare.com\/fr\/wp-json\/wp\/v2\/pages\/2059\/revisions\/5191"}],"wp:attachment":[{"href":"https:\/\/yourmedcare.com\/fr\/wp-json\/wp\/v2\/media?parent=2059"}],"curies":[{"name":"wp","href":"https:\/\/api.w.org\/{rel}","templated":true}]}}