{"id":2034,"date":"2025-05-27T22:11:49","date_gmt":"2025-05-27T19:11:49","guid":{"rendered":"https:\/\/yourmedcare.com\/qui-sommes-nous\/avertissement-medical\/"},"modified":"2025-08-30T12:37:42","modified_gmt":"2025-08-30T09:37:42","slug":"avertissement-medical","status":"publish","type":"page","link":"https:\/\/yourmedcare.com\/fr\/qui-sommes-nous\/avertissement-medical\/","title":{"rendered":"Avertissement M\u00e9dical"},"content":{"rendered":"<div id=\"ez-toc-container\" class=\"ez-toc-v2_0_82_2 counter-hierarchy ez-toc-counter ez-toc-custom ez-toc-container-direction\">\n<div class=\"ez-toc-title-container\">\n<p class=\"ez-toc-title\" style=\"cursor:inherit\">Table of Contents<\/p>\n<span class=\"ez-toc-title-toggle\"><a href=\"#\" class=\"ez-toc-pull-right ez-toc-btn ez-toc-btn-xs ez-toc-btn-default ez-toc-toggle\" aria-label=\"Toggle Table of Content\"><span class=\"ez-toc-js-icon-con\"><span class=\"\"><span class=\"eztoc-hide\" style=\"display:none;\">Toggle<\/span><span class=\"ez-toc-icon-toggle-span\"><svg style=\"fill: #154175;color:#154175\" xmlns=\"http:\/\/www.w3.org\/2000\/svg\" class=\"list-377408\" width=\"20px\" height=\"20px\" viewBox=\"0 0 24 24\" fill=\"none\"><path d=\"M6 6H4v2h2V6zm14 0H8v2h12V6zM4 11h2v2H4v-2zm16 0H8v2h12v-2zM4 16h2v2H4v-2zm16 0H8v2h12v-2z\" fill=\"currentColor\"><\/path><\/svg><svg style=\"fill: #154175;color:#154175\" class=\"arrow-unsorted-368013\" xmlns=\"http:\/\/www.w3.org\/2000\/svg\" width=\"10px\" height=\"10px\" viewBox=\"0 0 24 24\" version=\"1.2\" baseProfile=\"tiny\"><path d=\"M18.2 9.3l-6.2-6.3-6.2 6.3c-.2.2-.3.4-.3.7s.1.5.3.7c.2.2.4.3.7.3h11c.3 0 .5-.1.7-.3.2-.2.3-.5.3-.7s-.1-.5-.3-.7zM5.8 14.7l6.2 6.3 6.2-6.3c.2-.2.3-.5.3-.7s-.1-.5-.3-.7c-.2-.2-.4-.3-.7-.3h-11c-.3 0-.5.1-.7.3-.2.2-.3.5-.3.7s.1.5.3.7z\"\/><\/svg><\/span><\/span><\/span><\/a><\/span><\/div>\n<nav><ul class='ez-toc-list ez-toc-list-level-1 ' ><li class='ez-toc-page-1 ez-toc-heading-level-2'><a class=\"ez-toc-link ez-toc-heading-1\" href=\"https:\/\/yourmedcare.com\/fr\/qui-sommes-nous\/avertissement-medical\/#Avertissement_general\" >Avertissement g\u00e9n\u00e9ral<\/a><ul class='ez-toc-list-level-3' ><li class='ez-toc-heading-level-3'><a class=\"ez-toc-link ez-toc-heading-2\" href=\"https:\/\/yourmedcare.com\/fr\/qui-sommes-nous\/avertissement-medical\/#%E3%80%89A_titre_educatif_et_informatif_uniquement\" >\u232a\u00c0 titre \u00e9ducatif et informatif uniquement<\/a><\/li><\/ul><\/li><li class='ez-toc-page-1 ez-toc-heading-level-2'><a class=\"ez-toc-link ez-toc-heading-3\" href=\"https:\/\/yourmedcare.com\/fr\/qui-sommes-nous\/avertissement-medical\/#Avertissement_medical_%E2%80%93_Service_de_consultation_gratuite_YourMedCare\" >Avertissement m\u00e9dical \u2013 Service de consultation gratuite YourMedCare<\/a><ul class='ez-toc-list-level-3' ><li class='ez-toc-heading-level-3'><a class=\"ez-toc-link ez-toc-heading-4\" href=\"https:\/\/yourmedcare.com\/fr\/qui-sommes-nous\/avertissement-medical\/#%E3%80%89Votre_sante_notre_priorite_transparence_et_securite\" >\u232aVotre sant\u00e9, notre priorit\u00e9 : transparence et s\u00e9curit\u00e9<\/a><\/li><\/ul><\/li><\/ul><\/nav><\/div>\n<h2 data-start=\"227\" data-end=\"253\"><span class=\"ez-toc-section\" id=\"Avertissement_general\"><\/span>Avertissement g\u00e9n\u00e9ral<span class=\"ez-toc-section-end\"><\/span><\/h2>\n<h3 data-start=\"254\" data-end=\"522\"><span class=\"ez-toc-section\" id=\"%E3%80%89A_titre_educatif_et_informatif_uniquement\"><\/span><strong data-start=\"254\" data-end=\"299\">\u232a\u00c0 titre \u00e9ducatif et informatif uniquement<\/strong><span class=\"ez-toc-section-end\"><\/span><\/h3>\n<p data-start=\"254\" data-end=\"522\">Le contenu pr\u00e9sent\u00e9 sur ce site a pour objectif d\u2019informer et d\u2019accompagner les patients envisageant un voyage m\u00e9dical. Il ne doit pas \u00eatre consid\u00e9r\u00e9 comme un avis m\u00e9dical professionnel, un diagnostic ou un traitement.<\/p>\n<p data-start=\"524\" data-end=\"731\">Ces informations ne remplacent pas les conseils personnalis\u00e9s d\u2019un professionnel de sant\u00e9 qualifi\u00e9. Chaque patient ayant des besoins uniques, nous recommandons vivement de consulter votre m\u00e9decin traitant.<\/p>\n<p data-start=\"733\" data-end=\"969\">Certaines ressources peuvent \u00eatre adapt\u00e9es \u00e0 un usage \u00e9ducatif. Bien que la mention de la source soit appr\u00e9ci\u00e9e en cas de partage, certains supports visuels ou pr\u00e9sentations peuvent perdre de leur clart\u00e9 hors de leur contexte initial.<\/p>\n<h2 data-start=\"976\" data-end=\"1051\"><span class=\"ez-toc-section\" id=\"Avertissement_medical_%E2%80%93_Service_de_consultation_gratuite_YourMedCare\"><\/span>Avertissement m\u00e9dical \u2013 <em data-start=\"1003\" data-end=\"1049\">Service de consultation gratuite YourMedCare<\/em><span class=\"ez-toc-section-end\"><\/span><\/h2>\n<h3 data-start=\"1053\" data-end=\"1113\"><span class=\"ez-toc-section\" id=\"%E3%80%89Votre_sante_notre_priorite_transparence_et_securite\"><\/span><strong data-start=\"1053\" data-end=\"1111\">\u232aVotre sant\u00e9, notre priorit\u00e9 : transparence et s\u00e9curit\u00e9<\/strong><span class=\"ez-toc-section-end\"><\/span><\/h3>\n<p data-start=\"1115\" data-end=\"1187\">Notre service gratuit de consultation en ligne a pour but de fournir :<\/p>\n<ul>\n<li data-start=\"1190\" data-end=\"1303\">Une <strong data-start=\"1194\" data-end=\"1221\">\u00e9valuation pr\u00e9liminaire<\/strong> par nos chirurgiens partenaires \u00e0 partir des informations m\u00e9dicales transmises.<\/li>\n<li data-start=\"1306\" data-end=\"1393\">Une <strong data-start=\"1310\" data-end=\"1364\">vue d\u2019ensemble des options de traitement possibles<\/strong> et des r\u00e9sultats attendus.<\/li>\n<li data-start=\"1396\" data-end=\"1510\">Une <strong data-start=\"1400\" data-end=\"1433\">estimation des co\u00fbts associ\u00e9s<\/strong> pour des forfaits de soins complets, afin de mieux anticiper votre budget.<\/li>\n<\/ul>\n<p data-start=\"1512\" data-end=\"1533\">Veuillez noter :<\/p>\n<ul>\n<li data-start=\"1536\" data-end=\"1637\">Cette \u00e9valuation ne constitue <strong data-start=\"1566\" data-end=\"1634\">ni un diagnostic m\u00e9dical d\u00e9finitif, ni une garantie de r\u00e9sultats<\/strong>.<\/li>\n<li data-start=\"1640\" data-end=\"1789\">Les <strong data-start=\"1644\" data-end=\"1711\">recommandations finales, l\u2019\u00e9ligibilit\u00e9 et le plan de traitement<\/strong> ne peuvent \u00eatre confirm\u00e9s qu\u2019apr\u00e8s un examen m\u00e9dical complet en pr\u00e9sentiel.<\/li>\n<li data-start=\"1792\" data-end=\"2050\">Si vous \u00eates jug\u00e9(e) <strong data-start=\"1813\" data-end=\"1829\">non \u00e9ligible<\/strong> lors de la consultation en personne, des ajustements de votre plan de soins pourront \u00eatre n\u00e9cessaires. Ces estimations pr\u00e9alables visent \u00e0 \u00e9viter les annulations inattendues et \u00e0 mieux planifier votre parcours m\u00e9dical.<\/li>\n<\/ul>\n<p data-start=\"2052\" data-end=\"2220\">Nous recommandons \u00e0 tous les patients de consulter directement leur chirurgien traitant pour obtenir un avis personnalis\u00e9 et adapt\u00e9 \u00e0 leur sant\u00e9 et \u00e0 leurs objectifs.<\/p>\n","protected":false},"excerpt":{"rendered":"<p>Avertissement g\u00e9n\u00e9ral \u232a\u00c0 titre \u00e9ducatif et informatif uniquement Le contenu pr\u00e9sent\u00e9 sur ce site a pour objectif d\u2019informer et d\u2019accompagner les patients envisageant un voyage m\u00e9dical. Il ne doit pas \u00eatre consid\u00e9r\u00e9 comme un avis m\u00e9dical professionnel, un diagnostic ou un traitement. Ces informations ne remplacent pas les conseils personnalis\u00e9s d\u2019un professionnel de sant\u00e9 qualifi\u00e9. [&hellip;]<\/p>\n","protected":false},"author":1,"featured_media":0,"parent":2032,"menu_order":100,"comment_status":"closed","ping_status":"closed","template":"","meta":{"footnotes":""},"class_list":["post-2034","page","type-page","status-publish","hentry"],"_links":{"self":[{"href":"https:\/\/yourmedcare.com\/fr\/wp-json\/wp\/v2\/pages\/2034","targetHints":{"allow":["GET"]}}],"collection":[{"href":"https:\/\/yourmedcare.com\/fr\/wp-json\/wp\/v2\/pages"}],"about":[{"href":"https:\/\/yourmedcare.com\/fr\/wp-json\/wp\/v2\/types\/page"}],"author":[{"embeddable":true,"href":"https:\/\/yourmedcare.com\/fr\/wp-json\/wp\/v2\/users\/1"}],"replies":[{"embeddable":true,"href":"https:\/\/yourmedcare.com\/fr\/wp-json\/wp\/v2\/comments?post=2034"}],"version-history":[{"count":3,"href":"https:\/\/yourmedcare.com\/fr\/wp-json\/wp\/v2\/pages\/2034\/revisions"}],"predecessor-version":[{"id":7196,"href":"https:\/\/yourmedcare.com\/fr\/wp-json\/wp\/v2\/pages\/2034\/revisions\/7196"}],"up":[{"embeddable":true,"href":"https:\/\/yourmedcare.com\/fr\/wp-json\/wp\/v2\/pages\/2032"}],"wp:attachment":[{"href":"https:\/\/yourmedcare.com\/fr\/wp-json\/wp\/v2\/media?parent=2034"}],"curies":[{"name":"wp","href":"https:\/\/api.w.org\/{rel}","templated":true}]}}