{"id":2029,"date":"2025-04-28T21:42:47","date_gmt":"2025-04-28T18:42:47","guid":{"rendered":"https:\/\/yourmedcare.com\/politique-de-confidentialite\/"},"modified":"2025-06-16T22:47:58","modified_gmt":"2025-06-16T19:47:58","slug":"politique-de-confidentialite","status":"publish","type":"page","link":"https:\/\/yourmedcare.com\/fr\/politique-de-confidentialite\/","title":{"rendered":"Politique de confidentialit\u00e9"},"content":{"rendered":"\r\n<p data-start=\"172\" data-end=\"639\">Bienvenue chez Your MedCare (\u00ab nous \u00bb, \u00ab notre \u00bb, \u00ab nos \u00bb). Votre vie priv\u00e9e est notre priorit\u00e9 absolue. La pr\u00e9sente Politique de Confidentialit\u00e9 d\u00e9crit comment nous collectons, utilisons, partageons et prot\u00e9geons vos donn\u00e9es personnelles lorsque vous visitez notre site [<a class=\"\" href=\"http:\/\/www.yourmedcare.com\" target=\"_new\" rel=\"noopener\">www.yourmedcare.com<\/a>], utilisez nos services ou communiquez avec nous. Nous nous engageons \u00e0 garantir la confidentialit\u00e9 et la s\u00e9curit\u00e9 de vos informations selon les normes les plus strictes.<\/p>\r\n<div id=\"ez-toc-container\" class=\"ez-toc-v2_0_82_2 counter-hierarchy ez-toc-counter ez-toc-custom ez-toc-container-direction\">\n<div class=\"ez-toc-title-container\">\n<p class=\"ez-toc-title\" style=\"cursor:inherit\">Table of Contents<\/p>\n<span class=\"ez-toc-title-toggle\"><a href=\"#\" class=\"ez-toc-pull-right ez-toc-btn ez-toc-btn-xs ez-toc-btn-default ez-toc-toggle\" aria-label=\"Toggle Table of Content\"><span class=\"ez-toc-js-icon-con\"><span class=\"\"><span class=\"eztoc-hide\" style=\"display:none;\">Toggle<\/span><span class=\"ez-toc-icon-toggle-span\"><svg style=\"fill: #154175;color:#154175\" xmlns=\"http:\/\/www.w3.org\/2000\/svg\" class=\"list-377408\" width=\"20px\" height=\"20px\" viewBox=\"0 0 24 24\" fill=\"none\"><path d=\"M6 6H4v2h2V6zm14 0H8v2h12V6zM4 11h2v2H4v-2zm16 0H8v2h12v-2zM4 16h2v2H4v-2zm16 0H8v2h12v-2z\" fill=\"currentColor\"><\/path><\/svg><svg style=\"fill: #154175;color:#154175\" class=\"arrow-unsorted-368013\" xmlns=\"http:\/\/www.w3.org\/2000\/svg\" width=\"10px\" height=\"10px\" viewBox=\"0 0 24 24\" version=\"1.2\" baseProfile=\"tiny\"><path d=\"M18.2 9.3l-6.2-6.3-6.2 6.3c-.2.2-.3.4-.3.7s.1.5.3.7c.2.2.4.3.7.3h11c.3 0 .5-.1.7-.3.2-.2.3-.5.3-.7s-.1-.5-.3-.7zM5.8 14.7l6.2 6.3 6.2-6.3c.2-.2.3-.5.3-.7s-.1-.5-.3-.7c-.2-.2-.4-.3-.7-.3h-11c-.3 0-.5.1-.7.3-.2.2-.3.5-.3.7s.1.5.3.7z\"\/><\/svg><\/span><\/span><\/span><\/a><\/span><\/div>\n<nav><ul class='ez-toc-list ez-toc-list-level-1 ' ><li class='ez-toc-page-1 ez-toc-heading-level-2'><a class=\"ez-toc-link ez-toc-heading-1\" href=\"https:\/\/yourmedcare.com\/fr\/politique-de-confidentialite\/#Qui_sommes-nous\" >Qui sommes-nous ?<\/a><\/li><li class='ez-toc-page-1 ez-toc-heading-level-2'><a class=\"ez-toc-link ez-toc-heading-2\" href=\"https:\/\/yourmedcare.com\/fr\/politique-de-confidentialite\/#Quelles_donnees_personnelles_collectons-nous_et_pourquoi\" >Quelles donn\u00e9es personnelles collectons-nous et pourquoi ?<\/a><ul class='ez-toc-list-level-4' ><li class='ez-toc-heading-level-4'><ul class='ez-toc-list-level-4' ><li class='ez-toc-heading-level-4'><a class=\"ez-toc-link ez-toc-heading-3\" href=\"https:\/\/yourmedcare.com\/fr\/politique-de-confidentialite\/#Informations_personnelles_didentification\" >Informations personnelles d\u2019identification<\/a><\/li><li class='ez-toc-page-1 ez-toc-heading-level-4'><a class=\"ez-toc-link ez-toc-heading-4\" href=\"https:\/\/yourmedcare.com\/fr\/politique-de-confidentialite\/#Donnees_medicales\" >Donn\u00e9es m\u00e9dicales<\/a><\/li><li class='ez-toc-page-1 ez-toc-heading-level-4'><a class=\"ez-toc-link ez-toc-heading-5\" href=\"https:\/\/yourmedcare.com\/fr\/politique-de-confidentialite\/#Donnees_techniques\" >Donn\u00e9es techniques<\/a><\/li><li class='ez-toc-page-1 ez-toc-heading-level-4'><a class=\"ez-toc-link ez-toc-heading-6\" href=\"https:\/\/yourmedcare.com\/fr\/politique-de-confidentialite\/#Donnees_transactionnelles\" >Donn\u00e9es transactionnelles<\/a><ul class='ez-toc-list-level-5' ><li class='ez-toc-heading-level-5'><a class=\"ez-toc-link ez-toc-heading-7\" href=\"https:\/\/yourmedcare.com\/fr\/politique-de-confidentialite\/#Finalites_de_traitement\" >Finalit\u00e9s de traitement:<\/a><\/li><\/ul><\/li><\/ul><\/li><li class='ez-toc-page-1 ez-toc-heading-level-3'><a class=\"ez-toc-link ez-toc-heading-8\" href=\"https:\/\/yourmedcare.com\/fr\/politique-de-confidentialite\/#Base_legale_de_traitement\" >Base l\u00e9gale de traitement<\/a><\/li><li class='ez-toc-page-1 ez-toc-heading-level-3'><a class=\"ez-toc-link ez-toc-heading-9\" href=\"https:\/\/yourmedcare.com\/fr\/politique-de-confidentialite\/#Commentaires\" >Commentaires<\/a><\/li><li class='ez-toc-page-1 ez-toc-heading-level-3'><a class=\"ez-toc-link ez-toc-heading-10\" href=\"https:\/\/yourmedcare.com\/fr\/politique-de-confidentialite\/#Medias\" >M\u00e9dias<\/a><\/li><li class='ez-toc-page-1 ez-toc-heading-level-3'><a class=\"ez-toc-link ez-toc-heading-11\" href=\"https:\/\/yourmedcare.com\/fr\/politique-de-confidentialite\/#Formulaires_de_contact\" >Formulaires de contact<\/a><\/li><li class='ez-toc-page-1 ez-toc-heading-level-3'><a class=\"ez-toc-link ez-toc-heading-12\" href=\"https:\/\/yourmedcare.com\/fr\/politique-de-confidentialite\/#Cookies\" >Cookies<\/a><\/li><li class='ez-toc-page-1 ez-toc-heading-level-3'><a class=\"ez-toc-link ez-toc-heading-13\" href=\"https:\/\/yourmedcare.com\/fr\/politique-de-confidentialite\/#Outils_danalyse\" >Outils d\u2019analyse<\/a><\/li><li class='ez-toc-page-1 ez-toc-heading-level-3'><a class=\"ez-toc-link ez-toc-heading-14\" href=\"https:\/\/yourmedcare.com\/fr\/politique-de-confidentialite\/#Avec_qui_partageons-nous_vos_donnees\" >Avec qui partageons-nous vos donn\u00e9es ?<\/a><\/li><li class='ez-toc-page-1 ez-toc-heading-level-3'><a class=\"ez-toc-link ez-toc-heading-15\" href=\"https:\/\/yourmedcare.com\/fr\/politique-de-confidentialite\/#Duree_de_conservation_des_donnees\" >Dur\u00e9e de conservation des donn\u00e9es<\/a><\/li><li class='ez-toc-page-1 ez-toc-heading-level-3'><a class=\"ez-toc-link ez-toc-heading-16\" href=\"https:\/\/yourmedcare.com\/fr\/politique-de-confidentialite\/#Vos_droits_sur_vos_donnees_RGPD\" >Vos droits sur vos donn\u00e9es (RGPD)<\/a><\/li><li class='ez-toc-page-1 ez-toc-heading-level-3'><a class=\"ez-toc-link ez-toc-heading-17\" href=\"https:\/\/yourmedcare.com\/fr\/politique-de-confidentialite\/#Ou_vos_donnees_sont-elles_hebergees\" >O\u00f9 vos donn\u00e9es sont-elles h\u00e9berg\u00e9es ?<\/a><\/li><li class='ez-toc-page-1 ez-toc-heading-level-3'><a class=\"ez-toc-link ez-toc-heading-18\" href=\"https:\/\/yourmedcare.com\/fr\/politique-de-confidentialite\/#Comment_protegeons-nous_vos_donnees\" >Comment prot\u00e9geons-nous vos donn\u00e9es ?<\/a><\/li><li class='ez-toc-page-1 ez-toc-heading-level-3'><a class=\"ez-toc-link ez-toc-heading-19\" href=\"https:\/\/yourmedcare.com\/fr\/politique-de-confidentialite\/#En_cas_de_violation_de_donnees\" >En cas de violation de donn\u00e9es<\/a><\/li><li class='ez-toc-page-1 ez-toc-heading-level-3'><a class=\"ez-toc-link ez-toc-heading-20\" href=\"https:\/\/yourmedcare.com\/fr\/politique-de-confidentialite\/#Donnees_issues_de_tiers\" >Donn\u00e9es issues de tiers<\/a><\/li><li class='ez-toc-page-1 ez-toc-heading-level-3'><a class=\"ez-toc-link ez-toc-heading-21\" href=\"https:\/\/yourmedcare.com\/fr\/politique-de-confidentialite\/#Decisions_automatisees_et_profilage\" >D\u00e9cisions automatis\u00e9es et profilage<\/a><\/li><li class='ez-toc-page-1 ez-toc-heading-level-3'><a class=\"ez-toc-link ez-toc-heading-22\" href=\"https:\/\/yourmedcare.com\/fr\/politique-de-confidentialite\/#Conformite_reglementaire\" >Conformit\u00e9 r\u00e9glementaire<\/a><\/li><\/ul><\/li><\/ul><\/nav><\/div>\n<h2 class=\"wp-block-heading\" data-start=\"646\" data-end=\"673\"><span class=\"ez-toc-section\" id=\"Qui_sommes-nous\"><\/span><strong data-start=\"650\" data-end=\"671\">Qui sommes-nous ?<\/strong><span class=\"ez-toc-section-end\"><\/span><\/h2>\r\n<p data-start=\"674\" data-end=\"863\">Your MedCare est une plateforme d\u2019interm\u00e9diation en tourisme m\u00e9dical, op\u00e9r\u00e9e par <strong data-start=\"755\" data-end=\"813\">Yourmedcare Medikal Turizm Dan\u0131\u015fmanl\u0131k Limited \u015eirketi<\/strong>, dont le si\u00e8ge est situ\u00e9 \u00e0 l\u2019adresse suivante :<\/p>\r\n<p data-start=\"865\" data-end=\"970\"><strong data-start=\"865\" data-end=\"968\">Akdeniz Mah. \u015eehit Fethibey Cad. Limboz Business Center No: 27 D: 303 Konak \/ \u0130zmir 35210 \u2013 Turquie<\/strong><\/p>\r\n<p data-start=\"972\" data-end=\"1165\">Vous pouvez nous contacter \u00e0 propos de cette politique de confidentialit\u00e9 via :<br data-start=\"1051\" data-end=\"1054\" \/><strong data-start=\"1054\" data-end=\"1066\">E-mail :<\/strong> [<a class=\"cursor-pointer\" rel=\"noopener\">privacy@yourmedcare.com<\/a>]<br data-start=\"1092\" data-end=\"1095\" \/><strong data-start=\"1095\" data-end=\"1110\">T\u00e9l\u00e9phone :<\/strong> [+90 850 335 07 40]<br data-start=\"1130\" data-end=\"1133\" \/><strong data-start=\"1133\" data-end=\"1152\">Num\u00e9ro fiscal :<\/strong> [9821094335]<\/p>\r\n<h2 data-start=\"1172\" data-end=\"1238\"><span class=\"ez-toc-section\" id=\"Quelles_donnees_personnelles_collectons-nous_et_pourquoi\"><\/span><strong data-start=\"1176\" data-end=\"1238\">Quelles donn\u00e9es personnelles collectons-nous et pourquoi ?<\/strong><span class=\"ez-toc-section-end\"><\/span><\/h2>\r\n<h4 data-start=\"1240\" data-end=\"1293\"><span class=\"ez-toc-section\" id=\"Informations_personnelles_didentification\"><\/span><strong data-start=\"1245\" data-end=\"1291\">Informations personnelles d\u2019identification<\/strong><span class=\"ez-toc-section-end\"><\/span><\/h4>\r\n<ul>\r\n<li data-start=\"1296\" data-end=\"1309\">Nom, pr\u00e9nom<\/li>\r\n<li data-start=\"1312\" data-end=\"1349\">Adresse e-mail, num\u00e9ro de t\u00e9l\u00e9phone<\/li>\r\n<li data-start=\"1352\" data-end=\"1368\">Pays d\u2019origine<\/li>\r\n<li data-start=\"1371\" data-end=\"1470\">Copie du passeport ou de la carte d&rsquo;identit\u00e9 (si n\u00e9cessaire pour organiser un traitement m\u00e9dical)<\/li>\r\n<\/ul>\r\n<h4 data-start=\"1472\" data-end=\"1500\"><span class=\"ez-toc-section\" id=\"Donnees_medicales\"><\/span><strong data-start=\"1477\" data-end=\"1498\">Donn\u00e9es m\u00e9dicales<\/strong><span class=\"ez-toc-section-end\"><\/span><\/h4>\r\n<ul>\r\n<li data-start=\"1503\" data-end=\"1570\">Ant\u00e9c\u00e9dents m\u00e9dicaux, pr\u00e9f\u00e9rences de traitement, photos m\u00e9dicales<\/li>\r\n<li data-start=\"1503\" data-end=\"1570\">Collect\u00e9es uniquement avec votre consentement explicite, elles servent \u00e0 proposer un accompagnement personnalis\u00e9 et un plan de soins adapt\u00e9.<\/li>\r\n<\/ul>\r\n<h4 data-start=\"1715\" data-end=\"1744\"><span class=\"ez-toc-section\" id=\"Donnees_techniques\"><\/span><strong data-start=\"1720\" data-end=\"1742\">Donn\u00e9es techniques<\/strong><span class=\"ez-toc-section-end\"><\/span><\/h4>\r\n<ul>\r\n<li data-start=\"1747\" data-end=\"1816\">Adresse IP, type de navigateur, informations sur l\u2019appareil utilis\u00e9<\/li>\r\n<li data-start=\"1819\" data-end=\"1881\">Cookies et donn\u00e9es d\u2019utilisation pour l\u2019optimisation du site<\/li>\r\n<\/ul>\r\n<h4 data-start=\"1883\" data-end=\"1919\"><span class=\"ez-toc-section\" id=\"Donnees_transactionnelles\"><\/span><strong data-start=\"1888\" data-end=\"1917\">Donn\u00e9es transactionnelles<\/strong><span class=\"ez-toc-section-end\"><\/span><\/h4>\r\n<ul data-start=\"1920\" data-end=\"1981\">\r\n<li data-start=\"1920\" data-end=\"1981\">\r\n<p data-start=\"1922\" data-end=\"1981\">Informations de paiement ou de facturation, si applicable<\/p>\r\n<\/li>\r\n<\/ul>\r\n<h5 data-start=\"1983\" data-end=\"2016\"><span class=\"ez-toc-section\" id=\"Finalites_de_traitement\"><\/span>Finalit\u00e9s de traitement:<span class=\"ez-toc-section-end\"><\/span><\/h5>\r\n<ul>\r\n<li data-start=\"2019\" data-end=\"2077\">\u00c9laboration de propositions de traitement personnalis\u00e9es<\/li>\r\n<li data-start=\"2080\" data-end=\"2115\">Communication li\u00e9e \u00e0 vos demandes<\/li>\r\n<li data-start=\"2118\" data-end=\"2182\">Organisation des rendez-vous m\u00e9dicaux et logistiques de voyage<\/li>\r\n<li data-start=\"2185\" data-end=\"2218\">Respect des obligations l\u00e9gales<\/li>\r\n<li data-start=\"2221\" data-end=\"2261\">Am\u00e9lioration de la performance du site<\/li>\r\n<li data-start=\"2264\" data-end=\"2315\">Continuit\u00e9 du service via notre CRM s\u00e9curis\u00e9 (Zoho)<\/li>\r\n<\/ul>\r\n<h3 data-start=\"2322\" data-end=\"2357\"><span class=\"ez-toc-section\" id=\"Base_legale_de_traitement\"><\/span><strong data-start=\"2326\" data-end=\"2355\">Base l\u00e9gale de traitement<\/strong><span class=\"ez-toc-section-end\"><\/span><\/h3>\r\n<p data-start=\"2358\" data-end=\"2393\">Nous traitons vos donn\u00e9es selon :<\/p>\r\n<ul>\r\n<li data-start=\"2396\" data-end=\"2430\">Votre <strong data-start=\"2402\" data-end=\"2428\">consentement explicite<\/strong><\/li>\r\n<li data-start=\"2433\" data-end=\"2465\">La <strong data-start=\"2436\" data-end=\"2463\">n\u00e9cessit\u00e9 contractuelle<\/strong><\/li>\r\n<\/ul>\r\n<p>Ou nos <strong data-start=\"2475\" data-end=\"2498\">obligations l\u00e9gales<\/strong>, en conformit\u00e9 avec les articles 6 et 9 du RGPD pour les donn\u00e9es sensibles de sant\u00e9.<br \/><br \/><\/p>\r\n<h3 data-start=\"2590\" data-end=\"2612\"><span class=\"ez-toc-section\" id=\"Commentaires\"><\/span><strong data-start=\"2594\" data-end=\"2610\">Commentaires<\/strong><span class=\"ez-toc-section-end\"><\/span><\/h3>\r\n<p data-start=\"2613\" data-end=\"2794\">Si les commentaires sont activ\u00e9s, nous collectons les donn\u00e9es fournies dans le formulaire, ainsi que l\u2019adresse IP et l\u2019agent utilisateur de votre navigateur pour pr\u00e9venir les spams.<\/p>\r\n<h3 data-start=\"2801\" data-end=\"2817\"><span class=\"ez-toc-section\" id=\"Medias\"><\/span><strong data-start=\"2805\" data-end=\"2815\">M\u00e9dias<\/strong><span class=\"ez-toc-section-end\"><\/span><\/h3>\r\n<p data-start=\"2818\" data-end=\"3010\">Si vous nous envoyez des images (pour des \u00e9valuations m\u00e9dicales, par exemple), \u00e9vitez d\u2019inclure des donn\u00e9es de localisation (EXIF GPS), qui pourraient \u00eatre extraites par d\u2019autres utilisateurs.<\/p>\r\n<h3 data-start=\"3017\" data-end=\"3049\"><span class=\"ez-toc-section\" id=\"Formulaires_de_contact\"><\/span><strong data-start=\"3021\" data-end=\"3047\">Formulaires de contact<\/strong><span class=\"ez-toc-section-end\"><\/span><\/h3>\r\n<p data-start=\"3050\" data-end=\"3111\">Les donn\u00e9es transmises via nos formulaires s\u00e9curis\u00e9s sont :<\/p>\r\n<ul>\r\n<li data-start=\"3114\" data-end=\"3187\">Conserv\u00e9es pendant <strong data-start=\"3133\" data-end=\"3144\">12 mois<\/strong>, \u00e0 des fins de service client ou d\u2019audit<\/li>\r\n<li data-start=\"3190\" data-end=\"3264\"><strong data-start=\"3190\" data-end=\"3262\">Jamais utilis\u00e9es \u00e0 des fins commerciales sans votre accord explicite<\/strong><\/li>\r\n<li data-start=\"3267\" data-end=\"3328\">Stock\u00e9es de mani\u00e8re s\u00e9curis\u00e9e dans Zoho CRM, avec chiffrement<\/li>\r\n<\/ul>\r\n<h3 data-start=\"3335\" data-end=\"3352\"><span class=\"ez-toc-section\" id=\"Cookies\"><\/span><strong data-start=\"3339\" data-end=\"3350\">Cookies<\/strong><span class=\"ez-toc-section-end\"><\/span><\/h3>\r\n<p data-start=\"3353\" data-end=\"3402\">Notre site utilise plusieurs types de cookies :<\/p>\r\n<ul>\r\n<li data-start=\"3405\" data-end=\"3460\">Cookies essentiels pour le bon fonctionnement du site<\/li>\r\n<li data-start=\"3463\" data-end=\"3540\">Cookies analytiques (ex : Google Analytics) pour am\u00e9liorer les performances<\/li>\r\n<li data-start=\"3543\" data-end=\"3585\">Cookies tiers li\u00e9s aux contenus int\u00e9gr\u00e9s<\/li>\r\n<\/ul>\r\n<p data-start=\"3587\" data-end=\"3660\">Vous pouvez g\u00e9rer vos pr\u00e9f\u00e9rences via les param\u00e8tres de votre navigateur.<\/p>\r\n<h3 data-start=\"3667\" data-end=\"3693\"><span class=\"ez-toc-section\" id=\"Outils_danalyse\"><\/span><strong data-start=\"3671\" data-end=\"3691\">Outils d\u2019analyse<\/strong><span class=\"ez-toc-section-end\"><\/span><\/h3>\r\n<p data-start=\"3694\" data-end=\"3712\">Nous utilisons :<\/p>\r\n<ul>\r\n<li data-start=\"3715\" data-end=\"3774\"><strong data-start=\"3715\" data-end=\"3735\">Google Analytics<\/strong> (avec anonymisation de l\u2019adresse IP)<\/li>\r\n<li data-start=\"3777\" data-end=\"3832\"><strong data-start=\"3777\" data-end=\"3810\">Modules d\u2019analyse de Zoho CRM<\/strong> (conformes au RGPD)<\/li>\r\n<\/ul>\r\n<p data-start=\"3834\" data-end=\"3985\">Vous pouvez d\u00e9sactiver ces outils \u00e0 l\u2019aide de modules compl\u00e9mentaires de votre navigateur ou via l\u2019outil officiel de d\u00e9sactivation de Google Analytics.<\/p>\r\n<h3 data-start=\"3992\" data-end=\"4038\"><span class=\"ez-toc-section\" id=\"Avec_qui_partageons-nous_vos_donnees\"><\/span><strong data-start=\"3996\" data-end=\"4038\">Avec qui partageons-nous vos donn\u00e9es ?<\/strong><span class=\"ez-toc-section-end\"><\/span><\/h3>\r\n<p data-start=\"4040\" data-end=\"4144\">Nous ne partageons vos donn\u00e9es qu\u2019avec des tiers indispensables \u00e0 la bonne ex\u00e9cution de nos services :<\/p>\r\n<ul>\r\n<li data-start=\"4147\" data-end=\"4274\"><strong data-start=\"4147\" data-end=\"4197\">Professionnels de sant\u00e9, cliniques ou h\u00f4pitaux<\/strong> (avec votre consentement, exclusivement pour l\u2019organisation du traitement)<\/li>\r\n<li data-start=\"4277\" data-end=\"4369\"><strong data-start=\"4277\" data-end=\"4297\">Zoho Corporation<\/strong>, notre prestataire CRM \u2013 voir la Politique de Confidentialit\u00e9 de Zoho<\/li>\r\n<li data-start=\"4372\" data-end=\"4434\"><strong data-start=\"4372\" data-end=\"4390\">Services cloud<\/strong> pour le stockage s\u00e9curis\u00e9 de vos fichiers<\/li>\r\n<li data-start=\"4437\" data-end=\"4483\"><strong data-start=\"4437\" data-end=\"4465\">Prestataires de paiement<\/strong>, le cas \u00e9ch\u00e9ant<\/li>\r\n<\/ul>\r\n<blockquote data-start=\"4485\" data-end=\"4536\">\r\n<p data-start=\"4487\" data-end=\"4536\">Vos donn\u00e9es ne sont <strong data-start=\"4507\" data-end=\"4535\">jamais vendues ni lou\u00e9es<\/strong>.<\/p>\r\n<\/blockquote>\r\n<h3 data-start=\"4543\" data-end=\"4586\"><span class=\"ez-toc-section\" id=\"Duree_de_conservation_des_donnees\"><\/span><strong data-start=\"4547\" data-end=\"4584\">Dur\u00e9e de conservation des donn\u00e9es<\/strong><span class=\"ez-toc-section-end\"><\/span><\/h3>\r\n<ul>\r\n<li data-start=\"4589\" data-end=\"4627\">Formulaires de contact : <strong data-start=\"4614\" data-end=\"4625\">12 mois<\/strong><\/li>\r\n<li data-start=\"4630\" data-end=\"4703\">Dossiers m\u00e9dicaux : <strong data-start=\"4650\" data-end=\"4668\">jusqu\u2019\u00e0 10 ans<\/strong>, selon la l\u00e9gislation en vigueur<\/li>\r\n<li data-start=\"4706\" data-end=\"4752\">Donn\u00e9es issues des cookies : <strong data-start=\"4735\" data-end=\"4750\">6 \u00e0 12 mois<\/strong><\/li>\r\n<li data-start=\"4755\" data-end=\"4818\">Donn\u00e9es analytiques : <strong data-start=\"4777\" data-end=\"4788\">14 mois<\/strong> (valeur par d\u00e9faut de Google)<\/li>\r\n<\/ul>\r\n<h3 data-start=\"4825\" data-end=\"4866\"><span class=\"ez-toc-section\" id=\"Vos_droits_sur_vos_donnees_RGPD\"><\/span><strong data-start=\"4829\" data-end=\"4866\">Vos droits sur vos donn\u00e9es (RGPD)<\/strong><span class=\"ez-toc-section-end\"><\/span><\/h3>\r\n<p data-start=\"4868\" data-end=\"4905\">Vous disposez des droits suivants :<\/p>\r\n<ul>\r\n<li data-start=\"4908\" data-end=\"4929\">Acc\u00e8s \u00e0 vos donn\u00e9es<\/li>\r\n<li data-start=\"4932\" data-end=\"4947\">Rectification<\/li>\r\n<li data-start=\"4950\" data-end=\"4985\">Suppression (\u00ab droit \u00e0 l\u2019oubli \u00bb)<\/li>\r\n<li data-start=\"4988\" data-end=\"5013\">Retrait du consentement<\/li>\r\n<li data-start=\"5016\" data-end=\"5042\">Opposition au traitement<\/li>\r\n<li data-start=\"5045\" data-end=\"5070\">Portabilit\u00e9 des donn\u00e9es<\/li>\r\n<\/ul>\r\n<p data-start=\"5072\" data-end=\"5136\">Pour exercer vos droits, contactez: <strong data-start=\"5109\" data-end=\"5136\"><a class=\"cursor-pointer\" rel=\"noopener\" data-start=\"5111\" data-end=\"5134\">privacy@yourmedcare.com<\/a><\/strong><\/p>\r\n<h3 data-start=\"5143\" data-end=\"5188\"><span class=\"ez-toc-section\" id=\"Ou_vos_donnees_sont-elles_hebergees\"><\/span><strong data-start=\"5147\" data-end=\"5188\">O\u00f9 vos donn\u00e9es sont-elles h\u00e9berg\u00e9es ?<\/strong><span class=\"ez-toc-section-end\"><\/span><\/h3>\r\n<p data-start=\"5190\" data-end=\"5239\">Vos donn\u00e9es peuvent \u00eatre stock\u00e9es et trait\u00e9es:<\/p>\r\n<ul>\r\n<li data-start=\"5242\" data-end=\"5313\">Sur des serveurs s\u00e9curis\u00e9s situ\u00e9s dans l\u2019<strong data-start=\"5283\" data-end=\"5289\">UE<\/strong> ou aux <strong data-start=\"5297\" data-end=\"5311\">\u00c9tats-Unis<\/strong><\/li>\r\n<li data-start=\"5316\" data-end=\"5430\">Via <strong data-start=\"5320\" data-end=\"5328\">Zoho<\/strong>, conforme au RGPD et aux <strong data-start=\"5354\" data-end=\"5393\">clauses contractuelles types (SCCs)<\/strong> pour les transferts internationaux<\/li>\r\n<\/ul>\r\n<p data-start=\"5434\" data-end=\"5550\">Toutes les mesures n\u00e9cessaires sont prises pour garantir un niveau de protection conforme aux exigences europ\u00e9ennes.<\/p>\r\n<h3 data-start=\"5557\" data-end=\"5602\"><span class=\"ez-toc-section\" id=\"Comment_protegeons-nous_vos_donnees\"><\/span><strong data-start=\"5561\" data-end=\"5602\">Comment prot\u00e9geons-nous vos donn\u00e9es ?<\/strong><span class=\"ez-toc-section-end\"><\/span><\/h3>\r\n<p data-start=\"5604\" data-end=\"5657\">Nous appliquons les mesures de s\u00e9curit\u00e9 suivantes :<\/p>\r\n<ul>\r\n<li data-start=\"5660\" data-end=\"5702\">Chiffrement des donn\u00e9es (SSL &amp; au repos)<\/li>\r\n<li data-start=\"5705\" data-end=\"5734\">Contr\u00f4les d\u2019acc\u00e8s s\u00e9curis\u00e9s<\/li>\r\n<li data-start=\"5737\" data-end=\"5768\">Double authentification (2FA)<\/li>\r\n<li data-start=\"5771\" data-end=\"5800\">Formation RGPD du personnel<\/li>\r\n<li data-start=\"5803\" data-end=\"5848\">Audits r\u00e9guliers et \u00e9valuations des risques<\/li>\r\n<li data-start=\"5851\" data-end=\"5908\">Acc\u00e8s aux donn\u00e9es limit\u00e9 au personnel autoris\u00e9 uniquement<\/li>\r\n<\/ul>\r\n<h3 data-start=\"5915\" data-end=\"5955\"><span class=\"ez-toc-section\" id=\"En_cas_de_violation_de_donnees\"><\/span><strong data-start=\"5919\" data-end=\"5953\">En cas de violation de donn\u00e9es<\/strong><span class=\"ez-toc-section-end\"><\/span><\/h3>\r\n<p data-start=\"5956\" data-end=\"6011\">Nous disposons d\u2019une proc\u00e9dure d\u2019intervention rapide.<\/p>\r\n<ul>\r\n<li data-start=\"6014\" data-end=\"6085\">Notification des utilisateurs affect\u00e9s dans un d\u00e9lai de <strong data-start=\"6070\" data-end=\"6083\">72 heures<\/strong><\/li>\r\n<li data-start=\"6088\" data-end=\"6127\">Signalement aux autorit\u00e9s comp\u00e9tentes<\/li>\r\n<li data-start=\"6130\" data-end=\"6178\">Journalisation de l\u2019incident et analyse d\u2019impact<\/li>\r\n<\/ul>\r\n<h3 data-start=\"6185\" data-end=\"6218\"><span class=\"ez-toc-section\" id=\"Donnees_issues_de_tiers\"><\/span><strong data-start=\"6189\" data-end=\"6216\">Donn\u00e9es issues de tiers<\/strong><span class=\"ez-toc-section-end\"><\/span><\/h3>\r\n<p data-start=\"6219\" data-end=\"6419\">Si vous nous contactez via WhatsApp, les r\u00e9seaux sociaux ou des plateformes de sant\u00e9 en ligne, nous pouvons recevoir vos informations via ces services, dans le respect de leurs politiques respectives.<\/p>\r\n<h3 data-start=\"6426\" data-end=\"6471\"><span class=\"ez-toc-section\" id=\"Decisions_automatisees_et_profilage\"><\/span><strong data-start=\"6430\" data-end=\"6469\">D\u00e9cisions automatis\u00e9es et profilage<\/strong><span class=\"ez-toc-section-end\"><\/span><\/h3>\r\n<p data-start=\"6472\" data-end=\"6642\">Nous <strong data-start=\"6477\" data-end=\"6530\">n\u2019utilisons aucun syst\u00e8me de d\u00e9cision automatis\u00e9e<\/strong> ayant un impact significatif. Toutes les propositions de traitement sont <strong data-start=\"6604\" data-end=\"6641\">v\u00e9rifi\u00e9es par des experts humains<\/strong>.<\/p>\r\n<h3 data-start=\"6649\" data-end=\"6683\"><span class=\"ez-toc-section\" id=\"Conformite_reglementaire\"><\/span><strong data-start=\"6653\" data-end=\"6681\">Conformit\u00e9 r\u00e9glementaire<\/strong><span class=\"ez-toc-section-end\"><\/span><\/h3>\r\n<p data-start=\"6684\" data-end=\"6709\">Your MedCare respecte :<\/p>\r\n<ul>\r\n<li data-start=\"6712\" data-end=\"6775\">Le <strong data-start=\"6715\" data-end=\"6773\">R\u00e8glement G\u00e9n\u00e9ral sur la Protection des Donn\u00e9es (RGPD)<\/strong><\/li>\r\n<li data-start=\"6778\" data-end=\"6847\">La <strong data-start=\"6781\" data-end=\"6845\">Loi turque sur la protection des donn\u00e9es personnelles (KVKK)<\/strong><\/li>\r\n<li data-start=\"6850\" data-end=\"6910\">Les standards professionnels applicables au tourisme m\u00e9dical<\/li>\r\n<li data-start=\"6917\" data-end=\"6954\">Derni\u00e8re mise \u00e0 jour : 27.05.2025<\/li>\r\n<\/ul>\r\n","protected":false},"excerpt":{"rendered":"<p>Bienvenue chez Your MedCare (\u00ab nous \u00bb, \u00ab notre \u00bb, \u00ab nos \u00bb). Votre vie priv\u00e9e est notre priorit\u00e9 absolue. La pr\u00e9sente Politique de Confidentialit\u00e9 d\u00e9crit comment nous collectons, utilisons, partageons et prot\u00e9geons vos donn\u00e9es personnelles lorsque vous visitez notre site [www.yourmedcare.com], utilisez nos services ou communiquez avec nous. Nous nous engageons \u00e0 garantir la [&hellip;]<\/p>\n","protected":false},"author":1,"featured_media":0,"parent":0,"menu_order":96,"comment_status":"closed","ping_status":"closed","template":"","meta":{"footnotes":""},"class_list":["post-2029","page","type-page","status-publish","hentry"],"_links":{"self":[{"href":"https:\/\/yourmedcare.com\/fr\/wp-json\/wp\/v2\/pages\/2029","targetHints":{"allow":["GET"]}}],"collection":[{"href":"https:\/\/yourmedcare.com\/fr\/wp-json\/wp\/v2\/pages"}],"about":[{"href":"https:\/\/yourmedcare.com\/fr\/wp-json\/wp\/v2\/types\/page"}],"author":[{"embeddable":true,"href":"https:\/\/yourmedcare.com\/fr\/wp-json\/wp\/v2\/users\/1"}],"replies":[{"embeddable":true,"href":"https:\/\/yourmedcare.com\/fr\/wp-json\/wp\/v2\/comments?post=2029"}],"version-history":[{"count":4,"href":"https:\/\/yourmedcare.com\/fr\/wp-json\/wp\/v2\/pages\/2029\/revisions"}],"predecessor-version":[{"id":4323,"href":"https:\/\/yourmedcare.com\/fr\/wp-json\/wp\/v2\/pages\/2029\/revisions\/4323"}],"wp:attachment":[{"href":"https:\/\/yourmedcare.com\/fr\/wp-json\/wp\/v2\/media?parent=2029"}],"curies":[{"name":"wp","href":"https:\/\/api.w.org\/{rel}","templated":true}]}}