{"id":2028,"date":"2025-05-31T22:04:50","date_gmt":"2025-05-31T19:04:50","guid":{"rendered":"https:\/\/yourmedcare.com\/medxplorer-propulse-par-yourmedcare\/"},"modified":"2025-08-10T13:13:51","modified_gmt":"2025-08-10T10:13:51","slug":"medxplorer-propulse-par-yourmedcare","status":"publish","type":"page","link":"https:\/\/yourmedcare.com\/fr\/medxplorer-propulse-par-yourmedcare\/","title":{"rendered":"Cappamedcare propuls\u00e9 par Yourmedcare"},"content":{"rendered":"<div id=\"ez-toc-container\" class=\"ez-toc-v2_0_82_2 counter-hierarchy ez-toc-counter ez-toc-custom ez-toc-container-direction\">\n<div class=\"ez-toc-title-container\">\n<p class=\"ez-toc-title\" style=\"cursor:inherit\">Table of Contents<\/p>\n<span class=\"ez-toc-title-toggle\"><a href=\"#\" class=\"ez-toc-pull-right ez-toc-btn ez-toc-btn-xs ez-toc-btn-default ez-toc-toggle\" aria-label=\"Toggle Table of Content\"><span class=\"ez-toc-js-icon-con\"><span class=\"\"><span class=\"eztoc-hide\" style=\"display:none;\">Toggle<\/span><span class=\"ez-toc-icon-toggle-span\"><svg style=\"fill: #154175;color:#154175\" xmlns=\"http:\/\/www.w3.org\/2000\/svg\" class=\"list-377408\" width=\"20px\" height=\"20px\" viewBox=\"0 0 24 24\" fill=\"none\"><path d=\"M6 6H4v2h2V6zm14 0H8v2h12V6zM4 11h2v2H4v-2zm16 0H8v2h12v-2zM4 16h2v2H4v-2zm16 0H8v2h12v-2z\" fill=\"currentColor\"><\/path><\/svg><svg style=\"fill: #154175;color:#154175\" class=\"arrow-unsorted-368013\" xmlns=\"http:\/\/www.w3.org\/2000\/svg\" width=\"10px\" height=\"10px\" viewBox=\"0 0 24 24\" version=\"1.2\" baseProfile=\"tiny\"><path d=\"M18.2 9.3l-6.2-6.3-6.2 6.3c-.2.2-.3.4-.3.7s.1.5.3.7c.2.2.4.3.7.3h11c.3 0 .5-.1.7-.3.2-.2.3-.5.3-.7s-.1-.5-.3-.7zM5.8 14.7l6.2 6.3 6.2-6.3c.2-.2.3-.5.3-.7s-.1-.5-.3-.7c-.2-.2-.4-.3-.7-.3h-11c-.3 0-.5.1-.7.3-.2.2-.3.5-.3.7s.1.5.3.7z\"\/><\/svg><\/span><\/span><\/span><\/a><\/span><\/div>\n<nav><ul class='ez-toc-list ez-toc-list-level-1 ' ><li class='ez-toc-page-1 ez-toc-heading-level-1'><a class=\"ez-toc-link ez-toc-heading-1\" href=\"https:\/\/yourmedcare.com\/fr\/medxplorer-propulse-par-yourmedcare\/#Elaborez_un_Projet_de_Tourisme_Medical_Complet_avec_la_Bonne_Expertise\" >\u00c9laborez un Projet de Tourisme M\u00e9dical Complet avec la Bonne Expertise<\/a><ul class='ez-toc-list-level-2' ><li class='ez-toc-heading-level-2'><a class=\"ez-toc-link ez-toc-heading-2\" href=\"https:\/\/yourmedcare.com\/fr\/medxplorer-propulse-par-yourmedcare\/#%E3%80%89Pret_a_lancer_ou_a_faire_evoluer_votre_activite_de_tourisme_medical\" >\u232aPr\u00eat \u00e0 lancer ou \u00e0 faire \u00e9voluer votre activit\u00e9 de tourisme m\u00e9dical?<\/a><ul class='ez-toc-list-level-4' ><li class='ez-toc-heading-level-4'><ul class='ez-toc-list-level-4' ><li class='ez-toc-heading-level-4'><a class=\"ez-toc-link ez-toc-heading-3\" href=\"https:\/\/yourmedcare.com\/fr\/medxplorer-propulse-par-yourmedcare\/#Chez_Your_Medcare_en_collaboration_avec_Cappa_Medcare_Digital_Solutions_nous_sommes_specialises_dans_laccompagnement_a_chaque_etape_de_la_creation_dun_facilitateur_de_tourisme_medical_entierement_accredite_competitif_et_tourne_vers_lavenir\" >Chez Your Medcare, en collaboration avec Cappa Medcare Digital Solutions, nous sommes sp\u00e9cialis\u00e9s dans l\u2019accompagnement \u00e0 chaque \u00e9tape de la cr\u00e9ation d\u2019un facilitateur de tourisme m\u00e9dical enti\u00e8rement accr\u00e9dit\u00e9, comp\u00e9titif et tourn\u00e9 vers l\u2019avenir.<\/a><\/li><li class='ez-toc-page-1 ez-toc-heading-level-4'><a class=\"ez-toc-link ez-toc-heading-4\" href=\"https:\/\/yourmedcare.com\/fr\/medxplorer-propulse-par-yourmedcare\/#Des_programmes_dincitation_gouvernementaux_aux_projets_de_branding_digital_nous_vous_aidons_a_exploiter_pleinement_les_ressources_disponibles_et_a_batir_une_base_solide_et_conforme_Que_vous_partiez_de_zero_ou_que_vous_restructuriez_une_activite_existante_nous_apportons_une_approche_structuree_et_strategique_a_chaque_projet\" >Des programmes d\u2019incitation gouvernementaux aux projets de branding digital, nous vous aidons \u00e0 exploiter pleinement les ressources disponibles et \u00e0 b\u00e2tir une base solide et conforme. Que vous partiez de z\u00e9ro ou que vous restructuriez une activit\u00e9 existante, nous apportons une approche structur\u00e9e et strat\u00e9gique \u00e0 chaque projet.<\/a><\/li><\/ul><\/li><\/ul><\/li><\/ul><\/li><\/ul><\/nav><\/div>\n<h1 data-start=\"0\" data-end=\"76\"><span class=\"ez-toc-section\" id=\"Elaborez_un_Projet_de_Tourisme_Medical_Complet_avec_la_Bonne_Expertise\"><\/span><strong data-start=\"0\" data-end=\"74\">\u00c9laborez un Projet de Tourisme M\u00e9dical Complet avec la Bonne Expertise<\/strong><span class=\"ez-toc-section-end\"><\/span><\/h1>\n<h2 data-start=\"78\" data-end=\"153\"><span class=\"ez-toc-section\" id=\"%E3%80%89Pret_a_lancer_ou_a_faire_evoluer_votre_activite_de_tourisme_medical\"><\/span>\u232aPr\u00eat \u00e0 lancer ou \u00e0 faire \u00e9voluer votre activit\u00e9 de tourisme m\u00e9dical?<span class=\"ez-toc-section-end\"><\/span><\/h2>\n<h4 data-start=\"155\" data-end=\"411\"><span class=\"ez-toc-section\" id=\"Chez_Your_Medcare_en_collaboration_avec_Cappa_Medcare_Digital_Solutions_nous_sommes_specialises_dans_laccompagnement_a_chaque_etape_de_la_creation_dun_facilitateur_de_tourisme_medical_entierement_accredite_competitif_et_tourne_vers_lavenir\"><\/span>Chez <span style=\"text-decoration: underline;\">Your Medcare<\/span>, en collaboration avec Cappa Medcare Digital Solutions, nous sommes sp\u00e9cialis\u00e9s dans l\u2019accompagnement \u00e0 chaque \u00e9tape de la cr\u00e9ation d\u2019un facilitateur de tourisme m\u00e9dical enti\u00e8rement accr\u00e9dit\u00e9, comp\u00e9titif et tourn\u00e9 vers l\u2019avenir.<span class=\"ez-toc-section-end\"><\/span><\/h4>\n<h4 data-start=\"413\" data-end=\"742\"><span class=\"ez-toc-section\" id=\"Des_programmes_dincitation_gouvernementaux_aux_projets_de_branding_digital_nous_vous_aidons_a_exploiter_pleinement_les_ressources_disponibles_et_a_batir_une_base_solide_et_conforme_Que_vous_partiez_de_zero_ou_que_vous_restructuriez_une_activite_existante_nous_apportons_une_approche_structuree_et_strategique_a_chaque_projet\"><\/span>Des programmes d\u2019incitation gouvernementaux aux projets de branding digital, nous vous aidons \u00e0 exploiter pleinement les ressources disponibles et \u00e0 b\u00e2tir une base solide et conforme. Que vous partiez de z\u00e9ro ou que vous restructuriez une activit\u00e9 existante, nous apportons une approche structur\u00e9e et strat\u00e9gique \u00e0 chaque projet.<span class=\"ez-toc-section-end\"><\/span><\/h4>\n","protected":false},"excerpt":{"rendered":"<p>\u00c9laborez un Projet de Tourisme M\u00e9dical Complet avec la Bonne Expertise \u232aPr\u00eat \u00e0 lancer ou \u00e0 faire \u00e9voluer votre activit\u00e9 de tourisme m\u00e9dical? Chez Your Medcare, en collaboration avec Cappa Medcare Digital Solutions, nous sommes sp\u00e9cialis\u00e9s dans l\u2019accompagnement \u00e0 chaque \u00e9tape de la cr\u00e9ation d\u2019un facilitateur de tourisme m\u00e9dical enti\u00e8rement accr\u00e9dit\u00e9, comp\u00e9titif et tourn\u00e9 vers [&hellip;]<\/p>\n","protected":false},"author":1,"featured_media":0,"parent":0,"menu_order":40,"comment_status":"closed","ping_status":"closed","template":"templates\/template--landing.php","meta":{"footnotes":""},"class_list":["post-2028","page","type-page","status-publish","hentry"],"_links":{"self":[{"href":"https:\/\/yourmedcare.com\/fr\/wp-json\/wp\/v2\/pages\/2028","targetHints":{"allow":["GET"]}}],"collection":[{"href":"https:\/\/yourmedcare.com\/fr\/wp-json\/wp\/v2\/pages"}],"about":[{"href":"https:\/\/yourmedcare.com\/fr\/wp-json\/wp\/v2\/types\/page"}],"author":[{"embeddable":true,"href":"https:\/\/yourmedcare.com\/fr\/wp-json\/wp\/v2\/users\/1"}],"replies":[{"embeddable":true,"href":"https:\/\/yourmedcare.com\/fr\/wp-json\/wp\/v2\/comments?post=2028"}],"version-history":[{"count":6,"href":"https:\/\/yourmedcare.com\/fr\/wp-json\/wp\/v2\/pages\/2028\/revisions"}],"predecessor-version":[{"id":5223,"href":"https:\/\/yourmedcare.com\/fr\/wp-json\/wp\/v2\/pages\/2028\/revisions\/5223"}],"wp:attachment":[{"href":"https:\/\/yourmedcare.com\/fr\/wp-json\/wp\/v2\/media?parent=2028"}],"curies":[{"name":"wp","href":"https:\/\/api.w.org\/{rel}","templated":true}]}}