{"id":2026,"date":"2025-06-01T21:38:38","date_gmt":"2025-06-01T18:38:38","guid":{"rendered":"https:\/\/yourmedcare.com\/comment-ca-marche\/"},"modified":"2025-06-25T15:15:03","modified_gmt":"2025-06-25T12:15:03","slug":"comment-ca-marche","status":"publish","type":"page","link":"https:\/\/yourmedcare.com\/fr\/comment-ca-marche\/","title":{"rendered":"Fonctionnement"},"content":{"rendered":"<div id=\"ez-toc-container\" class=\"ez-toc-v2_0_81 counter-hierarchy ez-toc-counter ez-toc-custom ez-toc-container-direction\">\n<div class=\"ez-toc-title-container\">\n<p class=\"ez-toc-title\" style=\"cursor:inherit\">Table of Contents<\/p>\n<span class=\"ez-toc-title-toggle\"><a href=\"#\" class=\"ez-toc-pull-right ez-toc-btn ez-toc-btn-xs ez-toc-btn-default ez-toc-toggle\" aria-label=\"Toggle Table of Content\"><span class=\"ez-toc-js-icon-con\"><span class=\"\"><span class=\"eztoc-hide\" style=\"display:none;\">Toggle<\/span><span class=\"ez-toc-icon-toggle-span\"><svg style=\"fill: #154175;color:#154175\" xmlns=\"http:\/\/www.w3.org\/2000\/svg\" class=\"list-377408\" width=\"20px\" height=\"20px\" viewBox=\"0 0 24 24\" fill=\"none\"><path d=\"M6 6H4v2h2V6zm14 0H8v2h12V6zM4 11h2v2H4v-2zm16 0H8v2h12v-2zM4 16h2v2H4v-2zm16 0H8v2h12v-2z\" fill=\"currentColor\"><\/path><\/svg><svg style=\"fill: #154175;color:#154175\" class=\"arrow-unsorted-368013\" xmlns=\"http:\/\/www.w3.org\/2000\/svg\" width=\"10px\" height=\"10px\" viewBox=\"0 0 24 24\" version=\"1.2\" baseProfile=\"tiny\"><path d=\"M18.2 9.3l-6.2-6.3-6.2 6.3c-.2.2-.3.4-.3.7s.1.5.3.7c.2.2.4.3.7.3h11c.3 0 .5-.1.7-.3.2-.2.3-.5.3-.7s-.1-.5-.3-.7zM5.8 14.7l6.2 6.3 6.2-6.3c.2-.2.3-.5.3-.7s-.1-.5-.3-.7c-.2-.2-.4-.3-.7-.3h-11c-.3 0-.5.1-.7.3-.2.2-.3.5-.3.7s.1.5.3.7z\"\/><\/svg><\/span><\/span><\/span><\/a><\/span><\/div>\n<nav><ul class='ez-toc-list ez-toc-list-level-1 ' ><li class='ez-toc-page-1 ez-toc-heading-level-1'><a class=\"ez-toc-link ez-toc-heading-1\" href=\"https:\/\/yourmedcare.com\/fr\/comment-ca-marche\/#Faites_le_premier_pas_vers_des_soins_medicaux_surs_et_experts\" >Faites le premier pas vers des soins m\u00e9dicaux s\u00fbrs et experts<\/a><ul class='ez-toc-list-level-2' ><li class='ez-toc-heading-level-2'><a class=\"ez-toc-link ez-toc-heading-2\" href=\"https:\/\/yourmedcare.com\/fr\/comment-ca-marche\/#%E3%80%89_Etape_1_Reservez_votre_consultation_gratuite\" >\u232a \u00c9tape 1: R\u00e9servez votre consultation gratuite<\/a><\/li><li class='ez-toc-page-1 ez-toc-heading-level-2'><a class=\"ez-toc-link ez-toc-heading-3\" href=\"https:\/\/yourmedcare.com\/fr\/comment-ca-marche\/#Etape_2_Partagez_vos_informations_medicales\" >\u00c9tape 2: Partagez vos informations m\u00e9dicales<\/a><\/li><li class='ez-toc-page-1 ez-toc-heading-level-2'><a class=\"ez-toc-link ez-toc-heading-4\" href=\"https:\/\/yourmedcare.com\/fr\/comment-ca-marche\/#Etape_3_Recevez_des_conseils_professionnels\" >\u00c9tape 3: Recevez des conseils professionnels<\/a><\/li><li class='ez-toc-page-1 ez-toc-heading-level-2'><a class=\"ez-toc-link ez-toc-heading-5\" href=\"https:\/\/yourmedcare.com\/fr\/comment-ca-marche\/#Etape_4_Un_accompagnement_sur_mesure\" >\u00c9tape 4: Un accompagnement sur mesure<\/a><\/li><li class='ez-toc-page-1 ez-toc-heading-level-2'><a class=\"ez-toc-link ez-toc-heading-6\" href=\"https:\/\/yourmedcare.com\/fr\/comment-ca-marche\/#Etape_5_Reservez_et_preparez-vous\" >\u00c9tape 5: R\u00e9servez et pr\u00e9parez-vous !<\/a><\/li><\/ul><\/li><li class='ez-toc-page-1 ez-toc-heading-level-1'><a class=\"ez-toc-link ez-toc-heading-7\" href=\"https:\/\/yourmedcare.com\/fr\/comment-ca-marche\/#Pourquoi_choisir_Yourmedcare\" >Pourquoi choisir Yourmedcare ?<\/a><ul class='ez-toc-list-level-2' ><li class='ez-toc-heading-level-2'><a class=\"ez-toc-link ez-toc-heading-8\" href=\"https:\/\/yourmedcare.com\/fr\/comment-ca-marche\/#Sentez-vous_ecoute_Sentez-vous_en_securite_Sentez-vous_en_confiance\" >Sentez-vous \u00e9cout\u00e9. Sentez-vous en s\u00e9curit\u00e9. Sentez-vous en confiance.<\/a><\/li><\/ul><\/li><\/ul><\/nav><\/div>\n<h1 data-start=\"40\" data-end=\"409\"><span class=\"ez-toc-section\" id=\"Faites_le_premier_pas_vers_des_soins_medicaux_surs_et_experts\"><\/span><strong data-start=\"40\" data-end=\"105\">Faites le premier pas vers des soins m\u00e9dicaux s\u00fbrs et experts<\/strong><span class=\"ez-toc-section-end\"><\/span><\/h1>\n<h2 data-start=\"40\" data-end=\"409\"><span class=\"ez-toc-section\" id=\"%E3%80%89_Etape_1_Reservez_votre_consultation_gratuite\"><\/span>\u232a <strong data-start=\"110\" data-end=\"160\"><span style=\"text-decoration: underline;\">\u00c9tape 1:<\/span> R\u00e9servez votre consultation gratuite<\/strong><span class=\"ez-toc-section-end\"><\/span><\/h2>\n<p data-start=\"40\" data-end=\"409\">\u00bb Planifiez votre consultation gratuite et sans engagement en quelques minutes en ligne.<br data-start=\"251\" data-end=\"254\" \/>\u00bb Aucune obligation, juste une conversation ouverte sur vos besoins.<br data-start=\"322\" data-end=\"325\" \/>\u00bb Recevez des conseils de confiance, sans pression, pour vous sentir en confiance.<\/p>\n<h2 data-start=\"411\" data-end=\"755\"><span class=\"ez-toc-section\" id=\"Etape_2_Partagez_vos_informations_medicales\"><\/span><strong data-start=\"413\" data-end=\"462\"><span style=\"text-decoration: underline;\">\u00c9tape 2:<\/span> Partagez vos informations m\u00e9dicales<\/strong><span class=\"ez-toc-section-end\"><\/span><\/h2>\n<p data-start=\"411\" data-end=\"755\">\u00bb Notre \u00e9quipe multilingue est pr\u00eate \u00e0 vous \u00e9couter et \u00e0 comprendre votre situation unique.<br data-start=\"556\" data-end=\"559\" \/>\u00bb Partagez votre historique m\u00e9dical en toute s\u00e9curit\u00e9 \u2014 confidentialit\u00e9 garantie.<br data-start=\"640\" data-end=\"643\" \/>\u00bb Vos indications seront analys\u00e9es par notre r\u00e9seau de m\u00e9decins partenaires pour une \u00e9valuation personnalis\u00e9e.<\/p>\n<h2 data-start=\"757\" data-end=\"1044\"><span class=\"ez-toc-section\" id=\"Etape_3_Recevez_des_conseils_professionnels\"><\/span><strong data-start=\"759\" data-end=\"808\"><span style=\"text-decoration: underline;\">\u00c9tape 3:<\/span> Recevez des conseils professionnels<\/strong><span class=\"ez-toc-section-end\"><\/span><\/h2>\n<p data-start=\"757\" data-end=\"1044\">\u00bb Obtenez des conseils clairs et professionnels, adapt\u00e9s \u00e0 votre \u00e9tat de sant\u00e9.<br data-start=\"890\" data-end=\"893\" \/>\u00bb Comprenez vos options de traitement, les co\u00fbts et le calendrier de voyage d\u00e8s le d\u00e9part.<br data-start=\"983\" data-end=\"986\" \/>\u00bb Prenez une d\u00e9cision \u00e9clair\u00e9e, sans aucune incertitude.<\/p>\n<h2 data-start=\"1046\" data-end=\"1343\"><span class=\"ez-toc-section\" id=\"Etape_4_Un_accompagnement_sur_mesure\"><\/span><strong data-start=\"1048\" data-end=\"1090\"><span style=\"text-decoration: underline;\">\u00c9tape 4:<\/span> Un accompagnement sur mesure<\/strong><span class=\"ez-toc-section-end\"><\/span><\/h2>\n<p data-start=\"1046\" data-end=\"1343\">\u00bb Partagez vos attentes, pr\u00e9f\u00e9rences et pr\u00e9occupations particuli\u00e8res.<br data-start=\"1162\" data-end=\"1165\" \/>\u00bb Nous trouverons le m\u00e9decin id\u00e9al et la destination la plus adapt\u00e9e \u00e0 vos besoins.<br data-start=\"1248\" data-end=\"1251\" \/>\u00bb Nous pla\u00e7ons la qualit\u00e9, la s\u00e9curit\u00e9 et votre confort personnel au c\u0153ur de chaque \u00e9tape.<\/p>\n<h2 data-start=\"1345\" data-end=\"1664\"><span class=\"ez-toc-section\" id=\"Etape_5_Reservez_et_preparez-vous\"><\/span><strong data-start=\"1347\" data-end=\"1388\"><span style=\"text-decoration: underline;\">\u00c9tape 5:<\/span> R\u00e9servez et pr\u00e9parez-vous !<\/strong><span class=\"ez-toc-section-end\"><\/span><\/h2>\n<ul>\n<li>R\u00e9servez votre forfait de soins personnalis\u00e9 \u2014 simple, rapide et s\u00e9curis\u00e9.<\/li>\n<li>Des transferts a\u00e9roport aux soins post-op\u00e9ratoires, nous nous occupons de tout pour que vous puissiez vous d\u00e9tendre.<\/li>\n<li><strong>PR\u00caT &#8211; PARTEZ &#8211; GO !<\/strong> Votre voyage vers une meilleure sant\u00e9 commence ici !<\/li>\n<\/ul>\n<h1 data-start=\"1671\" data-end=\"1896\"><span class=\"ez-toc-section\" id=\"Pourquoi_choisir_Yourmedcare\"><\/span><strong data-start=\"1671\" data-end=\"1699\">Pourquoi choisir <span style=\"text-decoration: underline;\">Yourmedcare<\/span> ?<\/strong><span class=\"ez-toc-section-end\"><\/span><\/h1>\n<p data-start=\"1671\" data-end=\"1896\"><strong>\u221a<\/strong> M\u00e9decins partenaires de confiance<br data-start=\"1738\" data-end=\"1741\" \/><strong>\u221a<\/strong> Tarifs transparents, sans frais cach\u00e9s<br data-start=\"1782\" data-end=\"1785\" \/><strong>\u221a<\/strong> \u00c9tablissements de sant\u00e9 s\u00fbrs et certifi\u00e9s<br data-start=\"1829\" data-end=\"1832\" \/><strong>\u221a<\/strong> Accompagnement complet avant, pendant et apr\u00e8s votre s\u00e9jour<\/p>\n<blockquote>\n<h2 data-start=\"1898\" data-end=\"2052\"><span class=\"ez-toc-section\" id=\"Sentez-vous_ecoute_Sentez-vous_en_securite_Sentez-vous_en_confiance\"><\/span><strong data-start=\"1898\" data-end=\"1972\">Sentez-vous \u00e9cout\u00e9. Sentez-vous en s\u00e9curit\u00e9. Sentez-vous en confiance.<\/strong><span class=\"ez-toc-section-end\"><\/span><\/h2>\n<p>Votre sant\u00e9 m\u00e9rite des mains expertes \u2014 et un c\u0153ur chaleureux pour vous accompagner.<\/p><\/blockquote>\n","protected":false},"excerpt":{"rendered":"<p>Faites le premier pas vers des soins m\u00e9dicaux s\u00fbrs et experts \u232a \u00c9tape 1: R\u00e9servez votre consultation gratuite \u00bb Planifiez votre consultation gratuite et sans engagement en quelques minutes en ligne.\u00bb Aucune obligation, juste une conversation ouverte sur vos besoins.\u00bb Recevez des conseils de confiance, sans pression, pour vous sentir en confiance. \u00c9tape 2: Partagez [&hellip;]<\/p>\n","protected":false},"author":1,"featured_media":0,"parent":0,"menu_order":79,"comment_status":"closed","ping_status":"closed","template":"","meta":{"footnotes":""},"class_list":["post-2026","page","type-page","status-publish","hentry"],"_links":{"self":[{"href":"https:\/\/yourmedcare.com\/fr\/wp-json\/wp\/v2\/pages\/2026","targetHints":{"allow":["GET"]}}],"collection":[{"href":"https:\/\/yourmedcare.com\/fr\/wp-json\/wp\/v2\/pages"}],"about":[{"href":"https:\/\/yourmedcare.com\/fr\/wp-json\/wp\/v2\/types\/page"}],"author":[{"embeddable":true,"href":"https:\/\/yourmedcare.com\/fr\/wp-json\/wp\/v2\/users\/1"}],"replies":[{"embeddable":true,"href":"https:\/\/yourmedcare.com\/fr\/wp-json\/wp\/v2\/comments?post=2026"}],"version-history":[{"count":10,"href":"https:\/\/yourmedcare.com\/fr\/wp-json\/wp\/v2\/pages\/2026\/revisions"}],"predecessor-version":[{"id":5196,"href":"https:\/\/yourmedcare.com\/fr\/wp-json\/wp\/v2\/pages\/2026\/revisions\/5196"}],"wp:attachment":[{"href":"https:\/\/yourmedcare.com\/fr\/wp-json\/wp\/v2\/media?parent=2026"}],"curies":[{"name":"wp","href":"https:\/\/api.w.org\/{rel}","templated":true}]}}