{"id":2021,"date":"2025-06-01T10:44:25","date_gmt":"2025-06-01T07:44:25","guid":{"rendered":"https:\/\/yourmedcare.com\/meilleures-visites-guidees-en-cappadoce\/"},"modified":"2025-07-24T22:09:41","modified_gmt":"2025-07-24T19:09:41","slug":"meilleures-visites-guidees-en-cappadoce","status":"publish","type":"page","link":"https:\/\/yourmedcare.com\/fr\/meilleures-visites-guidees-en-cappadoce\/","title":{"rendered":"Meilleures visites guid\u00e9es en Cappadoce"},"content":{"rendered":"<div id=\"ez-toc-container\" class=\"ez-toc-v2_0_82_2 counter-hierarchy ez-toc-counter ez-toc-custom ez-toc-container-direction\">\n<div class=\"ez-toc-title-container\">\n<p class=\"ez-toc-title\" style=\"cursor:inherit\">Table of Contents<\/p>\n<span class=\"ez-toc-title-toggle\"><a href=\"#\" class=\"ez-toc-pull-right ez-toc-btn ez-toc-btn-xs ez-toc-btn-default ez-toc-toggle\" aria-label=\"Toggle Table of Content\"><span class=\"ez-toc-js-icon-con\"><span class=\"\"><span class=\"eztoc-hide\" style=\"display:none;\">Toggle<\/span><span class=\"ez-toc-icon-toggle-span\"><svg style=\"fill: #154175;color:#154175\" xmlns=\"http:\/\/www.w3.org\/2000\/svg\" class=\"list-377408\" width=\"20px\" height=\"20px\" viewBox=\"0 0 24 24\" fill=\"none\"><path d=\"M6 6H4v2h2V6zm14 0H8v2h12V6zM4 11h2v2H4v-2zm16 0H8v2h12v-2zM4 16h2v2H4v-2zm16 0H8v2h12v-2z\" fill=\"currentColor\"><\/path><\/svg><svg style=\"fill: #154175;color:#154175\" class=\"arrow-unsorted-368013\" xmlns=\"http:\/\/www.w3.org\/2000\/svg\" width=\"10px\" height=\"10px\" viewBox=\"0 0 24 24\" version=\"1.2\" baseProfile=\"tiny\"><path d=\"M18.2 9.3l-6.2-6.3-6.2 6.3c-.2.2-.3.4-.3.7s.1.5.3.7c.2.2.4.3.7.3h11c.3 0 .5-.1.7-.3.2-.2.3-.5.3-.7s-.1-.5-.3-.7zM5.8 14.7l6.2 6.3 6.2-6.3c.2-.2.3-.5.3-.7s-.1-.5-.3-.7c-.2-.2-.4-.3-.7-.3h-11c-.3 0-.5.1-.7.3-.2.2-.3.5-.3.7s.1.5.3.7z\"\/><\/svg><\/span><\/span><\/span><\/a><\/span><\/div>\n<nav><ul class='ez-toc-list ez-toc-list-level-1 ' ><li class='ez-toc-page-1 ez-toc-heading-level-1'><a class=\"ez-toc-link ez-toc-heading-1\" href=\"https:\/\/yourmedcare.com\/fr\/meilleures-visites-guidees-en-cappadoce\/#Vivez_la_magie_de_lAnatolie\" >Vivez la magie de l\u2019Anatolie<\/a><ul class='ez-toc-list-level-2' ><li class='ez-toc-heading-level-2'><a class=\"ez-toc-link ez-toc-heading-2\" href=\"https:\/\/yourmedcare.com\/fr\/meilleures-visites-guidees-en-cappadoce\/#Coucher_de_soleil_sur_la_Vallee_Rouge_%E2%80%93_Uchisar\" >Coucher de soleil sur la Vall\u00e9e Rouge \u2013 U\u00e7hisar<\/a><\/li><li class='ez-toc-page-1 ez-toc-heading-level-2'><a class=\"ez-toc-link ez-toc-heading-3\" href=\"https:\/\/yourmedcare.com\/fr\/meilleures-visites-guidees-en-cappadoce\/#Vol_en_montgolfiere_au-dessus_de_la_Cappadoce\" >Vol en montgolfi\u00e8re au-dessus de la Cappadoce<\/a><\/li><li class='ez-toc-page-1 ez-toc-heading-level-2'><a class=\"ez-toc-link ez-toc-heading-4\" href=\"https:\/\/yourmedcare.com\/fr\/meilleures-visites-guidees-en-cappadoce\/#Goreme_sous_les_etoiles\" >G\u00f6reme sous les \u00e9toiles<\/a><\/li><li class='ez-toc-page-1 ez-toc-heading-level-2'><a class=\"ez-toc-link ez-toc-heading-5\" href=\"https:\/\/yourmedcare.com\/fr\/meilleures-visites-guidees-en-cappadoce\/#Musee_en_plein_air_de_Goreme_UNESCO\" >Mus\u00e9e en plein air de G\u00f6reme (UNESCO)<\/a><\/li><li class='ez-toc-page-1 ez-toc-heading-level-2'><a class=\"ez-toc-link ez-toc-heading-6\" href=\"https:\/\/yourmedcare.com\/fr\/meilleures-visites-guidees-en-cappadoce\/#Atelier_de_poterie_a_Avanos\" >Atelier de poterie \u00e0 Avanos<\/a><\/li><li class='ez-toc-page-1 ez-toc-heading-level-2'><a class=\"ez-toc-link ez-toc-heading-7\" href=\"https:\/\/yourmedcare.com\/fr\/meilleures-visites-guidees-en-cappadoce\/#Balade_a_cheval_dans_la_Vallee_des_Roses\" >Balade \u00e0 cheval dans la Vall\u00e9e des Roses<\/a><\/li><li class='ez-toc-page-1 ez-toc-heading-level-2'><a class=\"ez-toc-link ez-toc-heading-8\" href=\"https:\/\/yourmedcare.com\/fr\/meilleures-visites-guidees-en-cappadoce\/#Randonnee_dans_les_vallees_secretes\" >Randonn\u00e9e dans les vall\u00e9es secr\u00e8tes<\/a><ul class='ez-toc-list-level-3' ><li class='ez-toc-heading-level-3'><a class=\"ez-toc-link ez-toc-heading-9\" href=\"https:\/\/yourmedcare.com\/fr\/meilleures-visites-guidees-en-cappadoce\/#Point_de_vue_de_Kizilcukur_au_coucher_du_soleil\" >Point de vue de K\u0131z\u0131l\u00e7ukur au coucher du soleil<\/a><\/li><\/ul><\/li><li class='ez-toc-page-1 ez-toc-heading-level-2'><a class=\"ez-toc-link ez-toc-heading-10\" href=\"https:\/\/yourmedcare.com\/fr\/meilleures-visites-guidees-en-cappadoce\/#Collage_culturel_de_la_Turquie\" >Collage culturel de la Turquie<\/a><\/li><\/ul><\/li><li class='ez-toc-page-1 ez-toc-heading-level-1'><a class=\"ez-toc-link ez-toc-heading-11\" href=\"https:\/\/yourmedcare.com\/fr\/meilleures-visites-guidees-en-cappadoce\/#%E3%80%89Laissez_nos_guides_experts_donner_vie_a_la_Cappadoce\" >\u232aLaissez nos guides experts donner vie \u00e0 la Cappadoce.<\/a><\/li><\/ul><\/nav><\/div>\n<h1><span class=\"ez-toc-section\" id=\"Vivez_la_magie_de_lAnatolie\"><\/span><strong>Vivez la magie de l\u2019Anatolie<\/strong><span class=\"ez-toc-section-end\"><\/span><\/h1>\n<p>Des vall\u00e9es antiques aux chemin\u00e9es de f\u00e9e illumin\u00e9es par les \u00e9toiles, <strong>la Cappadoce n\u2019est pas une simple destination \u2013 c\u2019est un r\u00eave sculpt\u00e9 par le temps<\/strong>. Laissez-nous vous accompagner \u00e0 chaque instant inoubliable.<\/p>\n<h2><span class=\"ez-toc-section\" id=\"Coucher_de_soleil_sur_la_Vallee_Rouge_%E2%80%93_Uchisar\"><\/span><strong>Coucher de soleil sur la Vall\u00e9e Rouge \u2013 U\u00e7hisar<\/strong><span class=\"ez-toc-section-end\"><\/span><\/h2>\n<p>Admirez le ciel s\u2019enflammer au-dessus de la vall\u00e9e de <strong>K\u0131z\u0131l\u00e7ukur<\/strong> en d\u00e9gustant un verre de vin depuis un belv\u00e9d\u00e8re panoramique \u00e0 <strong>U\u00e7hisar<\/strong>.<br \/>\n\u00bb <strong>Excursion<\/strong> : Randonn\u00e9e au coucher de soleil &amp; D\u00e9gustation de vin<\/p>\n<h2><span class=\"ez-toc-section\" id=\"Vol_en_montgolfiere_au-dessus_de_la_Cappadoce\"><\/span><strong>Vol en montgolfi\u00e8re au-dessus de la Cappadoce<\/strong><span class=\"ez-toc-section-end\"><\/span><\/h2>\n<p>Prenez de la hauteur \u00e0 l\u2019aube pour vivre l\u2019<strong>exp\u00e9rience embl\u00e9matique de la Cappadoce<\/strong>.<br \/>\n\u00bb <strong>Excursion<\/strong> : Vol au lever du soleil avec petit d\u00e9jeuner<\/p>\n<h2><span class=\"ez-toc-section\" id=\"Goreme_sous_les_etoiles\"><\/span><strong>G\u00f6reme sous les \u00e9toiles<\/strong><span class=\"ez-toc-section-end\"><\/span><\/h2>\n<p>Contemplez le ciel \u00e9toil\u00e9 au milieu des formations rocheuses spectaculaires de <strong>G\u00f6reme<\/strong>.<br \/>\n\u00bb <strong>Excursion<\/strong> : Tour photo nocturne &amp; astronomie<\/p>\n<h2><span class=\"ez-toc-section\" id=\"Musee_en_plein_air_de_Goreme_UNESCO\"><\/span><strong>Mus\u00e9e en plein air de G\u00f6reme (UNESCO)<\/strong><span class=\"ez-toc-section-end\"><\/span><\/h2>\n<p>Explorez des \u00e9glises rupestres orn\u00e9es de fresques anciennes dans <strong>le site historique le plus c\u00e9l\u00e8bre de la Cappadoce<\/strong>.<br \/>\n\u00bb <strong>Excursion<\/strong> : Balade patrimoine &amp; histoire de G\u00f6reme<\/p>\n<h2><span class=\"ez-toc-section\" id=\"Atelier_de_poterie_a_Avanos\"><\/span><strong>Atelier de poterie \u00e0 Avanos<\/strong><span class=\"ez-toc-section-end\"><\/span><\/h2>\n<p>Essayez-vous \u00e0 la poterie dans le style hittite ancestral avec un artisan local.<br \/>\n\u00bb <strong>Excursion<\/strong> : Exp\u00e9rience culturelle et artisanale \u00e0 Avanos<\/p>\n<h2><span class=\"ez-toc-section\" id=\"Balade_a_cheval_dans_la_Vallee_des_Roses\"><\/span><strong>Balade \u00e0 cheval dans la Vall\u00e9e des Roses<\/strong><span class=\"ez-toc-section-end\"><\/span><\/h2>\n<p>Parcourez les vall\u00e9es f\u00e9\u00e9riques \u00e0 cheval au coucher du soleil, comme dans un conte.<br \/>\n\u00bb <strong>Excursion<\/strong> : Safari \u00e9questre au cr\u00e9puscule<\/p>\n<h2><span class=\"ez-toc-section\" id=\"Randonnee_dans_les_vallees_secretes\"><\/span><strong>Randonn\u00e9e dans les vall\u00e9es secr\u00e8tes<\/strong><span class=\"ez-toc-section-end\"><\/span><\/h2>\n<p>D\u00e9couvrez les <strong>vall\u00e9es cach\u00e9es<\/strong> et les <strong>chemin\u00e9es de f\u00e9e<\/strong> lors d\u2019une marche guid\u00e9e pleine d\u2019histoires locales.<br \/>\n\u00bb <strong>Excursion<\/strong> : Sentiers secrets &amp; l\u00e9gendes locales<\/p>\n<h3><span class=\"ez-toc-section\" id=\"Point_de_vue_de_Kizilcukur_au_coucher_du_soleil\"><\/span><strong>Point de vue de K\u0131z\u0131l\u00e7ukur au coucher du soleil<\/strong><span class=\"ez-toc-section-end\"><\/span><\/h3>\n<p>Capturez <strong>le plus beau coucher de soleil de toute la Cappadoce<\/strong>.<br \/>\n\u00bb <strong>Excursion<\/strong> : Tour panoramique du soir avec d\u00e9gustation de vin<\/p>\n<h2><span class=\"ez-toc-section\" id=\"Collage_culturel_de_la_Turquie\"><\/span><strong>Collage culturel de la Turquie<\/strong><span class=\"ez-toc-section-end\"><\/span><\/h2>\n<p>C\u00e9l\u00e9brez l\u2019esprit de l\u2019Anatolie \u00e0 travers un <strong>voyage visuel des traditions locales, des symboles et des paysages<\/strong>.<br \/>\n\u00c0 utiliser en <strong>arri\u00e8re-plan visuel<\/strong> ou <strong>en pied de page<\/strong> pour refl\u00e9ter l\u2019h\u00e9ritage turc.<\/p>\n<p>Remarque : Veuillez \u00e9viter les images non autoris\u00e9es ou hors contexte (comme la marina de \u00c7e\u015fme ou des portraits sensibles), sauf autorisation explicite et usage appropri\u00e9.<\/p>\n<h1><span class=\"ez-toc-section\" id=\"%E3%80%89Laissez_nos_guides_experts_donner_vie_a_la_Cappadoce\"><\/span>\u232a<strong>Laissez nos guides experts donner vie \u00e0 la Cappadoce.<\/strong><span class=\"ez-toc-section-end\"><\/span><\/h1>\n<p>Que vous recherchiez <strong>l\u2019aventure, la culture ou des paysages inoubliables<\/strong>, votre voyage commence ici.<br \/>\n<strong>Contactez-nous pour en savoir plus.<\/strong><\/p>\n","protected":false},"excerpt":{"rendered":"<p>Vivez la magie de l\u2019Anatolie Des vall\u00e9es antiques aux chemin\u00e9es de f\u00e9e illumin\u00e9es par les \u00e9toiles, la Cappadoce n\u2019est pas une simple destination \u2013 c\u2019est un r\u00eave sculpt\u00e9 par le temps. Laissez-nous vous accompagner \u00e0 chaque instant inoubliable. Coucher de soleil sur la Vall\u00e9e Rouge \u2013 U\u00e7hisar Admirez le ciel s\u2019enflammer au-dessus de la vall\u00e9e [&hellip;]<\/p>\n","protected":false},"author":1,"featured_media":0,"parent":0,"menu_order":66,"comment_status":"closed","ping_status":"closed","template":"","meta":{"footnotes":""},"class_list":["post-2021","page","type-page","status-publish","hentry"],"_links":{"self":[{"href":"https:\/\/yourmedcare.com\/fr\/wp-json\/wp\/v2\/pages\/2021","targetHints":{"allow":["GET"]}}],"collection":[{"href":"https:\/\/yourmedcare.com\/fr\/wp-json\/wp\/v2\/pages"}],"about":[{"href":"https:\/\/yourmedcare.com\/fr\/wp-json\/wp\/v2\/types\/page"}],"author":[{"embeddable":true,"href":"https:\/\/yourmedcare.com\/fr\/wp-json\/wp\/v2\/users\/1"}],"replies":[{"embeddable":true,"href":"https:\/\/yourmedcare.com\/fr\/wp-json\/wp\/v2\/comments?post=2021"}],"version-history":[{"count":5,"href":"https:\/\/yourmedcare.com\/fr\/wp-json\/wp\/v2\/pages\/2021\/revisions"}],"predecessor-version":[{"id":6338,"href":"https:\/\/yourmedcare.com\/fr\/wp-json\/wp\/v2\/pages\/2021\/revisions\/6338"}],"wp:attachment":[{"href":"https:\/\/yourmedcare.com\/fr\/wp-json\/wp\/v2\/media?parent=2021"}],"curies":[{"name":"wp","href":"https:\/\/api.w.org\/{rel}","templated":true}]}}