{"id":2020,"date":"2025-05-31T15:40:26","date_gmt":"2025-05-31T12:40:26","guid":{"rendered":"https:\/\/yourmedcare.com\/a-propos\/toutes-les-destinations\/region-de-la-cappadoce\/"},"modified":"2025-09-04T15:53:10","modified_gmt":"2025-09-04T12:53:10","slug":"cappadoce","status":"publish","type":"page","link":"https:\/\/yourmedcare.com\/fr\/cappadoce\/","title":{"rendered":"Cappadoce"},"content":{"rendered":"<p data-start=\"50\" data-end=\"391\"><strong data-start=\"50\" data-end=\"66\">La Cappadoce<\/strong>, situ\u00e9e au c\u0153ur de la Turquie, est une terre magique de <strong data-start=\"123\" data-end=\"143\">chemin\u00e9es de f\u00e9e<\/strong>, de formations rocheuses anciennes et de profonde signification historique. Connue pour son <strong data-start=\"236\" data-end=\"305\">paysage unique fa\u00e7onn\u00e9 par les \u00e9ruptions volcaniques et l\u2019\u00e9rosion<\/strong>, la Cappadoce est l\u2019une des r\u00e9gions les plus spectaculaires et myst\u00e9rieuses du monde.<\/p>\n<p data-start=\"393\" data-end=\"878\">C\u2019est un v\u00e9ritable paradis pour les amateurs d\u2019histoire, avec ses <strong data-start=\"459\" data-end=\"480\">\u00e9glises rupestres<\/strong>, <strong data-start=\"482\" data-end=\"505\">villes souterraines<\/strong> et <strong data-start=\"509\" data-end=\"531\">anciens monast\u00e8res<\/strong>. Le <strong data-start=\"536\" data-end=\"568\">mus\u00e9e en plein air de G\u00f6reme<\/strong>, class\u00e9 au <strong data-start=\"580\" data-end=\"614\">patrimoine mondial de l\u2019UNESCO<\/strong>, abrite certaines des \u00e9glises troglodytiques les mieux conserv\u00e9es, tandis que les <strong data-start=\"697\" data-end=\"745\">villes souterraines de Kaymakli et Derinkuyu<\/strong> offrent un aper\u00e7u fascinant du mode de vie des civilisations anciennes, avec des cit\u00e9s creus\u00e9es sur plusieurs niveaux sous la terre.<\/p>\n<p data-start=\"880\" data-end=\"1282\">Le terrain et l\u2019espace a\u00e9rien uniques de la Cappadoce en font <strong data-start=\"942\" data-end=\"1024\">l\u2019une des destinations les plus pris\u00e9es au monde pour les vols en montgolfi\u00e8re<\/strong>, offrant des vues \u00e0 couper le souffle sur le lever du soleil au-dessus de paysages surr\u00e9alistes. C\u2019est une exp\u00e9rience inoubliable qui permet d\u2019admirer les chemin\u00e9es de f\u00e9e, les habitations troglodytiques et les vignobles d\u2019un point de vue totalement in\u00e9dit.<\/p>\n<p data-start=\"1284\" data-end=\"1615\">La r\u00e9gion poss\u00e8de \u00e9galement <strong data-start=\"1312\" data-end=\"1346\">une riche tradition artisanale<\/strong>, notamment dans la poterie et le tissage de tapis, toujours bien vivante dans les march\u00e9s et ateliers locaux. Les visiteurs peuvent d\u00e9couvrir les villes d\u2019<strong data-start=\"1502\" data-end=\"1512\">Avanos<\/strong> et de <strong data-start=\"1519\" data-end=\"1529\">G\u00f6reme<\/strong>, s\u2019initier \u00e0 la fabrication de poteries ou acheter des objets faits main en souvenir.<\/p>\n<p data-start=\"1617\" data-end=\"1913\">La Cappadoce est aussi r\u00e9put\u00e9e pour son <strong data-start=\"1657\" data-end=\"1693\">tourisme thermal et de bien-\u00eatre<\/strong>, avec de nombreux h\u00f4tels et spas proposant des centres de soins troglodytiques et des sources chaudes. Sa <strong data-start=\"1800\" data-end=\"1847\">beaut\u00e9 naturelle et son atmosph\u00e8re paisible<\/strong> en font une destination id\u00e9ale pour se d\u00e9tendre et se ressourcer.<\/p>\n<p data-start=\"1915\" data-end=\"2137\">Que vous soyez venu pour un vol en montgolfi\u00e8re, explorer ses formations rocheuses uniques ou b\u00e9n\u00e9ficier de soins thermaux, <strong data-start=\"2039\" data-end=\"2137\">la Cappadoce est la destination parfaite pour enrichir votre esprit, votre corps et votre \u00e2me.<\/strong><\/p>\n","protected":false},"excerpt":{"rendered":"<p>La Cappadoce, situ\u00e9e au c\u0153ur de la Turquie, est une terre magique de chemin\u00e9es de f\u00e9e, de formations rocheuses anciennes et de profonde signification historique. Connue pour son paysage unique fa\u00e7onn\u00e9 par les \u00e9ruptions volcaniques et l\u2019\u00e9rosion, la Cappadoce est l\u2019une des r\u00e9gions les plus spectaculaires et myst\u00e9rieuses du monde. C\u2019est un v\u00e9ritable paradis pour [&hellip;]<\/p>\n","protected":false},"author":1,"featured_media":0,"parent":0,"menu_order":53,"comment_status":"closed","ping_status":"closed","template":"","meta":{"footnotes":""},"class_list":["post-2020","page","type-page","status-publish","hentry"],"_links":{"self":[{"href":"https:\/\/yourmedcare.com\/fr\/wp-json\/wp\/v2\/pages\/2020","targetHints":{"allow":["GET"]}}],"collection":[{"href":"https:\/\/yourmedcare.com\/fr\/wp-json\/wp\/v2\/pages"}],"about":[{"href":"https:\/\/yourmedcare.com\/fr\/wp-json\/wp\/v2\/types\/page"}],"author":[{"embeddable":true,"href":"https:\/\/yourmedcare.com\/fr\/wp-json\/wp\/v2\/users\/1"}],"replies":[{"embeddable":true,"href":"https:\/\/yourmedcare.com\/fr\/wp-json\/wp\/v2\/comments?post=2020"}],"version-history":[{"count":3,"href":"https:\/\/yourmedcare.com\/fr\/wp-json\/wp\/v2\/pages\/2020\/revisions"}],"predecessor-version":[{"id":5190,"href":"https:\/\/yourmedcare.com\/fr\/wp-json\/wp\/v2\/pages\/2020\/revisions\/5190"}],"wp:attachment":[{"href":"https:\/\/yourmedcare.com\/fr\/wp-json\/wp\/v2\/media?parent=2020"}],"curies":[{"name":"wp","href":"https:\/\/api.w.org\/{rel}","templated":true}]}}