{"id":2018,"date":"2025-05-31T15:33:16","date_gmt":"2025-05-31T12:33:16","guid":{"rendered":"https:\/\/yourmedcare.com\/a-propos\/toutes-les-destinations\/"},"modified":"2025-09-15T14:51:57","modified_gmt":"2025-09-15T11:51:57","slug":"toutes-les-destinations","status":"publish","type":"page","link":"https:\/\/yourmedcare.com\/fr\/toutes-les-destinations\/","title":{"rendered":"Toutes Les Destinations"},"content":{"rendered":"<h1>O\u00f9 op\u00e9rons-nous?<\/h1>\r\n<div class=\"table-wrapper\">\r\n<table class=\"w-fit min-w-(--thread-content-width)\" data-start=\"85\" data-end=\"1176\">\r\n<thead data-start=\"85\" data-end=\"225\">\r\n<tr data-start=\"85\" data-end=\"225\">\r\n<th data-start=\"85\" data-end=\"99\" data-col-size=\"sm\">Destination<\/th>\r\n<th data-start=\"99\" data-end=\"118\" data-col-size=\"md\">Sites Principaux<\/th>\r\n<th data-start=\"118\" data-end=\"151\" data-col-size=\"sm\">Meilleure P\u00e9riode pour Visiter<\/th>\r\n<th data-start=\"151\" data-end=\"173\" data-col-size=\"md\">Exp\u00e9riences Uniques<\/th>\r\n<th data-start=\"173\" data-end=\"186\" data-col-size=\"md\">Id\u00e9al Pour<\/th>\r\n<th data-start=\"186\" data-end=\"225\" data-col-size=\"sm\">Dur\u00e9e de S\u00e9jour Recommand\u00e9e (Jours)<\/th>\r\n<\/tr>\r\n<\/thead>\r\n<tbody data-start=\"366\" data-end=\"1176\">\r\n<tr data-start=\"366\" data-end=\"589\">\r\n<td data-start=\"366\" data-end=\"381\" data-col-size=\"sm\"><strong data-start=\"368\" data-end=\"380\">Istanbul<\/strong><\/td>\r\n<td data-start=\"381\" data-end=\"452\" data-col-size=\"md\">Sainte-Sophie, Mosqu\u00e9e Bleue, Grand Bazar, Croisi\u00e8re sur le Bosphore<\/td>\r\n<td data-col-size=\"sm\" data-start=\"452\" data-end=\"475\">Avril\u2013Juin, Sept\u2013Nov<\/td>\r\n<td data-col-size=\"md\" data-start=\"475\" data-end=\"538\">Monuments historiques, vie nocturne anim\u00e9e, shopping de luxe<\/td>\r\n<td data-col-size=\"md\" data-start=\"538\" data-end=\"582\">Amateurs de culture, explorateurs urbains<\/td>\r\n<td data-col-size=\"sm\" data-start=\"582\" data-end=\"589\">3\u20134<\/td>\r\n<\/tr>\r\n<tr data-start=\"590\" data-end=\"819\">\r\n<td data-start=\"590\" data-end=\"606\" data-col-size=\"sm\"><strong data-start=\"592\" data-end=\"605\">Cappadoce<\/strong><\/td>\r\n<td data-col-size=\"md\" data-start=\"606\" data-end=\"679\">Chemin\u00e9es de f\u00e9es, Mus\u00e9e en plein air de G\u00f6reme, Montgolfi\u00e8res, Safari<\/td>\r\n<td data-col-size=\"sm\" data-start=\"679\" data-end=\"702\">Avril\u2013Juin, Sept\u2013Oct<\/td>\r\n<td data-col-size=\"md\" data-start=\"702\" data-end=\"784\">Vol en montgolfi\u00e8re au lever du soleil, h\u00f4tels troglodytes, villes souterraines<\/td>\r\n<td data-col-size=\"md\" data-start=\"784\" data-end=\"812\">Aventuriers, photographes<\/td>\r\n<td data-col-size=\"sm\" data-start=\"812\" data-end=\"819\">2\u20133<\/td>\r\n<\/tr>\r\n<tr data-start=\"820\" data-end=\"1012\">\r\n<td data-start=\"820\" data-end=\"832\" data-col-size=\"sm\"><strong data-start=\"822\" data-end=\"831\">Bursa<\/strong><\/td>\r\n<td data-start=\"832\" data-end=\"897\" data-col-size=\"md\">Mont Uluda\u011f, Grande Mosqu\u00e9e, March\u00e9 de la soie, Bains thermaux<\/td>\r\n<td data-col-size=\"sm\" data-start=\"897\" data-end=\"924\">D\u00e9c\u2013F\u00e9v (ski), Avril\u2013Mai<\/td>\r\n<td data-col-size=\"md\" data-start=\"924\" data-end=\"963\">Ski, bains turcs, patrimoine ottoman<\/td>\r\n<td data-col-size=\"md\" data-start=\"963\" data-end=\"1005\">Amateurs d\u2019hiver, passionn\u00e9s d\u2019histoire<\/td>\r\n<td data-col-size=\"sm\" data-start=\"1005\" data-end=\"1012\">1\u20132<\/td>\r\n<\/tr>\r\n<tr data-start=\"1013\" data-end=\"1176\">\r\n<td data-start=\"1013\" data-end=\"1025\" data-col-size=\"sm\"><strong data-start=\"1015\" data-end=\"1024\">Izmir<\/strong><\/td>\r\n<td data-col-size=\"md\" data-start=\"1025\" data-end=\"1058\">\u00c9ph\u00e8se, \u00c7e\u015fme, Ala\u00e7at\u0131, Kordon<\/td>\r\n<td data-col-size=\"sm\" data-start=\"1058\" data-end=\"1069\">Mai\u2013Sept<\/td>\r\n<td data-col-size=\"md\" data-start=\"1069\" data-end=\"1127\">Plages \u00e9g\u00e9ennes, d\u00e9gustation de vin, vie c\u00f4ti\u00e8re anim\u00e9e<\/td>\r\n<td data-col-size=\"md\" data-start=\"1127\" data-end=\"1169\">Amateurs de plage, couples, gastronomes<\/td>\r\n<td data-col-size=\"sm\" data-start=\"1169\" data-end=\"1176\">2\u20133<\/td>\r\n<\/tr>\r\n<\/tbody>\r\n<\/table>\r\n<\/div>\r\n<p><!-- \/wp:post-content --><\/p>\r\n<p><!-- wp:paragraph --><\/p>","protected":false},"excerpt":{"rendered":"<p>O\u00f9 op\u00e9rons-nous? Destination Sites Principaux Meilleure P\u00e9riode pour Visiter Exp\u00e9riences Uniques Id\u00e9al Pour Dur\u00e9e de S\u00e9jour Recommand\u00e9e (Jours) Istanbul Sainte-Sophie, Mosqu\u00e9e Bleue, Grand Bazar, Croisi\u00e8re sur le Bosphore Avril\u2013Juin, Sept\u2013Nov Monuments historiques, vie nocturne anim\u00e9e, shopping de luxe Amateurs de culture, explorateurs urbains 3\u20134 Cappadoce Chemin\u00e9es de f\u00e9es, Mus\u00e9e en plein air de G\u00f6reme, Montgolfi\u00e8res, [&hellip;]<\/p>\n","protected":false},"author":1,"featured_media":0,"parent":0,"menu_order":43,"comment_status":"closed","ping_status":"closed","template":"templates\/template--destinations.php","meta":{"footnotes":""},"class_list":["post-2018","page","type-page","status-publish","hentry"],"_links":{"self":[{"href":"https:\/\/yourmedcare.com\/fr\/wp-json\/wp\/v2\/pages\/2018","targetHints":{"allow":["GET"]}}],"collection":[{"href":"https:\/\/yourmedcare.com\/fr\/wp-json\/wp\/v2\/pages"}],"about":[{"href":"https:\/\/yourmedcare.com\/fr\/wp-json\/wp\/v2\/types\/page"}],"author":[{"embeddable":true,"href":"https:\/\/yourmedcare.com\/fr\/wp-json\/wp\/v2\/users\/1"}],"replies":[{"embeddable":true,"href":"https:\/\/yourmedcare.com\/fr\/wp-json\/wp\/v2\/comments?post=2018"}],"version-history":[{"count":12,"href":"https:\/\/yourmedcare.com\/fr\/wp-json\/wp\/v2\/pages\/2018\/revisions"}],"predecessor-version":[{"id":7332,"href":"https:\/\/yourmedcare.com\/fr\/wp-json\/wp\/v2\/pages\/2018\/revisions\/7332"}],"wp:attachment":[{"href":"https:\/\/yourmedcare.com\/fr\/wp-json\/wp\/v2\/media?parent=2018"}],"curies":[{"name":"wp","href":"https:\/\/api.w.org\/{rel}","templated":true}]}}