{"id":5672,"date":"2025-05-19T20:39:56","date_gmt":"2025-05-19T17:39:56","guid":{"rendered":"https:\/\/yourmedcare.com\/meet-the-team\/"},"modified":"2025-07-29T17:57:14","modified_gmt":"2025-07-29T14:57:14","slug":"wer-wir-sind","status":"publish","type":"page","link":"https:\/\/yourmedcare.com\/de\/wer-wir-sind\/","title":{"rendered":"Wer sind wir?"},"content":{"rendered":"\r\n<div id=\"ez-toc-container\" class=\"ez-toc-v2_0_82_2 counter-hierarchy ez-toc-counter ez-toc-custom ez-toc-container-direction\">\n<div class=\"ez-toc-title-container\">\n<p class=\"ez-toc-title\" style=\"cursor:inherit\">Table of Contents<\/p>\n<span class=\"ez-toc-title-toggle\"><a href=\"#\" class=\"ez-toc-pull-right ez-toc-btn ez-toc-btn-xs ez-toc-btn-default ez-toc-toggle\" aria-label=\"Toggle Table of Content\"><span class=\"ez-toc-js-icon-con\"><span class=\"\"><span class=\"eztoc-hide\" style=\"display:none;\">Toggle<\/span><span class=\"ez-toc-icon-toggle-span\"><svg style=\"fill: #154175;color:#154175\" xmlns=\"http:\/\/www.w3.org\/2000\/svg\" class=\"list-377408\" width=\"20px\" height=\"20px\" viewBox=\"0 0 24 24\" fill=\"none\"><path d=\"M6 6H4v2h2V6zm14 0H8v2h12V6zM4 11h2v2H4v-2zm16 0H8v2h12v-2zM4 16h2v2H4v-2zm16 0H8v2h12v-2z\" fill=\"currentColor\"><\/path><\/svg><svg style=\"fill: #154175;color:#154175\" class=\"arrow-unsorted-368013\" xmlns=\"http:\/\/www.w3.org\/2000\/svg\" width=\"10px\" height=\"10px\" viewBox=\"0 0 24 24\" version=\"1.2\" baseProfile=\"tiny\"><path d=\"M18.2 9.3l-6.2-6.3-6.2 6.3c-.2.2-.3.4-.3.7s.1.5.3.7c.2.2.4.3.7.3h11c.3 0 .5-.1.7-.3.2-.2.3-.5.3-.7s-.1-.5-.3-.7zM5.8 14.7l6.2 6.3 6.2-6.3c.2-.2.3-.5.3-.7s-.1-.5-.3-.7c-.2-.2-.4-.3-.7-.3h-11c-.3 0-.5.1-.7.3-.2.2-.3.5-.3.7s.1.5.3.7z\"\/><\/svg><\/span><\/span><\/span><\/a><\/span><\/div>\n<nav><ul class='ez-toc-list ez-toc-list-level-1 ' ><li class='ez-toc-page-1 ez-toc-heading-level-2'><a class=\"ez-toc-link ez-toc-heading-1\" href=\"https:\/\/yourmedcare.com\/de\/wer-wir-sind\/#Ihre_Gesundheit_%E2%80%93_unser_Kompass\" >Ihre Gesundheit \u2013 unser Kompass.<\/a><ul class='ez-toc-list-level-3' ><li class='ez-toc-heading-level-3'><a class=\"ez-toc-link ez-toc-heading-2\" href=\"https:\/\/yourmedcare.com\/de\/wer-wir-sind\/#Was_uns_auszeichnet\" >Was uns auszeichnet<\/a><\/li><li class='ez-toc-page-1 ez-toc-heading-level-3'><a class=\"ez-toc-link ez-toc-heading-3\" href=\"https:\/\/yourmedcare.com\/de\/wer-wir-sind\/#Warum_Your_MedCare_waehlen\" >Warum Your MedCare w\u00e4hlen?<\/a><\/li><li class='ez-toc-page-1 ez-toc-heading-level-3'><a class=\"ez-toc-link ez-toc-heading-4\" href=\"https:\/\/yourmedcare.com\/de\/wer-wir-sind\/#Unsere_Werte\" >Unsere Werte<\/a><\/li><li class='ez-toc-page-1 ez-toc-heading-level-3'><a class=\"ez-toc-link ez-toc-heading-5\" href=\"https:\/\/yourmedcare.com\/de\/wer-wir-sind\/#Mehr_als_Medizin_%E2%80%93_eine_menschliche_Erfahrung\" >Mehr als Medizin \u2013 eine menschliche Erfahrung<\/a><\/li><li class='ez-toc-page-1 ez-toc-heading-level-3'><a class=\"ez-toc-link ez-toc-heading-6\" href=\"https:\/\/yourmedcare.com\/de\/wer-wir-sind\/#Wir_begleiten_Sie_auf_diesem_Weg_%E2%80%93_vor_waehrend_und_weit_ueber_Ihre_Behandlung_hinaus_%E2%80%93_Your_MedCare\" >Wir begleiten Sie auf diesem Weg \u2013 vor, w\u00e4hrend und weit \u00fcber Ihre Behandlung hinaus \u2013 Your MedCare.<\/a><\/li><\/ul><\/li><\/ul><\/nav><\/div>\n<h2 class=\"wp-block-heading\" data-start=\"194\" data-end=\"230\"><span class=\"ez-toc-section\" id=\"Ihre_Gesundheit_%E2%80%93_unser_Kompass\"><\/span><strong data-start=\"194\" data-end=\"230\">Ihre Gesundheit \u2013 unser Kompass.<\/strong><span class=\"ez-toc-section-end\"><\/span><\/h2>\r\n<p data-start=\"232\" data-end=\"536\">Bei <strong data-start=\"236\" data-end=\"252\">Your MedCare<\/strong> begleiten wir Sie nicht nur bei Ihrer medizinischen Reise \u2013 wir f\u00fchren Sie auf einem pers\u00f6nlichen Weg zu mehr F\u00fcrsorge, Vertrauen und Transformation in der T\u00fcrkei. Als Boutique-Agentur f\u00fcr Medizintourismus basieren wir auf Transparenz, medizinischer Integrit\u00e4t und menschlicher N\u00e4he.<\/p>\r\n<p data-start=\"538\" data-end=\"585\">Wir sind spezialisiert auf f\u00fcnf Kernbereiche:<\/p>\r\n<ul>\r\n<li data-start=\"588\" data-end=\"632\"><strong data-start=\"588\" data-end=\"630\">\u00c4sthetische &amp; Rekonstruktive Chirurgie<\/strong><\/li>\r\n<li data-start=\"635\" data-end=\"672\"><strong data-start=\"635\" data-end=\"670\">Zahnmedizin auf h\u00f6chstem Niveau<\/strong><\/li>\r\n<li data-start=\"675\" data-end=\"715\"><strong data-start=\"675\" data-end=\"713\">Ophthalmologie (Augenbehandlungen)<\/strong><\/li>\r\n<li data-start=\"718\" data-end=\"734\"><strong data-start=\"718\" data-end=\"732\">Orthop\u00e4die<\/strong><\/li>\r\n<li data-start=\"737\" data-end=\"778\"><strong data-start=\"737\" data-end=\"778\">Bariatrische &amp; Metabolische Chirurgie<\/strong><\/li>\r\n<\/ul>\r\n<p>Wir bieten Services in den f\u00fchrenden medizinischen Zentren der T\u00fcrkei an:<br data-start=\"860\" data-end=\"863\" \/><strong data-start=\"863\" data-end=\"914\">Istanbul, Izmir, Kayseri, Kappadokien und Bursa<\/strong> \u2013 Regionen, die f\u00fcr ihre international anerkannten Kliniken, erfahrungvolle \u00c4rzte und hohen Qualit\u00e4tsstandards bekannt sind.<\/p>\r\n<h3 data-start=\"1042\" data-end=\"1069\"><span class=\"ez-toc-section\" id=\"Was_uns_auszeichnet\"><\/span><strong data-start=\"1046\" data-end=\"1069\">Was uns auszeichnet<\/strong><span class=\"ez-toc-section-end\"><\/span><\/h3>\r\n<p data-start=\"1071\" data-end=\"1197\">Wir bringen Sie nicht einfach nur zur Behandlung \u2013 wir sorgen daf\u00fcr, dass Sie vom ersten Kontakt\u00a0 in den besten H\u00e4nden sind.<\/p>\r\n<p data-start=\"1199\" data-end=\"1487\">Jede Patientenreise bei Your MedCare beginnt mit aufmerksamen Zuh\u00f6ren, transparenter Aufkl\u00e4rung und einer individuell auf Sie abgestimmten Behandlungsplanung. Wir arbeiten ausschlie\u00dflich mit Top-Kliniken und \u00c4rzten zusammen, die unseren strengen Qualit\u00e4ts- und Ethikstandards entsprechen.<\/p>\r\n<p data-start=\"1489\" data-end=\"1508\">Wir bieten Ihnen an:<\/p>\r\n<ul>\r\n<li data-start=\"1511\" data-end=\"1571\"><strong data-start=\"1511\" data-end=\"1569\">Umfassende Vorabberatung und medizinische Einsch\u00e4tzung<\/strong><\/li>\r\n<li data-start=\"1574\" data-end=\"1638\"><strong data-start=\"1574\" data-end=\"1636\">Klare, transparente Preisgestaltung ohne versteckte Kosten<\/strong><\/li>\r\n<li data-start=\"1641\" data-end=\"1694\"><strong data-start=\"1641\" data-end=\"1692\">Komplette Organisation von Reise und Unterkunft<\/strong><\/li>\r\n<li data-start=\"1697\" data-end=\"1760\"><strong data-start=\"1697\" data-end=\"1758\">Englisch- und deutschsprachige medizinische Koordinatoren<\/strong><\/li>\r\n<li data-start=\"1763\" data-end=\"1829\"><strong data-start=\"1763\" data-end=\"1829\">Kontinuierliche Betreuung vor, w\u00e4hrend und nach der Behandlung<\/strong><\/li>\r\n<\/ul>\r\n<h3 data-start=\"1836\" data-end=\"1870\"><span class=\"ez-toc-section\" id=\"Warum_Your_MedCare_waehlen\"><\/span><strong data-start=\"1840\" data-end=\"1870\">Warum Your MedCare w\u00e4hlen?<\/strong><span class=\"ez-toc-section-end\"><\/span><\/h3>\r\n<p data-start=\"1872\" data-end=\"1946\">Weil Ihre Gesundheit verdient mehr\u00a0 als eine rein gesch\u00e4ftliche Abwicklung.<\/p>\r\n<p data-start=\"1948\" data-end=\"2283\">Wir verbinden die Verl\u00e4sslichkeit eines medizinischen Systems mit der W\u00e4rme echter menschlicher F\u00fcrsorge. Unsere Klienten aus <strong data-start=\"2074\" data-end=\"2153\">Gro\u00dfbritannien, Irland, Skandinavien, den USA und deutschsprachigen L\u00e4ndern<\/strong> w\u00e4hlen uns nicht nur wegen der bezahlbaren Behandlungen \u2013 sondern wegen der Sicherheit, gesehen, geh\u00f6rt und verstanden zu werden.<\/p>\r\n<h3 data-start=\"2290\" data-end=\"2310\"><span class=\"ez-toc-section\" id=\"Unsere_Werte\"><\/span><strong data-start=\"2294\" data-end=\"2310\">Unsere Werte<\/strong><span class=\"ez-toc-section-end\"><\/span><\/h3>\r\n<ul>\r\n<li data-start=\"2314\" data-end=\"2413\"><strong data-start=\"2314\" data-end=\"2330\">Transparenz:<\/strong> Klare Informationen und ehrliche Beratung vom ersten Gespr\u00e4ch bis zur Nachsorge.<\/li>\r\n<li data-start=\"2416\" data-end=\"2512\"><strong data-start=\"2416\" data-end=\"2431\">Sicherheit:<\/strong> Strenge Auswahl von Anbietern mit h\u00f6chsten medizinischen Sicherheitsstandards.<\/li>\r\n<li data-start=\"2515\" data-end=\"2628\"><strong data-start=\"2515\" data-end=\"2543\">Medizinische Integrit\u00e4t:<\/strong> Keine \u00dcbertreibungen, keine Abk\u00fcrzungen \u2013 nur fachkundige und ethische Behandlung.<\/li>\r\n<li data-start=\"2631\" data-end=\"2728\"><strong data-start=\"2631\" data-end=\"2662\">Pr\u00e4zision &amp; Individualit\u00e4t:<\/strong> Jede Behandlung ist einzigartig und individuell gestaltbar.<\/li>\r\n<li data-start=\"2731\" data-end=\"2796\"><strong data-start=\"2731\" data-end=\"2745\">Mitgef\u00fchl:<\/strong> Echte Beziehungen statt automatisierter Antworten.<\/li>\r\n<\/ul>\r\n<h3 data-start=\"2803\" data-end=\"2856\"><span class=\"ez-toc-section\" id=\"Mehr_als_Medizin_%E2%80%93_eine_menschliche_Erfahrung\"><\/span><strong data-start=\"2807\" data-end=\"2856\">Mehr als Medizin \u2013 eine menschliche Erfahrung<\/strong><span class=\"ez-toc-section-end\"><\/span><\/h3>\r\n<blockquote>\r\n<p data-start=\"2858\" data-end=\"2948\">Bei Your MedCare definieren wir Medizintourismus neu:<br data-start=\"2911\" data-end=\"2914\" \/><strong data-start=\"2914\" data-end=\"2948\">Sicher. Transparent. St\u00e4rkend.<\/strong><\/p>\r\n<\/blockquote>\r\n<p data-start=\"2950\" data-end=\"3175\">Sie reisen nicht nur in die T\u00fcrkei \u2013 Sie treten in ein System ein, dem Sie vertrauen k\u00f6nnen: mit \u00c4rzten, die Sie empfehlen w\u00fcrden, Ergebnissen, auf die Sie stolz sein k\u00f6nnen, und Erlebnissen, die Sie ein Leben lang begleiten.<\/p>\r\n<h3 data-start=\"3177\" data-end=\"3266\"><span class=\"ez-toc-section\" id=\"Wir_begleiten_Sie_auf_diesem_Weg_%E2%80%93_vor_waehrend_und_weit_ueber_Ihre_Behandlung_hinaus_%E2%80%93_Your_MedCare\"><\/span>Wir begleiten Sie auf diesem Weg \u2013 vor, w\u00e4hrend und weit \u00fcber Ihre Behandlung hinaus \u2013<strong> Your MedCare.<\/strong><span class=\"ez-toc-section-end\"><\/span><\/h3>\r\n","protected":false},"excerpt":{"rendered":"<p>Ihre Gesundheit \u2013 unser Kompass. Bei Your MedCare begleiten wir Sie nicht nur bei Ihrer medizinischen Reise \u2013 wir f\u00fchren Sie auf einem pers\u00f6nlichen Weg zu mehr F\u00fcrsorge, Vertrauen und Transformation in der T\u00fcrkei. Als Boutique-Agentur f\u00fcr Medizintourismus basieren wir auf Transparenz, medizinischer Integrit\u00e4t und menschlicher N\u00e4he. Wir sind spezialisiert auf f\u00fcnf Kernbereiche: \u00c4sthetische &amp; [&hellip;]<\/p>\n","protected":false},"author":1,"featured_media":0,"parent":0,"menu_order":111,"comment_status":"closed","ping_status":"closed","template":"","meta":{"footnotes":""},"class_list":["post-5672","page","type-page","status-publish","hentry"],"_links":{"self":[{"href":"https:\/\/yourmedcare.com\/de\/wp-json\/wp\/v2\/pages\/5672","targetHints":{"allow":["GET"]}}],"collection":[{"href":"https:\/\/yourmedcare.com\/de\/wp-json\/wp\/v2\/pages"}],"about":[{"href":"https:\/\/yourmedcare.com\/de\/wp-json\/wp\/v2\/types\/page"}],"author":[{"embeddable":true,"href":"https:\/\/yourmedcare.com\/de\/wp-json\/wp\/v2\/users\/1"}],"replies":[{"embeddable":true,"href":"https:\/\/yourmedcare.com\/de\/wp-json\/wp\/v2\/comments?post=5672"}],"version-history":[{"count":10,"href":"https:\/\/yourmedcare.com\/de\/wp-json\/wp\/v2\/pages\/5672\/revisions"}],"predecessor-version":[{"id":6573,"href":"https:\/\/yourmedcare.com\/de\/wp-json\/wp\/v2\/pages\/5672\/revisions\/6573"}],"wp:attachment":[{"href":"https:\/\/yourmedcare.com\/de\/wp-json\/wp\/v2\/media?parent=5672"}],"curies":[{"name":"wp","href":"https:\/\/api.w.org\/{rel}","templated":true}]}}