{"id":5668,"date":"2025-06-12T15:37:16","date_gmt":"2025-06-12T12:37:16","guid":{"rendered":"https:\/\/yourmedcare.com\/gdpr\/"},"modified":"2025-07-18T22:49:57","modified_gmt":"2025-07-18T19:49:57","slug":"dsgvo","status":"publish","type":"page","link":"https:\/\/yourmedcare.com\/de\/dsgvo\/","title":{"rendered":"DSGVO"},"content":{"rendered":"<div id=\"ez-toc-container\" class=\"ez-toc-v2_0_82_2 counter-hierarchy ez-toc-counter ez-toc-custom ez-toc-container-direction\">\n<div class=\"ez-toc-title-container\">\n<p class=\"ez-toc-title\" style=\"cursor:inherit\">Table of Contents<\/p>\n<span class=\"ez-toc-title-toggle\"><a href=\"#\" class=\"ez-toc-pull-right ez-toc-btn ez-toc-btn-xs ez-toc-btn-default ez-toc-toggle\" aria-label=\"Toggle Table of Content\"><span class=\"ez-toc-js-icon-con\"><span class=\"\"><span class=\"eztoc-hide\" style=\"display:none;\">Toggle<\/span><span class=\"ez-toc-icon-toggle-span\"><svg style=\"fill: #154175;color:#154175\" xmlns=\"http:\/\/www.w3.org\/2000\/svg\" class=\"list-377408\" width=\"20px\" height=\"20px\" viewBox=\"0 0 24 24\" fill=\"none\"><path d=\"M6 6H4v2h2V6zm14 0H8v2h12V6zM4 11h2v2H4v-2zm16 0H8v2h12v-2zM4 16h2v2H4v-2zm16 0H8v2h12v-2z\" fill=\"currentColor\"><\/path><\/svg><svg style=\"fill: #154175;color:#154175\" class=\"arrow-unsorted-368013\" xmlns=\"http:\/\/www.w3.org\/2000\/svg\" width=\"10px\" height=\"10px\" viewBox=\"0 0 24 24\" version=\"1.2\" baseProfile=\"tiny\"><path d=\"M18.2 9.3l-6.2-6.3-6.2 6.3c-.2.2-.3.4-.3.7s.1.5.3.7c.2.2.4.3.7.3h11c.3 0 .5-.1.7-.3.2-.2.3-.5.3-.7s-.1-.5-.3-.7zM5.8 14.7l6.2 6.3 6.2-6.3c.2-.2.3-.5.3-.7s-.1-.5-.3-.7c-.2-.2-.4-.3-.7-.3h-11c-.3 0-.5.1-.7.3-.2.2-.3.5-.3.7s.1.5.3.7z\"\/><\/svg><\/span><\/span><\/span><\/a><\/span><\/div>\n<nav><ul class='ez-toc-list ez-toc-list-level-1 ' ><li class='ez-toc-page-1 ez-toc-heading-level-2'><a class=\"ez-toc-link ez-toc-heading-1\" href=\"https:\/\/yourmedcare.com\/de\/dsgvo\/#Hinweis_zum_Schutz_personenbezogener_Daten\" >Hinweis zum Schutz personenbezogener Daten<\/a><\/li><li class='ez-toc-page-1 ez-toc-heading-level-2'><a class=\"ez-toc-link ez-toc-heading-2\" href=\"https:\/\/yourmedcare.com\/de\/dsgvo\/#1_Verantwortlicher\" >1. Verantwortlicher<\/a><\/li><li class='ez-toc-page-1 ez-toc-heading-level-2'><a class=\"ez-toc-link ez-toc-heading-3\" href=\"https:\/\/yourmedcare.com\/de\/dsgvo\/#2_Kategorien_verarbeiteter_personenbezogener_Daten\" >2. Kategorien verarbeiteter personenbezogener Daten<\/a><\/li><li class='ez-toc-page-1 ez-toc-heading-level-2'><a class=\"ez-toc-link ez-toc-heading-4\" href=\"https:\/\/yourmedcare.com\/de\/dsgvo\/#3_Zweck_der_Datenverarbeitung\" >3. Zweck der Datenverarbeitung<\/a><ul class='ez-toc-list-level-3' ><li class='ez-toc-heading-level-3'><a class=\"ez-toc-link ez-toc-heading-5\" href=\"https:\/\/yourmedcare.com\/de\/dsgvo\/#4_Weitergabe_und_Empfaenger_der_Daten\" >4. Weitergabe und Empf\u00e4nger der Daten<\/a><\/li><li class='ez-toc-page-1 ez-toc-heading-level-3'><a class=\"ez-toc-link ez-toc-heading-6\" href=\"https:\/\/yourmedcare.com\/de\/dsgvo\/#5_Art_und_Weise_der_Datenerhebung\" >5. Art und Weise der Datenerhebung<\/a><\/li><\/ul><\/li><li class='ez-toc-page-1 ez-toc-heading-level-2'><a class=\"ez-toc-link ez-toc-heading-7\" href=\"https:\/\/yourmedcare.com\/de\/dsgvo\/#6_Ihre_Rechte_im_Zusammenhang_mit_personenbezogenen_Daten\" >6. Ihre Rechte im Zusammenhang mit personenbezogenen Daten<\/a><\/li><\/ul><\/nav><\/div>\n<h2 data-start=\"153\" data-end=\"435\"><span class=\"ez-toc-section\" id=\"Hinweis_zum_Schutz_personenbezogener_Daten\"><\/span><strong data-start=\"153\" data-end=\"199\">Hinweis zum Schutz personenbezogener Daten<\/strong><span class=\"ez-toc-section-end\"><\/span><\/h2>\n<p data-start=\"153\" data-end=\"435\">Yourmedcare Medikal Turizm Dan\u0131\u015fmanl\u0131k Limited \u015eirketi (\u201eUnternehmen\u201c) informiert Sie hiermit \u00fcber die Erhebung, Verarbeitung, Weitergabe und den Schutz Ihrer personenbezogenen Daten im Rahmen der von uns erbrachten Dienstleistungen.<\/p>\n<h2 data-start=\"437\" data-end=\"761\"><span class=\"ez-toc-section\" id=\"1_Verantwortlicher\"><\/span><strong data-start=\"437\" data-end=\"460\">1. Verantwortlicher<\/strong><span class=\"ez-toc-section-end\"><\/span><\/h2>\n<p data-start=\"437\" data-end=\"761\"><strong>Firmenname:<\/strong> Yourmedcare Medikal Turizm Dan\u0131\u015fmanl\u0131k Limited \u015eirketi<br data-start=\"529\" data-end=\"532\" \/><strong>Adresse:<\/strong> Akdeniz Mah. \u015eehit Fethibey Cad. Limboz \u0130\u015fhan\u0131 No:27, \u0130\u00e7 Kap\u0131 No:303, Konak, \u0130zmir 35210, T\u00fcrkei<br data-start=\"637\" data-end=\"640\" \/><strong>Telefon:<\/strong> +90 850 335 0740<br data-start=\"665\" data-end=\"668\" \/><strong>E-Mail:<\/strong> <a class=\"cursor-pointer\" rel=\"noopener\" data-start=\"676\" data-end=\"699\">contact@yourmedcare.com<\/a><br data-start=\"699\" data-end=\"702\" \/><strong>Website:<\/strong> <a class=\"\" href=\"http:\/\/www.yourmedcare.com\" target=\"_new\" rel=\"noopener\" data-start=\"711\" data-end=\"730\">www.yourmedcare.com<\/a><br data-start=\"730\" data-end=\"733\" \/><strong>WhatsApp:<\/strong> +90 549 879 7800\u00a0 \/ +90 850 335 0740<\/p>\n<h2 data-start=\"763\" data-end=\"898\"><span class=\"ez-toc-section\" id=\"2_Kategorien_verarbeiteter_personenbezogener_Daten\"><\/span><strong data-start=\"763\" data-end=\"818\">2. Kategorien verarbeiteter personenbezogener Daten<\/strong><span class=\"ez-toc-section-end\"><\/span><\/h2>\n<p data-start=\"763\" data-end=\"898\">Wir verarbeiten m\u00f6glicherweise folgende Kategorien personenbezogener Daten:<\/p>\n<ul>\n<li data-start=\"901\" data-end=\"959\">Identifikationsdaten (z. B. Name, Vorname, Geburtsdatum)<\/li>\n<li data-start=\"962\" data-end=\"1025\">Kontaktdaten (z. B. Telefonnummer, E-Mail-Adresse, Anschrift)<\/li>\n<li data-start=\"1028\" data-end=\"1114\">Gesundheitsdaten (einschlie\u00dflich medizinischer Vorgeschichte und Behandlungsdetails)<\/li>\n<li data-start=\"1117\" data-end=\"1139\">Pass- und Reisedaten<\/li>\n<\/ul>\n<h2 data-start=\"1141\" data-end=\"1230\"><span class=\"ez-toc-section\" id=\"3_Zweck_der_Datenverarbeitung\"><\/span><strong data-start=\"1141\" data-end=\"1175\">3. Zweck der Datenverarbeitung<\/strong><span class=\"ez-toc-section-end\"><\/span><\/h2>\n<p data-start=\"1141\" data-end=\"1230\">Ihre personenbezogenen Daten werden verwendet f\u00fcr:<\/p>\n<ul>\n<li data-start=\"1233\" data-end=\"1310\">Koordination und Erbringung von Gesundheits- und Medizintourismusleistungen<\/li>\n<li data-start=\"1313\" data-end=\"1394\">Organisation von medizinischen Behandlungen, Reisen, Unterk\u00fcnften und Transfers<\/li>\n<li data-start=\"1397\" data-end=\"1479\">Verwaltung der Kommunikation und Unterst\u00fctzung vor, w\u00e4hrend und nach Ihrer Reise<\/li>\n<\/ul>\n<h3 data-start=\"1481\" data-end=\"1569\"><span class=\"ez-toc-section\" id=\"4_Weitergabe_und_Empfaenger_der_Daten\"><\/span><strong data-start=\"1481\" data-end=\"1522\">4. Weitergabe und Empf\u00e4nger der Daten<\/strong><span class=\"ez-toc-section-end\"><\/span><\/h3>\n<p data-start=\"1481\" data-end=\"1569\">Ihre Daten k\u00f6nnen weitergegeben werden an:<\/p>\n<ul>\n<li data-start=\"1572\" data-end=\"1645\">Vertragspartner wie Krankenh\u00e4user, Kliniken und medizinische Fachkr\u00e4fte<\/li>\n<li data-start=\"1648\" data-end=\"1700\">Dienstleister f\u00fcr Reise- und Unterkunftsleistungen<\/li>\n<li data-start=\"1703\" data-end=\"1778\">Gesch\u00e4ftspartner, die an der Erbringung der Dienstleistung beteiligt sind<\/li>\n<li data-start=\"1781\" data-end=\"1835\">\u00d6ffentliche Beh\u00f6rden, sofern gesetzlich erforderlich<\/li>\n<\/ul>\n<h3 data-start=\"1837\" data-end=\"1924\"><span class=\"ez-toc-section\" id=\"5_Art_und_Weise_der_Datenerhebung\"><\/span><strong data-start=\"1837\" data-end=\"1875\">5. Art und Weise der Datenerhebung<\/strong><span class=\"ez-toc-section-end\"><\/span><\/h3>\n<p data-start=\"1837\" data-end=\"1924\">Personenbezogene Daten werden erhoben durch:<\/p>\n<ul>\n<li data-start=\"1927\" data-end=\"1965\">Online-Formulare auf unserer Website<\/li>\n<li data-start=\"1968\" data-end=\"1990\">E-Mail-Kommunikation<\/li>\n<li data-start=\"1993\" data-end=\"2029\">Messaging-Plattformen wie WhatsApp<\/li>\n<li data-start=\"2032\" data-end=\"2069\">Telefonische Gespr\u00e4che und Beratung<\/li>\n<\/ul>\n<h2 data-start=\"2071\" data-end=\"2158\"><span class=\"ez-toc-section\" id=\"6_Ihre_Rechte_im_Zusammenhang_mit_personenbezogenen_Daten\"><\/span><strong data-start=\"2071\" data-end=\"2133\">6. Ihre Rechte im Zusammenhang mit personenbezogenen Daten<\/strong><span class=\"ez-toc-section-end\"><\/span><\/h2>\n<p data-start=\"2071\" data-end=\"2158\">Sie haben das Recht:<\/p>\n<ul>\n<li data-start=\"2161\" data-end=\"2242\">Zu erfahren, ob und welche personenbezogenen Daten von Ihnen verarbeitet werden<\/li>\n<li data-start=\"2245\" data-end=\"2296\">Auskunft \u00fcber die gespeicherten Daten zu erhalten<\/li>\n<li data-start=\"2299\" data-end=\"2365\">Berichtigung unrichtiger oder unvollst\u00e4ndiger Daten zu verlangen<\/li>\n<li data-start=\"2368\" data-end=\"2465\">L\u00f6schung oder Einschr\u00e4nkung der Verarbeitung Ihrer Daten zu fordern, soweit gesetzlich zul\u00e4ssig<\/li>\n<li data-start=\"2468\" data-end=\"2566\">Widerspruch gegen die Verarbeitung einzulegen, sofern die gesetzlichen Voraussetzungen vorliegen<\/li>\n<li data-start=\"2569\" data-end=\"2705\">Benachrichtigung \u00fcber Berichtigungen oder L\u00f6schungen Ihrer Daten gegen\u00fcber Dritten zu verlangen, sofern die Daten weitergegeben wurden<\/li>\n<li data-start=\"2708\" data-end=\"2813\">Schadensersatz zu fordern, falls Ihnen durch eine rechtswidrige Verarbeitung ein Schaden entstanden ist<\/li>\n<\/ul>\n<p data-start=\"2815\" data-end=\"2918\">Bitte wenden Sie sich bei Fragen oder zur Aus\u00fcbung Ihrer Rechte an:<br data-start=\"2882\" data-end=\"2885\" \/><strong>E-Mail:<\/strong> <span style=\"text-decoration: underline;\"><a class=\"cursor-pointer\" rel=\"noopener\" data-start=\"2893\" data-end=\"2916\">privacy@yourmedcare.com<\/a><\/span><\/p>\n","protected":false},"excerpt":{"rendered":"<p>Hinweis zum Schutz personenbezogener Daten Yourmedcare Medikal Turizm Dan\u0131\u015fmanl\u0131k Limited \u015eirketi (\u201eUnternehmen\u201c) informiert Sie hiermit \u00fcber die Erhebung, Verarbeitung, Weitergabe und den Schutz Ihrer personenbezogenen Daten im Rahmen der von uns erbrachten Dienstleistungen. 1. Verantwortlicher Firmenname: Yourmedcare Medikal Turizm Dan\u0131\u015fmanl\u0131k Limited \u015eirketiAdresse: Akdeniz Mah. \u015eehit Fethibey Cad. Limboz \u0130\u015fhan\u0131 No:27, \u0130\u00e7 Kap\u0131 No:303, Konak, \u0130zmir [&hellip;]<\/p>\n","protected":false},"author":1,"featured_media":0,"parent":0,"menu_order":90,"comment_status":"closed","ping_status":"closed","template":"","meta":{"footnotes":""},"class_list":["post-5668","page","type-page","status-publish","hentry"],"_links":{"self":[{"href":"https:\/\/yourmedcare.com\/de\/wp-json\/wp\/v2\/pages\/5668","targetHints":{"allow":["GET"]}}],"collection":[{"href":"https:\/\/yourmedcare.com\/de\/wp-json\/wp\/v2\/pages"}],"about":[{"href":"https:\/\/yourmedcare.com\/de\/wp-json\/wp\/v2\/types\/page"}],"author":[{"embeddable":true,"href":"https:\/\/yourmedcare.com\/de\/wp-json\/wp\/v2\/users\/1"}],"replies":[{"embeddable":true,"href":"https:\/\/yourmedcare.com\/de\/wp-json\/wp\/v2\/comments?post=5668"}],"version-history":[{"count":2,"href":"https:\/\/yourmedcare.com\/de\/wp-json\/wp\/v2\/pages\/5668\/revisions"}],"predecessor-version":[{"id":6048,"href":"https:\/\/yourmedcare.com\/de\/wp-json\/wp\/v2\/pages\/5668\/revisions\/6048"}],"wp:attachment":[{"href":"https:\/\/yourmedcare.com\/de\/wp-json\/wp\/v2\/media?parent=5668"}],"curies":[{"name":"wp","href":"https:\/\/api.w.org\/{rel}","templated":true}]}}