{"id":5601,"date":"2025-05-27T22:11:49","date_gmt":"2025-05-27T19:11:49","guid":{"rendered":"https:\/\/yourmedcare.com\/medizinischer-haftungsausschluss\/"},"modified":"2025-08-30T12:30:29","modified_gmt":"2025-08-30T09:30:29","slug":"medizinischer-haftungsausschluss","status":"publish","type":"page","link":"https:\/\/yourmedcare.com\/de\/wer-wir-sind\/medizinischer-haftungsausschluss\/","title":{"rendered":"Medizinischer Haftungsausschluss"},"content":{"rendered":"<div id=\"ez-toc-container\" class=\"ez-toc-v2_0_82_2 counter-hierarchy ez-toc-counter ez-toc-custom ez-toc-container-direction\">\n<div class=\"ez-toc-title-container\">\n<p class=\"ez-toc-title\" style=\"cursor:inherit\">Table of Contents<\/p>\n<span class=\"ez-toc-title-toggle\"><a href=\"#\" class=\"ez-toc-pull-right ez-toc-btn ez-toc-btn-xs ez-toc-btn-default ez-toc-toggle\" aria-label=\"Toggle Table of Content\"><span class=\"ez-toc-js-icon-con\"><span class=\"\"><span class=\"eztoc-hide\" style=\"display:none;\">Toggle<\/span><span class=\"ez-toc-icon-toggle-span\"><svg style=\"fill: #154175;color:#154175\" xmlns=\"http:\/\/www.w3.org\/2000\/svg\" class=\"list-377408\" width=\"20px\" height=\"20px\" viewBox=\"0 0 24 24\" fill=\"none\"><path d=\"M6 6H4v2h2V6zm14 0H8v2h12V6zM4 11h2v2H4v-2zm16 0H8v2h12v-2zM4 16h2v2H4v-2zm16 0H8v2h12v-2z\" fill=\"currentColor\"><\/path><\/svg><svg style=\"fill: #154175;color:#154175\" class=\"arrow-unsorted-368013\" xmlns=\"http:\/\/www.w3.org\/2000\/svg\" width=\"10px\" height=\"10px\" viewBox=\"0 0 24 24\" version=\"1.2\" baseProfile=\"tiny\"><path d=\"M18.2 9.3l-6.2-6.3-6.2 6.3c-.2.2-.3.4-.3.7s.1.5.3.7c.2.2.4.3.7.3h11c.3 0 .5-.1.7-.3.2-.2.3-.5.3-.7s-.1-.5-.3-.7zM5.8 14.7l6.2 6.3 6.2-6.3c.2-.2.3-.5.3-.7s-.1-.5-.3-.7c-.2-.2-.4-.3-.7-.3h-11c-.3 0-.5.1-.7.3-.2.2-.3.5-.3.7s.1.5.3.7z\"\/><\/svg><\/span><\/span><\/span><\/a><\/span><\/div>\n<nav><ul class='ez-toc-list ez-toc-list-level-1 ' ><li class='ez-toc-page-1 ez-toc-heading-level-2'><a class=\"ez-toc-link ez-toc-heading-1\" href=\"https:\/\/yourmedcare.com\/de\/wer-wir-sind\/medizinischer-haftungsausschluss\/#Allgemeiner_Haftungsausschluss\" >Allgemeiner Haftungsausschluss<\/a><ul class='ez-toc-list-level-3' ><li class='ez-toc-heading-level-3'><a class=\"ez-toc-link ez-toc-heading-2\" href=\"https:\/\/yourmedcare.com\/de\/wer-wir-sind\/medizinischer-haftungsausschluss\/#%E3%80%89Nur_zu_Bildungs-_und_Informationszwecken\" >\u232aNur zu Bildungs- und Informationszwecken<\/a><\/li><\/ul><\/li><li class='ez-toc-page-1 ez-toc-heading-level-2'><a class=\"ez-toc-link ez-toc-heading-3\" href=\"https:\/\/yourmedcare.com\/de\/wer-wir-sind\/medizinischer-haftungsausschluss\/#Medizinischer_Hinweis_%E2%80%93_Kostenlose_Beratung_bei_YourMedCare\" >Medizinischer Hinweis \u2013 Kostenlose Beratung bei YourMedCare<\/a><ul class='ez-toc-list-level-3' ><li class='ez-toc-heading-level-3'><a class=\"ez-toc-link ez-toc-heading-4\" href=\"https:\/\/yourmedcare.com\/de\/wer-wir-sind\/medizinischer-haftungsausschluss\/#%E3%80%89Ihre_Gesundheit_Transparenz_Sicherheit_stehen_an_erster_Stelle\" >\u232aIhre Gesundheit, Transparenz &amp; Sicherheit stehen an erster Stelle<\/a><\/li><\/ul><\/li><\/ul><\/nav><\/div>\n<h2 data-start=\"2245\" data-end=\"2280\"><span class=\"ez-toc-section\" id=\"Allgemeiner_Haftungsausschluss\"><\/span>Allgemeiner Haftungsausschluss<span class=\"ez-toc-section-end\"><\/span><\/h2>\n<h3 data-start=\"2281\" data-end=\"2551\"><span class=\"ez-toc-section\" id=\"%E3%80%89Nur_zu_Bildungs-_und_Informationszwecken\"><\/span><strong data-start=\"2281\" data-end=\"2325\">\u232aNur zu Bildungs- und Informationszwecken<\/strong><span class=\"ez-toc-section-end\"><\/span><\/h3>\n<p data-start=\"2281\" data-end=\"2551\"><br data-start=\"2325\" data-end=\"2328\" \/>Die Inhalte auf dieser Website dienen ausschlie\u00dflich zur Information von Patienten, die eine medizinische Reise in Betracht ziehen. Sie stellen <strong data-start=\"2472\" data-end=\"2544\">keine professionelle medizinische Beratung, Diagnose oder Behandlung<\/strong> dar.<\/p>\n<p data-start=\"2553\" data-end=\"2764\">Diese Inhalte ersetzen nicht die individuelle Beratung durch einen zugelassenen Arzt. Jeder Patient hat individuelle Bed\u00fcrfnisse \u2013 bitte wenden Sie sich f\u00fcr pers\u00f6nliche Empfehlungen an Ihren behandelnden Arzt.<\/p>\n<p data-start=\"2766\" data-end=\"2977\">Einige Materialien k\u00f6nnen f\u00fcr allgemeine Bildungszwecke angepasst sein. Bitte beachten Sie, dass bestimmte Pr\u00e4sentationen oder Abbildungen au\u00dferhalb ihres urspr\u00fcnglichen Kontextes an Klarheit verlieren k\u00f6nnen.<\/p>\n<h2 data-start=\"2984\" data-end=\"3050\"><span class=\"ez-toc-section\" id=\"Medizinischer_Hinweis_%E2%80%93_Kostenlose_Beratung_bei_YourMedCare\"><\/span>Medizinischer Hinweis \u2013 <em data-start=\"3011\" data-end=\"3048\">Kostenlose Beratung bei YourMedCare<\/em><span class=\"ez-toc-section-end\"><\/span><\/h2>\n<h3 data-start=\"3052\" data-end=\"3123\"><span class=\"ez-toc-section\" id=\"%E3%80%89Ihre_Gesundheit_Transparenz_Sicherheit_stehen_an_erster_Stelle\"><\/span><strong data-start=\"3052\" data-end=\"3121\">\u232aIhre Gesundheit, Transparenz &amp; Sicherheit stehen an erster Stelle<\/strong><span class=\"ez-toc-section-end\"><\/span><\/h3>\n<p data-start=\"3125\" data-end=\"3174\">Unsere kostenlose Online-Beratung bietet Ihnen:<\/p>\n<ul data-start=\"3175\" data-end=\"3501\">\n<li data-start=\"3175\" data-end=\"3284\">\n<p data-start=\"3177\" data-end=\"3284\">Eine <strong data-start=\"3182\" data-end=\"3209\">vorl\u00e4ufige Einsch\u00e4tzung<\/strong> durch unsere Partnerchirurgen auf Grundlage Ihrer medizinischen Angaben.<\/p>\n<\/li>\n<li data-start=\"3285\" data-end=\"3380\">\n<p data-start=\"3287\" data-end=\"3380\">Einen <strong data-start=\"3293\" data-end=\"3352\">allgemeinen \u00dcberblick \u00fcber m\u00f6gliche Behandlungsoptionen<\/strong> und erwartete Ergebnisse.<\/p>\n<\/li>\n<li data-start=\"3381\" data-end=\"3501\">\n<p data-start=\"3383\" data-end=\"3501\">Eine <strong data-start=\"3388\" data-end=\"3440\">Kostensch\u00e4tzung f\u00fcr umfassende Behandlungspakete<\/strong>, damit Sie Ihr Budget im Voraus besser einsch\u00e4tzen k\u00f6nnen.<\/p>\n<\/li>\n<\/ul>\n<p data-start=\"3503\" data-end=\"3527\">Bitte beachten Sie:<\/p>\n<ul data-start=\"3528\" data-end=\"4053\">\n<li data-start=\"3528\" data-end=\"3623\">\n<p data-start=\"3530\" data-end=\"3623\">Diese Einsch\u00e4tzung ist <strong data-start=\"3553\" data-end=\"3620\">kein endg\u00fcltiger medizinischer Befund und keine Erfolgsgarantie<\/strong>.<\/p>\n<\/li>\n<li data-start=\"3624\" data-end=\"3790\">\n<p data-start=\"3626\" data-end=\"3790\"><strong data-start=\"3626\" data-end=\"3683\">Endg\u00fcltige Empfehlungen, Behandlungspl\u00e4ne und Eignung<\/strong> k\u00f6nnen nur nach einer pers\u00f6nlichen Untersuchung und vollst\u00e4ndigen klinischen Bewertung best\u00e4tigt werden.<\/p>\n<\/li>\n<li data-start=\"3791\" data-end=\"4053\">\n<p data-start=\"3793\" data-end=\"4053\">Sollte sich bei der pers\u00f6nlichen Konsultation herausstellen, dass Sie <strong data-start=\"3863\" data-end=\"3881\">nicht geeignet<\/strong> sind, kann Ihr Behandlungsplan angepasst werden. Die Kostensch\u00e4tzung im Voraus hilft, unerwartete Stornierungen zu vermeiden und Ihre Reiseplanung sicherer zu gestalten.<\/p>\n<\/li>\n<\/ul>\n<p data-start=\"4055\" data-end=\"4185\">Wir empfehlen allen Patienten, vor endg\u00fcltigen Entscheidungen ihren behandelnden Arzt oder Chirurgen pers\u00f6nlich zu konsultieren.<\/p>\n","protected":false},"excerpt":{"rendered":"<p>Allgemeiner Haftungsausschluss \u232aNur zu Bildungs- und Informationszwecken Die Inhalte auf dieser Website dienen ausschlie\u00dflich zur Information von Patienten, die eine medizinische Reise in Betracht ziehen. Sie stellen keine professionelle medizinische Beratung, Diagnose oder Behandlung dar. Diese Inhalte ersetzen nicht die individuelle Beratung durch einen zugelassenen Arzt. Jeder Patient hat individuelle Bed\u00fcrfnisse \u2013 bitte wenden Sie [&hellip;]<\/p>\n","protected":false},"author":1,"featured_media":0,"parent":5672,"menu_order":103,"comment_status":"closed","ping_status":"closed","template":"","meta":{"footnotes":""},"class_list":["post-5601","page","type-page","status-publish","hentry"],"_links":{"self":[{"href":"https:\/\/yourmedcare.com\/de\/wp-json\/wp\/v2\/pages\/5601","targetHints":{"allow":["GET"]}}],"collection":[{"href":"https:\/\/yourmedcare.com\/de\/wp-json\/wp\/v2\/pages"}],"about":[{"href":"https:\/\/yourmedcare.com\/de\/wp-json\/wp\/v2\/types\/page"}],"author":[{"embeddable":true,"href":"https:\/\/yourmedcare.com\/de\/wp-json\/wp\/v2\/users\/1"}],"replies":[{"embeddable":true,"href":"https:\/\/yourmedcare.com\/de\/wp-json\/wp\/v2\/comments?post=5601"}],"version-history":[{"count":5,"href":"https:\/\/yourmedcare.com\/de\/wp-json\/wp\/v2\/pages\/5601\/revisions"}],"predecessor-version":[{"id":7198,"href":"https:\/\/yourmedcare.com\/de\/wp-json\/wp\/v2\/pages\/5601\/revisions\/7198"}],"up":[{"embeddable":true,"href":"https:\/\/yourmedcare.com\/de\/wp-json\/wp\/v2\/pages\/5672"}],"wp:attachment":[{"href":"https:\/\/yourmedcare.com\/de\/wp-json\/wp\/v2\/media?parent=5601"}],"curies":[{"name":"wp","href":"https:\/\/api.w.org\/{rel}","templated":true}]}}