{"id":5600,"date":"2025-06-12T12:33:58","date_gmt":"2025-06-12T09:33:58","guid":{"rendered":"https:\/\/yourmedcare.com\/istanbul\/"},"modified":"2025-09-04T15:55:51","modified_gmt":"2025-09-04T12:55:51","slug":"istanbul","status":"publish","type":"page","link":"https:\/\/yourmedcare.com\/de\/istanbul\/","title":{"rendered":"Istanbul"},"content":{"rendered":"<div id=\"ez-toc-container\" class=\"ez-toc-v2_0_82_2 counter-hierarchy ez-toc-counter ez-toc-custom ez-toc-container-direction\">\n<div class=\"ez-toc-title-container\">\n<p class=\"ez-toc-title\" style=\"cursor:inherit\">Table of Contents<\/p>\n<span class=\"ez-toc-title-toggle\"><a href=\"#\" class=\"ez-toc-pull-right ez-toc-btn ez-toc-btn-xs ez-toc-btn-default ez-toc-toggle\" aria-label=\"Toggle Table of Content\"><span class=\"ez-toc-js-icon-con\"><span class=\"\"><span class=\"eztoc-hide\" style=\"display:none;\">Toggle<\/span><span class=\"ez-toc-icon-toggle-span\"><svg style=\"fill: #154175;color:#154175\" xmlns=\"http:\/\/www.w3.org\/2000\/svg\" class=\"list-377408\" width=\"20px\" height=\"20px\" viewBox=\"0 0 24 24\" fill=\"none\"><path d=\"M6 6H4v2h2V6zm14 0H8v2h12V6zM4 11h2v2H4v-2zm16 0H8v2h12v-2zM4 16h2v2H4v-2zm16 0H8v2h12v-2z\" fill=\"currentColor\"><\/path><\/svg><svg style=\"fill: #154175;color:#154175\" class=\"arrow-unsorted-368013\" xmlns=\"http:\/\/www.w3.org\/2000\/svg\" width=\"10px\" height=\"10px\" viewBox=\"0 0 24 24\" version=\"1.2\" baseProfile=\"tiny\"><path d=\"M18.2 9.3l-6.2-6.3-6.2 6.3c-.2.2-.3.4-.3.7s.1.5.3.7c.2.2.4.3.7.3h11c.3 0 .5-.1.7-.3.2-.2.3-.5.3-.7s-.1-.5-.3-.7zM5.8 14.7l6.2 6.3 6.2-6.3c.2-.2.3-.5.3-.7s-.1-.5-.3-.7c-.2-.2-.4-.3-.7-.3h-11c-.3 0-.5.1-.7.3-.2.2-.3.5-.3.7s.1.5.3.7z\"\/><\/svg><\/span><\/span><\/span><\/a><\/span><\/div>\n<nav><ul class='ez-toc-list ez-toc-list-level-1 ' ><li class='ez-toc-page-1 ez-toc-heading-level-2'><a class=\"ez-toc-link ez-toc-heading-1\" href=\"https:\/\/yourmedcare.com\/de\/istanbul\/#Istanbul_%E2%80%93_Die_Stadt_in_der_Kontinente_und_Kulturen_sich_begegnen\" >Istanbul \u2013 Die Stadt, in der Kontinente und Kulturen sich begegnen<\/a><ul class='ez-toc-list-level-3' ><li class='ez-toc-heading-level-3'><a class=\"ez-toc-link ez-toc-heading-2\" href=\"https:\/\/yourmedcare.com\/de\/istanbul\/#Magie_der_Altstadt_Sultanahmet_und_die_Wunder_der_Geschichte\" >Magie der Altstadt: Sultanahmet und die Wunder der Geschichte<\/a><\/li><li class='ez-toc-page-1 ez-toc-heading-level-3'><a class=\"ez-toc-link ez-toc-heading-3\" href=\"https:\/\/yourmedcare.com\/de\/istanbul\/#Moderne_trifft_Tradition_%E2%80%93_Istanbul_lebt_und_pulsiert\" >Moderne trifft Tradition \u2013 Istanbul lebt und pulsiert<\/a><\/li><li class='ez-toc-page-1 ez-toc-heading-level-3'><a class=\"ez-toc-link ez-toc-heading-4\" href=\"https:\/\/yourmedcare.com\/de\/istanbul\/#Maerkte_Aromen_und_das_echte_Leben\" >M\u00e4rkte, Aromen und das echte Leben<\/a><\/li><\/ul><\/li><\/ul><\/nav><\/div>\n<h2 data-start=\"196\" data-end=\"265\"><span class=\"ez-toc-section\" id=\"Istanbul_%E2%80%93_Die_Stadt_in_der_Kontinente_und_Kulturen_sich_begegnen\"><\/span>Istanbul \u2013 Die Stadt, in der Kontinente und Kulturen sich begegnen<span class=\"ez-toc-section-end\"><\/span><\/h2>\n<p data-start=\"267\" data-end=\"591\">Istanbul z\u00e4hlt zu den faszinierendsten St\u00e4dten der Welt \u2013 ein Ort, an dem sich seit Jahrtausenden <strong data-start=\"365\" data-end=\"401\">Kulturen, Religionen und Epochen<\/strong> begegnen. Als ehemalige Hauptstadt der <strong data-start=\"441\" data-end=\"454\">r\u00f6mischen<\/strong>, <strong data-start=\"456\" data-end=\"474\">byzantinischen<\/strong> und <strong data-start=\"479\" data-end=\"501\">osmanischen Reiche<\/strong> vereint Istanbul das Erbe gro\u00dfer Imperien mit der Dynamik einer modernen Weltmetropole.<\/p>\n<p data-start=\"593\" data-end=\"754\">Hier verschmelzen <strong data-start=\"611\" data-end=\"631\">Europa und Asien<\/strong>, <strong data-start=\"633\" data-end=\"664\">Vergangenheit und Gegenwart<\/strong>, <strong data-start=\"666\" data-end=\"700\">Spiritualit\u00e4t und Weltlichkeit<\/strong> \u2013 auf eine Weise, wie es nur in Istanbul m\u00f6glich ist.<\/p>\n<h3 data-start=\"761\" data-end=\"826\"><span class=\"ez-toc-section\" id=\"Magie_der_Altstadt_Sultanahmet_und_die_Wunder_der_Geschichte\"><\/span>Magie der Altstadt: Sultanahmet und die Wunder der Geschichte<span class=\"ez-toc-section-end\"><\/span><\/h3>\n<p data-start=\"828\" data-end=\"947\">Im Herzen der Stadt erwartet Sie das historische Viertel <strong data-start=\"885\" data-end=\"900\">Sultanahmet<\/strong>, wo hinter jeder Ecke Geschichte sp\u00fcrbar wird:<\/p>\n<ul>\n<li data-start=\"951\" data-end=\"1076\">Die majest\u00e4tische <strong data-start=\"969\" data-end=\"985\">Hagia Sophia<\/strong>, einst Kirche, Moschee und heute Museum, erz\u00e4hlt von byzantinischer und osmanischer Gr\u00f6\u00dfe.<\/li>\n<li data-start=\"1079\" data-end=\"1202\">Direkt gegen\u00fcber steht die beeindruckende <strong data-start=\"1121\" data-end=\"1138\">Blaue Moschee<\/strong> mit ihren feinen blauen Fliesen und sechs schlanken Minaretten.<\/li>\n<li data-start=\"1205\" data-end=\"1330\">Der <strong data-start=\"1209\" data-end=\"1227\">Topkap\u0131-Palast<\/strong>, einst Sitz der osmanischen Sultane, beherbergt pr\u00e4chtige G\u00e4rten, Harem-Gem\u00e4cher und kostbare Sch\u00e4tze.<\/li>\n<\/ul>\n<h3 data-start=\"1337\" data-end=\"1394\"><span class=\"ez-toc-section\" id=\"Moderne_trifft_Tradition_%E2%80%93_Istanbul_lebt_und_pulsiert\"><\/span>Moderne trifft Tradition \u2013 Istanbul lebt und pulsiert<span class=\"ez-toc-section-end\"><\/span><\/h3>\n<p data-start=\"1396\" data-end=\"1693\">Istanbul ist jedoch mehr als nur Vergangenheit. In Szenevierteln wie <strong data-start=\"1465\" data-end=\"1476\">Karak\u00f6y<\/strong>, <strong data-start=\"1478\" data-end=\"1488\">Galata<\/strong> und <strong data-start=\"1493\" data-end=\"1504\">Kad\u0131k\u00f6y<\/strong> bl\u00fchen zeitgen\u00f6ssische Kunst, Design und Gastronomie.<br data-start=\"1558\" data-end=\"1561\" \/>Zwischen <strong data-start=\"1570\" data-end=\"1582\">Galerien<\/strong>, <strong data-start=\"1584\" data-end=\"1602\">Concept Stores<\/strong> und <strong data-start=\"1607\" data-end=\"1623\">hippen Caf\u00e9s<\/strong> entsteht ein spannender Dialog zwischen <strong data-start=\"1664\" data-end=\"1692\">Tradition und Innovation<\/strong>.<\/p>\n<h3 data-start=\"1700\" data-end=\"1738\"><span class=\"ez-toc-section\" id=\"Maerkte_Aromen_und_das_echte_Leben\"><\/span>M\u00e4rkte, Aromen und das echte Leben<span class=\"ez-toc-section-end\"><\/span><\/h3>\n<p data-start=\"1740\" data-end=\"1867\">Ein Bummel durch den legend\u00e4ren <strong data-start=\"1772\" data-end=\"1788\">Gro\u00dfen Basar<\/strong>, einen der \u00e4ltesten \u00fcberdachten M\u00e4rkte der Welt, ist ein Fest f\u00fcr die Sinne:<\/p>\n<ul>\n<li data-start=\"1870\" data-end=\"1894\">Handgekn\u00fcpfte Teppiche<\/li>\n<li data-start=\"1897\" data-end=\"1914\">Antiker Schmuck<\/li>\n<li data-start=\"1917\" data-end=\"1935\">Duftende Gew\u00fcrze<\/li>\n<li data-start=\"1938\" data-end=\"1960\">Kunstvolle Souvenirs<\/li>\n<\/ul>\n<p data-start=\"1962\" data-end=\"2097\">Nur wenige Gehminuten entfernt liegt der <strong data-start=\"2003\" data-end=\"2018\">Gew\u00fcrzbasar<\/strong>, wo die Aromen des Orients \u2013 Safran, Zimt, Granatapfel \u2013 den Gaumen verf\u00fchren.<\/p>\n","protected":false},"excerpt":{"rendered":"<p>Istanbul \u2013 Die Stadt, in der Kontinente und Kulturen sich begegnen Istanbul z\u00e4hlt zu den faszinierendsten St\u00e4dten der Welt \u2013 ein Ort, an dem sich seit Jahrtausenden Kulturen, Religionen und Epochen begegnen. Als ehemalige Hauptstadt der r\u00f6mischen, byzantinischen und osmanischen Reiche vereint Istanbul das Erbe gro\u00dfer Imperien mit der Dynamik einer modernen Weltmetropole. Hier verschmelzen [&hellip;]<\/p>\n","protected":false},"author":1,"featured_media":0,"parent":0,"menu_order":84,"comment_status":"closed","ping_status":"closed","template":"","meta":{"footnotes":""},"class_list":["post-5600","page","type-page","status-publish","hentry"],"_links":{"self":[{"href":"https:\/\/yourmedcare.com\/de\/wp-json\/wp\/v2\/pages\/5600","targetHints":{"allow":["GET"]}}],"collection":[{"href":"https:\/\/yourmedcare.com\/de\/wp-json\/wp\/v2\/pages"}],"about":[{"href":"https:\/\/yourmedcare.com\/de\/wp-json\/wp\/v2\/types\/page"}],"author":[{"embeddable":true,"href":"https:\/\/yourmedcare.com\/de\/wp-json\/wp\/v2\/users\/1"}],"replies":[{"embeddable":true,"href":"https:\/\/yourmedcare.com\/de\/wp-json\/wp\/v2\/comments?post=5600"}],"version-history":[{"count":1,"href":"https:\/\/yourmedcare.com\/de\/wp-json\/wp\/v2\/pages\/5600\/revisions"}],"predecessor-version":[{"id":6458,"href":"https:\/\/yourmedcare.com\/de\/wp-json\/wp\/v2\/pages\/5600\/revisions\/6458"}],"wp:attachment":[{"href":"https:\/\/yourmedcare.com\/de\/wp-json\/wp\/v2\/media?parent=5600"}],"curies":[{"name":"wp","href":"https:\/\/api.w.org\/{rel}","templated":true}]}}