{"id":5599,"date":"2025-06-01T21:38:38","date_gmt":"2025-06-01T18:38:38","guid":{"rendered":"https:\/\/yourmedcare.com\/wie-es-funktioniert\/"},"modified":"2025-07-17T02:19:33","modified_gmt":"2025-07-16T23:19:33","slug":"wie-es-funktioniert","status":"publish","type":"page","link":"https:\/\/yourmedcare.com\/de\/wie-es-funktioniert\/","title":{"rendered":"Wie es funktioniert?"},"content":{"rendered":"<div id=\"ez-toc-container\" class=\"ez-toc-v2_0_82_2 counter-hierarchy ez-toc-counter ez-toc-custom ez-toc-container-direction\">\n<div class=\"ez-toc-title-container\">\n<p class=\"ez-toc-title\" style=\"cursor:inherit\">Table of Contents<\/p>\n<span class=\"ez-toc-title-toggle\"><a href=\"#\" class=\"ez-toc-pull-right ez-toc-btn ez-toc-btn-xs ez-toc-btn-default ez-toc-toggle\" aria-label=\"Toggle Table of Content\"><span class=\"ez-toc-js-icon-con\"><span class=\"\"><span class=\"eztoc-hide\" style=\"display:none;\">Toggle<\/span><span class=\"ez-toc-icon-toggle-span\"><svg style=\"fill: #154175;color:#154175\" xmlns=\"http:\/\/www.w3.org\/2000\/svg\" class=\"list-377408\" width=\"20px\" height=\"20px\" viewBox=\"0 0 24 24\" fill=\"none\"><path d=\"M6 6H4v2h2V6zm14 0H8v2h12V6zM4 11h2v2H4v-2zm16 0H8v2h12v-2zM4 16h2v2H4v-2zm16 0H8v2h12v-2z\" fill=\"currentColor\"><\/path><\/svg><svg style=\"fill: #154175;color:#154175\" class=\"arrow-unsorted-368013\" xmlns=\"http:\/\/www.w3.org\/2000\/svg\" width=\"10px\" height=\"10px\" viewBox=\"0 0 24 24\" version=\"1.2\" baseProfile=\"tiny\"><path d=\"M18.2 9.3l-6.2-6.3-6.2 6.3c-.2.2-.3.4-.3.7s.1.5.3.7c.2.2.4.3.7.3h11c.3 0 .5-.1.7-.3.2-.2.3-.5.3-.7s-.1-.5-.3-.7zM5.8 14.7l6.2 6.3 6.2-6.3c.2-.2.3-.5.3-.7s-.1-.5-.3-.7c-.2-.2-.4-.3-.7-.3h-11c-.3 0-.5.1-.7.3-.2.2-.3.5-.3.7s.1.5.3.7z\"\/><\/svg><\/span><\/span><\/span><\/a><\/span><\/div>\n<nav><ul class='ez-toc-list ez-toc-list-level-1 ' ><li class='ez-toc-page-1 ez-toc-heading-level-2'><a class=\"ez-toc-link ez-toc-heading-1\" href=\"https:\/\/yourmedcare.com\/de\/wie-es-funktioniert\/#So_funktioniert_es_In_5_Schritten_zur_sicheren_medizinischen_Behandlung\" >So funktioniert es: In 5 Schritten zur sicheren medizinischen Behandlung<\/a><ul class='ez-toc-list-level-3' ><li class='ez-toc-heading-level-3'><a class=\"ez-toc-link ez-toc-heading-2\" href=\"https:\/\/yourmedcare.com\/de\/wie-es-funktioniert\/#%E3%80%89Schritt_1_Kostenlose_Erstberatung_buchen\" >\u232aSchritt 1: Kostenlose Erstberatung buchen<\/a><\/li><li class='ez-toc-page-1 ez-toc-heading-level-3'><a class=\"ez-toc-link ez-toc-heading-3\" href=\"https:\/\/yourmedcare.com\/de\/wie-es-funktioniert\/#%E3%80%89Schritt_2_Medizinische_Angaben_teilen\" >\u232aSchritt 2: Medizinische Angaben teilen<\/a><\/li><li class='ez-toc-page-1 ez-toc-heading-level-3'><a class=\"ez-toc-link ez-toc-heading-4\" href=\"https:\/\/yourmedcare.com\/de\/wie-es-funktioniert\/#%E3%80%89Schritt_3_Fachliche_Rueckmeldung_erhalten\" >\u232aSchritt 3: Fachliche R\u00fcckmeldung erhalten<\/a><\/li><li class='ez-toc-page-1 ez-toc-heading-level-3'><a class=\"ez-toc-link ez-toc-heading-5\" href=\"https:\/\/yourmedcare.com\/de\/wie-es-funktioniert\/#%E3%80%89Schritt_4_Individuelle_Vermittlung\" >\u232aSchritt 4: Individuelle Vermittlung<\/a><\/li><li class='ez-toc-page-1 ez-toc-heading-level-3'><a class=\"ez-toc-link ez-toc-heading-6\" href=\"https:\/\/yourmedcare.com\/de\/wie-es-funktioniert\/#%E3%80%89Schritt_5_Buchen_los_gehts\" >\u232aSchritt 5: Buchen &amp; los geht\u2019s!<\/a><\/li><\/ul><\/li><li class='ez-toc-page-1 ez-toc-heading-level-2'><a class=\"ez-toc-link ez-toc-heading-7\" href=\"https:\/\/yourmedcare.com\/de\/wie-es-funktioniert\/#Fuehlen_Sie_sich_verstanden_Fuehlen_Sie_sich_sicher_Fuehlen_Sie_sich_gut_betreut\" >F\u00fchlen Sie sich verstanden. F\u00fchlen Sie sich sicher. F\u00fchlen Sie sich gut betreut.<\/a><\/li><\/ul><\/nav><\/div>\n<h2 data-pm-slice=\"1 1 []\"><span class=\"ez-toc-section\" id=\"So_funktioniert_es_In_5_Schritten_zur_sicheren_medizinischen_Behandlung\"><\/span><strong>So funktioniert es: In 5 Schritten zur sicheren medizinischen Behandlung<\/strong><span class=\"ez-toc-section-end\"><\/span><\/h2>\n<h3><span class=\"ez-toc-section\" id=\"%E3%80%89Schritt_1_Kostenlose_Erstberatung_buchen\"><\/span><strong>\u232a<span style=\"text-decoration: underline;\">Schritt 1:<\/span> Kostenlose Erstberatung buchen<\/strong><span class=\"ez-toc-section-end\"><\/span><\/h3>\n<p>\u203a Vereinbaren Sie Ihre unverbindliche Online-Beratung in wenigen Minuten.<\/p>\n<p>\u203a Keine Verpflichtungen \u2013 einfach ein offenes Gespr\u00e4ch \u00fcber Ihre Bed\u00fcrfnisse.<\/p>\n<p>\u203a Erhalten Sie vertrauensvolle, druckfreie Empfehlungen.<\/p>\n<h3><span class=\"ez-toc-section\" id=\"%E3%80%89Schritt_2_Medizinische_Angaben_teilen\"><\/span><strong>\u232a<\/strong><strong><span style=\"text-decoration: underline;\">Schritt 2:<\/span> Medizinische Angaben teilen<\/strong><span class=\"ez-toc-section-end\"><\/span><\/h3>\n<p>\u203a Unser mehrsprachiges Team nimmt sich Zeit f\u00fcr Ihre individuelle Situation.<\/p>\n<p>\u203a Teilen Sie Ihre Krankengeschichte sicher und DSGVO-konform.<\/p>\n<p>\u203a Ihre Informationen werden von \u00c4rzten unseres Partnernetzwerks f\u00fcr eine erste Einsch\u00e4tzung analysiert.<\/p>\n<h3><span class=\"ez-toc-section\" id=\"%E3%80%89Schritt_3_Fachliche_Rueckmeldung_erhalten\"><\/span><strong>\u232a<\/strong><strong><span style=\"text-decoration: underline;\">Schritt 3:<\/span> Fachliche R\u00fcckmeldung erhalten<\/strong><span class=\"ez-toc-section-end\"><\/span><\/h3>\n<p>\u203a Sie bekommen klare, fachgerechte Empfehlungen zu Ihrer Behandlung.<\/p>\n<p>\u203a Volle Transparenz zu Optionen, Kosten und Zeitplan.<\/p>\n<p>\u203a Treffen Sie eine informierte Entscheidung \u2013 ohne Raten oder Unsicherheit.<\/p>\n<h3><span class=\"ez-toc-section\" id=\"%E3%80%89Schritt_4_Individuelle_Vermittlung\"><\/span><strong>\u232a<\/strong><strong><span style=\"text-decoration: underline;\">Schritt 4:<\/span> Individuelle Vermittlung<\/strong><span class=\"ez-toc-section-end\"><\/span><\/h3>\n<p>\u203a Teilen Sie Ihre Erwartungen, Vorlieben und besonderen Anliegen.<\/p>\n<p>\u203a Wir finden f\u00fcr Sie den passenden Arzt und die geeignete Klinik in der richtigen Destination.<\/p>\n<p>\u203a Bei uns stehen Qualit\u00e4t, Sicherheit und Ihr Wohlbefinden im Fokus.<\/p>\n<h3><span class=\"ez-toc-section\" id=\"%E3%80%89Schritt_5_Buchen_los_gehts\"><\/span><strong>\u232a<\/strong><strong><span style=\"text-decoration: underline;\">Schritt 5:<\/span> Buchen &amp; los geht\u2019s!<\/strong><span class=\"ez-toc-section-end\"><\/span><\/h3>\n<p>\u203a Sichern Sie sich Ihr individuelles Behandlungspaket \u2013 einfach, schnell und sicher.<\/p>\n<p>\u203a Vom Flughafentransfer bis zur Nachsorge \u2013 wir k\u00fcmmern uns um jedes Detail.<\/p>\n<p><strong>BEREIT &#8211; SICHER &#8211; STARTKLAR: <\/strong>Ihre Gesundheitsreise beginnt jetzt!<\/p>\n<p><strong>Warum <span style=\"text-decoration: underline;\">YourMedcare<\/span>?<\/strong><\/p>\n<p>\u2713 Vertrauensw\u00fcrdige Partner\u00e4rzte<\/p>\n<p>\u2713 Klare Preise ohne versteckte Kosten<\/p>\n<p>\u2713 Gepr\u00fcfte, sichere Gesundheitsanbieter<\/p>\n<p>\u2713 Rundum-Betreuung vor, w\u00e4hrend und nach Ihrer Reise<\/p>\n<blockquote>\n<h2><span class=\"ez-toc-section\" id=\"Fuehlen_Sie_sich_verstanden_Fuehlen_Sie_sich_sicher_Fuehlen_Sie_sich_gut_betreut\"><\/span><strong>F\u00fchlen Sie sich verstanden. F\u00fchlen Sie sich sicher. F\u00fchlen Sie sich gut betreut.<\/strong><span class=\"ez-toc-section-end\"><\/span><\/h2>\n<\/blockquote>\n<p>Ihre Gesundheit verdient Kompetenz \u2013 und ein Herz, das sich k\u00fcmmert.<\/p>\n","protected":false},"excerpt":{"rendered":"<p>So funktioniert es: In 5 Schritten zur sicheren medizinischen Behandlung \u232aSchritt 1: Kostenlose Erstberatung buchen \u203a Vereinbaren Sie Ihre unverbindliche Online-Beratung in wenigen Minuten. \u203a Keine Verpflichtungen \u2013 einfach ein offenes Gespr\u00e4ch \u00fcber Ihre Bed\u00fcrfnisse. \u203a Erhalten Sie vertrauensvolle, druckfreie Empfehlungen. \u232aSchritt 2: Medizinische Angaben teilen \u203a Unser mehrsprachiges Team nimmt sich Zeit f\u00fcr Ihre [&hellip;]<\/p>\n","protected":false},"author":1,"featured_media":0,"parent":0,"menu_order":79,"comment_status":"closed","ping_status":"closed","template":"","meta":{"footnotes":""},"class_list":["post-5599","page","type-page","status-publish","hentry"],"_links":{"self":[{"href":"https:\/\/yourmedcare.com\/de\/wp-json\/wp\/v2\/pages\/5599","targetHints":{"allow":["GET"]}}],"collection":[{"href":"https:\/\/yourmedcare.com\/de\/wp-json\/wp\/v2\/pages"}],"about":[{"href":"https:\/\/yourmedcare.com\/de\/wp-json\/wp\/v2\/types\/page"}],"author":[{"embeddable":true,"href":"https:\/\/yourmedcare.com\/de\/wp-json\/wp\/v2\/users\/1"}],"replies":[{"embeddable":true,"href":"https:\/\/yourmedcare.com\/de\/wp-json\/wp\/v2\/comments?post=5599"}],"version-history":[{"count":4,"href":"https:\/\/yourmedcare.com\/de\/wp-json\/wp\/v2\/pages\/5599\/revisions"}],"predecessor-version":[{"id":6557,"href":"https:\/\/yourmedcare.com\/de\/wp-json\/wp\/v2\/pages\/5599\/revisions\/6557"}],"wp:attachment":[{"href":"https:\/\/yourmedcare.com\/de\/wp-json\/wp\/v2\/media?parent=5599"}],"curies":[{"name":"wp","href":"https:\/\/api.w.org\/{rel}","templated":true}]}}