{"id":5596,"date":"2025-06-01T10:44:25","date_gmt":"2025-06-01T07:44:25","guid":{"rendered":"https:\/\/yourmedcare.com\/beste-gefuehrte-touren-in-kappadokien\/"},"modified":"2025-07-29T21:12:29","modified_gmt":"2025-07-29T18:12:29","slug":"beste-gefuehrte-touren-in-kappadokien","status":"publish","type":"page","link":"https:\/\/yourmedcare.com\/de\/beste-gefuehrte-touren-in-kappadokien\/","title":{"rendered":"Beste gef\u00fchrte Touren in Kappadokien"},"content":{"rendered":"<div id=\"ez-toc-container\" class=\"ez-toc-v2_0_81 counter-hierarchy ez-toc-counter ez-toc-custom ez-toc-container-direction\">\n<div class=\"ez-toc-title-container\">\n<p class=\"ez-toc-title\" style=\"cursor:inherit\">Table of Contents<\/p>\n<span class=\"ez-toc-title-toggle\"><a href=\"#\" class=\"ez-toc-pull-right ez-toc-btn ez-toc-btn-xs ez-toc-btn-default ez-toc-toggle\" aria-label=\"Toggle Table of Content\"><span class=\"ez-toc-js-icon-con\"><span class=\"\"><span class=\"eztoc-hide\" style=\"display:none;\">Toggle<\/span><span class=\"ez-toc-icon-toggle-span\"><svg style=\"fill: #154175;color:#154175\" xmlns=\"http:\/\/www.w3.org\/2000\/svg\" class=\"list-377408\" width=\"20px\" height=\"20px\" viewBox=\"0 0 24 24\" fill=\"none\"><path d=\"M6 6H4v2h2V6zm14 0H8v2h12V6zM4 11h2v2H4v-2zm16 0H8v2h12v-2zM4 16h2v2H4v-2zm16 0H8v2h12v-2z\" fill=\"currentColor\"><\/path><\/svg><svg style=\"fill: #154175;color:#154175\" class=\"arrow-unsorted-368013\" xmlns=\"http:\/\/www.w3.org\/2000\/svg\" width=\"10px\" height=\"10px\" viewBox=\"0 0 24 24\" version=\"1.2\" baseProfile=\"tiny\"><path d=\"M18.2 9.3l-6.2-6.3-6.2 6.3c-.2.2-.3.4-.3.7s.1.5.3.7c.2.2.4.3.7.3h11c.3 0 .5-.1.7-.3.2-.2.3-.5.3-.7s-.1-.5-.3-.7zM5.8 14.7l6.2 6.3 6.2-6.3c.2-.2.3-.5.3-.7s-.1-.5-.3-.7c-.2-.2-.4-.3-.7-.3h-11c-.3 0-.5.1-.7.3-.2.2-.3.5-.3.7s.1.5.3.7z\"\/><\/svg><\/span><\/span><\/span><\/a><\/span><\/div>\n<nav><ul class='ez-toc-list ez-toc-list-level-1 ' ><li class='ez-toc-page-1 ez-toc-heading-level-1'><a class=\"ez-toc-link ez-toc-heading-1\" href=\"https:\/\/yourmedcare.com\/de\/beste-gefuehrte-touren-in-kappadokien\/#Erleben_Sie_den_Zauber_Anatoliens_%E2%80%93_Kappadokien\" >Erleben Sie den Zauber Anatoliens \u2013 Kappadokien<\/a><ul class='ez-toc-list-level-2' ><li class='ez-toc-heading-level-2'><a class=\"ez-toc-link ez-toc-heading-2\" href=\"https:\/\/yourmedcare.com\/de\/beste-gefuehrte-touren-in-kappadokien\/#Sonnenuntergang_im_Roten_Tal_%E2%80%93_Uchisar\" >Sonnenuntergang im Roten Tal \u2013 U\u00e7hisar<\/a><\/li><li class='ez-toc-page-1 ez-toc-heading-level-2'><a class=\"ez-toc-link ez-toc-heading-3\" href=\"https:\/\/yourmedcare.com\/de\/beste-gefuehrte-touren-in-kappadokien\/#Heissluftballonfahrt_bei_Sonnenaufgang\" >Hei\u00dfluftballonfahrt bei Sonnenaufgang<\/a><\/li><li class='ez-toc-page-1 ez-toc-heading-level-2'><a class=\"ez-toc-link ez-toc-heading-4\" href=\"https:\/\/yourmedcare.com\/de\/beste-gefuehrte-touren-in-kappadokien\/#Goereme_unter_Sternen\" >G\u00f6reme unter Sternen<\/a><\/li><li class='ez-toc-page-1 ez-toc-heading-level-2'><a class=\"ez-toc-link ez-toc-heading-5\" href=\"https:\/\/yourmedcare.com\/de\/beste-gefuehrte-touren-in-kappadokien\/#UNESCO-Welterbe_Goereme_Freilichtmuseum\" >UNESCO-Welterbe: G\u00f6reme Freilichtmuseum<\/a><\/li><li class='ez-toc-page-1 ez-toc-heading-level-2'><a class=\"ez-toc-link ez-toc-heading-6\" href=\"https:\/\/yourmedcare.com\/de\/beste-gefuehrte-touren-in-kappadokien\/#Toepfer-Workshop_in_Avanos\" >T\u00f6pfer-Workshop in Avanos<\/a><\/li><li class='ez-toc-page-1 ez-toc-heading-level-2'><a class=\"ez-toc-link ez-toc-heading-7\" href=\"https:\/\/yourmedcare.com\/de\/beste-gefuehrte-touren-in-kappadokien\/#Reiten_im_Rosental_bei_Sonnenuntergang\" >Reiten im Rosental bei Sonnenuntergang<\/a><\/li><li class='ez-toc-page-1 ez-toc-heading-level-2'><a class=\"ez-toc-link ez-toc-heading-8\" href=\"https:\/\/yourmedcare.com\/de\/beste-gefuehrte-touren-in-kappadokien\/#Gefuehrte_Wandertour_durch_geheime_Taeler\" >Gef\u00fchrte Wandertour durch geheime T\u00e4ler<\/a><\/li><li class='ez-toc-page-1 ez-toc-heading-level-2'><a class=\"ez-toc-link ez-toc-heading-9\" href=\"https:\/\/yourmedcare.com\/de\/beste-gefuehrte-touren-in-kappadokien\/#Sonnenuntergang_mit_Aussicht_am_Kizilcukur-Viewpoint\" >Sonnenuntergang mit Aussicht am K\u0131z\u0131l\u00e7ukur-Viewpoint<\/a><\/li><li class='ez-toc-page-1 ez-toc-heading-level-2'><a class=\"ez-toc-link ez-toc-heading-10\" href=\"https:\/\/yourmedcare.com\/de\/beste-gefuehrte-touren-in-kappadokien\/#Die_Seele_Anatoliens_hautnah\" >Die Seele Anatoliens hautnah<\/a><\/li><\/ul><\/li><li class='ez-toc-page-1 ez-toc-heading-level-1'><a class=\"ez-toc-link ez-toc-heading-11\" href=\"https:\/\/yourmedcare.com\/de\/beste-gefuehrte-touren-in-kappadokien\/#%E3%80%89Unsere_lokalen_Experten_machen_Kappadokien_lebendig\" >\u232aUnsere lokalen Experten machen Kappadokien lebendig.<\/a><\/li><\/ul><\/nav><\/div>\n<h1 data-start=\"288\" data-end=\"339\"><span class=\"ez-toc-section\" id=\"Erleben_Sie_den_Zauber_Anatoliens_%E2%80%93_Kappadokien\"><\/span>Erleben Sie den Zauber Anatoliens \u2013 Kappadokien<span class=\"ez-toc-section-end\"><\/span><\/h1>\n<p data-start=\"341\" data-end=\"589\">Von uralten T\u00e4lern bis zu sternklaren N\u00e4chten \u00fcber Feenkaminen \u2013 Kappadokien ist mehr als ein Reiseziel. Es ist ein Traumland, geformt durch Natur und Geschichte. Lassen Sie sich von unseren erfahrenen Guides durch unvergessliche Erlebnisse f\u00fchren.<\/p>\n<h2 data-start=\"596\" data-end=\"644\"><span class=\"ez-toc-section\" id=\"Sonnenuntergang_im_Roten_Tal_%E2%80%93_Uchisar\"><\/span>Sonnenuntergang im Roten Tal \u2013 U\u00e7hisar<span class=\"ez-toc-section-end\"><\/span><\/h2>\n<p data-start=\"645\" data-end=\"839\">Erleben Sie ein atemberaubendes Farbenspiel \u00fcber dem K\u0131z\u0131l\u00e7ukur-Tal und genie\u00dfen Sie ein Glas Wein mit Panoramablick in U\u00e7hisar.<br data-start=\"773\" data-end=\"776\" \/><strong data-start=\"776\" data-end=\"785\">Tour:<\/strong> Gef\u00fchrte Sonnenuntergangswanderung mit Weinverkostung<\/p>\n<h2 data-start=\"846\" data-end=\"893\"><span class=\"ez-toc-section\" id=\"Heissluftballonfahrt_bei_Sonnenaufgang\"><\/span>Hei\u00dfluftballonfahrt bei Sonnenaufgang<span class=\"ez-toc-section-end\"><\/span><\/h2>\n<p data-start=\"894\" data-end=\"1059\">Schweben Sie bei Sonnenaufgang \u00fcber die m\u00e4rchenhafte Landschaft Kappadokiens \u2013 ein unvergessliches Highlight.<br data-start=\"1003\" data-end=\"1006\" \/><strong data-start=\"1006\" data-end=\"1015\">Tour:<\/strong> Hei\u00dfluftballonfahrt mit Fr\u00fchst\u00fcck am Morgen<\/p>\n<h2 data-start=\"1066\" data-end=\"1095\"><span class=\"ez-toc-section\" id=\"Goereme_unter_Sternen\"><\/span>G\u00f6reme unter Sternen<span class=\"ez-toc-section-end\"><\/span><\/h2>\n<p data-start=\"1096\" data-end=\"1268\">Entdecken Sie den n\u00e4chtlichen Himmel \u00fcber bizarren Felsformationen \u2013 perfekt f\u00fcr Sternenbeobachtung und Nachtfotografie.<br data-start=\"1216\" data-end=\"1219\" \/><strong data-start=\"1219\" data-end=\"1228\">Tour:<\/strong> Astronomie- &amp; Fotografie-Tour bei Nacht<\/p>\n<h2 data-start=\"1275\" data-end=\"1324\"><span class=\"ez-toc-section\" id=\"UNESCO-Welterbe_Goereme_Freilichtmuseum\"><\/span>UNESCO-Welterbe: G\u00f6reme Freilichtmuseum<span class=\"ez-toc-section-end\"><\/span><\/h2>\n<p data-start=\"1325\" data-end=\"1488\">Besichtigen Sie H\u00f6hlenkirchen und jahrhundertealte Fresken \u2013 das ber\u00fchmteste historische Highlight Kappadokiens.<br data-start=\"1437\" data-end=\"1440\" \/><strong data-start=\"1440\" data-end=\"1449\">Tour:<\/strong> G\u00f6reme Kultur- &amp; Geschichtsspaziergang<\/p>\n<h2 data-start=\"1495\" data-end=\"1530\"><span class=\"ez-toc-section\" id=\"Toepfer-Workshop_in_Avanos\"><\/span>T\u00f6pfer-Workshop in Avanos<span class=\"ez-toc-section-end\"><\/span><\/h2>\n<p data-start=\"1531\" data-end=\"1703\">Probieren Sie sich an der traditionellen T\u00f6pferkunst der Hethiter in einer authentischen Werkstatt in Avanos.<br data-start=\"1640\" data-end=\"1643\" \/><strong data-start=\"1643\" data-end=\"1652\">Tour:<\/strong> Kultur &amp; Handwerk \u2013 Workshop mit lokalen K\u00fcnstlern<\/p>\n<h2 data-start=\"1710\" data-end=\"1758\"><span class=\"ez-toc-section\" id=\"Reiten_im_Rosental_bei_Sonnenuntergang\"><\/span>Reiten im Rosental bei Sonnenuntergang<span class=\"ez-toc-section-end\"><\/span><\/h2>\n<p data-start=\"1759\" data-end=\"1918\">Reiten Sie durch m\u00e4rchenhafte T\u00e4ler im goldenen Licht der D\u00e4mmerung \u2013 ein echtes Abenteuer f\u00fcr Naturliebhaber.<br data-start=\"1869\" data-end=\"1872\" \/><strong data-start=\"1872\" data-end=\"1881\">Tour:<\/strong> Sunset Reitsafari durch das Rosental<\/p>\n<h2 data-start=\"1925\" data-end=\"1977\"><span class=\"ez-toc-section\" id=\"Gefuehrte_Wandertour_durch_geheime_Taeler\"><\/span>Gef\u00fchrte Wandertour durch geheime T\u00e4ler<span class=\"ez-toc-section-end\"><\/span><\/h2>\n<p data-start=\"1978\" data-end=\"2138\">Wandern Sie durch versteckte Pfade, entdecken Sie Feenkamine und h\u00f6ren Sie Geschichten der Region.<br data-start=\"2076\" data-end=\"2079\" \/><strong data-start=\"2079\" data-end=\"2088\">Tour:<\/strong> Trekkingtour \u201eVerborgene Pfade &amp; Lokale Legenden\u201c<\/p>\n<h2 data-start=\"2145\" data-end=\"2207\"><span class=\"ez-toc-section\" id=\"Sonnenuntergang_mit_Aussicht_am_Kizilcukur-Viewpoint\"><\/span>Sonnenuntergang mit Aussicht am K\u0131z\u0131l\u00e7ukur-Viewpoint<span class=\"ez-toc-section-end\"><\/span><\/h2>\n<p data-start=\"2208\" data-end=\"2364\">Der wohl sch\u00f6nste Ort f\u00fcr ein unvergessliches Sunset-Foto in Kappadokien \u2013 inklusive Weinverkostung.<br data-start=\"2308\" data-end=\"2311\" \/><strong data-start=\"2311\" data-end=\"2320\">Tour:<\/strong> Panoramatour am Abend mit lokaler Weinprobe<\/p>\n<h2 data-start=\"2371\" data-end=\"2408\"><span class=\"ez-toc-section\" id=\"Die_Seele_Anatoliens_hautnah\"><\/span>Die Seele Anatoliens hautnah<span class=\"ez-toc-section-end\"><\/span><\/h2>\n<p data-start=\"2409\" data-end=\"2731\">Erleben Sie eine visuelle Reise durch Kultur, Symbole und Landschaften der Region \u2013 lebendig, tiefgr\u00fcndig, unvergesslich.<\/p>\n<h1 data-start=\"2409\" data-end=\"2731\"><span class=\"ez-toc-section\" id=\"%E3%80%89Unsere_lokalen_Experten_machen_Kappadokien_lebendig\"><\/span><strong data-start=\"2533\" data-end=\"2590\">\u232aUnsere lokalen Experten machen Kappadokien lebendig.<\/strong><span class=\"ez-toc-section-end\"><\/span><\/h1>\n<p data-start=\"2409\" data-end=\"2731\">Ob Abenteuerlust, Kulturerlebnis oder atemberaubende Natur \u2013 Ihre Reise beginnt hier. Kontaktieren Sie uns f\u00fcr Ihr individuelles Erlebnis!<\/p>\n","protected":false},"excerpt":{"rendered":"<p>Erleben Sie den Zauber Anatoliens \u2013 Kappadokien Von uralten T\u00e4lern bis zu sternklaren N\u00e4chten \u00fcber Feenkaminen \u2013 Kappadokien ist mehr als ein Reiseziel. Es ist ein Traumland, geformt durch Natur und Geschichte. Lassen Sie sich von unseren erfahrenen Guides durch unvergessliche Erlebnisse f\u00fchren. Sonnenuntergang im Roten Tal \u2013 U\u00e7hisar Erleben Sie ein atemberaubendes Farbenspiel \u00fcber [&hellip;]<\/p>\n","protected":false},"author":1,"featured_media":0,"parent":0,"menu_order":62,"comment_status":"closed","ping_status":"closed","template":"","meta":{"footnotes":""},"class_list":["post-5596","page","type-page","status-publish","hentry"],"_links":{"self":[{"href":"https:\/\/yourmedcare.com\/de\/wp-json\/wp\/v2\/pages\/5596","targetHints":{"allow":["GET"]}}],"collection":[{"href":"https:\/\/yourmedcare.com\/de\/wp-json\/wp\/v2\/pages"}],"about":[{"href":"https:\/\/yourmedcare.com\/de\/wp-json\/wp\/v2\/types\/page"}],"author":[{"embeddable":true,"href":"https:\/\/yourmedcare.com\/de\/wp-json\/wp\/v2\/users\/1"}],"replies":[{"embeddable":true,"href":"https:\/\/yourmedcare.com\/de\/wp-json\/wp\/v2\/comments?post=5596"}],"version-history":[{"count":2,"href":"https:\/\/yourmedcare.com\/de\/wp-json\/wp\/v2\/pages\/5596\/revisions"}],"predecessor-version":[{"id":6578,"href":"https:\/\/yourmedcare.com\/de\/wp-json\/wp\/v2\/pages\/5596\/revisions\/6578"}],"wp:attachment":[{"href":"https:\/\/yourmedcare.com\/de\/wp-json\/wp\/v2\/media?parent=5596"}],"curies":[{"name":"wp","href":"https:\/\/api.w.org\/{rel}","templated":true}]}}