{"id":5595,"date":"2025-05-31T15:41:09","date_gmt":"2025-05-31T12:41:09","guid":{"rendered":"https:\/\/yourmedcare.com\/ueber\/verfuegbare-reiseziele\/kayseri\/"},"modified":"2025-09-15T12:49:13","modified_gmt":"2025-09-15T09:49:13","slug":"kayseri","status":"publish","type":"page","link":"https:\/\/yourmedcare.com\/de\/kayseri\/","title":{"rendered":"Kayseri"},"content":{"rendered":"<div id=\"ez-toc-container\" class=\"ez-toc-v2_0_82_2 counter-hierarchy ez-toc-counter ez-toc-custom ez-toc-container-direction\">\n<div class=\"ez-toc-title-container\">\n<p class=\"ez-toc-title\" style=\"cursor:inherit\">Table of Contents<\/p>\n<span class=\"ez-toc-title-toggle\"><a href=\"#\" class=\"ez-toc-pull-right ez-toc-btn ez-toc-btn-xs ez-toc-btn-default ez-toc-toggle\" aria-label=\"Toggle Table of Content\"><span class=\"ez-toc-js-icon-con\"><span class=\"\"><span class=\"eztoc-hide\" style=\"display:none;\">Toggle<\/span><span class=\"ez-toc-icon-toggle-span\"><svg style=\"fill: #154175;color:#154175\" xmlns=\"http:\/\/www.w3.org\/2000\/svg\" class=\"list-377408\" width=\"20px\" height=\"20px\" viewBox=\"0 0 24 24\" fill=\"none\"><path d=\"M6 6H4v2h2V6zm14 0H8v2h12V6zM4 11h2v2H4v-2zm16 0H8v2h12v-2zM4 16h2v2H4v-2zm16 0H8v2h12v-2z\" fill=\"currentColor\"><\/path><\/svg><svg style=\"fill: #154175;color:#154175\" class=\"arrow-unsorted-368013\" xmlns=\"http:\/\/www.w3.org\/2000\/svg\" width=\"10px\" height=\"10px\" viewBox=\"0 0 24 24\" version=\"1.2\" baseProfile=\"tiny\"><path d=\"M18.2 9.3l-6.2-6.3-6.2 6.3c-.2.2-.3.4-.3.7s.1.5.3.7c.2.2.4.3.7.3h11c.3 0 .5-.1.7-.3.2-.2.3-.5.3-.7s-.1-.5-.3-.7zM5.8 14.7l6.2 6.3 6.2-6.3c.2-.2.3-.5.3-.7s-.1-.5-.3-.7c-.2-.2-.4-.3-.7-.3h-11c-.3 0-.5.1-.7.3-.2.2-.3.5-.3.7s.1.5.3.7z\"\/><\/svg><\/span><\/span><\/span><\/a><\/span><\/div>\n<nav><ul class='ez-toc-list ez-toc-list-level-1 ' ><li class='ez-toc-page-1 ez-toc-heading-level-2'><a class=\"ez-toc-link ez-toc-heading-1\" href=\"https:\/\/yourmedcare.com\/de\/kayseri\/#Kayseri_%E2%80%93_Eine_historische_Stadt_mit_Herz_Geschmack_und_Heilkraeften\" >Kayseri \u2013 Eine historische Stadt mit Herz, Geschmack und Heilkr\u00e4ften<\/a><ul class='ez-toc-list-level-3' ><li class='ez-toc-heading-level-3'><a class=\"ez-toc-link ez-toc-heading-2\" href=\"https:\/\/yourmedcare.com\/de\/kayseri\/#Historisches_Erbe_seldschukische_Pracht\" >Historisches Erbe &amp; seldschukische Pracht<\/a><\/li><li class='ez-toc-page-1 ez-toc-heading-level-3'><a class=\"ez-toc-link ez-toc-heading-3\" href=\"https:\/\/yourmedcare.com\/de\/kayseri\/#Erciyes_%E2%80%93_Wintersport_Wandern_Abenteuer\" >Erciyes \u2013 Wintersport, Wandern &amp; Abenteuer<\/a><\/li><li class='ez-toc-page-1 ez-toc-heading-level-3'><a class=\"ez-toc-link ez-toc-heading-4\" href=\"https:\/\/yourmedcare.com\/de\/kayseri\/#Kulinarische_Hauptstadt_Anatoliens\" >Kulinarische Hauptstadt Anatoliens<\/a><\/li><li class='ez-toc-page-1 ez-toc-heading-level-3'><a class=\"ez-toc-link ez-toc-heading-5\" href=\"https:\/\/yourmedcare.com\/de\/kayseri\/#Thermalquellen_und_Wellnessangebote\" >Thermalquellen und Wellnessangebote<\/a><\/li><\/ul><\/li><li class='ez-toc-page-1 ez-toc-heading-level-2'><a class=\"ez-toc-link ez-toc-heading-6\" href=\"https:\/\/yourmedcare.com\/de\/kayseri\/#Kayseri_%E2%80%93_Wo_Geschichte_Genuss_und_Gesundheit_sich_begegnen\" >Kayseri \u2013 Wo Geschichte, Genuss und Gesundheit sich begegnen<\/a><\/li><\/ul><\/nav><\/div>\n<h2 data-start=\"213\" data-end=\"284\"><span class=\"ez-toc-section\" id=\"Kayseri_%E2%80%93_Eine_historische_Stadt_mit_Herz_Geschmack_und_Heilkraeften\"><\/span>Kayseri \u2013 Eine historische Stadt mit Herz, Geschmack und Heilkr\u00e4ften<span class=\"ez-toc-section-end\"><\/span><\/h2>\n<p data-start=\"286\" data-end=\"605\">Kayseri, im Herzen Anatoliens gelegen, ist eine Stadt mit tiefen historischen Wurzeln und einer starken kulturellen Identit\u00e4t. Ber\u00fchmt f\u00fcr ihre <strong data-start=\"430\" data-end=\"457\">Seldschuken-Architektur<\/strong>, antiken <strong data-start=\"467\" data-end=\"485\">Karawansereien<\/strong> und eine unverwechselbare <strong data-start=\"512\" data-end=\"538\">kulinarische Tradition<\/strong>, vereint Kayseri auf einzigartige Weise <strong data-start=\"579\" data-end=\"604\">Tradition und Moderne<\/strong>.<\/p>\n<h3 data-start=\"612\" data-end=\"657\"><span class=\"ez-toc-section\" id=\"Historisches_Erbe_seldschukische_Pracht\"><\/span>Historisches Erbe &amp; seldschukische Pracht<span class=\"ez-toc-section-end\"><\/span><\/h3>\n<p data-start=\"659\" data-end=\"778\">Kayseri blickt auf eine jahrtausendealte Geschichte zur\u00fcck, die sich in zahlreichen Bauwerken und Museen widerspiegelt:<\/p>\n<ul>\n<li data-start=\"782\" data-end=\"901\">Die <strong data-start=\"786\" data-end=\"803\">Gro\u00dfe Moschee<\/strong> (<em data-start=\"805\" data-end=\"816\">Ulu Camii<\/em>) und die <strong data-start=\"826\" data-end=\"849\">Festung von Kayseri<\/strong> sind beeindruckende Zeugnisse islamischer Baukunst.<\/li>\n<li data-start=\"904\" data-end=\"1056\">Das <strong data-start=\"908\" data-end=\"933\">Hunat Hatun K\u00fclliyesi<\/strong>, ein Moschee-Komplex aus dem 13. Jahrhundert, steht exemplarisch f\u00fcr die <strong data-start=\"1007\" data-end=\"1044\">reiche seldschukische Architektur<\/strong> der Region.<\/li>\n<li data-start=\"1059\" data-end=\"1196\">Das <strong data-start=\"1063\" data-end=\"1100\">Arch\u00e4ologische Museum von Kayseri<\/strong> zeigt Funde aus der Zeit der <strong data-start=\"1130\" data-end=\"1142\">Hethiter<\/strong>, <strong data-start=\"1144\" data-end=\"1155\">Phryger<\/strong> und anderer antiker Kulturen Anatoliens.<\/li>\n<\/ul>\n<h3 data-start=\"1203\" data-end=\"1249\"><span class=\"ez-toc-section\" id=\"Erciyes_%E2%80%93_Wintersport_Wandern_Abenteuer\"><\/span>Erciyes \u2013 Wintersport, Wandern &amp; Abenteuer<span class=\"ez-toc-section-end\"><\/span><\/h3>\n<p data-start=\"1251\" data-end=\"1388\">Der majest\u00e4tische <strong data-start=\"1269\" data-end=\"1285\">Erciyes-Berg<\/strong>, ein erloschener Vulkan und das h\u00f6chste Gebirge Zentralt\u00fcrkei, ist das Outdoor-Paradies von Kayseri.<\/p>\n<p data-start=\"1390\" data-end=\"1413\">Hier erwartet Besucher:<\/p>\n<ul>\n<li data-start=\"1416\" data-end=\"1495\"><strong data-start=\"1416\" data-end=\"1442\">Skivergn\u00fcgen im Winter<\/strong> mit modernen Liften und Pisten f\u00fcr alle K\u00f6nnerstufen<\/li>\n<li data-start=\"1498\" data-end=\"1570\"><strong data-start=\"1498\" data-end=\"1534\">Wanderrouten und Naturerlebnisse<\/strong> im Sommer mit traumhaften Panoramen<\/li>\n<\/ul>\n<p data-start=\"1572\" data-end=\"1653\">Ein ideales Reiseziel f\u00fcr <strong data-start=\"1598\" data-end=\"1632\">Aktivurlauber und Naturfreunde<\/strong> zu jeder Jahreszeit.<\/p>\n<h3 data-start=\"1660\" data-end=\"1698\"><span class=\"ez-toc-section\" id=\"Kulinarische_Hauptstadt_Anatoliens\"><\/span>Kulinarische Hauptstadt Anatoliens<span class=\"ez-toc-section-end\"><\/span><\/h3>\n<p data-start=\"1700\" data-end=\"1812\">Kayseri ist ein wahres <strong data-start=\"1723\" data-end=\"1753\">Paradies f\u00fcr Feinschmecker<\/strong> \u2013 die K\u00fcche ist weit \u00fcber die Stadtgrenzen hinaus bekannt:<\/p>\n<ul>\n<li data-start=\"1816\" data-end=\"1937\"><strong data-start=\"1816\" data-end=\"1825\">Manti<\/strong> \u2013 kleine, mit Fleisch gef\u00fcllte Teigtaschen in Joghurtsauce mit Knoblauch und Paprika\u00f6l, ein absoluter Klassiker<\/li>\n<li data-start=\"1940\" data-end=\"2015\"><strong data-start=\"1940\" data-end=\"1952\">Past\u0131rma<\/strong> \u2013 luftgetrocknetes, gew\u00fcrztes Rindfleisch mit intensiver W\u00fcrze<\/li>\n<li data-start=\"2018\" data-end=\"2076\"><strong data-start=\"2018\" data-end=\"2027\">Sucuk<\/strong> \u2013 scharfe Knoblauchwurst mit einzigartigem Aroma<\/li>\n<\/ul>\n<p data-start=\"2078\" data-end=\"2197\">Dazu kommen regionale Gew\u00fcrze und authentische Hausmannskost, die das <strong data-start=\"2148\" data-end=\"2180\">kulinarische Erbe Anatoliens<\/strong> erlebbar machen.<\/p>\n<h3 data-start=\"2204\" data-end=\"2243\"><span class=\"ez-toc-section\" id=\"Thermalquellen_und_Wellnessangebote\"><\/span>Thermalquellen und Wellnessangebote<span class=\"ez-toc-section-end\"><\/span><\/h3>\n<p data-start=\"2245\" data-end=\"2478\">Neben Kultur und K\u00fcche bietet Kayseri auch <strong data-start=\"2288\" data-end=\"2315\">Entspannung und Heilung<\/strong> \u2013 die Stadt entwickelt sich zunehmend zu einem attraktiven Ziel f\u00fcr <strong data-start=\"2384\" data-end=\"2422\">Gesundheits- und Wellnesstourismus<\/strong>.<br data-start=\"2423\" data-end=\"2426\" \/>Moderne Thermalhotels und Behandlungszentren bieten:<\/p>\n<ul>\n<li data-start=\"2482\" data-end=\"2510\"><strong data-start=\"2482\" data-end=\"2510\">Mineralhaltige Heilb\u00e4der<\/strong><\/li>\n<li data-start=\"2513\" data-end=\"2554\"><strong data-start=\"2513\" data-end=\"2554\">Thermaltherapien zur Schmerzlinderung<\/strong><\/li>\n<li data-start=\"2557\" data-end=\"2613\"><strong data-start=\"2557\" data-end=\"2613\">Wellnesspakete zur Regeneration von K\u00f6rper und Geist<\/strong><\/li>\n<\/ul>\n<p data-start=\"2615\" data-end=\"2779\">Gerade f\u00fcr Menschen mit Gelenkbeschwerden, Hauterkrankungen oder einfach dem Wunsch nach <strong data-start=\"2704\" data-end=\"2731\">tiefgreifender Erholung<\/strong> sind die Einrichtungen in und um Kayseri ideal.<\/p>\n<h2 data-start=\"2786\" data-end=\"2849\"><span class=\"ez-toc-section\" id=\"Kayseri_%E2%80%93_Wo_Geschichte_Genuss_und_Gesundheit_sich_begegnen\"><\/span>Kayseri \u2013 Wo Geschichte, Genuss und Gesundheit sich begegnen<span class=\"ez-toc-section-end\"><\/span><\/h2>\n<p data-start=\"2851\" data-end=\"3157\">Egal ob Sie auf den Spuren seldschukischer Architektur wandeln, kulinarische Sch\u00e4tze entdecken, aktiv den <strong data-start=\"2957\" data-end=\"2968\">Erciyes<\/strong> erkunden oder sich bei einer <strong data-start=\"2998\" data-end=\"3019\">Thermalbehandlung<\/strong> verw\u00f6hnen lassen m\u00f6chten \u2013<br data-start=\"3046\" data-end=\"3049\" \/><strong data-start=\"3049\" data-end=\"3060\">Kayseri<\/strong> bietet eine harmonische Kombination aus <strong data-start=\"3101\" data-end=\"3135\">Kultur, Natur und Wohlbefinden<\/strong> im Herzen Anatoliens.<\/p>\n","protected":false},"excerpt":{"rendered":"<p>Kayseri \u2013 Eine historische Stadt mit Herz, Geschmack und Heilkr\u00e4ften Kayseri, im Herzen Anatoliens gelegen, ist eine Stadt mit tiefen historischen Wurzeln und einer starken kulturellen Identit\u00e4t. Ber\u00fchmt f\u00fcr ihre Seldschuken-Architektur, antiken Karawansereien und eine unverwechselbare kulinarische Tradition, vereint Kayseri auf einzigartige Weise Tradition und Moderne. Historisches Erbe &amp; seldschukische Pracht Kayseri blickt auf eine [&hellip;]<\/p>\n","protected":false},"author":1,"featured_media":0,"parent":0,"menu_order":60,"comment_status":"closed","ping_status":"closed","template":"","meta":{"footnotes":""},"class_list":["post-5595","page","type-page","status-publish","hentry"],"_links":{"self":[{"href":"https:\/\/yourmedcare.com\/de\/wp-json\/wp\/v2\/pages\/5595","targetHints":{"allow":["GET"]}}],"collection":[{"href":"https:\/\/yourmedcare.com\/de\/wp-json\/wp\/v2\/pages"}],"about":[{"href":"https:\/\/yourmedcare.com\/de\/wp-json\/wp\/v2\/types\/page"}],"author":[{"embeddable":true,"href":"https:\/\/yourmedcare.com\/de\/wp-json\/wp\/v2\/users\/1"}],"replies":[{"embeddable":true,"href":"https:\/\/yourmedcare.com\/de\/wp-json\/wp\/v2\/comments?post=5595"}],"version-history":[{"count":1,"href":"https:\/\/yourmedcare.com\/de\/wp-json\/wp\/v2\/pages\/5595\/revisions"}],"predecessor-version":[{"id":6461,"href":"https:\/\/yourmedcare.com\/de\/wp-json\/wp\/v2\/pages\/5595\/revisions\/6461"}],"wp:attachment":[{"href":"https:\/\/yourmedcare.com\/de\/wp-json\/wp\/v2\/media?parent=5595"}],"curies":[{"name":"wp","href":"https:\/\/api.w.org\/{rel}","templated":true}]}}