{"id":5593,"date":"2025-05-31T15:38:33","date_gmt":"2025-05-31T12:38:33","guid":{"rendered":"https:\/\/yourmedcare.com\/ueber\/verfuegbare-reiseziele\/izmir\/"},"modified":"2025-09-04T15:50:17","modified_gmt":"2025-09-04T12:50:17","slug":"izmir","status":"publish","type":"page","link":"https:\/\/yourmedcare.com\/de\/izmir\/","title":{"rendered":"Izmir"},"content":{"rendered":"<div id=\"ez-toc-container\" class=\"ez-toc-v2_0_82_2 counter-hierarchy ez-toc-counter ez-toc-custom ez-toc-container-direction\">\n<div class=\"ez-toc-title-container\">\n<p class=\"ez-toc-title\" style=\"cursor:inherit\">Table of Contents<\/p>\n<span class=\"ez-toc-title-toggle\"><a href=\"#\" class=\"ez-toc-pull-right ez-toc-btn ez-toc-btn-xs ez-toc-btn-default ez-toc-toggle\" aria-label=\"Toggle Table of Content\"><span class=\"ez-toc-js-icon-con\"><span class=\"\"><span class=\"eztoc-hide\" style=\"display:none;\">Toggle<\/span><span class=\"ez-toc-icon-toggle-span\"><svg style=\"fill: #154175;color:#154175\" xmlns=\"http:\/\/www.w3.org\/2000\/svg\" class=\"list-377408\" width=\"20px\" height=\"20px\" viewBox=\"0 0 24 24\" fill=\"none\"><path d=\"M6 6H4v2h2V6zm14 0H8v2h12V6zM4 11h2v2H4v-2zm16 0H8v2h12v-2zM4 16h2v2H4v-2zm16 0H8v2h12v-2z\" fill=\"currentColor\"><\/path><\/svg><svg style=\"fill: #154175;color:#154175\" class=\"arrow-unsorted-368013\" xmlns=\"http:\/\/www.w3.org\/2000\/svg\" width=\"10px\" height=\"10px\" viewBox=\"0 0 24 24\" version=\"1.2\" baseProfile=\"tiny\"><path d=\"M18.2 9.3l-6.2-6.3-6.2 6.3c-.2.2-.3.4-.3.7s.1.5.3.7c.2.2.4.3.7.3h11c.3 0 .5-.1.7-.3.2-.2.3-.5.3-.7s-.1-.5-.3-.7zM5.8 14.7l6.2 6.3 6.2-6.3c.2-.2.3-.5.3-.7s-.1-.5-.3-.7c-.2-.2-.4-.3-.7-.3h-11c-.3 0-.5.1-.7.3-.2.2-.3.5-.3.7s.1.5.3.7z\"\/><\/svg><\/span><\/span><\/span><\/a><\/span><\/div>\n<nav><ul class='ez-toc-list ez-toc-list-level-1 ' ><li class='ez-toc-page-1 ez-toc-heading-level-2'><a class=\"ez-toc-link ez-toc-heading-1\" href=\"https:\/\/yourmedcare.com\/de\/izmir\/#Entdecke_Izmir_%E2%80%93_Wo_Geschichte_und_Moderne_sich_begegnen\" >Entdecke Izmir \u2013 Wo Geschichte und Moderne sich begegnen<\/a><ul class='ez-toc-list-level-3' ><li class='ez-toc-heading-level-3'><a class=\"ez-toc-link ez-toc-heading-2\" href=\"https:\/\/yourmedcare.com\/de\/izmir\/#Historische_Sehenswuerdigkeiten_und_kulturelle_Schaetze\" >Historische Sehensw\u00fcrdigkeiten und kulturelle Sch\u00e4tze<\/a><\/li><li class='ez-toc-page-1 ez-toc-heading-level-3'><a class=\"ez-toc-link ez-toc-heading-3\" href=\"https:\/\/yourmedcare.com\/de\/izmir\/#Ephesos_%E2%80%93_Ein_Ort_von_Weltruhm\" >Ephesos \u2013 Ein Ort von Weltruhm<\/a><\/li><li class='ez-toc-page-1 ez-toc-heading-level-3'><a class=\"ez-toc-link ez-toc-heading-4\" href=\"https:\/\/yourmedcare.com\/de\/izmir\/#Kuestenorte_zum_Verlieben_%E2%80%93_Sonne_Strand_und_Erholung\" >K\u00fcstenorte zum Verlieben \u2013 Sonne, Strand und Erholung<\/a><\/li><\/ul><\/li><li class='ez-toc-page-1 ez-toc-heading-level-2'><a class=\"ez-toc-link ez-toc-heading-5\" href=\"https:\/\/yourmedcare.com\/de\/izmir\/#Izmir_%E2%80%93_Die_perfekte_Kombination_aus_Kultur_Natur_und_Gesundheit\" >Izmir \u2013 Die perfekte Kombination aus Kultur, Natur und Gesundheit<\/a><\/li><\/ul><\/nav><\/div>\n<h2 data-start=\"214\" data-end=\"273\"><span class=\"ez-toc-section\" id=\"Entdecke_Izmir_%E2%80%93_Wo_Geschichte_und_Moderne_sich_begegnen\"><\/span>Entdecke Izmir \u2013 Wo Geschichte und Moderne sich begegnen<span class=\"ez-toc-section-end\"><\/span><\/h2>\n<p data-start=\"275\" data-end=\"560\">Izmir, eine der \u00e4ltesten St\u00e4dte im Mittelmeerraum, ist seit \u00fcber f\u00fcnftausend Jahren ein Zentrum der Zivilisation. Diese faszinierende Stadt an der t\u00fcrkischen \u00c4g\u00e4isk\u00fcste begeistert Besucher aus aller Welt mit ihrer reichen Geschichte, lebendigen Kultur und atemberaubenden Landschaft.<\/p>\n<p data-start=\"562\" data-end=\"879\">Als moderne Metropole der T\u00fcrkei vereint Izmir Tradition und Fortschritt auf einzigartige Weise. Die Stadt ist Heimat renommierter Universit\u00e4ten, bedeutender Industrie- und Handelsverb\u00e4nde sowie des dritten US Space Camps weltweit \u2013 ein Zeichen f\u00fcr ihre dynamische Entwicklung im Bereich Wissenschaft und Technologie.<\/p>\n<h3 data-start=\"881\" data-end=\"938\"><span class=\"ez-toc-section\" id=\"Historische_Sehenswuerdigkeiten_und_kulturelle_Schaetze\"><\/span>Historische Sehensw\u00fcrdigkeiten und kulturelle Sch\u00e4tze<span class=\"ez-toc-section-end\"><\/span><\/h3>\n<p data-start=\"940\" data-end=\"1088\">In Izmir verschmelzen Vergangenheit und Gegenwart: Die Geschichte antiker Reiche lebt in eindrucksvollen Bauwerken weiter. Zu den Highlights z\u00e4hlen:<\/p>\n<ul>\n<li data-start=\"1091\" data-end=\"1152\"><strong data-start=\"1091\" data-end=\"1118\">Der historische Uhrturm<\/strong> (Saat Kulesi) im Herzen der Stadt<\/li>\n<li data-start=\"1155\" data-end=\"1225\"><strong data-start=\"1155\" data-end=\"1184\">Das Agora Freilichtmuseum<\/strong>, das bis ins 4. Jahrhundert zur\u00fcckreicht<\/li>\n<li data-start=\"1228\" data-end=\"1313\"><strong data-start=\"1228\" data-end=\"1260\">Der lebhafte Kemeralt\u0131-Basar<\/strong>, ein Paradies f\u00fcr Shopping und lokale K\u00f6stlichkeiten<\/li>\n<li data-start=\"1316\" data-end=\"1393\"><strong data-start=\"1316\" data-end=\"1339\">Der K\u0131zlara\u011fas\u0131 Han<\/strong>, ein osmanischer Karawanserei mit einzigartigem Flair<\/li>\n<li data-start=\"1396\" data-end=\"1476\"><strong data-start=\"1396\" data-end=\"1424\">Die antike Stadt Ephesos<\/strong>, eines der bedeutendsten arch\u00e4ologischen Weltwunder<\/li>\n<\/ul>\n<h3 data-start=\"1478\" data-end=\"1512\"><span class=\"ez-toc-section\" id=\"Ephesos_%E2%80%93_Ein_Ort_von_Weltruhm\"><\/span>Ephesos \u2013 Ein Ort von Weltruhm<span class=\"ez-toc-section-end\"><\/span><\/h3>\n<p data-start=\"1514\" data-end=\"1769\">Ephesos ist nicht nur ein Symbol vergangener Gr\u00f6\u00dfe, sondern auch ein Ort mit tief religi\u00f6ser Bedeutung. Die Stadt war einst ein Zentrum der Verehrung der griechischen G\u00f6ttin Artemis. Der Tempel der Artemis geh\u00f6rte zu den <strong data-start=\"1735\" data-end=\"1768\">Sieben Weltwundern der Antike<\/strong>.<\/p>\n<p data-start=\"1771\" data-end=\"2074\">Auch f\u00fcr das Christentum spielt Ephesos eine zentrale Rolle: Der Apostel Paulus lebte und predigte hier, und in der N\u00e4he befindet sich das <strong data-start=\"1910\" data-end=\"1937\">Haus der Jungfrau Maria<\/strong>, ein bedeutender <strong data-start=\"1955\" data-end=\"1972\">Wallfahrtsort<\/strong> f\u00fcr Christen aus aller Welt. Es wird angenommen, dass Maria hier ihre letzten Lebensjahre verbrachte.<\/p>\n<p data-start=\"2076\" data-end=\"2114\">Weitere beeindruckende Monumente sind:<\/p>\n<ul>\n<li data-start=\"2117\" data-end=\"2184\">Die <strong data-start=\"2121\" data-end=\"2142\">Celsus-Bibliothek<\/strong>, eine der gr\u00f6\u00dften Bibliotheken der Antike<\/li>\n<li data-start=\"2187\" data-end=\"2256\">Das imposante <strong data-start=\"2201\" data-end=\"2218\">Gro\u00dfe Theater<\/strong>, das Platz f\u00fcr Tausende Zuschauer bot<\/li>\n<li data-start=\"2259\" data-end=\"2363\">Der <strong data-start=\"2263\" data-end=\"2281\">Hadrianstempel<\/strong>, r\u00f6mische Badeanlagen und viele weitere \u00dcberreste einer glanzvollen Vergangenheit<\/li>\n<\/ul>\n<h3 data-start=\"2365\" data-end=\"2422\"><span class=\"ez-toc-section\" id=\"Kuestenorte_zum_Verlieben_%E2%80%93_Sonne_Strand_und_Erholung\"><\/span>K\u00fcstenorte zum Verlieben \u2013 Sonne, Strand und Erholung<span class=\"ez-toc-section-end\"><\/span><\/h3>\n<p data-start=\"2424\" data-end=\"2734\">Nur eine kurze Fahrt von Izmir entfernt laden idyllische K\u00fcstenorte wie <strong data-start=\"2496\" data-end=\"2505\">\u00c7e\u015fme<\/strong>, <strong data-start=\"2507\" data-end=\"2515\">Fo\u00e7a<\/strong>, <strong data-start=\"2517\" data-end=\"2529\">Ku\u015fadas\u0131<\/strong> und <strong data-start=\"2534\" data-end=\"2549\">Seferihisar<\/strong> zum Entspannen ein. Hier genie\u00dfen Besucher traumhafte Str\u00e4nde, t\u00fcrkisblaues Meer und das unverwechselbare Flair der \u00c4g\u00e4is \u2013 perfekt f\u00fcr einen erholsamen <strong data-start=\"2703\" data-end=\"2733\">Strandurlaub in der T\u00fcrkei<\/strong>.<\/p>\n<h2 data-start=\"2736\" data-end=\"2805\"><span class=\"ez-toc-section\" id=\"Izmir_%E2%80%93_Die_perfekte_Kombination_aus_Kultur_Natur_und_Gesundheit\"><\/span>Izmir \u2013 Die perfekte Kombination aus Kultur, Natur und Gesundheit<span class=\"ez-toc-section-end\"><\/span><\/h2>\n<p data-start=\"2807\" data-end=\"3086\">Ob als Kulturreisender, Sonnenanbeter oder Patient auf dem Weg zur Genesung \u2013 Izmir bietet f\u00fcr jeden das Richtige. Die Stadt ist ein aufstrebendes Ziel im Bereich <strong data-start=\"2970\" data-end=\"2997\">medizinischer Tourismus<\/strong>, wo moderne Gesundheitsdienstleistungen in einer inspirierenden Umgebung geboten werden.<\/p>\n<p data-start=\"3088\" data-end=\"3258\">Wir freuen uns, Sie in unserer wundersch\u00f6nen Stadt willkommen zu hei\u00dfen \u2013 in <strong data-start=\"3165\" data-end=\"3174\">Izmir<\/strong>, wo Antike und Moderne, Innovation und Natur in perfekter Harmonie zusammentreffen.<\/p>\n","protected":false},"excerpt":{"rendered":"<p>Entdecke Izmir \u2013 Wo Geschichte und Moderne sich begegnen Izmir, eine der \u00e4ltesten St\u00e4dte im Mittelmeerraum, ist seit \u00fcber f\u00fcnftausend Jahren ein Zentrum der Zivilisation. Diese faszinierende Stadt an der t\u00fcrkischen \u00c4g\u00e4isk\u00fcste begeistert Besucher aus aller Welt mit ihrer reichen Geschichte, lebendigen Kultur und atemberaubenden Landschaft. Als moderne Metropole der T\u00fcrkei vereint Izmir Tradition und [&hellip;]<\/p>\n","protected":false},"author":1,"featured_media":0,"parent":0,"menu_order":55,"comment_status":"closed","ping_status":"closed","template":"","meta":{"footnotes":""},"class_list":["post-5593","page","type-page","status-publish","hentry"],"_links":{"self":[{"href":"https:\/\/yourmedcare.com\/de\/wp-json\/wp\/v2\/pages\/5593","targetHints":{"allow":["GET"]}}],"collection":[{"href":"https:\/\/yourmedcare.com\/de\/wp-json\/wp\/v2\/pages"}],"about":[{"href":"https:\/\/yourmedcare.com\/de\/wp-json\/wp\/v2\/types\/page"}],"author":[{"embeddable":true,"href":"https:\/\/yourmedcare.com\/de\/wp-json\/wp\/v2\/users\/1"}],"replies":[{"embeddable":true,"href":"https:\/\/yourmedcare.com\/de\/wp-json\/wp\/v2\/comments?post=5593"}],"version-history":[{"count":1,"href":"https:\/\/yourmedcare.com\/de\/wp-json\/wp\/v2\/pages\/5593\/revisions"}],"predecessor-version":[{"id":6455,"href":"https:\/\/yourmedcare.com\/de\/wp-json\/wp\/v2\/pages\/5593\/revisions\/6455"}],"wp:attachment":[{"href":"https:\/\/yourmedcare.com\/de\/wp-json\/wp\/v2\/media?parent=5593"}],"curies":[{"name":"wp","href":"https:\/\/api.w.org\/{rel}","templated":true}]}}