{"id":5592,"date":"2025-05-31T15:40:26","date_gmt":"2025-05-31T12:40:26","guid":{"rendered":"https:\/\/yourmedcare.com\/ueber\/verfuegbare-reiseziele\/cappadocia\/"},"modified":"2025-09-05T10:52:46","modified_gmt":"2025-09-05T07:52:46","slug":"kappadokien","status":"publish","type":"page","link":"https:\/\/yourmedcare.com\/de\/kappadokien\/","title":{"rendered":"Kappadokien"},"content":{"rendered":"<div id=\"ez-toc-container\" class=\"ez-toc-v2_0_82_2 counter-hierarchy ez-toc-counter ez-toc-custom ez-toc-container-direction\">\n<div class=\"ez-toc-title-container\">\n<p class=\"ez-toc-title\" style=\"cursor:inherit\">Table of Contents<\/p>\n<span class=\"ez-toc-title-toggle\"><a href=\"#\" class=\"ez-toc-pull-right ez-toc-btn ez-toc-btn-xs ez-toc-btn-default ez-toc-toggle\" aria-label=\"Toggle Table of Content\"><span class=\"ez-toc-js-icon-con\"><span class=\"\"><span class=\"eztoc-hide\" style=\"display:none;\">Toggle<\/span><span class=\"ez-toc-icon-toggle-span\"><svg style=\"fill: #154175;color:#154175\" xmlns=\"http:\/\/www.w3.org\/2000\/svg\" class=\"list-377408\" width=\"20px\" height=\"20px\" viewBox=\"0 0 24 24\" fill=\"none\"><path d=\"M6 6H4v2h2V6zm14 0H8v2h12V6zM4 11h2v2H4v-2zm16 0H8v2h12v-2zM4 16h2v2H4v-2zm16 0H8v2h12v-2z\" fill=\"currentColor\"><\/path><\/svg><svg style=\"fill: #154175;color:#154175\" class=\"arrow-unsorted-368013\" xmlns=\"http:\/\/www.w3.org\/2000\/svg\" width=\"10px\" height=\"10px\" viewBox=\"0 0 24 24\" version=\"1.2\" baseProfile=\"tiny\"><path d=\"M18.2 9.3l-6.2-6.3-6.2 6.3c-.2.2-.3.4-.3.7s.1.5.3.7c.2.2.4.3.7.3h11c.3 0 .5-.1.7-.3.2-.2.3-.5.3-.7s-.1-.5-.3-.7zM5.8 14.7l6.2 6.3 6.2-6.3c.2-.2.3-.5.3-.7s-.1-.5-.3-.7c-.2-.2-.4-.3-.7-.3h-11c-.3 0-.5.1-.7.3-.2.2-.3.5-.3.7s.1.5.3.7z\"\/><\/svg><\/span><\/span><\/span><\/a><\/span><\/div>\n<nav><ul class='ez-toc-list ez-toc-list-level-1 ' ><li class='ez-toc-page-1 ez-toc-heading-level-2'><a class=\"ez-toc-link ez-toc-heading-1\" href=\"https:\/\/yourmedcare.com\/de\/kappadokien\/#Kappadokien_%E2%80%93_Ein_Maerchenland_im_Herzen_der_Tuerkei\" >Kappadokien \u2013 Ein M\u00e4rchenland im Herzen der T\u00fcrkei<\/a><ul class='ez-toc-list-level-3' ><li class='ez-toc-heading-level-3'><a class=\"ez-toc-link ez-toc-heading-2\" href=\"https:\/\/yourmedcare.com\/de\/kappadokien\/#Ein_Paradies_fuer_Geschichtsliebhaber\" >Ein Paradies f\u00fcr Geschichtsliebhaber<\/a><\/li><li class='ez-toc-page-1 ez-toc-heading-level-3'><a class=\"ez-toc-link ez-toc-heading-3\" href=\"https:\/\/yourmedcare.com\/de\/kappadokien\/#Heissluftballonfahrten_ueber_eine_surreale_Landschaft\" >Hei\u00dfluftballonfahrten \u00fcber eine surreale Landschaft<\/a><\/li><li class='ez-toc-page-1 ez-toc-heading-level-3'><a class=\"ez-toc-link ez-toc-heading-4\" href=\"https:\/\/yourmedcare.com\/de\/kappadokien\/#Kunsthandwerk_mit_Tradition\" >Kunsthandwerk mit Tradition<\/a><\/li><li class='ez-toc-page-1 ez-toc-heading-level-3'><a class=\"ez-toc-link ez-toc-heading-5\" href=\"https:\/\/yourmedcare.com\/de\/kappadokien\/#Wellness_in_der_Hoehle_%E2%80%93_Erholung_auf_natuerliche_Weise\" >Wellness in der H\u00f6hle \u2013 Erholung auf nat\u00fcrliche Weise<\/a><\/li><\/ul><\/li><li class='ez-toc-page-1 ez-toc-heading-level-2'><a class=\"ez-toc-link ez-toc-heading-6\" href=\"https:\/\/yourmedcare.com\/de\/kappadokien\/#Kappadokien_%E2%80%93_Ein_Ort_der_Koerper_Geist_und_Seele_beruehrt\" >Kappadokien \u2013 Ein Ort, der K\u00f6rper, Geist und Seele ber\u00fchrt<\/a><\/li><\/ul><\/nav><\/div>\n<h2 data-start=\"239\" data-end=\"292\"><span class=\"ez-toc-section\" id=\"Kappadokien_%E2%80%93_Ein_Maerchenland_im_Herzen_der_Tuerkei\"><\/span>Kappadokien \u2013 Ein M\u00e4rchenland im Herzen der T\u00fcrkei<span class=\"ez-toc-section-end\"><\/span><\/h2>\n<p data-start=\"294\" data-end=\"680\">Kappadokien, im Zentrum der T\u00fcrkei gelegen, ist eine der faszinierendsten Regionen der Welt \u2013 bekannt f\u00fcr seine m\u00e4rchenhaften Feenkamine, bizarren Tuffsteinformationen und seine tief verwurzelte Geschichte. Die au\u00dfergew\u00f6hnliche Landschaft, geformt durch uralte Vulkanausbr\u00fcche und jahrtausendelange Erosion, verleiht der Region ihr einzigartiges und beinahe mystisches Erscheinungsbild.<\/p>\n<h3 data-start=\"682\" data-end=\"722\"><span class=\"ez-toc-section\" id=\"Ein_Paradies_fuer_Geschichtsliebhaber\"><\/span>Ein Paradies f\u00fcr Geschichtsliebhaber<span class=\"ez-toc-section-end\"><\/span><\/h3>\n<p data-start=\"724\" data-end=\"945\">Wer sich f\u00fcr Geschichte interessiert, wird Kappadokien lieben. In den Fels gehauene Kirchen, unterirdische St\u00e4dte und uralte Kl\u00f6ster erz\u00e4hlen von vergangenen Zivilisationen und religi\u00f6ser Vielfalt.<br data-start=\"921\" data-end=\"924\" \/>Besonders sehenswert:<\/p>\n<ul>\n<li data-start=\"948\" data-end=\"1100\">Das <strong data-start=\"952\" data-end=\"978\">G\u00f6reme Freilichtmuseum<\/strong>, ein <strong data-start=\"984\" data-end=\"1009\">UNESCO-Weltkulturerbe<\/strong>, beherbergt einige der am besten erhaltenen <strong data-start=\"1054\" data-end=\"1071\">H\u00f6hlenkirchen<\/strong> mit eindrucksvollen Fresken.<\/li>\n<li data-start=\"1103\" data-end=\"1271\">Die <strong data-start=\"1107\" data-end=\"1155\">unterirdischen St\u00e4dte Kaymakli und Derinkuyu<\/strong> erm\u00f6glichen einen einzigartigen Einblick in das Leben vergangener Zeiten \u2013 mit mehreren Etagen tief unter der Erde.<\/li>\n<\/ul>\n<h3 data-start=\"1273\" data-end=\"1328\"><span class=\"ez-toc-section\" id=\"Heissluftballonfahrten_ueber_eine_surreale_Landschaft\"><\/span>Hei\u00dfluftballonfahrten \u00fcber eine surreale Landschaft<span class=\"ez-toc-section-end\"><\/span><\/h3>\n<p data-start=\"1330\" data-end=\"1572\">Kappadokien geh\u00f6rt zu den beliebtesten Reisezielen weltweit f\u00fcr <strong data-start=\"1394\" data-end=\"1419\">Hei\u00dfluftballonfahrten<\/strong>. Der Anblick des Sonnenaufgangs \u00fcber der fantastischen Tuffsteinlandschaft ist ein unvergessliches Erlebnis.<br data-start=\"1528\" data-end=\"1531\" \/>Aus der Vogelperspektive offenbaren sich:<\/p>\n<ul>\n<li data-start=\"1575\" data-end=\"1612\">die charakteristischen <strong data-start=\"1598\" data-end=\"1612\">Feenkamine<\/strong><\/li>\n<li data-start=\"1615\" data-end=\"1642\">in Fels gehauene Wohnh\u00e4user<\/li>\n<li data-start=\"1645\" data-end=\"1671\">uralte Weinberge und T\u00e4ler<\/li>\n<\/ul>\n<p data-start=\"1673\" data-end=\"1740\">Diese einzigartige Perspektive macht jeden Flug zu einem Highlight.<\/p>\n<h3 data-start=\"1742\" data-end=\"1773\"><span class=\"ez-toc-section\" id=\"Kunsthandwerk_mit_Tradition\"><\/span>Kunsthandwerk mit Tradition<span class=\"ez-toc-section-end\"><\/span><\/h3>\n<p data-start=\"1775\" data-end=\"1891\">Die Region blickt auf eine lange Tradition im <strong data-start=\"1821\" data-end=\"1844\">t\u00fcrkischen Handwerk<\/strong> zur\u00fcck. Besonders bekannt ist Kappadokien f\u00fcr:<\/p>\n<ul>\n<li data-start=\"1894\" data-end=\"1941\"><strong data-start=\"1894\" data-end=\"1906\">T\u00f6pferei<\/strong>, vor allem in der Stadt <strong data-start=\"1931\" data-end=\"1941\">Avanos<\/strong><\/li>\n<li data-start=\"1944\" data-end=\"2024\"><strong data-start=\"1944\" data-end=\"1965\">Teppichkn\u00fcpfkunst<\/strong>, die in kleinen Familienbetrieben noch heute gepflegt wird<\/li>\n<\/ul>\n<p data-start=\"2026\" data-end=\"2177\">In den Werkst\u00e4tten und auf den lokalen M\u00e4rkten haben Besucher die M\u00f6glichkeit, handgefertigte Produkte zu kaufen oder sogar selbst mit Ton zu arbeiten.<\/p>\n<h3 data-start=\"2179\" data-end=\"2236\"><span class=\"ez-toc-section\" id=\"Wellness_in_der_Hoehle_%E2%80%93_Erholung_auf_natuerliche_Weise\"><\/span>Wellness in der H\u00f6hle \u2013 Erholung auf nat\u00fcrliche Weise<span class=\"ez-toc-section-end\"><\/span><\/h3>\n<p data-start=\"2238\" data-end=\"2411\">Kappadokien ist auch ein aufstrebendes Ziel im Bereich <strong data-start=\"2293\" data-end=\"2330\">Thermal- und Gesundheitstourismus<\/strong>. Viele Hotels bieten exklusive <strong data-start=\"2362\" data-end=\"2400\">Wellnessangebote in H\u00f6hlenambiente<\/strong>, darunter:<\/p>\n<ul>\n<li data-start=\"2414\" data-end=\"2428\">Thermalquellen<\/li>\n<li data-start=\"2431\" data-end=\"2456\">Hamam- und Spa-Erlebnisse<\/li>\n<li data-start=\"2459\" data-end=\"2524\">Erholung in der einzigartigen, beruhigenden Atmosph\u00e4re der Region<\/li>\n<\/ul>\n<p data-start=\"2526\" data-end=\"2657\">Die nat\u00fcrliche Ruhe und landschaftliche Sch\u00f6nheit machen Kappadokien zum idealen Ort f\u00fcr <strong data-start=\"2615\" data-end=\"2656\">geistige und k\u00f6rperliche Regeneration<\/strong>.<\/p>\n<h2 data-start=\"2664\" data-end=\"2725\"><span class=\"ez-toc-section\" id=\"Kappadokien_%E2%80%93_Ein_Ort_der_Koerper_Geist_und_Seele_beruehrt\"><\/span>Kappadokien \u2013 Ein Ort, der K\u00f6rper, Geist und Seele ber\u00fchrt<span class=\"ez-toc-section-end\"><\/span><\/h2>\n<p data-start=\"2727\" data-end=\"2975\">Ob bei einer <strong data-start=\"2740\" data-end=\"2763\">Hei\u00dfluftballonfahrt<\/strong>, beim Erkunden uralter St\u00e4dte, beim Eintauchen in die <strong data-start=\"2818\" data-end=\"2853\">religi\u00f6se Geschichte Anatoliens<\/strong> oder bei einer wohltuenden Wellnessbehandlung \u2013 Kappadokien bietet eine einmalige Mischung aus Natur, Kultur und Heilung.<\/p>\n<p data-start=\"2977\" data-end=\"3081\">Willkommen in Kappadokien \u2013 wo die <strong data-start=\"3012\" data-end=\"3041\">M\u00e4rchen der Vergangenheit<\/strong> auf die <strong data-start=\"3050\" data-end=\"3072\">Ruhe der Gegenwart<\/strong> treffen.<\/p>\n","protected":false},"excerpt":{"rendered":"<p>Kappadokien \u2013 Ein M\u00e4rchenland im Herzen der T\u00fcrkei Kappadokien, im Zentrum der T\u00fcrkei gelegen, ist eine der faszinierendsten Regionen der Welt \u2013 bekannt f\u00fcr seine m\u00e4rchenhaften Feenkamine, bizarren Tuffsteinformationen und seine tief verwurzelte Geschichte. Die au\u00dfergew\u00f6hnliche Landschaft, geformt durch uralte Vulkanausbr\u00fcche und jahrtausendelange Erosion, verleiht der Region ihr einzigartiges und beinahe mystisches Erscheinungsbild. Ein Paradies [&hellip;]<\/p>\n","protected":false},"author":1,"featured_media":0,"parent":0,"menu_order":54,"comment_status":"closed","ping_status":"closed","template":"","meta":{"footnotes":""},"class_list":["post-5592","page","type-page","status-publish","hentry"],"_links":{"self":[{"href":"https:\/\/yourmedcare.com\/de\/wp-json\/wp\/v2\/pages\/5592","targetHints":{"allow":["GET"]}}],"collection":[{"href":"https:\/\/yourmedcare.com\/de\/wp-json\/wp\/v2\/pages"}],"about":[{"href":"https:\/\/yourmedcare.com\/de\/wp-json\/wp\/v2\/types\/page"}],"author":[{"embeddable":true,"href":"https:\/\/yourmedcare.com\/de\/wp-json\/wp\/v2\/users\/1"}],"replies":[{"embeddable":true,"href":"https:\/\/yourmedcare.com\/de\/wp-json\/wp\/v2\/comments?post=5592"}],"version-history":[{"count":3,"href":"https:\/\/yourmedcare.com\/de\/wp-json\/wp\/v2\/pages\/5592\/revisions"}],"predecessor-version":[{"id":6457,"href":"https:\/\/yourmedcare.com\/de\/wp-json\/wp\/v2\/pages\/5592\/revisions\/6457"}],"wp:attachment":[{"href":"https:\/\/yourmedcare.com\/de\/wp-json\/wp\/v2\/media?parent=5592"}],"curies":[{"name":"wp","href":"https:\/\/api.w.org\/{rel}","templated":true}]}}