{"id":5588,"date":"2025-05-31T15:33:16","date_gmt":"2025-05-31T12:33:16","guid":{"rendered":"https:\/\/yourmedcare.com\/ueber\/verfuegbare-reiseziele\/"},"modified":"2025-09-15T12:52:59","modified_gmt":"2025-09-15T09:52:59","slug":"verfuegbare-reiseziele","status":"publish","type":"page","link":"https:\/\/yourmedcare.com\/de\/verfuegbare-reiseziele\/","title":{"rendered":"Verf\u00fcgbare Reiseziele"},"content":{"rendered":"<h1>Wo sind wir t\u00e4tig?<\/h1>\r\n<table class=\"w-fit min-w-(--thread-content-width)\" data-start=\"1199\" data-end=\"2239\">\r\n<thead data-start=\"1199\" data-end=\"1325\">\r\n<tr data-start=\"1199\" data-end=\"1325\">\r\n<th data-start=\"1199\" data-end=\"1211\" data-col-size=\"sm\">Reiseziel<\/th>\r\n<th data-start=\"1211\" data-end=\"1231\" data-col-size=\"md\">Hauptattraktionen<\/th>\r\n<th data-start=\"1231\" data-end=\"1249\" data-col-size=\"sm\">Beste Reisezeit<\/th>\r\n<th data-start=\"1249\" data-end=\"1275\" data-col-size=\"md\">Einzigartige Erlebnisse<\/th>\r\n<th data-start=\"1275\" data-end=\"1287\" data-col-size=\"sm\">Ideal F\u00fcr<\/th>\r\n<th data-start=\"1287\" data-end=\"1325\" data-col-size=\"sm\">Empfohlene Aufenthaltsdauer (Tage)<\/th>\r\n<\/tr>\r\n<\/thead>\r\n<tbody data-start=\"1453\" data-end=\"2239\">\r\n<tr data-start=\"1453\" data-end=\"1668\">\r\n<td data-start=\"1453\" data-end=\"1468\" data-col-size=\"sm\"><strong data-start=\"1455\" data-end=\"1467\">Istanbul<\/strong><\/td>\r\n<td data-col-size=\"md\" data-start=\"1468\" data-end=\"1533\">Hagia Sophia, Blaue Moschee, Gro\u00dfer Basar, Bosporus-Kreuzfahrt<\/td>\r\n<td data-col-size=\"sm\" data-start=\"1533\" data-end=\"1556\">April\u2013Juni, Sept\u2013Nov<\/td>\r\n<td data-col-size=\"md\" data-start=\"1556\" data-end=\"1627\">Historische Sehensw\u00fcrdigkeiten, lebhaftes Nachtleben, Luxus-Shopping<\/td>\r\n<td data-col-size=\"sm\" data-start=\"1627\" data-end=\"1661\">Kulturliebhaber, Stadtentdecker<\/td>\r\n<td data-col-size=\"sm\" data-start=\"1661\" data-end=\"1668\">3\u20134<\/td>\r\n<\/tr>\r\n<tr data-start=\"1669\" data-end=\"1880\">\r\n<td data-start=\"1669\" data-end=\"1687\" data-col-size=\"sm\"><strong data-start=\"1671\" data-end=\"1686\">Kappadokien<\/strong><\/td>\r\n<td data-col-size=\"md\" data-start=\"1687\" data-end=\"1749\">Feenkamine, Freilichtmuseum G\u00f6reme, Hei\u00dfluftballons, Safari<\/td>\r\n<td data-col-size=\"sm\" data-start=\"1749\" data-end=\"1772\">April\u2013Juni, Sept\u2013Okt<\/td>\r\n<td data-col-size=\"md\" data-start=\"1772\" data-end=\"1848\">Hei\u00dfluftballonfahrt bei Sonnenaufgang, H\u00f6hlenhotels, unterirdische St\u00e4dte<\/td>\r\n<td data-col-size=\"sm\" data-start=\"1848\" data-end=\"1873\">Abenteurer, Fotografen<\/td>\r\n<td data-col-size=\"sm\" data-start=\"1873\" data-end=\"1880\">2\u20133<\/td>\r\n<\/tr>\r\n<tr data-start=\"1881\" data-end=\"2073\">\r\n<td data-start=\"1881\" data-end=\"1893\" data-col-size=\"sm\"><strong data-start=\"1883\" data-end=\"1892\">Bursa<\/strong><\/td>\r\n<td data-col-size=\"md\" data-start=\"1893\" data-end=\"1949\">Uluda\u011f-Berg, Gro\u00dfe Moschee, Seidenmarkt, Thermalb\u00e4der<\/td>\r\n<td data-col-size=\"sm\" data-start=\"1949\" data-end=\"1976\">Dez\u2013Feb (Ski), April\u2013Mai<\/td>\r\n<td data-col-size=\"md\" data-start=\"1976\" data-end=\"2023\">Skifahren, T\u00fcrkische B\u00e4der, Osmanisches Erbe<\/td>\r\n<td data-col-size=\"sm\" data-start=\"2023\" data-end=\"2066\">Winterliebhaber, Geschichtsinteressierte<\/td>\r\n<td data-col-size=\"sm\" data-start=\"2066\" data-end=\"2073\">1\u20132<\/td>\r\n<\/tr>\r\n<tr data-start=\"2074\" data-end=\"2239\">\r\n<td data-start=\"2074\" data-end=\"2086\" data-col-size=\"sm\"><strong data-start=\"2076\" data-end=\"2085\">Izmir<\/strong><\/td>\r\n<td data-start=\"2086\" data-end=\"2120\" data-col-size=\"md\">Ephesos, \u00c7e\u015fme, Ala\u00e7at\u0131, Kordon<\/td>\r\n<td data-col-size=\"sm\" data-start=\"2120\" data-end=\"2131\">Mai\u2013Sept<\/td>\r\n<td data-col-size=\"md\" data-start=\"2131\" data-end=\"2190\">\u00c4g\u00e4ische Str\u00e4nde, Weinverkostung, Lebendiges K\u00fcstenleben<\/td>\r\n<td data-col-size=\"sm\" data-start=\"2190\" data-end=\"2230\">Strandliebhaber, Paare, Feinschmecker<\/td>\r\n<td data-col-size=\"sm\" data-start=\"2230\" data-end=\"2239\">2\u20133<\/td>\r\n<\/tr>\r\n<\/tbody>\r\n<\/table>\r\n<p><!-- \/wp:post-content --><\/p>\r\n<p><!-- wp:paragraph --><\/p>","protected":false},"excerpt":{"rendered":"<p>Wo sind wir t\u00e4tig? Reiseziel Hauptattraktionen Beste Reisezeit Einzigartige Erlebnisse Ideal F\u00fcr Empfohlene Aufenthaltsdauer (Tage) Istanbul Hagia Sophia, Blaue Moschee, Gro\u00dfer Basar, Bosporus-Kreuzfahrt April\u2013Juni, Sept\u2013Nov Historische Sehensw\u00fcrdigkeiten, lebhaftes Nachtleben, Luxus-Shopping Kulturliebhaber, Stadtentdecker 3\u20134 Kappadokien Feenkamine, Freilichtmuseum G\u00f6reme, Hei\u00dfluftballons, Safari April\u2013Juni, Sept\u2013Okt Hei\u00dfluftballonfahrt bei Sonnenaufgang, H\u00f6hlenhotels, unterirdische St\u00e4dte Abenteurer, Fotografen 2\u20133 Bursa Uluda\u011f-Berg, Gro\u00dfe Moschee, Seidenmarkt, [&hellip;]<\/p>\n","protected":false},"author":1,"featured_media":0,"parent":0,"menu_order":45,"comment_status":"closed","ping_status":"closed","template":"templates\/template--destinations.php","meta":{"footnotes":""},"class_list":["post-5588","page","type-page","status-publish","hentry"],"_links":{"self":[{"href":"https:\/\/yourmedcare.com\/de\/wp-json\/wp\/v2\/pages\/5588","targetHints":{"allow":["GET"]}}],"collection":[{"href":"https:\/\/yourmedcare.com\/de\/wp-json\/wp\/v2\/pages"}],"about":[{"href":"https:\/\/yourmedcare.com\/de\/wp-json\/wp\/v2\/types\/page"}],"author":[{"embeddable":true,"href":"https:\/\/yourmedcare.com\/de\/wp-json\/wp\/v2\/users\/1"}],"replies":[{"embeddable":true,"href":"https:\/\/yourmedcare.com\/de\/wp-json\/wp\/v2\/comments?post=5588"}],"version-history":[{"count":3,"href":"https:\/\/yourmedcare.com\/de\/wp-json\/wp\/v2\/pages\/5588\/revisions"}],"predecessor-version":[{"id":6942,"href":"https:\/\/yourmedcare.com\/de\/wp-json\/wp\/v2\/pages\/5588\/revisions\/6942"}],"wp:attachment":[{"href":"https:\/\/yourmedcare.com\/de\/wp-json\/wp\/v2\/media?parent=5588"}],"curies":[{"name":"wp","href":"https:\/\/api.w.org\/{rel}","templated":true}]}}