{"id":5587,"date":"2025-05-31T15:42:03","date_gmt":"2025-05-31T12:42:03","guid":{"rendered":"https:\/\/yourmedcare.com\/bursa\/"},"modified":"2025-09-05T11:07:06","modified_gmt":"2025-09-05T08:07:06","slug":"bursa","status":"publish","type":"page","link":"https:\/\/yourmedcare.com\/de\/bursa\/","title":{"rendered":"Bursa"},"content":{"rendered":"<div id=\"ez-toc-container\" class=\"ez-toc-v2_0_82_2 counter-hierarchy ez-toc-counter ez-toc-custom ez-toc-container-direction\">\n<div class=\"ez-toc-title-container\">\n<p class=\"ez-toc-title\" style=\"cursor:inherit\">Table of Contents<\/p>\n<span class=\"ez-toc-title-toggle\"><a href=\"#\" class=\"ez-toc-pull-right ez-toc-btn ez-toc-btn-xs ez-toc-btn-default ez-toc-toggle\" aria-label=\"Toggle Table of Content\"><span class=\"ez-toc-js-icon-con\"><span class=\"\"><span class=\"eztoc-hide\" style=\"display:none;\">Toggle<\/span><span class=\"ez-toc-icon-toggle-span\"><svg style=\"fill: #154175;color:#154175\" xmlns=\"http:\/\/www.w3.org\/2000\/svg\" class=\"list-377408\" width=\"20px\" height=\"20px\" viewBox=\"0 0 24 24\" fill=\"none\"><path d=\"M6 6H4v2h2V6zm14 0H8v2h12V6zM4 11h2v2H4v-2zm16 0H8v2h12v-2zM4 16h2v2H4v-2zm16 0H8v2h12v-2z\" fill=\"currentColor\"><\/path><\/svg><svg style=\"fill: #154175;color:#154175\" class=\"arrow-unsorted-368013\" xmlns=\"http:\/\/www.w3.org\/2000\/svg\" width=\"10px\" height=\"10px\" viewBox=\"0 0 24 24\" version=\"1.2\" baseProfile=\"tiny\"><path d=\"M18.2 9.3l-6.2-6.3-6.2 6.3c-.2.2-.3.4-.3.7s.1.5.3.7c.2.2.4.3.7.3h11c.3 0 .5-.1.7-.3.2-.2.3-.5.3-.7s-.1-.5-.3-.7zM5.8 14.7l6.2 6.3 6.2-6.3c.2-.2.3-.5.3-.7s-.1-.5-.3-.7c-.2-.2-.4-.3-.7-.3h-11c-.3 0-.5.1-.7.3-.2.2-.3.5-.3.7s.1.5.3.7z\"\/><\/svg><\/span><\/span><\/span><\/a><\/span><\/div>\n<nav><ul class='ez-toc-list ez-toc-list-level-1 ' ><li class='ez-toc-page-1 ez-toc-heading-level-2'><a class=\"ez-toc-link ez-toc-heading-1\" href=\"https:\/\/yourmedcare.com\/de\/bursa\/#Bursa_%E2%80%93_Die_gruene_Perle_der_Tuerkei\" >Bursa \u2013 Die gr\u00fcne Perle der T\u00fcrkei<\/a><ul class='ez-toc-list-level-3' ><li class='ez-toc-heading-level-3'><a class=\"ez-toc-link ez-toc-heading-2\" href=\"https:\/\/yourmedcare.com\/de\/bursa\/#Die_erste_Hauptstadt_des_Osmanischen_Reiches\" >Die erste Hauptstadt des Osmanischen Reiches<\/a><\/li><li class='ez-toc-page-1 ez-toc-heading-level-3'><a class=\"ez-toc-link ez-toc-heading-3\" href=\"https:\/\/yourmedcare.com\/de\/bursa\/#Uludag_%E2%80%93_Naturparadies_und_Wintersportzentrum\" >Uluda\u011f \u2013 Naturparadies und Wintersportzentrum<\/a><\/li><li class='ez-toc-page-1 ez-toc-heading-level-3'><a class=\"ez-toc-link ez-toc-heading-4\" href=\"https:\/\/yourmedcare.com\/de\/bursa\/#Thermalquellen_und_Gesundheitstourismus\" >Thermalquellen und Gesundheitstourismus<\/a><\/li><li class='ez-toc-page-1 ez-toc-heading-level-3'><a class=\"ez-toc-link ez-toc-heading-5\" href=\"https:\/\/yourmedcare.com\/de\/bursa\/#Kulinarische_Genuesse_%E2%80%93_Tradition_trifft_Geschmack\" >Kulinarische Gen\u00fcsse \u2013 Tradition trifft Geschmack<\/a><\/li><\/ul><\/li><li class='ez-toc-page-1 ez-toc-heading-level-2'><a class=\"ez-toc-link ez-toc-heading-6\" href=\"https:\/\/yourmedcare.com\/de\/bursa\/#Bursa_%E2%80%93_Eine_Reise_fuer_alle_Sinne\" >Bursa \u2013 Eine Reise f\u00fcr alle Sinne<\/a><\/li><\/ul><\/nav><\/div>\n<h2 data-start=\"173\" data-end=\"210\"><span class=\"ez-toc-section\" id=\"Bursa_%E2%80%93_Die_gruene_Perle_der_Tuerkei\"><\/span>Bursa \u2013 Die gr\u00fcne Perle der T\u00fcrkei<span class=\"ez-toc-section-end\"><\/span><\/h2>\n<p data-start=\"212\" data-end=\"570\">Bursa, im Nordwesten der T\u00fcrkei gelegen, ist eine faszinierende Stadt, in der sich <strong data-start=\"295\" data-end=\"328\">Geschichte, Natur und Moderne<\/strong> auf harmonische Weise verbinden. Bekannt als die <strong data-start=\"378\" data-end=\"395\">\u201eGr\u00fcne Stadt\u201c<\/strong> (<em data-start=\"397\" data-end=\"410\">Ye\u015fil Bursa<\/em>), begeistert sie mit \u00fcppigen Parks, dichten W\u00e4ldern und gepflegten G\u00e4rten \u2013 und z\u00e4hlt zu den bedeutendsten kulturellen und wirtschaftlichen Zentren Anatoliens.<\/p>\n<h3 data-start=\"577\" data-end=\"625\"><span class=\"ez-toc-section\" id=\"Die_erste_Hauptstadt_des_Osmanischen_Reiches\"><\/span>Die erste Hauptstadt des Osmanischen Reiches<span class=\"ez-toc-section-end\"><\/span><\/h3>\n<p data-start=\"627\" data-end=\"765\">Bursa war die <strong data-start=\"641\" data-end=\"685\">erste Hauptstadt des Osmanischen Reiches<\/strong> und bewahrt bis heute eindrucksvolle Zeugnisse ihrer glanzvollen Vergangenheit:<\/p>\n<ul>\n<li data-start=\"769\" data-end=\"857\">Die imposante <strong data-start=\"783\" data-end=\"796\">Ulu Camii<\/strong> (Gro\u00dfe Moschee), mit 20 Kuppeln und prachtvoller Kalligrafie<\/li>\n<li data-start=\"860\" data-end=\"935\">Die ber\u00fchmte <strong data-start=\"873\" data-end=\"888\">Ye\u015fil Camii<\/strong> (Gr\u00fcne Moschee) und das dazugeh\u00f6rige Mausoleum<\/li>\n<li data-start=\"938\" data-end=\"1058\">Der historische <strong data-start=\"954\" data-end=\"966\">Koza Han<\/strong>, ein jahrhundertealter Seidenbasar, der einst Zentrum des internationalen Seidenhandels war<\/li>\n<\/ul>\n<p data-start=\"1060\" data-end=\"1252\">Ein ganz besonderes Highlight ist das <strong data-start=\"1098\" data-end=\"1118\">Dorf Cumal\u0131k\u0131z\u0131k<\/strong>, ein <strong data-start=\"1124\" data-end=\"1149\">UNESCO-Weltkulturerbe<\/strong>, das mit seinen <strong data-start=\"1166\" data-end=\"1197\">osmanischen Fachwerkh\u00e4usern<\/strong> einen authentischen Blick in die Vergangenheit bietet.<\/p>\n<h3 data-start=\"1259\" data-end=\"1308\"><span class=\"ez-toc-section\" id=\"Uludag_%E2%80%93_Naturparadies_und_Wintersportzentrum\"><\/span>Uluda\u011f \u2013 Naturparadies und Wintersportzentrum<span class=\"ez-toc-section-end\"><\/span><\/h3>\n<p data-start=\"1310\" data-end=\"1547\">Nur wenige Kilometer vom Stadtzentrum entfernt erhebt sich der <strong data-start=\"1373\" data-end=\"1383\">Uluda\u011f<\/strong>, einer der h\u00f6chsten Berge der T\u00fcrkei.<br data-start=\"1421\" data-end=\"1424\" \/>Im Winter verwandelt sich Uluda\u011f in das <strong data-start=\"1464\" data-end=\"1501\">bedeutendste Skigebiet des Landes<\/strong>, w\u00e4hrend er im Sommer ein beliebtes Ziel f\u00fcr:<\/p>\n<ul>\n<li data-start=\"1550\" data-end=\"1565\"><strong data-start=\"1550\" data-end=\"1565\">Wanderungen<\/strong><\/li>\n<li data-start=\"1568\" data-end=\"1581\"><strong data-start=\"1568\" data-end=\"1581\">Picknicks<\/strong><\/li>\n<li data-start=\"1584\" data-end=\"1610\"><strong data-start=\"1584\" data-end=\"1606\">Naturbeobachtungen<\/strong> ist<\/li>\n<\/ul>\n<p data-start=\"1612\" data-end=\"1709\">Die frische Bergluft und atemberaubende Ausblicke machen Uluda\u011f zu einem Muss f\u00fcr Naturliebhaber.<\/p>\n<h3 data-start=\"1716\" data-end=\"1759\"><span class=\"ez-toc-section\" id=\"Thermalquellen_und_Gesundheitstourismus\"><\/span>Thermalquellen und Gesundheitstourismus<span class=\"ez-toc-section-end\"><\/span><\/h3>\n<p data-start=\"1761\" data-end=\"1934\">Bursa ist seit Jahrhunderten f\u00fcr seine <strong data-start=\"1800\" data-end=\"1828\">heilsamen Thermalquellen<\/strong> bekannt. Schon die Osmanen sch\u00e4tzten die nat\u00fcrlichen <strong data-start=\"1882\" data-end=\"1900\">hei\u00dfen Quellen<\/strong> zur <strong data-start=\"1905\" data-end=\"1933\">Regeneration und Heilung<\/strong>.<\/p>\n<p data-start=\"1936\" data-end=\"2004\">Moderne <strong data-start=\"1944\" data-end=\"1961\">Thermalhotels<\/strong> und <strong data-start=\"1966\" data-end=\"1981\">Spa-Zentren<\/strong> in Bursa bieten heute:<\/p>\n<ul>\n<li data-start=\"2007\" data-end=\"2016\">Heilb\u00e4der<\/li>\n<li data-start=\"2019\" data-end=\"2032\">Hydrotherapie<\/li>\n<li data-start=\"2035\" data-end=\"2055\">Wellnessbehandlungen<\/li>\n<li data-start=\"2058\" data-end=\"2092\">Entspannung in stilvoller Umgebung<\/li>\n<\/ul>\n<p data-start=\"2094\" data-end=\"2194\">Bursa z\u00e4hlt damit zu den f\u00fchrenden St\u00e4dten f\u00fcr <strong data-start=\"2141\" data-end=\"2193\">Gesundheits- und Wellnesstourismus in der T\u00fcrkei<\/strong>.<\/p>\n<h3 data-start=\"2201\" data-end=\"2254\"><span class=\"ez-toc-section\" id=\"Kulinarische_Genuesse_%E2%80%93_Tradition_trifft_Geschmack\"><\/span>Kulinarische Gen\u00fcsse \u2013 Tradition trifft Geschmack<span class=\"ez-toc-section-end\"><\/span><\/h3>\n<p data-start=\"2256\" data-end=\"2335\">Auch kulinarisch hat Bursa viel zu bieten. Besonders ber\u00fchmt ist die Stadt f\u00fcr:<\/p>\n<ul>\n<li data-start=\"2339\" data-end=\"2472\">Den legend\u00e4ren <strong data-start=\"2354\" data-end=\"2372\">\u0130skender Kebab<\/strong>, benannt nach seinem Erfinder aus Bursa \u2013 serviert mit Joghurt, Tomatensauce und zerlassener Butter<\/li>\n<li data-start=\"2475\" data-end=\"2589\"><strong data-start=\"2475\" data-end=\"2492\">Kandil Simidi<\/strong>, <strong data-start=\"2494\" data-end=\"2516\">Kastanien-Desserts<\/strong> und andere lokale Spezialit\u00e4ten, die die Aromen Anatoliens widerspiegeln<\/li>\n<\/ul>\n<p data-start=\"2591\" data-end=\"2661\">Die <strong data-start=\"2595\" data-end=\"2610\">Bursa-K\u00fcche<\/strong> vereint Tradition, Qualit\u00e4t und regionalen Charme.<\/p>\n<h2 data-start=\"2668\" data-end=\"2704\"><span class=\"ez-toc-section\" id=\"Bursa_%E2%80%93_Eine_Reise_fuer_alle_Sinne\"><\/span>Bursa \u2013 Eine Reise f\u00fcr alle Sinne<span class=\"ez-toc-section-end\"><\/span><\/h2>\n<p data-start=\"2706\" data-end=\"2987\">Ob Sie auf den Spuren der osmanischen Geschichte wandeln, in <strong data-start=\"2767\" data-end=\"2806\">heilsamen Thermalquellen entspannen<\/strong>, die atemberaubende Natur des <strong data-start=\"2837\" data-end=\"2847\">Uluda\u011f<\/strong> genie\u00dfen oder die <strong data-start=\"2866\" data-end=\"2885\">t\u00fcrkische K\u00fcche<\/strong> entdecken m\u00f6chten \u2013 <strong data-start=\"2906\" data-end=\"2915\">Bursa<\/strong> bietet die perfekte Kombination aus <strong data-start=\"2952\" data-end=\"2986\">Kultur, Natur und Wohlbefinden<\/strong>.<\/p>\n","protected":false},"excerpt":{"rendered":"<p>Bursa \u2013 Die gr\u00fcne Perle der T\u00fcrkei Bursa, im Nordwesten der T\u00fcrkei gelegen, ist eine faszinierende Stadt, in der sich Geschichte, Natur und Moderne auf harmonische Weise verbinden. Bekannt als die \u201eGr\u00fcne Stadt\u201c (Ye\u015fil Bursa), begeistert sie mit \u00fcppigen Parks, dichten W\u00e4ldern und gepflegten G\u00e4rten \u2013 und z\u00e4hlt zu den bedeutendsten kulturellen und wirtschaftlichen Zentren [&hellip;]<\/p>\n","protected":false},"author":1,"featured_media":0,"parent":0,"menu_order":50,"comment_status":"closed","ping_status":"closed","template":"","meta":{"footnotes":""},"class_list":["post-5587","page","type-page","status-publish","hentry"],"_links":{"self":[{"href":"https:\/\/yourmedcare.com\/de\/wp-json\/wp\/v2\/pages\/5587","targetHints":{"allow":["GET"]}}],"collection":[{"href":"https:\/\/yourmedcare.com\/de\/wp-json\/wp\/v2\/pages"}],"about":[{"href":"https:\/\/yourmedcare.com\/de\/wp-json\/wp\/v2\/types\/page"}],"author":[{"embeddable":true,"href":"https:\/\/yourmedcare.com\/de\/wp-json\/wp\/v2\/users\/1"}],"replies":[{"embeddable":true,"href":"https:\/\/yourmedcare.com\/de\/wp-json\/wp\/v2\/comments?post=5587"}],"version-history":[{"count":3,"href":"https:\/\/yourmedcare.com\/de\/wp-json\/wp\/v2\/pages\/5587\/revisions"}],"predecessor-version":[{"id":6460,"href":"https:\/\/yourmedcare.com\/de\/wp-json\/wp\/v2\/pages\/5587\/revisions\/6460"}],"wp:attachment":[{"href":"https:\/\/yourmedcare.com\/de\/wp-json\/wp\/v2\/media?parent=5587"}],"curies":[{"name":"wp","href":"https:\/\/api.w.org\/{rel}","templated":true}]}}